{"id":9063,"date":"2026-02-26T07:56:01","date_gmt":"2026-02-26T07:56:01","guid":{"rendered":"https:\/\/www.hyflexpack.com\/?post_type=product&#038;p=9063"},"modified":"2026-02-26T07:56:50","modified_gmt":"2026-02-26T07:56:50","slug":"washing-machine-cleaner-packaging-oem","status":"publish","type":"product","link":"https:\/\/www.hyflexpack.com\/de\/product\/washing-machine-cleaner-packaging-oem\/","title":{"rendered":"Waschmaschinenreiniger-Verpackungen Custom, Composite Stand Up Ziplock Pouches"},"content":{"rendered":"<div class=\"wp-block-columns is-layout-flex wp-container-core-columns-is-layout-9d6595d7 wp-block-columns-is-layout-flex\">\n<div class=\"wp-block-column is-layout-flow wp-block-column-is-layout-flow\">\n<h2 class=\"wp-block-heading\">Waschmaschinenreiniger Verpackungsmerkmale<\/h2>\n\n\n\n<ul class=\"wp-block-list\">\n<li>Speziell f\u00fcr die Verpackung von Waschmaschinenreinigern entwickelt, geeignet f\u00fcr Pulver-, Tabletten- und Granulatformulierungen, die eine stabile Leistung w\u00e4hrend der Lagerung und des Transports gew\u00e4hrleisten.<\/li>\n\n\n\n<li>Hochwertige Standbodenbeutel mit Rei\u00dfverschluss bieten eine hervorragende Feuchtigkeitsbarriere, chemische Best\u00e4ndigkeit und Haltbarkeit, ideal f\u00fcr Haushalts- und Waschmittel.<\/li>\n\n\n\n<li>Die Standbeutel mit stabilen Ziplock-Verschl\u00fcssen erm\u00f6glichen ein wiederholtes \u00d6ffnen und Verschlie\u00dfen, was den Benutzerkomfort erh\u00f6ht und gleichzeitig die Waschmaschinenreinigerprodukte vor Feuchtigkeit und Verunreinigung sch\u00fctzt.<\/li>\n\n\n\n<li>Sie unterst\u00fctzen kundenspezifische Gr\u00f6\u00dfen, Materialien, St\u00e4rken und Logodrucke und helfen Marken bei der Erstellung differenzierter, auf die Marktpositionierung abgestimmter Verpackungen f\u00fcr Waschmaschinenreiniger.<\/li>\n\n\n\n<li>Fabrikdirekte Produktion mit stabiler Qualit\u00e4tskontrolle, niedrigen MOQ-Optionen und effizienten Vorlaufzeiten f\u00fcr Gro\u00dfhandelsstandbeutel und OEM-Verpackungsprojekte.<\/li>\n<\/ul>\n<\/div>\n\n\n\n<div class=\"wp-block-column is-layout-flow wp-block-column-is-layout-flow\">\n<figure class=\"wp-block-image size-full\"><img fetchpriority=\"high\" decoding=\"async\" width=\"1000\" height=\"1000\" src=\"https:\/\/www.hyflexpack.com\/wp-content\/uploads\/2026\/01\/Customized-Washing-Machine-Cleaner-Packaging-1.webp\" alt=\"Kundenspezifische Waschmaschinenreiniger-Verpackung \" class=\"wp-image-9052\" srcset=\"https:\/\/www.hyflexpack.com\/wp-content\/uploads\/2026\/01\/Customized-Washing-Machine-Cleaner-Packaging-1.webp 1000w, https:\/\/www.hyflexpack.com\/wp-content\/uploads\/2026\/01\/Customized-Washing-Machine-Cleaner-Packaging-1-300x300.webp 300w, https:\/\/www.hyflexpack.com\/wp-content\/uploads\/2026\/01\/Customized-Washing-Machine-Cleaner-Packaging-1-150x150.webp 150w, https:\/\/www.hyflexpack.com\/wp-content\/uploads\/2026\/01\/Customized-Washing-Machine-Cleaner-Packaging-1-768x768.webp 768w, https:\/\/www.hyflexpack.com\/wp-content\/uploads\/2026\/01\/Customized-Washing-Machine-Cleaner-Packaging-1-12x12.webp 12w, https:\/\/www.hyflexpack.com\/wp-content\/uploads\/2026\/01\/Customized-Washing-Machine-Cleaner-Packaging-1-285x285.webp 285w, https:\/\/www.hyflexpack.com\/wp-content\/uploads\/2026\/01\/Customized-Washing-Machine-Cleaner-Packaging-1-270x270.webp 270w, https:\/\/www.hyflexpack.com\/wp-content\/uploads\/2026\/01\/Customized-Washing-Machine-Cleaner-Packaging-1-540x540.webp 540w, https:\/\/www.hyflexpack.com\/wp-content\/uploads\/2026\/01\/Customized-Washing-Machine-Cleaner-Packaging-1-660x660.webp 660w\" sizes=\"(max-width: 1000px) 100vw, 1000px\" \/><\/figure>\n<\/div>\n<\/div>","protected":false},"excerpt":{"rendered":"<p>Unsere kundenspezifischen Waschmaschinenreiniger-Verpackungen aus Verbundstoff-Standbeuteln mit Rei\u00dfverschluss bieten eine zuverl\u00e4ssige, feuchtigkeitsdichte und chemikalienbest\u00e4ndige L\u00f6sung f\u00fcr Waschmaschinenreiniger in Pulver-, Tabletten- und Granulatform. Mit flexiblen Materialstrukturen und individuellen Druckoptionen helfen diese Standbodenbeutel f\u00fcr Waschmaschinenreiniger Marken, die Regalpr\u00e4senz, den Produktschutz und die Verpackungseffizienz f\u00fcr Gro\u00dfhandels- und OEM-Anwendungen zu verbessern. Kontaktieren Sie uns noch heute f\u00fcr ein Angebot. Wir sind bestrebt, eine umweltfreundliche, qualitativ hochwertige Desinfektionsmittel-Verpackungsl\u00f6sung aus einer Hand anzubieten.\u00a0<\/p>\n<h2><strong>Vorteile von Waschmaschinenreiniger Verpackungslieferant<\/strong><\/h2>\n<ul>\n<li><strong>Benutzerdefiniertes Design:<\/strong>\u00a0Wir bieten einen kundenspezifischen Verpackungsservice f\u00fcr Kleidung, einschlie\u00dflich der Anpassung von Material, Gr\u00f6\u00dfe und Druckmuster an die Bed\u00fcrfnisse des Kunden, und unterst\u00fctzen OEM und ODM.<\/li>\n<li><strong>Herstellung<\/strong>: Mit fortschrittlicher Ausr\u00fcstung und Technologie k\u00f6nnen wir die Auftragsfertigung mit hoher Effizienz und hoher Qualit\u00e4t durchf\u00fchren und p\u00fcnktlich liefern.<\/li>\n<li><strong>Qualit\u00e4tskontrolle<\/strong>: Strenge Einhaltung der Qualit\u00e4tsstandards und der Anforderungen an die Lebensmittelsicherheit bei der Produktion, um sicherzustellen, dass die Produkte den Standards entsprechen.<\/li>\n<li><strong>Kundenbetreuung<\/strong>24 Stunden, um eine rasche Reaktion und eine aufmerksame Kundenbetreuung zu gew\u00e4hrleisten.<\/li>\n<li><strong>Kostenlose Probe:\u00a0<\/strong>Wir bieten Ihnen einen kostenlosen Musterservice, damit Sie die Produkte bewerten k\u00f6nnen.<\/li>\n<\/ul>\n<p>Huiyang Packaging hat es sich zur Aufgabe gemacht, seinen Kunden qualitativ hochwertige, ma\u00dfgeschneiderte Verpackungsbeutel f\u00fcr Bekleidung zu liefern, um ihnen zu helfen, ihr Produktimage zu verbessern und ihre Wettbewerbsf\u00e4higkeit auf dem Markt zu steigern.<\/p>","protected":false},"featured_media":9052,"comment_status":"closed","ping_status":"closed","template":"","meta":[],"product_brand":[],"product_cat":[52],"product_tag":[116,124],"class_list":{"0":"post-9063","1":"product","2":"type-product","3":"status-publish","4":"has-post-thumbnail","6":"product_cat-custom-daily-chemical-packaging","7":"product_tag-stand-up-pouch-manufacturer","8":"product_tag-zipper-pouch-manufacturer","10":"first","11":"instock","12":"shipping-taxable","13":"product-type-simple"},"_links":{"self":[{"href":"https:\/\/www.hyflexpack.com\/de\/wp-json\/wp\/v2\/product\/9063","targetHints":{"allow":["GET"]}}],"collection":[{"href":"https:\/\/www.hyflexpack.com\/de\/wp-json\/wp\/v2\/product"}],"about":[{"href":"https:\/\/www.hyflexpack.com\/de\/wp-json\/wp\/v2\/types\/product"}],"replies":[{"embeddable":true,"href":"https:\/\/www.hyflexpack.com\/de\/wp-json\/wp\/v2\/comments?post=9063"}],"wp:featuredmedia":[{"embeddable":true,"href":"https:\/\/www.hyflexpack.com\/de\/wp-json\/wp\/v2\/media\/9052"}],"wp:attachment":[{"href":"https:\/\/www.hyflexpack.com\/de\/wp-json\/wp\/v2\/media?parent=9063"}],"wp:term":[{"taxonomy":"product_brand","embeddable":true,"href":"https:\/\/www.hyflexpack.com\/de\/wp-json\/wp\/v2\/product_brand?post=9063"},{"taxonomy":"product_cat","embeddable":true,"href":"https:\/\/www.hyflexpack.com\/de\/wp-json\/wp\/v2\/product_cat?post=9063"},{"taxonomy":"product_tag","embeddable":true,"href":"https:\/\/www.hyflexpack.com\/de\/wp-json\/wp\/v2\/product_tag?post=9063"}],"curies":[{"name":"wp","href":"https:\/\/api.w.org\/{rel}","templated":true}]}}