{"id":8461,"date":"2025-11-21T02:51:15","date_gmt":"2025-11-21T02:51:15","guid":{"rendered":"https:\/\/www.hyflexpack.com\/?post_type=product&#038;p=8461"},"modified":"2025-12-31T07:33:46","modified_gmt":"2025-12-31T07:33:46","slug":"customized-candy-packaging-bags","status":"publish","type":"product","link":"https:\/\/www.hyflexpack.com\/de\/product\/customized-candy-packaging-bags\/","title":{"rendered":"Kundenspezifische Verpackungsbeutel f\u00fcr S\u00fc\u00dfigkeiten, digital bedruckte Standbodenbeutel f\u00fcr Gummibonbons"},"content":{"rendered":"<div class=\"wp-block-columns is-layout-flex wp-container-core-columns-is-layout-9d6595d7 wp-block-columns-is-layout-flex\">\n<div class=\"wp-block-column is-layout-flow wp-block-column-is-layout-flow\">\n<h3 class=\"wp-block-heading\">Kundenspezifische S\u00fc\u00dfigkeiten-Verpackungst\u00fcten Merkmale:<\/h3>\n\n\n\n<ul class=\"wp-block-list\">\n<li><strong>Vollst\u00e4ndig anpassbar mit Fenster und Ziplock:<\/strong> Als professioneller Hersteller von Stehbeuteln f\u00fcr Gummibonbons produzieren wir alle Arten von kundenspezifischen Verpackungsbeuteln f\u00fcr S\u00fc\u00dfigkeiten in jeder Gr\u00f6\u00dfe, Form, Dicke und Ausf\u00fchrung - matt, gl\u00e4nzend, holographisch oder mit klarem Fenster -, um die Gummibonbons im Verkaufsregal perfekt zu pr\u00e4sentieren.<\/li>\n\n\n\n<li><strong>Hochaufl\u00f6sender Digital- und Tiefdruck: <\/strong>Der moderne Druck sorgt f\u00fcr leuchtende Farben, klare Details und die Pr\u00e4sentation einer hochwertigen Marke - ideal f\u00fcr auff\u00e4llige Gummibonbons und Snackverpackungen.<\/li>\n\n\n\n<li><strong>Stabile Stehvorrichtung mit wiederverschlie\u00dfbarem Verschluss:<\/strong> Starke, verst\u00e4rkte Bodenfalte f\u00fcr ausgezeichnete Stabilit\u00e4t und Regalpr\u00e4senz; der Rei\u00dfverschluss erm\u00f6glicht wiederholtes \u00d6ffnen, h\u00e4lt die Gummis aber frisch und gesch\u00fctzt.<\/li>\n\n\n\n<li><strong>Hochbarrierefreie, lebensmittelgeeignete Materialien:<\/strong> Hergestellt aus zugelassenen, lebensmittelechten Verbundfolien, die Feuchtigkeit, Ger\u00fcche und Verunreinigungen verhindern, um die Sicherheit von Gummib\u00e4rchen, Schokolade und gemischten Snacks zu gew\u00e4hrleisten.<\/li>\n\n\n\n<li><strong>Wiederverwendbare und umweltfreundliche Option:<\/strong> Die wiederverwendbaren Beutelstrukturen reduzieren den Abfall und bieten gleichzeitig einen dauerhaften Schutz, so dass sie sich ideal f\u00fcr Marken eignen, die sich f\u00fcr nachhaltige Verpackungen entscheiden.<\/li>\n\n\n\n<li><strong>Vielseitig einsetzbar in mehreren Snack-Kategorien:<\/strong> Er eignet sich nicht nur f\u00fcr Gummibonbons, sondern auch f\u00fcr Pralinen, N\u00fcsse, Trockenfr\u00fcchte und andere Snacks und erf\u00fcllt die unterschiedlichsten Anforderungen an ma\u00dfgeschneiderte Verpackungsbeutel f\u00fcr S\u00fc\u00dfigkeiten.<\/li>\n<\/ul>\n<\/div>\n\n\n\n<div class=\"wp-block-column is-layout-flow wp-block-column-is-layout-flow\">\n<figure class=\"wp-block-image size-full\"><img fetchpriority=\"high\" decoding=\"async\" width=\"1000\" height=\"1000\" src=\"https:\/\/www.hyflexpack.com\/wp-content\/uploads\/2025\/11\/Customized-Candy-Packaging-Bags-Manufacturer-3.webp\" alt=\"Kundenspezifische Verpackungstaschen f\u00fcr S\u00fc\u00dfigkeiten Hersteller (3)\" class=\"wp-image-8504\" srcset=\"https:\/\/www.hyflexpack.com\/wp-content\/uploads\/2025\/11\/Customized-Candy-Packaging-Bags-Manufacturer-3.webp 1000w, https:\/\/www.hyflexpack.com\/wp-content\/uploads\/2025\/11\/Customized-Candy-Packaging-Bags-Manufacturer-3-300x300.webp 300w, https:\/\/www.hyflexpack.com\/wp-content\/uploads\/2025\/11\/Customized-Candy-Packaging-Bags-Manufacturer-3-150x150.webp 150w, https:\/\/www.hyflexpack.com\/wp-content\/uploads\/2025\/11\/Customized-Candy-Packaging-Bags-Manufacturer-3-768x768.webp 768w, https:\/\/www.hyflexpack.com\/wp-content\/uploads\/2025\/11\/Customized-Candy-Packaging-Bags-Manufacturer-3-12x12.webp 12w, https:\/\/www.hyflexpack.com\/wp-content\/uploads\/2025\/11\/Customized-Candy-Packaging-Bags-Manufacturer-3-285x285.webp 285w, https:\/\/www.hyflexpack.com\/wp-content\/uploads\/2025\/11\/Customized-Candy-Packaging-Bags-Manufacturer-3-270x270.webp 270w, https:\/\/www.hyflexpack.com\/wp-content\/uploads\/2025\/11\/Customized-Candy-Packaging-Bags-Manufacturer-3-540x540.webp 540w, https:\/\/www.hyflexpack.com\/wp-content\/uploads\/2025\/11\/Customized-Candy-Packaging-Bags-Manufacturer-3-660x660.webp 660w\" sizes=\"(max-width: 1000px) 100vw, 1000px\" \/><\/figure>\n\n\n\n<div class=\"wp-block-columns is-layout-flex wp-container-core-columns-is-layout-9d6595d7 wp-block-columns-is-layout-flex\">\n<div class=\"wp-block-column is-layout-flow wp-block-column-is-layout-flow\"><\/div>\n\n\n\n<div class=\"wp-block-column is-layout-flow wp-block-column-is-layout-flow\"><\/div>\n<\/div>\n<\/div>\n<\/div>\n\n\n\n<div class=\"wp-block-columns is-layout-flex wp-container-core-columns-is-layout-9d6595d7 wp-block-columns-is-layout-flex\">\n<div class=\"wp-block-column is-layout-flow wp-block-column-is-layout-flow\">\n<figure class=\"wp-block-image size-full\"><img decoding=\"async\" width=\"1000\" height=\"1000\" src=\"https:\/\/www.hyflexpack.com\/wp-content\/uploads\/2025\/11\/Gummy-Candy-Packaging-Bags-Manufacturer-2.webp\" alt=\"Gummibonbon-Verpackungst\u00fcten Hersteller (2)\" class=\"wp-image-8506\" srcset=\"https:\/\/www.hyflexpack.com\/wp-content\/uploads\/2025\/11\/Gummy-Candy-Packaging-Bags-Manufacturer-2.webp 1000w, https:\/\/www.hyflexpack.com\/wp-content\/uploads\/2025\/11\/Gummy-Candy-Packaging-Bags-Manufacturer-2-300x300.webp 300w, https:\/\/www.hyflexpack.com\/wp-content\/uploads\/2025\/11\/Gummy-Candy-Packaging-Bags-Manufacturer-2-150x150.webp 150w, https:\/\/www.hyflexpack.com\/wp-content\/uploads\/2025\/11\/Gummy-Candy-Packaging-Bags-Manufacturer-2-768x768.webp 768w, https:\/\/www.hyflexpack.com\/wp-content\/uploads\/2025\/11\/Gummy-Candy-Packaging-Bags-Manufacturer-2-12x12.webp 12w, https:\/\/www.hyflexpack.com\/wp-content\/uploads\/2025\/11\/Gummy-Candy-Packaging-Bags-Manufacturer-2-285x285.webp 285w, https:\/\/www.hyflexpack.com\/wp-content\/uploads\/2025\/11\/Gummy-Candy-Packaging-Bags-Manufacturer-2-270x270.webp 270w, https:\/\/www.hyflexpack.com\/wp-content\/uploads\/2025\/11\/Gummy-Candy-Packaging-Bags-Manufacturer-2-540x540.webp 540w, https:\/\/www.hyflexpack.com\/wp-content\/uploads\/2025\/11\/Gummy-Candy-Packaging-Bags-Manufacturer-2-660x660.webp 660w\" sizes=\"(max-width: 1000px) 100vw, 1000px\" \/><\/figure>\n<\/div>\n\n\n\n<div class=\"wp-block-column is-layout-flow wp-block-column-is-layout-flow\">\n<figure class=\"wp-block-image size-full\"><img decoding=\"async\" width=\"1000\" height=\"1000\" src=\"https:\/\/www.hyflexpack.com\/wp-content\/uploads\/2025\/11\/Gummy-Candy-Packaging-Bags-Manufacturer-1.webp\" alt=\"Gummibonbon-Verpackungst\u00fcten Hersteller (1)\" class=\"wp-image-8505\" srcset=\"https:\/\/www.hyflexpack.com\/wp-content\/uploads\/2025\/11\/Gummy-Candy-Packaging-Bags-Manufacturer-1.webp 1000w, https:\/\/www.hyflexpack.com\/wp-content\/uploads\/2025\/11\/Gummy-Candy-Packaging-Bags-Manufacturer-1-300x300.webp 300w, https:\/\/www.hyflexpack.com\/wp-content\/uploads\/2025\/11\/Gummy-Candy-Packaging-Bags-Manufacturer-1-150x150.webp 150w, https:\/\/www.hyflexpack.com\/wp-content\/uploads\/2025\/11\/Gummy-Candy-Packaging-Bags-Manufacturer-1-768x768.webp 768w, https:\/\/www.hyflexpack.com\/wp-content\/uploads\/2025\/11\/Gummy-Candy-Packaging-Bags-Manufacturer-1-12x12.webp 12w, https:\/\/www.hyflexpack.com\/wp-content\/uploads\/2025\/11\/Gummy-Candy-Packaging-Bags-Manufacturer-1-285x285.webp 285w, https:\/\/www.hyflexpack.com\/wp-content\/uploads\/2025\/11\/Gummy-Candy-Packaging-Bags-Manufacturer-1-270x270.webp 270w, https:\/\/www.hyflexpack.com\/wp-content\/uploads\/2025\/11\/Gummy-Candy-Packaging-Bags-Manufacturer-1-540x540.webp 540w, https:\/\/www.hyflexpack.com\/wp-content\/uploads\/2025\/11\/Gummy-Candy-Packaging-Bags-Manufacturer-1-660x660.webp 660w\" sizes=\"(max-width: 1000px) 100vw, 1000px\" \/><\/figure>\n<\/div>\n<\/div>","protected":false},"excerpt":{"rendered":"<p>Willkommen zum Kauf unserer ma\u00dfgeschneiderten S\u00fc\u00dfigkeiten Verpackung Taschen. Als Hersteller von Standbeuteln f\u00fcr Gummibonbons bieten wir kostenloses Design, kostenlose Muster, OEM\/ODM-Service und Fabrik-Gro\u00dfhandelspreise. Lebensmittelqualit\u00e4t ziplock Stand-up-Beutel ideal f\u00fcr Gummib\u00e4rchen, Schokolade, N\u00fcsse und getrocknete Fr\u00fcchte.<\/p>\n<h3>Vorteile des Herstellers von S\u00fc\u00dfwarenverpackungsbeuteln<\/h3>\n<ul>\n<li><strong><a href=\"https:\/\/www.hyflexpack.com\/de\/kundenspezifische-flexible-verpackungen\/\">OEM\/ODM-Dienstleistungen<\/a>:<\/strong>\u00a0Wir bieten kundenspezifische Verpackungsdienstleistungen an, einschlie\u00dflich der Anpassung von Material, Gr\u00f6\u00dfe und Druckmuster an die Bed\u00fcrfnisse des Kunden, und unterst\u00fctzen OEM und ODM.<\/li>\n<li><strong>Effiziente<\/strong>\u00a0<strong>Herstellung:<\/strong>\u00a0Dank fortschrittlicher Ausr\u00fcstung und Technologie sind wir in der Lage, Auftr\u00e4ge effizient und in hoher Qualit\u00e4t zu produzieren und p\u00fcnktlich zu liefern.<\/li>\n<li><strong>Qualit\u00e4tsinspektion:<\/strong>\u00a0Die Produktion erfolgt unter strikter Einhaltung der Qualit\u00e4tsstandards und der Anforderungen an die Lebensmittelsicherheit, um sicherzustellen, dass die Produkte den Standards entsprechen.<\/li>\n<li><strong>24\/7 Kundenbetreuung:<\/strong>\u00a0Schnelle Reaktion und aufmerksamer Kundendienst 24 Stunden am Tag.<\/li>\n<li><strong>Freie Gestaltung:<\/strong>\u00a0Nutzen Sie unseren kostenlosen Design-Service f\u00fcr Logos, Etiketten und Druckvorlagen, um Ihre Verpackung und Markenidentit\u00e4t zu verbessern.<\/li>\n<li><strong>Fabrikpreis<\/strong>: Wir bieten Ihnen wettbewerbsf\u00e4hige Fabrikpreise, damit Sie den maximalen Wert f\u00fcr Ihre Gro\u00dfbestellungen erhalten.<\/li>\n<li><strong>Mindestbestellmenge (MOQ):<\/strong>\u00a0Flexible MOQ-Verf\u00fcgbarkeit, die es Ihnen erm\u00f6glicht, mit niedrigen Bestellmengen zu beginnen und je nach Bedarf aufzustocken.<\/li>\n<li><strong>Kostenlose Probe<\/strong>: Wir bieten Ihnen einen kostenlosen Musterservice, damit Sie das Produkt bewerten k\u00f6nnen.<\/li>\n<\/ul>\n<p><a href=\"https:\/\/www.hyflexpack.com\/de\/\"><strong>Huiyang Verpackung<\/strong><\/a> ist bestrebt, seinen Kunden hochwertige Gro\u00dfhandels- und ma\u00dfgeschneiderte S\u00fc\u00dfwarenverpackungen anzubieten, um ihnen zu helfen, ihr Produktimage zu verbessern und ihre Wettbewerbsf\u00e4higkeit auf dem Markt zu steigern.<\/p>","protected":false},"featured_media":8502,"comment_status":"closed","ping_status":"closed","template":"","meta":[],"product_brand":[],"product_cat":[107,51],"product_tag":[116],"class_list":{"0":"post-8461","1":"product","2":"type-product","3":"status-publish","4":"has-post-thumbnail","6":"product_cat-candy-packaging-bags-wholesale","7":"product_cat-custom-food-packaging-bags","8":"product_tag-stand-up-pouch-manufacturer","10":"first","11":"instock","12":"shipping-taxable","13":"product-type-simple"},"_links":{"self":[{"href":"https:\/\/www.hyflexpack.com\/de\/wp-json\/wp\/v2\/product\/8461","targetHints":{"allow":["GET"]}}],"collection":[{"href":"https:\/\/www.hyflexpack.com\/de\/wp-json\/wp\/v2\/product"}],"about":[{"href":"https:\/\/www.hyflexpack.com\/de\/wp-json\/wp\/v2\/types\/product"}],"replies":[{"embeddable":true,"href":"https:\/\/www.hyflexpack.com\/de\/wp-json\/wp\/v2\/comments?post=8461"}],"wp:featuredmedia":[{"embeddable":true,"href":"https:\/\/www.hyflexpack.com\/de\/wp-json\/wp\/v2\/media\/8502"}],"wp:attachment":[{"href":"https:\/\/www.hyflexpack.com\/de\/wp-json\/wp\/v2\/media?parent=8461"}],"wp:term":[{"taxonomy":"product_brand","embeddable":true,"href":"https:\/\/www.hyflexpack.com\/de\/wp-json\/wp\/v2\/product_brand?post=8461"},{"taxonomy":"product_cat","embeddable":true,"href":"https:\/\/www.hyflexpack.com\/de\/wp-json\/wp\/v2\/product_cat?post=8461"},{"taxonomy":"product_tag","embeddable":true,"href":"https:\/\/www.hyflexpack.com\/de\/wp-json\/wp\/v2\/product_tag?post=8461"}],"curies":[{"name":"wp","href":"https:\/\/api.w.org\/{rel}","templated":true}]}}