{"id":7824,"date":"2025-10-18T03:57:16","date_gmt":"2025-10-18T03:57:16","guid":{"rendered":"https:\/\/www.hyflexpack.com\/?post_type=product&#038;p=7824"},"modified":"2025-12-31T07:40:52","modified_gmt":"2025-12-31T07:40:52","slug":"custom-flat-bottom-coffee-bag-oem","status":"publish","type":"product","link":"https:\/\/www.hyflexpack.com\/de\/product\/custom-flat-bottom-coffee-bag-oem\/","title":{"rendered":"OEM flachen Boden Kaffee Tasche Hersteller, Gro\u00dfhandel Kaffee Verpackung Lieferant"},"content":{"rendered":"<div class=\"wp-block-columns is-layout-flex wp-container-core-columns-is-layout-9d6595d7 wp-block-columns-is-layout-flex\">\n<div class=\"wp-block-column is-layout-flow wp-block-column-is-layout-flow\">\n<h3 class=\"wp-block-heading\">Merkmale der OEM Flachboden-Kaffeebeutel<\/h3>\n\n\n\n<ul class=\"wp-block-list\">\n<li><strong>Vollst\u00e4ndige OEM-Anpassung<\/strong>: Unsere OEM-Kaffeebeutel mit flachem Boden bieten volle Designkontrolle f\u00fcr Kaffeemarken, einschlie\u00dflich Beutelabmessungen, Materialzusammensetzung und originalgetreuer Bedruckung.<\/li>\n<\/ul>\n\n\n\n<ul class=\"wp-block-list\">\n<li><strong>\u00dcberlegene vertikale Konstruktion<\/strong>: Der Flat Bottom-Kaffeebeutel ist ideal f\u00fcr eine erstklassige Regalpr\u00e4senz im Einzelhandel, erm\u00f6glicht eine dichte Verpackung und minimiert das Kippen - ein bedeutender Vorteil sowohl f\u00fcr das Merchandising als auch f\u00fcr die Verpackung gro\u00dfer Mengen im Gro\u00dfhandel.<\/li>\n<\/ul>\n\n\n\n<ul class=\"wp-block-list\">\n<li><strong>Langlebig &amp; pannensicher<\/strong>: Die Kompositstruktur ist so konzipiert, dass sie den Herausforderungen des Transports standh\u00e4lt. Sie sorgt daf\u00fcr, dass der Beutel rei\u00dffest und durchstichsicher ist und den Inhalt w\u00e4hrend des Transports und der Handhabung vor Sch\u00e4den sch\u00fctzt.<\/li>\n<\/ul>\n\n\n\n<ul class=\"wp-block-list\">\n<li><strong>B2B-L\u00f6sungen:<\/strong> Wir bieten flexible, niedrige Mindestbestellmengen (MOQ) zur Unterst\u00fctzung der Markteinf\u00fchrung sowie erschwingliche Preise f\u00fcr Gro\u00dfbestellungen. Unsere optimierten Produktionszyklen gew\u00e4hrleisten eine schnelle Abwicklung und bieten einen zuverl\u00e4ssigen und effizienten Lieferkettenpartner f\u00fcr Ihre wachsende Kaffeemarke.<\/li>\n<\/ul>\n<\/div>\n\n\n\n<div class=\"wp-block-column is-layout-flow wp-block-column-is-layout-flow\">\n<figure class=\"wp-block-image size-full\"><img fetchpriority=\"high\" decoding=\"async\" width=\"750\" height=\"750\" src=\"https:\/\/www.hyflexpack.com\/wp-content\/uploads\/2025\/09\/OEM-flat-bottom-coffee-bag-1.webp\" alt=\"OEM-Kaffeebeutel mit flachem Boden (1)\" class=\"wp-image-8068\" srcset=\"https:\/\/www.hyflexpack.com\/wp-content\/uploads\/2025\/09\/OEM-flat-bottom-coffee-bag-1.webp 750w, https:\/\/www.hyflexpack.com\/wp-content\/uploads\/2025\/09\/OEM-flat-bottom-coffee-bag-1-300x300.webp 300w, https:\/\/www.hyflexpack.com\/wp-content\/uploads\/2025\/09\/OEM-flat-bottom-coffee-bag-1-150x150.webp 150w, https:\/\/www.hyflexpack.com\/wp-content\/uploads\/2025\/09\/OEM-flat-bottom-coffee-bag-1-12x12.webp 12w, https:\/\/www.hyflexpack.com\/wp-content\/uploads\/2025\/09\/OEM-flat-bottom-coffee-bag-1-285x285.webp 285w, https:\/\/www.hyflexpack.com\/wp-content\/uploads\/2025\/09\/OEM-flat-bottom-coffee-bag-1-270x270.webp 270w, https:\/\/www.hyflexpack.com\/wp-content\/uploads\/2025\/09\/OEM-flat-bottom-coffee-bag-1-540x540.webp 540w, https:\/\/www.hyflexpack.com\/wp-content\/uploads\/2025\/09\/OEM-flat-bottom-coffee-bag-1-660x660.webp 660w\" sizes=\"(max-width: 750px) 100vw, 750px\" \/><\/figure>\n<\/div>\n<\/div>\n\n\n\n<div class=\"wp-block-columns is-layout-flex wp-container-core-columns-is-layout-9d6595d7 wp-block-columns-is-layout-flex\">\n<div class=\"wp-block-column is-layout-flow wp-block-column-is-layout-flow\">\n<figure class=\"wp-block-image size-full\"><img decoding=\"async\" width=\"750\" height=\"750\" src=\"https:\/\/www.hyflexpack.com\/wp-content\/uploads\/2025\/09\/\u5496\u55618.webp\" alt=\"OEM-Kaffeebeutel mit flachem Boden und individuellem Logo\" class=\"wp-image-7819\" srcset=\"https:\/\/www.hyflexpack.com\/wp-content\/uploads\/2025\/09\/\u5496\u55618.webp 750w, https:\/\/www.hyflexpack.com\/wp-content\/uploads\/2025\/09\/\u5496\u55618-300x300.webp 300w, https:\/\/www.hyflexpack.com\/wp-content\/uploads\/2025\/09\/\u5496\u55618-150x150.webp 150w, https:\/\/www.hyflexpack.com\/wp-content\/uploads\/2025\/09\/\u5496\u55618-12x12.webp 12w, https:\/\/www.hyflexpack.com\/wp-content\/uploads\/2025\/09\/\u5496\u55618-285x285.webp 285w, https:\/\/www.hyflexpack.com\/wp-content\/uploads\/2025\/09\/\u5496\u55618-270x270.webp 270w, https:\/\/www.hyflexpack.com\/wp-content\/uploads\/2025\/09\/\u5496\u55618-540x540.webp 540w, https:\/\/www.hyflexpack.com\/wp-content\/uploads\/2025\/09\/\u5496\u55618-660x660.webp 660w\" sizes=\"(max-width: 750px) 100vw, 750px\" \/><\/figure>\n<\/div>\n\n\n\n<div class=\"wp-block-column is-layout-flow wp-block-column-is-layout-flow\">\n<figure class=\"wp-block-image size-full\"><img decoding=\"async\" width=\"750\" height=\"750\" src=\"https:\/\/www.hyflexpack.com\/wp-content\/uploads\/2025\/09\/\u5496\u55616.webp\" alt=\"OEM-Kaffeebeutel mit flachem Boden und individuellem Logo\" class=\"wp-image-7817\" srcset=\"https:\/\/www.hyflexpack.com\/wp-content\/uploads\/2025\/09\/\u5496\u55616.webp 750w, https:\/\/www.hyflexpack.com\/wp-content\/uploads\/2025\/09\/\u5496\u55616-300x300.webp 300w, https:\/\/www.hyflexpack.com\/wp-content\/uploads\/2025\/09\/\u5496\u55616-150x150.webp 150w, https:\/\/www.hyflexpack.com\/wp-content\/uploads\/2025\/09\/\u5496\u55616-12x12.webp 12w, https:\/\/www.hyflexpack.com\/wp-content\/uploads\/2025\/09\/\u5496\u55616-285x285.webp 285w, https:\/\/www.hyflexpack.com\/wp-content\/uploads\/2025\/09\/\u5496\u55616-270x270.webp 270w, https:\/\/www.hyflexpack.com\/wp-content\/uploads\/2025\/09\/\u5496\u55616-540x540.webp 540w, https:\/\/www.hyflexpack.com\/wp-content\/uploads\/2025\/09\/\u5496\u55616-660x660.webp 660w\" sizes=\"(max-width: 750px) 100vw, 750px\" \/><\/figure>\n<\/div>\n<\/div>\n\n\n\n<div class=\"wp-block-columns is-layout-flex wp-container-core-columns-is-layout-9d6595d7 wp-block-columns-is-layout-flex\">\n<div class=\"wp-block-column is-layout-flow wp-block-column-is-layout-flow\"><\/div>\n\n\n\n<div class=\"wp-block-column is-layout-flow wp-block-column-is-layout-flow\"><\/div>\n<\/div>","protected":false},"excerpt":{"rendered":"<p>Unser OEM-Kaffeebeutel mit flachem Boden ist f\u00fcr optimale Frische, Bequemlichkeit und visuelle Attraktivit\u00e4t konzipiert. Unsere Verpackungen mit hohem Barriereschutz und wiederverschlie\u00dfbarem Design sind perfekt f\u00fcr Kaffeebohnen und gemahlenen Kaffee. Kontaktieren Sie uns jetzt f\u00fcr ein kostenloses Muster!<\/p>\n<h3>Vorteile der Flachboden-Kaffeebeutel<\/h3>\n<ul>\n<li><strong>Kundenspezifisches Design<\/strong>: Wir bieten kundenspezifische Design-Kaffee-Verpackungstaschen Service, einschlie\u00dflich Material, Gr\u00f6\u00dfe und Druckmuster Anpassung an die Bed\u00fcrfnisse der Kunden zu erf\u00fcllen, und unterst\u00fctzen OEM und ODM.<\/li>\n<li><strong>Herstellung<\/strong>: Mit fortschrittlicher Ausr\u00fcstung und Technologie sind wir in der Lage, die Produktion von Auftr\u00e4gen mit hoher Effizienz und hoher Qualit\u00e4t durchzuf\u00fchren und p\u00fcnktlich zu liefern.<\/li>\n<li><strong>Qualit\u00e4tskontrolle<\/strong>: Strenge Einhaltung der Qualit\u00e4tsstandards und der Anforderungen an die Lebensmittelsicherheit, um sicherzustellen, dass die Produkte den Standards entsprechen.<\/li>\n<li><strong>Team Technische Unterst\u00fctzung<\/strong>: Unser Team verf\u00fcgt \u00fcber reiche Branchenerfahrung und Fachkenntnisse und kann unseren Kunden technische Unterst\u00fctzung und 24-Stunden-Beratung bieten.<\/li>\n<li><strong>Zertifizierung\uff1a<\/strong>\u00a0FDA\/BRC\/ISO 9001\/RoHS<\/li>\n<li><strong>Kostenlose Probe<\/strong>: Wir bieten Ihnen einen kostenlosen Musterservice an, damit Sie die Produkte bewerten k\u00f6nnen.<\/li>\n<\/ul>\n<p>Huiyang Packaging hat es sich zur Aufgabe gemacht, seinen Kunden qualitativ hochwertige und ma\u00dfgeschneiderte Kaffeeverpackungen zu liefern, um ihnen zu helfen, ihr Produktimage zu verbessern und ihre Wettbewerbsf\u00e4higkeit auf dem Markt zu steigern.<\/p>","protected":false},"featured_media":8068,"comment_status":"open","ping_status":"closed","template":"","meta":[],"product_brand":[],"product_cat":[55,51],"product_tag":[117],"class_list":{"0":"post-7824","1":"product","2":"type-product","3":"status-publish","4":"has-post-thumbnail","6":"product_cat-custom-coffee-packaging","7":"product_cat-custom-food-packaging-bags","8":"product_tag-flat-bottom-pouch-manufacturer","10":"first","11":"instock","12":"shipping-taxable","13":"product-type-simple"},"_links":{"self":[{"href":"https:\/\/www.hyflexpack.com\/de\/wp-json\/wp\/v2\/product\/7824","targetHints":{"allow":["GET"]}}],"collection":[{"href":"https:\/\/www.hyflexpack.com\/de\/wp-json\/wp\/v2\/product"}],"about":[{"href":"https:\/\/www.hyflexpack.com\/de\/wp-json\/wp\/v2\/types\/product"}],"replies":[{"embeddable":true,"href":"https:\/\/www.hyflexpack.com\/de\/wp-json\/wp\/v2\/comments?post=7824"}],"wp:featuredmedia":[{"embeddable":true,"href":"https:\/\/www.hyflexpack.com\/de\/wp-json\/wp\/v2\/media\/8068"}],"wp:attachment":[{"href":"https:\/\/www.hyflexpack.com\/de\/wp-json\/wp\/v2\/media?parent=7824"}],"wp:term":[{"taxonomy":"product_brand","embeddable":true,"href":"https:\/\/www.hyflexpack.com\/de\/wp-json\/wp\/v2\/product_brand?post=7824"},{"taxonomy":"product_cat","embeddable":true,"href":"https:\/\/www.hyflexpack.com\/de\/wp-json\/wp\/v2\/product_cat?post=7824"},{"taxonomy":"product_tag","embeddable":true,"href":"https:\/\/www.hyflexpack.com\/de\/wp-json\/wp\/v2\/product_tag?post=7824"}],"curies":[{"name":"wp","href":"https:\/\/api.w.org\/{rel}","templated":true}]}}