{"id":7645,"date":"2025-08-29T02:00:54","date_gmt":"2025-08-29T02:00:54","guid":{"rendered":"https:\/\/www.hyflexpack.com\/?post_type=product&#038;p=7645"},"modified":"2026-01-03T09:58:04","modified_gmt":"2026-01-03T09:58:04","slug":"custom-juice-spout-pouch-wholesaler","status":"publish","type":"product","link":"https:\/\/www.hyflexpack.com\/de\/product\/custom-juice-spout-pouch-wholesaler\/","title":{"rendered":"Benutzerdefinierte Saft Ausgie\u00dfer Beutel Gro\u00dfh\u00e4ndler, Aluminiumfolie Verpackung Tasche mit Leak Proof Design"},"content":{"rendered":"<div class=\"wp-block-columns is-layout-flex wp-container-core-columns-is-layout-9d6595d7 wp-block-columns-is-layout-flex\">\n<div class=\"wp-block-column is-layout-flow wp-block-column-is-layout-flow\">\n<h2 class=\"wp-block-heading\">Wholesale Juice Spout Pouch Features:<\/h2>\n\n\n\n<ul class=\"wp-block-list\">\n<li><strong>Custom Juice Spout Pouch Design<\/strong>: The upgraded spout design facilitates drinking and pouring, suitable for mango juice, smoothies, energy drinks, and various liquid beverages.<\/li>\n\n\n\n<li><strong>High Barrier Performance of Aluminum Foil Packaging<\/strong>: Our juice spout pouches feature a composite aluminum foil structure that effectively blocks light, moisture, and oxygen, extending beverage shelf life.<\/li>\n\n\n\n<li><strong>Leak-Proof and Durable:<\/strong>  Reliable sealing technology and reinforced pouch construction ensure safe transport, trusted by juice spout pouch wholesalers.<\/li>\n\n\n\n<li><strong>Flexible Customization<\/strong>: Choose from various specifications, spout types, and print designs. Supports brand logo customization, OEM, and ODM.<\/li>\n\n\n\n<li><strong>Eco-Friendly and Cost-Effective<\/strong>: Huiyang Packaging offers sustainable and economical solutions, helping juice manufacturers reduce costs while meeting environmental standards.<\/li>\n\n\n\n<li><strong>Ideal for High-Volume Juice Packaging:<\/strong> Suitable for beverage brands and distributors, meeting packaging demands for commercial-scale production.<\/li>\n<\/ul>\n<\/div>\n\n\n\n<div class=\"wp-block-column is-layout-flow wp-block-column-is-layout-flow\">\n<figure class=\"wp-block-image size-full\"><img fetchpriority=\"high\" decoding=\"async\" width=\"750\" height=\"750\" src=\"https:\/\/www.hyflexpack.com\/wp-content\/uploads\/2025\/08\/Custom-Wholesale-Juice-Spout-Pouches-5.webp\" alt=\"Custom Wholesale Juice Spout Pouches\" class=\"wp-image-7639\" srcset=\"https:\/\/www.hyflexpack.com\/wp-content\/uploads\/2025\/08\/Custom-Wholesale-Juice-Spout-Pouches-5.webp 750w, https:\/\/www.hyflexpack.com\/wp-content\/uploads\/2025\/08\/Custom-Wholesale-Juice-Spout-Pouches-5-300x300.webp 300w, https:\/\/www.hyflexpack.com\/wp-content\/uploads\/2025\/08\/Custom-Wholesale-Juice-Spout-Pouches-5-150x150.webp 150w, https:\/\/www.hyflexpack.com\/wp-content\/uploads\/2025\/08\/Custom-Wholesale-Juice-Spout-Pouches-5-12x12.webp 12w, https:\/\/www.hyflexpack.com\/wp-content\/uploads\/2025\/08\/Custom-Wholesale-Juice-Spout-Pouches-5-285x285.webp 285w, https:\/\/www.hyflexpack.com\/wp-content\/uploads\/2025\/08\/Custom-Wholesale-Juice-Spout-Pouches-5-270x270.webp 270w, https:\/\/www.hyflexpack.com\/wp-content\/uploads\/2025\/08\/Custom-Wholesale-Juice-Spout-Pouches-5-540x540.webp 540w, https:\/\/www.hyflexpack.com\/wp-content\/uploads\/2025\/08\/Custom-Wholesale-Juice-Spout-Pouches-5-660x660.webp 660w\" sizes=\"(max-width: 750px) 100vw, 750px\" \/><\/figure>\n<\/div>\n<\/div>\n\n\n\n<div class=\"wp-block-columns is-layout-flex wp-container-core-columns-is-layout-9d6595d7 wp-block-columns-is-layout-flex\">\n<div class=\"wp-block-column is-layout-flow wp-block-column-is-layout-flow\">\n<figure class=\"wp-block-image size-full\"><img decoding=\"async\" width=\"750\" height=\"750\" src=\"https:\/\/www.hyflexpack.com\/wp-content\/uploads\/2025\/08\/Custom-Wholesale-Juice-Spout-Pouches-2.webp\" alt=\"Custom Wholesale Juice Spout Pouches\" class=\"wp-image-7636\" srcset=\"https:\/\/www.hyflexpack.com\/wp-content\/uploads\/2025\/08\/Custom-Wholesale-Juice-Spout-Pouches-2.webp 750w, https:\/\/www.hyflexpack.com\/wp-content\/uploads\/2025\/08\/Custom-Wholesale-Juice-Spout-Pouches-2-300x300.webp 300w, https:\/\/www.hyflexpack.com\/wp-content\/uploads\/2025\/08\/Custom-Wholesale-Juice-Spout-Pouches-2-150x150.webp 150w, https:\/\/www.hyflexpack.com\/wp-content\/uploads\/2025\/08\/Custom-Wholesale-Juice-Spout-Pouches-2-12x12.webp 12w, https:\/\/www.hyflexpack.com\/wp-content\/uploads\/2025\/08\/Custom-Wholesale-Juice-Spout-Pouches-2-285x285.webp 285w, https:\/\/www.hyflexpack.com\/wp-content\/uploads\/2025\/08\/Custom-Wholesale-Juice-Spout-Pouches-2-270x270.webp 270w, https:\/\/www.hyflexpack.com\/wp-content\/uploads\/2025\/08\/Custom-Wholesale-Juice-Spout-Pouches-2-540x540.webp 540w, https:\/\/www.hyflexpack.com\/wp-content\/uploads\/2025\/08\/Custom-Wholesale-Juice-Spout-Pouches-2-660x660.webp 660w\" sizes=\"(max-width: 750px) 100vw, 750px\" \/><figcaption class=\"wp-element-caption\">Custom Juice Spout Pouch with Stand up<\/figcaption><\/figure>\n<\/div>\n\n\n\n<div class=\"wp-block-column is-layout-flow wp-block-column-is-layout-flow\">\n<figure class=\"wp-block-image size-full\"><img decoding=\"async\" width=\"750\" height=\"750\" src=\"https:\/\/www.hyflexpack.com\/wp-content\/uploads\/2025\/08\/Custom-Wholesale-Juice-Spout-Pouches-3.webp\" alt=\"Custom Wholesale Juice Spout Pouches\" class=\"wp-image-7637\" srcset=\"https:\/\/www.hyflexpack.com\/wp-content\/uploads\/2025\/08\/Custom-Wholesale-Juice-Spout-Pouches-3.webp 750w, https:\/\/www.hyflexpack.com\/wp-content\/uploads\/2025\/08\/Custom-Wholesale-Juice-Spout-Pouches-3-300x300.webp 300w, https:\/\/www.hyflexpack.com\/wp-content\/uploads\/2025\/08\/Custom-Wholesale-Juice-Spout-Pouches-3-150x150.webp 150w, https:\/\/www.hyflexpack.com\/wp-content\/uploads\/2025\/08\/Custom-Wholesale-Juice-Spout-Pouches-3-12x12.webp 12w, https:\/\/www.hyflexpack.com\/wp-content\/uploads\/2025\/08\/Custom-Wholesale-Juice-Spout-Pouches-3-285x285.webp 285w, https:\/\/www.hyflexpack.com\/wp-content\/uploads\/2025\/08\/Custom-Wholesale-Juice-Spout-Pouches-3-270x270.webp 270w, https:\/\/www.hyflexpack.com\/wp-content\/uploads\/2025\/08\/Custom-Wholesale-Juice-Spout-Pouches-3-540x540.webp 540w, https:\/\/www.hyflexpack.com\/wp-content\/uploads\/2025\/08\/Custom-Wholesale-Juice-Spout-Pouches-3-660x660.webp 660w\" sizes=\"(max-width: 750px) 100vw, 750px\" \/><figcaption class=\"wp-element-caption\">Spout Design<\/figcaption><\/figure>\n<\/div>\n<\/div>","protected":false},"excerpt":{"rendered":"<p>Learn to know our high-quality Custom Wholesale Juice Spout Pouches made with durable laminated aluminum foil, ideal for bulk beverage packaging. Designed for business buyers who need strong barrier protection and convenient spout dispensing. Contact us today for a quote. We are committed to providing one-stop, environmentally friendly, and high-quality packaging solutions.\u00a0<\/p>\n<h3>Advantages of Juice Spout Pouch Wholesaler<\/h3>\n<ul>\n<li><strong>Kundenspezifisches Design<\/strong>: We provide customized design juice spout pouch service, including material, size, and printing pattern customization to meet customers\u2019 needs, supporting OEM and ODM.<\/li>\n<li><strong>Schnelle Lieferung<\/strong>: An Efficient production process and supply chain management system can respond to customers\u2019 orders quickly and ensure on-time delivery.<\/li>\n<li><strong>Qualit\u00e4tskontrolle<\/strong>: Strenge Einhaltung der Qualit\u00e4tsstandards und der Anforderungen an die Lebensmittelsicherheit, um sicherzustellen, dass die Produkte den Standards entsprechen.<\/li>\n<li><strong>Team Technische Unterst\u00fctzung<\/strong>: Our team has rich industry experience and professional knowledge, and can provide technical support and 24-hour consulting services for customers.<\/li>\n<li><strong>Kostenlose Probe<\/strong>: Wir bieten Ihnen einen kostenlosen Musterservice an, damit Sie die Produkte bewerten k\u00f6nnen.<\/li>\n<li><strong data-start=\"760\" data-end=\"772\">Low MOQ:<\/strong> We support low minimum order quantities, helping customers flexibly start their projects and reduce inventory pressure.<\/li>\n<li><strong data-start=\"895\" data-end=\"917\">Konkurrenzf\u00e4higer Preis:<\/strong> Dank unserer gro\u00dfen Produktionskapazit\u00e4ten und unseres kosteneffizienten Managements k\u00f6nnen wir wettbewerbsf\u00e4hige Preise anbieten, ohne Kompromisse bei der Produktqualit\u00e4t einzugehen.<\/li>\n<\/ul>\n<p><span style=\"color: #3366ff\"><a style=\"color: #3366ff\" href=\"https:\/\/www.hyflexpack.com\/de\/\"><strong>Huiyang Verpackung<\/strong><\/a> <\/span>is committed to providing customers with high-quality, customized juice spout pouches to help customers improve their product image and enhance market competitiveness.<\/p>","protected":false},"featured_media":7635,"comment_status":"open","ping_status":"closed","template":"","meta":[],"product_brand":[],"product_cat":[103],"product_tag":[115],"class_list":{"0":"post-7645","1":"product","2":"type-product","3":"status-publish","4":"has-post-thumbnail","6":"product_cat-beverage-packaging-bags-supplier","7":"product_tag-spout-pouch-manufacturer","9":"first","10":"instock","11":"shipping-taxable","12":"product-type-simple"},"_links":{"self":[{"href":"https:\/\/www.hyflexpack.com\/de\/wp-json\/wp\/v2\/product\/7645","targetHints":{"allow":["GET"]}}],"collection":[{"href":"https:\/\/www.hyflexpack.com\/de\/wp-json\/wp\/v2\/product"}],"about":[{"href":"https:\/\/www.hyflexpack.com\/de\/wp-json\/wp\/v2\/types\/product"}],"replies":[{"embeddable":true,"href":"https:\/\/www.hyflexpack.com\/de\/wp-json\/wp\/v2\/comments?post=7645"}],"wp:featuredmedia":[{"embeddable":true,"href":"https:\/\/www.hyflexpack.com\/de\/wp-json\/wp\/v2\/media\/7635"}],"wp:attachment":[{"href":"https:\/\/www.hyflexpack.com\/de\/wp-json\/wp\/v2\/media?parent=7645"}],"wp:term":[{"taxonomy":"product_brand","embeddable":true,"href":"https:\/\/www.hyflexpack.com\/de\/wp-json\/wp\/v2\/product_brand?post=7645"},{"taxonomy":"product_cat","embeddable":true,"href":"https:\/\/www.hyflexpack.com\/de\/wp-json\/wp\/v2\/product_cat?post=7645"},{"taxonomy":"product_tag","embeddable":true,"href":"https:\/\/www.hyflexpack.com\/de\/wp-json\/wp\/v2\/product_tag?post=7645"}],"curies":[{"name":"wp","href":"https:\/\/api.w.org\/{rel}","templated":true}]}}