{"id":7629,"date":"2025-08-29T10:27:22","date_gmt":"2025-08-29T10:27:22","guid":{"rendered":"https:\/\/www.hyflexpack.com\/?post_type=product&#038;p=7629"},"modified":"2026-01-03T09:57:00","modified_gmt":"2026-01-03T09:57:00","slug":"custom-detergent-packaging-bag-supplier","status":"publish","type":"product","link":"https:\/\/www.hyflexpack.com\/de\/product\/custom-detergent-packaging-bag-supplier\/","title":{"rendered":"Benutzerdefinierte Waschmittel Verpackung Tasche Lieferant, Stand Up Corner Spout Pouchfor Fl\u00fcssigkeit"},"content":{"rendered":"<div class=\"wp-block-columns is-layout-flex wp-container-core-columns-is-layout-9d6595d7 wp-block-columns-is-layout-flex\">\n<div class=\"wp-block-column is-layout-flow wp-block-column-is-layout-flow\">\n<h2 class=\"wp-block-heading\">Benutzerdefinierte Waschmittel Verpackung Tasche Merkmale:<\/h2>\n\n\n\n<ul class=\"wp-block-list\">\n<li><strong>Auslaufsicher &amp; langlebig<\/strong>: Dieser Beutel mit Ausgie\u00dfer besteht aus einer starken laminierten Folie und gew\u00e4hrleistet eine auslaufsichere Aufbewahrung bei Transport und Handhabung.<\/li>\n\n\n\n<li><strong>Anpassbare Optionen<\/strong>: Erh\u00e4ltlich in verschiedenen Gr\u00f6\u00dfen (500ml-2L) mit individuellen Aufdrucken, die die Sichtbarkeit der Marke verbessern und ma\u00dfgeschneiderte Verpackungen f\u00fcr Fl\u00fcssigwaschmittel bieten.<\/li>\n\n\n\n<li><strong>Bequemes Auslaufdesign<\/strong>: Einfaches Ausgie\u00dferdesign f\u00fcr m\u00fcheloses Nachf\u00fcllen, ideal f\u00fcr Haushaltswaschmittel und Weichsp\u00fcler.<\/li>\n\n\n\n<li><strong>Schutz durch hohe Barrieren<\/strong>: Gegen Wasser, Sauerstoff und Verunreinigungen von au\u00dfen, um die Frische und Wirksamkeit des Waschmittels zu gew\u00e4hrleisten.<\/li>\n\n\n\n<li><strong>Umweltfreundlich und kostensparend<\/strong>: Im Gegensatz zu harten Flaschen verbraucht die Nachf\u00fcllpackung weniger Material, Versandkosten und \u00d6kodruck.<\/li>\n\n\n\n<li><strong>Bulk Supply Vorteil:<\/strong> Geeignet f\u00fcr H\u00e4ndler und Hersteller, die eine Massenproduktion, eine zuverl\u00e4ssige Lieferung und eine einheitliche Qualit\u00e4tsgarantie ben\u00f6tigen.<\/li>\n\n\n\n<li><strong>Vertrauensw\u00fcrdiger Lieferant:<\/strong> Hergestellt von einem professionellen Anbieter von kundenspezifischen Waschmittelverpackungen, mit ausgezeichneten Qualit\u00e4tsmaterialien und einer vertrauensw\u00fcrdigen Verpackungsdienstleistungsgarantie.<\/li>\n\n\n\n<li><strong>Regalgerecht und einzelhandelsfreundlich: <\/strong>Der flache Boden und das stehende Design maximieren die Auslage, Lagerung und Stapeldichte.<\/li>\n\n\n\n<li><strong>Multifunktionale Verwendung:<\/strong> Geeignet f\u00fcr die Verwendung mit Weichsp\u00fclern, Fl\u00fcssigwaschmitteln und anderen Haushaltsreinigern.<\/li>\n<\/ul>\n<\/div>\n\n\n\n<div class=\"wp-block-column is-layout-flow wp-block-column-is-layout-flow\">\n<figure class=\"wp-block-image size-full\"><img fetchpriority=\"high\" decoding=\"async\" width=\"750\" height=\"750\" src=\"https:\/\/www.hyflexpack.com\/wp-content\/uploads\/2025\/09\/Custom-Detergent-Packaging-Bag-Supplier-2.webp\" alt=\"Lieferant f\u00fcr kundenspezifische Waschmittelverpackungen (2)\" class=\"wp-image-7681\" srcset=\"https:\/\/www.hyflexpack.com\/wp-content\/uploads\/2025\/09\/Custom-Detergent-Packaging-Bag-Supplier-2.webp 750w, https:\/\/www.hyflexpack.com\/wp-content\/uploads\/2025\/09\/Custom-Detergent-Packaging-Bag-Supplier-2-300x300.webp 300w, https:\/\/www.hyflexpack.com\/wp-content\/uploads\/2025\/09\/Custom-Detergent-Packaging-Bag-Supplier-2-150x150.webp 150w, https:\/\/www.hyflexpack.com\/wp-content\/uploads\/2025\/09\/Custom-Detergent-Packaging-Bag-Supplier-2-12x12.webp 12w, https:\/\/www.hyflexpack.com\/wp-content\/uploads\/2025\/09\/Custom-Detergent-Packaging-Bag-Supplier-2-285x285.webp 285w, https:\/\/www.hyflexpack.com\/wp-content\/uploads\/2025\/09\/Custom-Detergent-Packaging-Bag-Supplier-2-270x270.webp 270w, https:\/\/www.hyflexpack.com\/wp-content\/uploads\/2025\/09\/Custom-Detergent-Packaging-Bag-Supplier-2-540x540.webp 540w, https:\/\/www.hyflexpack.com\/wp-content\/uploads\/2025\/09\/Custom-Detergent-Packaging-Bag-Supplier-2-660x660.webp 660w\" sizes=\"(max-width: 750px) 100vw, 750px\" \/><\/figure>\n<\/div>\n<\/div>\n\n\n\n<div class=\"wp-block-columns is-layout-flex wp-container-core-columns-is-layout-9d6595d7 wp-block-columns-is-layout-flex\">\n<div class=\"wp-block-column is-layout-flow wp-block-column-is-layout-flow\">\n<figure class=\"wp-block-image size-full\"><img decoding=\"async\" width=\"750\" height=\"750\" src=\"https:\/\/www.hyflexpack.com\/wp-content\/uploads\/2024\/06\/Factory-Price-Liquid-Pouch-3.webp\" alt=\"Fabrikpreis Fl\u00fcssigkeitsbeutel\" class=\"wp-image-4612\" srcset=\"https:\/\/www.hyflexpack.com\/wp-content\/uploads\/2024\/06\/Factory-Price-Liquid-Pouch-3.webp 750w, https:\/\/www.hyflexpack.com\/wp-content\/uploads\/2024\/06\/Factory-Price-Liquid-Pouch-3-300x300.webp 300w, https:\/\/www.hyflexpack.com\/wp-content\/uploads\/2024\/06\/Factory-Price-Liquid-Pouch-3-150x150.webp 150w, https:\/\/www.hyflexpack.com\/wp-content\/uploads\/2024\/06\/Factory-Price-Liquid-Pouch-3-12x12.webp 12w, https:\/\/www.hyflexpack.com\/wp-content\/uploads\/2024\/06\/Factory-Price-Liquid-Pouch-3-285x285.webp 285w, https:\/\/www.hyflexpack.com\/wp-content\/uploads\/2024\/06\/Factory-Price-Liquid-Pouch-3-270x270.webp 270w, https:\/\/www.hyflexpack.com\/wp-content\/uploads\/2024\/06\/Factory-Price-Liquid-Pouch-3-540x540.webp 540w, https:\/\/www.hyflexpack.com\/wp-content\/uploads\/2024\/06\/Factory-Price-Liquid-Pouch-3-660x660.webp 660w\" sizes=\"(max-width: 750px) 100vw, 750px\" \/><\/figure>\n<\/div>\n\n\n\n<div class=\"wp-block-column is-layout-flow wp-block-column-is-layout-flow\">\n<figure class=\"wp-block-image size-full\"><img decoding=\"async\" width=\"358\" height=\"358\" src=\"https:\/\/www.hyflexpack.com\/wp-content\/uploads\/2024\/06\/Factory-Price-Liquid-Pouch-4.webp\" alt=\"Fabrikpreis Fl\u00fcssigkeitsbeutel\" class=\"wp-image-4613\" srcset=\"https:\/\/www.hyflexpack.com\/wp-content\/uploads\/2024\/06\/Factory-Price-Liquid-Pouch-4.webp 358w, https:\/\/www.hyflexpack.com\/wp-content\/uploads\/2024\/06\/Factory-Price-Liquid-Pouch-4-300x300.webp 300w, https:\/\/www.hyflexpack.com\/wp-content\/uploads\/2024\/06\/Factory-Price-Liquid-Pouch-4-150x150.webp 150w, https:\/\/www.hyflexpack.com\/wp-content\/uploads\/2024\/06\/Factory-Price-Liquid-Pouch-4-12x12.webp 12w, https:\/\/www.hyflexpack.com\/wp-content\/uploads\/2024\/06\/Factory-Price-Liquid-Pouch-4-285x285.webp 285w, https:\/\/www.hyflexpack.com\/wp-content\/uploads\/2024\/06\/Factory-Price-Liquid-Pouch-4-270x270.webp 270w\" sizes=\"(max-width: 358px) 100vw, 358px\" \/><\/figure>\n<\/div>\n<\/div>","protected":false},"excerpt":{"rendered":"<p>Hochwertiger, individuell gestalteter Ausgie\u00dferbeutel f\u00fcr Weichsp\u00fcler aus strapazierf\u00e4higer, laminierter Folie. Dieser mit einer auslaufsicheren T\u00fclle und einer starken Hei\u00dfsiegelung ausgestattete Verpackungsbeutel f\u00fcr Fl\u00fcssigwaschmittel ist umweltfreundlich, leicht und perfekt f\u00fcr flexible Nachf\u00fclll\u00f6sungen. Kontaktieren Sie uns noch heute f\u00fcr ein Angebot. Wir verpflichten uns, umweltfreundliche und qualitativ hochwertige Verpackungsl\u00f6sungen aus einer Hand zu liefern.\u00a0<\/p>\n<h3>Vorteile von Waschmittelverpackungsbeutellieferanten<\/h3>\n<ul>\n<li><strong>Kundenspezifisches Design<\/strong>: Wir bieten kundenspezifische Designdienstleistungen f\u00fcr Fl\u00fcssigkeitsbeutel, unterst\u00fctzen OEM und ODM, zeigen das Markenlogo und Produktinformationen, um das Markenbewusstsein und die Marktattraktivit\u00e4t zu erh\u00f6hen.<\/li>\n<li><strong>Vielfalt der Designs<\/strong>: Eine Vielzahl von Designs und Gr\u00f6\u00dfen sind verf\u00fcgbar, um den Bed\u00fcrfnissen verschiedener Kunden gerecht zu werden, und bieten geeignete Verpackungsl\u00f6sungen f\u00fcr eine Vielzahl von Geschirrsp\u00fclmitteln.<\/li>\n<li><strong>Kundenbetreuung<\/strong>: Schnelle Reaktion und zuvorkommender Kundendienst 24 Stunden am Tag.<\/li>\n<li><strong>Qualit\u00e4tssicherung<\/strong>: Ein strenges Qualit\u00e4tskontrollsystem, um die hohe Qualit\u00e4t und Konsistenz jedes Beutels zu gew\u00e4hrleisten.<\/li>\n<li><strong>Kosteng\u00fcnstig<\/strong>: Im Vergleich zu herk\u00f6mmlichen Verpackungsformen ist das Design von Beuteln kosteneffizienter, reduziert Verpackungs-, Transport- und Lagerkosten und verbessert die Rentabilit\u00e4t.<\/li>\n<li><strong>Kostenlose Probe<\/strong>: Wir bieten Ihnen einen kostenlosen Musterservice, damit Sie Ihr Produkt bewerten k\u00f6nnen.<\/li>\n<\/ul>\n<p><a href=\"https:\/\/www.hyflexpack.com\/de\/\"><strong>Huiyang Verpackung<\/strong><\/a> hat es sich zur Aufgabe gemacht, seinen Kunden qualitativ hochwertige, ma\u00dfgeschneiderte Verpackungsbeutel f\u00fcr Waschmittel zu liefern, um ihnen zu helfen, ihr Produktimage zu verbessern und ihre Wettbewerbsf\u00e4higkeit auf dem Markt zu steigern.<\/p>","protected":false},"featured_media":7682,"comment_status":"open","ping_status":"closed","template":"","meta":[],"product_brand":[],"product_cat":[52],"product_tag":[115],"class_list":{"0":"post-7629","1":"product","2":"type-product","3":"status-publish","4":"has-post-thumbnail","6":"product_cat-custom-daily-chemical-packaging","7":"product_tag-spout-pouch-manufacturer","9":"first","10":"instock","11":"shipping-taxable","12":"product-type-simple"},"_links":{"self":[{"href":"https:\/\/www.hyflexpack.com\/de\/wp-json\/wp\/v2\/product\/7629","targetHints":{"allow":["GET"]}}],"collection":[{"href":"https:\/\/www.hyflexpack.com\/de\/wp-json\/wp\/v2\/product"}],"about":[{"href":"https:\/\/www.hyflexpack.com\/de\/wp-json\/wp\/v2\/types\/product"}],"replies":[{"embeddable":true,"href":"https:\/\/www.hyflexpack.com\/de\/wp-json\/wp\/v2\/comments?post=7629"}],"wp:featuredmedia":[{"embeddable":true,"href":"https:\/\/www.hyflexpack.com\/de\/wp-json\/wp\/v2\/media\/7682"}],"wp:attachment":[{"href":"https:\/\/www.hyflexpack.com\/de\/wp-json\/wp\/v2\/media?parent=7629"}],"wp:term":[{"taxonomy":"product_brand","embeddable":true,"href":"https:\/\/www.hyflexpack.com\/de\/wp-json\/wp\/v2\/product_brand?post=7629"},{"taxonomy":"product_cat","embeddable":true,"href":"https:\/\/www.hyflexpack.com\/de\/wp-json\/wp\/v2\/product_cat?post=7629"},{"taxonomy":"product_tag","embeddable":true,"href":"https:\/\/www.hyflexpack.com\/de\/wp-json\/wp\/v2\/product_tag?post=7629"}],"curies":[{"name":"wp","href":"https:\/\/api.w.org\/{rel}","templated":true}]}}