{"id":7583,"date":"2025-08-27T09:48:18","date_gmt":"2025-08-27T09:48:18","guid":{"rendered":"https:\/\/www.hyflexpack.com\/?post_type=product&#038;p=7583"},"modified":"2025-10-27T09:49:02","modified_gmt":"2025-10-27T09:49:02","slug":"china-vacuum-packaging-bags-supplier","status":"publish","type":"product","link":"https:\/\/www.hyflexpack.com\/de\/product\/china-vacuum-packaging-bags-supplier\/","title":{"rendered":"China Vakuum-Verpackungsbeutel f\u00fcr N\u00fcsse, transparente &amp; bedruckte Hei\u00dfsiegel-Beutel"},"content":{"rendered":"<div class=\"wp-block-columns is-layout-flex wp-container-core-columns-is-layout-9d6595d7 wp-block-columns-is-layout-flex\">\n<div class=\"wp-block-column is-layout-flow wp-block-column-is-layout-flow\">\n<h2 class=\"wp-block-heading\">China Vakuumverpackungsbeutel f\u00fcr N\u00fcsse Eigenschaften:<\/h2>\n\n\n\n<p><\/p>\n\n\n\n<ul class=\"wp-block-list\">\n<li><strong>H\u00f6herer Barriereschutz: <\/strong>Unser einzigartig gestalteter Flachbeutel f\u00fcr N\u00fcsse besteht aus einem mehrschichtigen, laminierten Material, das einen hervorragenden Schutz gegen das Eindringen von Sauerstoff, Feuchtigkeit und Ger\u00fcchen bietet. Als professioneller Hersteller von Vakuumverpackungsbeuteln in China gew\u00e4hrleisten wir maximale Frische und l\u00e4ngere Haltbarkeit f\u00fcr alle Lebensmittel.<\/li>\n\n\n\n<li><strong>Hochdruckfestes und auslaufsicheres Design: <\/strong>Das mehrschichtige Foliendesign garantiert eine stabile Vakuumverschlussleistung unter hohem Druck oder langen Lagerungsbedingungen und gew\u00e4hrleistet die Knackigkeit und Frische der N\u00fcsse.<\/li>\n\n\n\n<li><strong>Kundenspezifischer Druck &amp; klare Optionen<\/strong>: Als vertrauensw\u00fcrdiger chinesischer Hersteller von Vakuumverpackungsbeuteln bieten wir vollst\u00e4ndig individualisierbare Flachbeutel f\u00fcr N\u00fcsse an - bedruckbare und durchsichtige Optionen zur Verbesserung der Markenidentit\u00e4t und der Produktsichtbarkeit.<\/li>\n\n\n\n<li><strong>Lebensmittelgeeignete und umweltfreundliche Materialien<\/strong>: Unsere Vakuumbeutel werden aus lebensmittelechten, BPA-freien und recycelbaren Kunststofffolien hergestellt und entsprechen umweltfreundlichen Verpackungstrends, die sowohl Sicherheit als auch \u00f6kologische Verantwortung bieten.<\/li>\n\n\n\n<li><strong>Breiter Anwendungsbereich:<\/strong> Ideal f\u00fcr das Vakuumverpacken von N\u00fcssen, Trockenfr\u00fcchten, Fleisch, Meeresfr\u00fcchten und Snacks, um Geschmack, Frische und Qualit\u00e4t f\u00fcr den Gro\u00df- und Einzelhandel zu bewahren.nd Produktsichtbarkeit.<\/li>\n<\/ul>\n<\/div>\n\n\n\n<div class=\"wp-block-column is-layout-flow wp-block-column-is-layout-flow\">\n<figure class=\"wp-block-image size-full\"><img fetchpriority=\"high\" decoding=\"async\" width=\"1000\" height=\"1000\" src=\"https:\/\/www.hyflexpack.com\/wp-content\/uploads\/2025\/10\/China-Vacuum-Packaging-Bags-for-Nuts.jpg\" alt=\"China Vakuumverpackungsbeutel f\u00fcr N\u00fcsse\" class=\"wp-image-8280\" srcset=\"https:\/\/www.hyflexpack.com\/wp-content\/uploads\/2025\/10\/China-Vacuum-Packaging-Bags-for-Nuts.jpg 1000w, https:\/\/www.hyflexpack.com\/wp-content\/uploads\/2025\/10\/China-Vacuum-Packaging-Bags-for-Nuts-300x300.jpg 300w, https:\/\/www.hyflexpack.com\/wp-content\/uploads\/2025\/10\/China-Vacuum-Packaging-Bags-for-Nuts-150x150.jpg 150w, https:\/\/www.hyflexpack.com\/wp-content\/uploads\/2025\/10\/China-Vacuum-Packaging-Bags-for-Nuts-768x768.jpg 768w, https:\/\/www.hyflexpack.com\/wp-content\/uploads\/2025\/10\/China-Vacuum-Packaging-Bags-for-Nuts-12x12.jpg 12w, https:\/\/www.hyflexpack.com\/wp-content\/uploads\/2025\/10\/China-Vacuum-Packaging-Bags-for-Nuts-285x285.jpg 285w, https:\/\/www.hyflexpack.com\/wp-content\/uploads\/2025\/10\/China-Vacuum-Packaging-Bags-for-Nuts-270x270.jpg 270w, https:\/\/www.hyflexpack.com\/wp-content\/uploads\/2025\/10\/China-Vacuum-Packaging-Bags-for-Nuts-540x540.jpg 540w, https:\/\/www.hyflexpack.com\/wp-content\/uploads\/2025\/10\/China-Vacuum-Packaging-Bags-for-Nuts-660x660.jpg 660w\" sizes=\"(max-width: 1000px) 100vw, 1000px\" \/><\/figure>\n<\/div>\n<\/div>\n\n\n\n<p><\/p>","protected":false},"excerpt":{"rendered":"<p>Unser <strong data-start=\"1455\" data-end=\"1485\">kundenspezifischer Flachbeutel f\u00fcr N\u00fcsse<\/strong> bietet einen hervorragenden Frische-Schutz mit langlebigen Mehrschichtmaterialien. Als Top <strong data-start=\"1570\" data-end=\"1609\">China Vakuumverpackungsbeutel Lieferant<\/strong>, Wir bieten kostenloses Design, kostenlose Muster und wettbewerbsf\u00e4hige Fabrikpreise f\u00fcr Gro\u00dfhandelsauftr\u00e4ge.<\/p>\n<h3>China Vakuumverpackungsbeutel Lieferant Vorteile:<\/h3>\n<ul>\n<li><strong>Individuelles Design:<\/strong>\u00a0Wir bieten kundenspezifische Dienstleistungen, einschlie\u00dflich der Anpassung von Material, Gr\u00f6\u00dfe und Druckmustern an die Bed\u00fcrfnisse des Kunden, und unterst\u00fctzen OEM und ODM.<\/li>\n<li><strong>Herstellung:<\/strong>\u00a0Dank fortschrittlicher Ausr\u00fcstung und Technologie sind wir in der Lage, Auftr\u00e4ge effizient und in hoher Qualit\u00e4t zu produzieren und p\u00fcnktlich zu liefern.<\/li>\n<li><strong>Qualit\u00e4tsinspektion:<\/strong>\u00a0Die Produktion erfolgt unter strikter Einhaltung der Qualit\u00e4tsstandards und der Anforderungen an die Lebensmittelsicherheit, um sicherzustellen, dass die Produkte den Standards entsprechen.<\/li>\n<li><strong>Zertifizierung\uff1a<\/strong>\u00a0FDA\/BRC\/ISO 9001\/RoHS<\/li>\n<li><strong>Kundenservice:<\/strong>\u00a024 Stunden, um eine schnelle Antwort und einen aufmerksamen Kundendienst zu bieten.<\/li>\n<li><strong>Kostenlose Probe:<\/strong>\u00a0Wir bieten einen kostenlosen Musterservice an, um Ihnen die Beurteilung des Produkts zu erleichtern.<\/li>\n<\/ul>\n<p><strong>Huiyang Verpackung<\/strong>\u00a0ist bestrebt, den Kunden Folgendes zu bieten\u00a0<strong>lebensmittelecht<\/strong>\u00a0<strong class=\"skrollable skrollable-between\" data-start=\"1712\" data-end=\"1743\">benutzerdefinierte <strong data-start=\"1570\" data-end=\"1609\">Vakuumverpackungsbeutel f\u00fcr N\u00fcsse<\/strong><\/strong>\u00a0den Kunden zu helfen, ihr Produktimage zu verbessern und ihre Wettbewerbsf\u00e4higkeit auf dem Markt zu steigern.<\/p>","protected":false},"featured_media":8280,"comment_status":"open","ping_status":"closed","template":"","meta":[],"product_brand":[],"product_cat":[51,108],"product_tag":[],"class_list":{"0":"post-7583","1":"product","2":"type-product","3":"status-publish","4":"has-post-thumbnail","6":"product_cat-custom-food-packaging-bags","7":"product_cat-vacuum-pouches-wholesale","9":"first","10":"instock","11":"shipping-taxable","12":"product-type-simple"},"_links":{"self":[{"href":"https:\/\/www.hyflexpack.com\/de\/wp-json\/wp\/v2\/product\/7583","targetHints":{"allow":["GET"]}}],"collection":[{"href":"https:\/\/www.hyflexpack.com\/de\/wp-json\/wp\/v2\/product"}],"about":[{"href":"https:\/\/www.hyflexpack.com\/de\/wp-json\/wp\/v2\/types\/product"}],"replies":[{"embeddable":true,"href":"https:\/\/www.hyflexpack.com\/de\/wp-json\/wp\/v2\/comments?post=7583"}],"wp:featuredmedia":[{"embeddable":true,"href":"https:\/\/www.hyflexpack.com\/de\/wp-json\/wp\/v2\/media\/8280"}],"wp:attachment":[{"href":"https:\/\/www.hyflexpack.com\/de\/wp-json\/wp\/v2\/media?parent=7583"}],"wp:term":[{"taxonomy":"product_brand","embeddable":true,"href":"https:\/\/www.hyflexpack.com\/de\/wp-json\/wp\/v2\/product_brand?post=7583"},{"taxonomy":"product_cat","embeddable":true,"href":"https:\/\/www.hyflexpack.com\/de\/wp-json\/wp\/v2\/product_cat?post=7583"},{"taxonomy":"product_tag","embeddable":true,"href":"https:\/\/www.hyflexpack.com\/de\/wp-json\/wp\/v2\/product_tag?post=7583"}],"curies":[{"name":"wp","href":"https:\/\/api.w.org\/{rel}","templated":true}]}}