{"id":7431,"date":"2025-07-30T18:21:11","date_gmt":"2025-07-30T18:21:11","guid":{"rendered":"https:\/\/www.hyflexpack.com\/?post_type=product&#038;p=7431"},"modified":"2026-01-03T10:04:38","modified_gmt":"2026-01-03T10:04:38","slug":"custom-sugar-packaging-bags","status":"publish","type":"product","link":"https:\/\/www.hyflexpack.com\/de\/product\/custom-sugar-packaging-bags\/","title":{"rendered":"Benutzerdefinierte Zucker Verpackung Taschen, Ziplock Seite Zwickel laminiert Material f\u00fcr B2B"},"content":{"rendered":"<div class=\"wp-block-columns is-layout-flex wp-container-core-columns-is-layout-9d6595d7 wp-block-columns-is-layout-flex\">\n<div class=\"wp-block-column is-layout-flow wp-block-column-is-layout-flow\">\n<h2 class=\"wp-block-heading\">Merkmale von kundenspezifischen Zuckerverpackungsbeuteln<\/h2>\n\n\n\n<ul class=\"wp-block-list\">\n<li>Unsere ma\u00dfgeschneiderten wei\u00dfen Zuckert\u00fcten haben eine achtseitige Siegelstruktur, die eine stabile Struktur, eine hohe Tragf\u00e4higkeit und einen hervorragenden Display-Effekt aufweist und die Qualit\u00e4t des Produkts erh\u00f6ht.<\/li>\n\n\n\n<li>Der wiederverschlie\u00dfbare Rei\u00dfverschluss ist bequem zu handhaben, kann viele Male ge\u00f6ffnet und geschlossen werden und h\u00e4lt das Produkt frisch.<\/li>\n\n\n\n<li>Das umweltfreundliche Verbundmaterial kommt ohne Metallschichten aus, ist leicht und verf\u00fcgt \u00fcber starke Barriereeigenschaften, die sich f\u00fcr Produkte eignen, die leicht von Feuchtigkeit angegriffen werden, wie z. B. Zucker.<\/li>\n<\/ul>\n<\/div>\n\n\n\n<div class=\"wp-block-column is-layout-flow wp-block-column-is-layout-flow\">\n<figure class=\"wp-block-image size-full\"><img fetchpriority=\"high\" decoding=\"async\" width=\"750\" height=\"750\" src=\"https:\/\/www.hyflexpack.com\/wp-content\/uploads\/2025\/07\/Custom-Sugar-Packaging-Bags-1.webp\" alt=\"Kundenspezifische Zucker-Verpackungst\u00fcten\" class=\"wp-image-7418\" srcset=\"https:\/\/www.hyflexpack.com\/wp-content\/uploads\/2025\/07\/Custom-Sugar-Packaging-Bags-1.webp 750w, https:\/\/www.hyflexpack.com\/wp-content\/uploads\/2025\/07\/Custom-Sugar-Packaging-Bags-1-300x300.webp 300w, https:\/\/www.hyflexpack.com\/wp-content\/uploads\/2025\/07\/Custom-Sugar-Packaging-Bags-1-150x150.webp 150w, https:\/\/www.hyflexpack.com\/wp-content\/uploads\/2025\/07\/Custom-Sugar-Packaging-Bags-1-12x12.webp 12w, https:\/\/www.hyflexpack.com\/wp-content\/uploads\/2025\/07\/Custom-Sugar-Packaging-Bags-1-285x285.webp 285w, https:\/\/www.hyflexpack.com\/wp-content\/uploads\/2025\/07\/Custom-Sugar-Packaging-Bags-1-270x270.webp 270w, https:\/\/www.hyflexpack.com\/wp-content\/uploads\/2025\/07\/Custom-Sugar-Packaging-Bags-1-540x540.webp 540w, https:\/\/www.hyflexpack.com\/wp-content\/uploads\/2025\/07\/Custom-Sugar-Packaging-Bags-1-660x660.webp 660w\" sizes=\"(max-width: 750px) 100vw, 750px\" \/><\/figure>\n<\/div>\n<\/div>","protected":false},"excerpt":{"rendered":"<p>Unsere hochwertigen, individuell gestalteten S\u00fc\u00dfwarenverpackungen bestehen aus lebensmittelechten Verbundwerkstoffen mit guter Feuchtigkeitsbest\u00e4ndigkeit und Haltbarkeit. Sie sind mit Rei\u00dfverschl\u00fcssen ausgestattet, lassen sich leicht wiederverwenden und eignen sich f\u00fcr die B-End-Anpassung verschiedener k\u00f6rniger Produkte. Kontaktieren Sie uns noch heute f\u00fcr ein Angebot. Wir sind bestrebt, umweltfreundliche und hochwertige Verpackungsl\u00f6sungen aus einer Hand anzubieten. Vorteile von qualitativ hochwertigen kundenspezifischen Zuckerverpackungen \u25cfKundenindividuelles Design: Wir bieten kundenspezifische Verpackungsbeutel an, einschlie\u00dflich Material, Gr\u00f6\u00dfe und Druckmuster, um den Kundenanforderungen gerecht zu werden, und unterst\u00fctzen OEM und ODM. \u25cfHerstellung: Mit fortschrittlicher Ausr\u00fcstung und Technologie k\u00f6nnen wir die Auftragsproduktion effizient und mit hoher Qualit\u00e4t durchf\u00fchren und p\u00fcnktlich liefern. \u25cfQualit\u00e4tspr\u00fcfung: Die Produktion erfolgt unter strenger Einhaltung von Qualit\u00e4tsstandards und Lebensmittelsicherheitsanforderungen, um sicherzustellen, dass die Produkte den Standards entsprechen. \u25cfKundendienst: Schnelle Reaktion und aufmerksamer Kundendienst 24 Stunden am Tag. \u25cfGratisprobe: Wir bieten Ihnen einen kostenlosen Musterservice, damit Sie das Produkt beurteilen k\u00f6nnen. Huiyang Packaging hat es sich zur Aufgabe gemacht, seinen Kunden qualitativ hochwertige kundenspezifische Zuckerverpackungen zu liefern und ihnen dabei zu helfen, ihr Produktimage zu verbessern und ihre Wettbewerbsf\u00e4higkeit auf dem Markt zu steigern.<\/p>","protected":false},"featured_media":7418,"comment_status":"open","ping_status":"closed","template":"","meta":[],"product_brand":[],"product_cat":[66],"product_tag":[122],"class_list":{"0":"post-7431","1":"product","2":"type-product","3":"status-publish","4":"has-post-thumbnail","6":"product_cat-condiment-packaging-custom","7":"product_tag-gusset-pouch-manufacturer","9":"first","10":"instock","11":"shipping-taxable","12":"product-type-simple"},"_links":{"self":[{"href":"https:\/\/www.hyflexpack.com\/de\/wp-json\/wp\/v2\/product\/7431","targetHints":{"allow":["GET"]}}],"collection":[{"href":"https:\/\/www.hyflexpack.com\/de\/wp-json\/wp\/v2\/product"}],"about":[{"href":"https:\/\/www.hyflexpack.com\/de\/wp-json\/wp\/v2\/types\/product"}],"replies":[{"embeddable":true,"href":"https:\/\/www.hyflexpack.com\/de\/wp-json\/wp\/v2\/comments?post=7431"}],"wp:featuredmedia":[{"embeddable":true,"href":"https:\/\/www.hyflexpack.com\/de\/wp-json\/wp\/v2\/media\/7418"}],"wp:attachment":[{"href":"https:\/\/www.hyflexpack.com\/de\/wp-json\/wp\/v2\/media?parent=7431"}],"wp:term":[{"taxonomy":"product_brand","embeddable":true,"href":"https:\/\/www.hyflexpack.com\/de\/wp-json\/wp\/v2\/product_brand?post=7431"},{"taxonomy":"product_cat","embeddable":true,"href":"https:\/\/www.hyflexpack.com\/de\/wp-json\/wp\/v2\/product_cat?post=7431"},{"taxonomy":"product_tag","embeddable":true,"href":"https:\/\/www.hyflexpack.com\/de\/wp-json\/wp\/v2\/product_tag?post=7431"}],"curies":[{"name":"wp","href":"https:\/\/api.w.org\/{rel}","templated":true}]}}