{"id":7410,"date":"2025-11-04T08:39:08","date_gmt":"2025-11-04T08:39:08","guid":{"rendered":"https:\/\/www.hyflexpack.com\/?post_type=product&#038;p=7410"},"modified":"2026-01-03T09:39:35","modified_gmt":"2026-01-03T09:39:35","slug":"oem-mini-medical-packaging-pouch","status":"publish","type":"product","link":"https:\/\/www.hyflexpack.com\/de\/product\/oem-mini-medical-packaging-pouch\/","title":{"rendered":"OEM Mini Medical Packaging Pouch mit Griff L\u00f6cher, Erste-Hilfe-Produkt Tasche Lieferant f\u00fcr Gro\u00dfauftr\u00e4ge"},"content":{"rendered":"<div class=\"wp-block-columns is-layout-flex wp-container-core-columns-is-layout-9d6595d7 wp-block-columns-is-layout-flex\">\n<div class=\"wp-block-column is-layout-flow wp-block-column-is-layout-flow\">\n<h2 class=\"wp-block-heading\">Merkmale von OEM-Verpackungsbeuteln f\u00fcr medizinische Zwecke<\/h2>\n\n\n\n<ul class=\"wp-block-list\">\n<li>Unsere OEM-Verpackungsbeutel f\u00fcr medizinische Zwecke bestehen aus einem lebensmittelechten Verbundwerkstoff, der feuchtigkeits- und kontaminationsbest\u00e4ndig ist, um die Sicherheit des Inhalts zu gew\u00e4hrleisten.<\/li>\n\n\n\n<li>Drei-Loch-Griff-Design - einfach zu tragen, zu lagern oder im Einzelhandel auszustellen.<\/li>\n\n\n\n<li>Kompakte Rei\u00dfverschlusstasche - spart Platz, hat einen stabilen Verschluss und sch\u00fctzt die Sicherheit des medizinischen Materials.<\/li>\n\n\n\n<li>Volle Unterst\u00fctzung f\u00fcr die Anpassung - LOGO kann gedruckt werden, Gr\u00f6\u00dfe und Farbe k\u00f6nnen je nach Bedarf angepasst werden.<\/li>\n<\/ul>\n<\/div>\n\n\n\n<div class=\"wp-block-column is-layout-flow wp-block-column-is-layout-flow\">\n<figure class=\"wp-block-image size-full\"><img fetchpriority=\"high\" decoding=\"async\" width=\"750\" height=\"750\" src=\"https:\/\/www.hyflexpack.com\/wp-content\/uploads\/2025\/07\/OEM-Mini-Medical-Packaging-Pouch-1.webp\" alt=\"OEM-Mini-Verpackungstasche f\u00fcr medizinische Zwecke\" class=\"wp-image-7398\" srcset=\"https:\/\/www.hyflexpack.com\/wp-content\/uploads\/2025\/07\/OEM-Mini-Medical-Packaging-Pouch-1.webp 750w, https:\/\/www.hyflexpack.com\/wp-content\/uploads\/2025\/07\/OEM-Mini-Medical-Packaging-Pouch-1-300x300.webp 300w, https:\/\/www.hyflexpack.com\/wp-content\/uploads\/2025\/07\/OEM-Mini-Medical-Packaging-Pouch-1-150x150.webp 150w, https:\/\/www.hyflexpack.com\/wp-content\/uploads\/2025\/07\/OEM-Mini-Medical-Packaging-Pouch-1-12x12.webp 12w, https:\/\/www.hyflexpack.com\/wp-content\/uploads\/2025\/07\/OEM-Mini-Medical-Packaging-Pouch-1-285x285.webp 285w, https:\/\/www.hyflexpack.com\/wp-content\/uploads\/2025\/07\/OEM-Mini-Medical-Packaging-Pouch-1-270x270.webp 270w, https:\/\/www.hyflexpack.com\/wp-content\/uploads\/2025\/07\/OEM-Mini-Medical-Packaging-Pouch-1-540x540.webp 540w, https:\/\/www.hyflexpack.com\/wp-content\/uploads\/2025\/07\/OEM-Mini-Medical-Packaging-Pouch-1-660x660.webp 660w\" sizes=\"(max-width: 750px) 100vw, 750px\" \/><\/figure>\n<\/div>\n<\/div>","protected":false},"excerpt":{"rendered":"<p>Diese medizinische Mini-Verpackungstasche wurde f\u00fcr B-End-Kunden entwickelt und unterst\u00fctzt OEM-Anpassungen und Gro\u00dfbestellungen. Mit einem Drei-Loch-Griff-Design, ist es geeignet f\u00fcr die Speicherung von Alkohol-Pads, Watteb\u00e4llchen, Bandagen, etc. Sie ist die ideale Wahl f\u00fcr Erste-Hilfe-K\u00e4sten, den Einzelhandel oder f\u00fcr Notf\u00e4lle. Kontaktieren Sie uns noch heute f\u00fcr ein Angebot. Wir verpflichten uns, umweltfreundliche und hochwertige Verpackungsl\u00f6sungen aus einer Hand zu liefern. Vorteile der hochwertigen OEM-Mini-Verpackungstasche f\u00fcr medizinische Zwecke \u25cfKundenspezifisches Design: Wir bieten kundenspezifische Verpackungsbeutel an, einschlie\u00dflich Material, Gr\u00f6\u00dfe und Druckmuster, um die Kundenbed\u00fcrfnisse zu erf\u00fcllen, und unterst\u00fctzen OEM und ODM. \u25cfHerstellung: Mit fortschrittlicher Ausr\u00fcstung und Technologie k\u00f6nnen wir die Auftragsproduktion effizient und mit hoher Qualit\u00e4t durchf\u00fchren und p\u00fcnktlich liefern. \u25cfQualit\u00e4tspr\u00fcfung: Die Produktion erfolgt unter strenger Einhaltung von Qualit\u00e4tsstandards und Lebensmittelsicherheitsanforderungen, um sicherzustellen, dass die Produkte den Standards entsprechen. \u25cfKundendienst: Schnelle Reaktion und aufmerksamer Kundendienst 24 Stunden am Tag. \u25cfGratisprobe: Wir bieten Ihnen einen kostenlosen Musterservice, damit Sie das Produkt beurteilen k\u00f6nnen. Huiyang Packaging ist bestrebt, seinen Kunden qualitativ hochwertige OEM-Mini-Verpackungen f\u00fcr medizinische Zwecke zu liefern und ihnen zu helfen, ihr Produktimage zu verbessern und ihre Wettbewerbsf\u00e4higkeit auf dem Markt zu steigern.<\/p>","protected":false},"featured_media":7398,"comment_status":"open","ping_status":"closed","template":"","meta":[],"product_brand":[],"product_cat":[52],"product_tag":[116,124],"class_list":{"0":"post-7410","1":"product","2":"type-product","3":"status-publish","4":"has-post-thumbnail","6":"product_cat-custom-daily-chemical-packaging","7":"product_tag-stand-up-pouch-manufacturer","8":"product_tag-zipper-pouch-manufacturer","10":"first","11":"instock","12":"shipping-taxable","13":"product-type-simple"},"_links":{"self":[{"href":"https:\/\/www.hyflexpack.com\/de\/wp-json\/wp\/v2\/product\/7410","targetHints":{"allow":["GET"]}}],"collection":[{"href":"https:\/\/www.hyflexpack.com\/de\/wp-json\/wp\/v2\/product"}],"about":[{"href":"https:\/\/www.hyflexpack.com\/de\/wp-json\/wp\/v2\/types\/product"}],"replies":[{"embeddable":true,"href":"https:\/\/www.hyflexpack.com\/de\/wp-json\/wp\/v2\/comments?post=7410"}],"wp:featuredmedia":[{"embeddable":true,"href":"https:\/\/www.hyflexpack.com\/de\/wp-json\/wp\/v2\/media\/7398"}],"wp:attachment":[{"href":"https:\/\/www.hyflexpack.com\/de\/wp-json\/wp\/v2\/media?parent=7410"}],"wp:term":[{"taxonomy":"product_brand","embeddable":true,"href":"https:\/\/www.hyflexpack.com\/de\/wp-json\/wp\/v2\/product_brand?post=7410"},{"taxonomy":"product_cat","embeddable":true,"href":"https:\/\/www.hyflexpack.com\/de\/wp-json\/wp\/v2\/product_cat?post=7410"},{"taxonomy":"product_tag","embeddable":true,"href":"https:\/\/www.hyflexpack.com\/de\/wp-json\/wp\/v2\/product_tag?post=7410"}],"curies":[{"name":"wp","href":"https:\/\/api.w.org\/{rel}","templated":true}]}}