{"id":7393,"date":"2025-11-04T08:46:18","date_gmt":"2025-11-04T08:46:18","guid":{"rendered":"https:\/\/www.hyflexpack.com\/?post_type=product&#038;p=7393"},"modified":"2026-01-03T09:38:37","modified_gmt":"2026-01-03T09:38:37","slug":"medical-product-packaging-bags-bulk","status":"publish","type":"product","link":"https:\/\/www.hyflexpack.com\/de\/product\/medical-product-packaging-bags-bulk\/","title":{"rendered":"Gro\u00dfhandel wiederverschlie\u00dfbare medizinische Produktverpackungen Beutel benutzerdefinierte Erste-Hilfe-Zipper-Beutel f\u00fcr OEM-Gro\u00dfbestellungen"},"content":{"rendered":"<div class=\"wp-block-columns is-layout-flex wp-container-core-columns-is-layout-9d6595d7 wp-block-columns-is-layout-flex\">\n<div class=\"wp-block-column is-layout-flow wp-block-column-is-layout-flow\">\n<h2 class=\"wp-block-heading\">Merkmale der Gro\u00dfhandel Medizinische Produktverpackungen Taschen<\/h2>\n\n\n\n<ul class=\"wp-block-list\">\n<li>Unsere Verpackungsbeutel f\u00fcr medizinische Produkte unterst\u00fctzen OEM- und Gro\u00dfbestellungen - f\u00fcr Markenkunden, medizinische Vertriebsh\u00e4ndler, Firmenausstattungen usw.<\/li>\n\n\n\n<li>Langlebiges Rei\u00dfverschlussdesign - wiederverschlie\u00dfbar, um den Inhalt sauber und hygienisch zu halten.<\/li>\n\n\n\n<li>Unterst\u00fctzt hochwertigen Druck - anpassbares Markenlogo, Muster und Anweisungen.<\/li>\n\n\n\n<li>Medizinisches Material - das Material entspricht den Sicherheitsstandards und kann direkt mit medizinischen Gegenst\u00e4nden in Ber\u00fchrung kommen.<\/li>\n<\/ul>\n<\/div>\n\n\n\n<div class=\"wp-block-column is-layout-flow wp-block-column-is-layout-flow\">\n<figure class=\"wp-block-image size-full\"><img fetchpriority=\"high\" decoding=\"async\" width=\"750\" height=\"750\" src=\"https:\/\/www.hyflexpack.com\/wp-content\/uploads\/2025\/07\/Wholesale-Medical-Product-Packaging-Bags-1.webp\" alt=\"Verpackungsbeutel f\u00fcr medizinische Produkte im Gro\u00dfhandel \" class=\"wp-image-7407\" srcset=\"https:\/\/www.hyflexpack.com\/wp-content\/uploads\/2025\/07\/Wholesale-Medical-Product-Packaging-Bags-1.webp 750w, https:\/\/www.hyflexpack.com\/wp-content\/uploads\/2025\/07\/Wholesale-Medical-Product-Packaging-Bags-1-300x300.webp 300w, https:\/\/www.hyflexpack.com\/wp-content\/uploads\/2025\/07\/Wholesale-Medical-Product-Packaging-Bags-1-150x150.webp 150w, https:\/\/www.hyflexpack.com\/wp-content\/uploads\/2025\/07\/Wholesale-Medical-Product-Packaging-Bags-1-12x12.webp 12w, https:\/\/www.hyflexpack.com\/wp-content\/uploads\/2025\/07\/Wholesale-Medical-Product-Packaging-Bags-1-285x285.webp 285w, https:\/\/www.hyflexpack.com\/wp-content\/uploads\/2025\/07\/Wholesale-Medical-Product-Packaging-Bags-1-270x270.webp 270w, https:\/\/www.hyflexpack.com\/wp-content\/uploads\/2025\/07\/Wholesale-Medical-Product-Packaging-Bags-1-540x540.webp 540w, https:\/\/www.hyflexpack.com\/wp-content\/uploads\/2025\/07\/Wholesale-Medical-Product-Packaging-Bags-1-660x660.webp 660w\" sizes=\"(max-width: 750px) 100vw, 750px\" \/><\/figure>\n<\/div>\n<\/div>","protected":false},"excerpt":{"rendered":"<p>Wir sind ein professioneller Hersteller von flexiblen Verpackungen und bieten anpassbare Verpackungsbeutel f\u00fcr medizinische Produkte an, die f\u00fcr Mini-Verbandsk\u00e4sten geeignet sind. Die Beutel sind wiederverschlie\u00dfbar und eignen sich f\u00fcr die Aufbewahrung von Erste-Hilfe-Materialien wie Alkohol-Watteb\u00e4llchen, saugf\u00e4hige Watte und Verb\u00e4nde und unterst\u00fctzen OEM-Anpassungen und Gro\u00dfeink\u00e4ufe. Kontaktieren Sie uns noch heute f\u00fcr ein Angebot. Wir verpflichten uns, umweltfreundliche und hochwertige Verpackungsl\u00f6sungen aus einer Hand zu liefern. Vorteile von hochwertigen Gro\u00dfhandelsverpackungsbeuteln f\u00fcr medizinische Produkte \u25cfKundenspezifisches Design: Wir bieten kundenspezifische Verpackungsbeutel, einschlie\u00dflich Material, Gr\u00f6\u00dfe und Druckmuster Anpassung an die Bed\u00fcrfnisse der Kunden, und unterst\u00fctzen OEM und ODM. \u25cfHerstellung: Mit fortschrittlicher Ausr\u00fcstung und Technologie k\u00f6nnen wir die Auftragsproduktion effizient und mit hoher Qualit\u00e4t durchf\u00fchren und p\u00fcnktlich liefern. \u25cfQualit\u00e4tspr\u00fcfung: Die Produktion erfolgt unter strenger Einhaltung von Qualit\u00e4tsstandards und Lebensmittelsicherheitsanforderungen, um sicherzustellen, dass die Produkte den Standards entsprechen. \u25cfKundendienst: Schnelle Reaktion und aufmerksamer Kundendienst 24 Stunden am Tag. \u25cfGratisprobe: Wir bieten Ihnen einen kostenlosen Musterservice, damit Sie das Produkt beurteilen k\u00f6nnen. Huiyang Packaging ist bestrebt, seinen Kunden hochwertige Gro\u00dfhandelsverpackungen f\u00fcr medizinische Produkte zu liefern, um ihnen zu helfen, ihr Produktimage zu verbessern und ihre Wettbewerbsf\u00e4higkeit auf dem Markt zu steigern.<\/p>","protected":false},"featured_media":7407,"comment_status":"open","ping_status":"closed","template":"","meta":[],"product_brand":[],"product_cat":[52],"product_tag":[116,124],"class_list":{"0":"post-7393","1":"product","2":"type-product","3":"status-publish","4":"has-post-thumbnail","6":"product_cat-custom-daily-chemical-packaging","7":"product_tag-stand-up-pouch-manufacturer","8":"product_tag-zipper-pouch-manufacturer","10":"first","11":"instock","12":"shipping-taxable","13":"product-type-simple"},"_links":{"self":[{"href":"https:\/\/www.hyflexpack.com\/de\/wp-json\/wp\/v2\/product\/7393","targetHints":{"allow":["GET"]}}],"collection":[{"href":"https:\/\/www.hyflexpack.com\/de\/wp-json\/wp\/v2\/product"}],"about":[{"href":"https:\/\/www.hyflexpack.com\/de\/wp-json\/wp\/v2\/types\/product"}],"replies":[{"embeddable":true,"href":"https:\/\/www.hyflexpack.com\/de\/wp-json\/wp\/v2\/comments?post=7393"}],"wp:featuredmedia":[{"embeddable":true,"href":"https:\/\/www.hyflexpack.com\/de\/wp-json\/wp\/v2\/media\/7407"}],"wp:attachment":[{"href":"https:\/\/www.hyflexpack.com\/de\/wp-json\/wp\/v2\/media?parent=7393"}],"wp:term":[{"taxonomy":"product_brand","embeddable":true,"href":"https:\/\/www.hyflexpack.com\/de\/wp-json\/wp\/v2\/product_brand?post=7393"},{"taxonomy":"product_cat","embeddable":true,"href":"https:\/\/www.hyflexpack.com\/de\/wp-json\/wp\/v2\/product_cat?post=7393"},{"taxonomy":"product_tag","embeddable":true,"href":"https:\/\/www.hyflexpack.com\/de\/wp-json\/wp\/v2\/product_tag?post=7393"}],"curies":[{"name":"wp","href":"https:\/\/api.w.org\/{rel}","templated":true}]}}