{"id":7181,"date":"2025-07-19T08:20:12","date_gmt":"2025-07-19T08:20:12","guid":{"rendered":"https:\/\/www.hyflexpack.com\/?post_type=product&#038;p=7181"},"modified":"2025-07-19T08:20:15","modified_gmt":"2025-07-19T08:20:15","slug":"oem-ice-lolly-packaging-film-wholesale","status":"publish","type":"product","link":"https:\/\/www.hyflexpack.com\/de\/product\/oem-ice-lolly-packaging-film-wholesale\/","title":{"rendered":"OEM-Eis-Lolly-Verpackungsfolie &amp; Tiefk\u00fchlkostbeutel Aluminiumrollen f\u00fcr Bulk Sourcing"},"content":{"rendered":"<div class=\"wp-block-columns is-layout-flex wp-container-core-columns-is-layout-9d6595d7 wp-block-columns-is-layout-flex\">\n<div class=\"wp-block-column is-layout-flow wp-block-column-is-layout-flow\">\n<h2 class=\"wp-block-heading\">Merkmale der hochwertigen OEM-Eiscreme-Verpackungsfolie<\/h2>\n\n\n\n<ul class=\"wp-block-list\">\n<li><strong>Lebensmittelechte Sicherheitszertifizierung<\/strong>: Stellen Sie sicher, dass kundenspezifische Eislutscher-Verpackungsfolien und Gefrierbeutel die h\u00f6chsten Sicherheitsstandards f\u00fcr den Kontakt mit Lebensmitteln erf\u00fcllen und die Sicherheit der Verpackungen bei direktem Kontakt mit Lebensmitteln gew\u00e4hrleisten.<\/li>\n\n\n\n<li><strong>Null Verschmutzungsrisiko<\/strong>: Die Verbundschicht aus Aluminiumfolie isoliert wirksam das Eindringen von Verunreinigungen von au\u00dfen und sorgt daf\u00fcr, dass Ihre Gefrierbeutel und Ihre individuelle Eislutscher-Verpackungsfolie nicht kontaminiert werden.<\/li>\n\n\n\n<li><strong>Hohe Barriere- und Frischhalteleistung<\/strong>: Bietet eine hervorragende Barrierewirkung, um die langfristige Frische von Eiscreme und anderen gefrorenen Lebensmitteln zu gew\u00e4hrleisten, und eignet sich f\u00fcr kundenspezifische Eislutscher-Verpackungsfolien.<\/li>\n\n\n\n<li><strong>Ultra-niedrige Feuchtigkeitsdurchl\u00e4ssigkeit<\/strong>: Wasserdampfdurchl\u00e4ssigkeit (WVTR) &lt;0,05g\/m\u00b2\/24h, verl\u00e4ngert die Haltbarkeit des Produkts um 30%, sehr gut geeignet f\u00fcr Gefriergutbeutel.<\/li>\n\n\n\n<li><strong>Sauerstoff-Barriere<\/strong>: Sauerstofftransmissionsrate (OTR) &lt;3cm\u00b3\/m\u00b2\/24h, verhindert die Oxidation von Speiseeis und bewahrt den Geschmack und die Qualit\u00e4t von Speiseeis in ma\u00dfgefertigter Eislutscherfolie.<\/li>\n\n\n\n<li><strong>Ma\u00dfgeschneiderter Produktionsservice<\/strong>: Wir bieten flexible Anpassungsdienste f\u00fcr Eislutscher-Verpackungsfolien an, die auf die Anforderungen Ihrer Produktionslinie zugeschnitten sind.<\/li>\n\n\n\n<li><strong>Schlitzen Anpassung<\/strong>: Die Breite\/L\u00e4nge der Rollenfolie kann je nach den Spezifikationen der Produktionslinie des Kunden angepasst werden und unterst\u00fctzt vollautomatische Verpackungsmaschinen f\u00fcr Tiefk\u00fchlbeutel.<\/li>\n\n\n\n<li><strong>Druckkompatibilit\u00e4t<\/strong>: Die Oberfl\u00e4chenbehandlung unterst\u00fctzt einen hochaufl\u00f6senden Markendruck, der das Markenlogo und den Verpackungseffekt sicherstellt, Haftung \u22654B, geeignet f\u00fcr kundenspezifische Eislutscher-Verpackungsfolien und Tiefk\u00fchlkostbeutel.<\/li>\n<\/ul>\n<\/div>\n\n\n\n<div class=\"wp-block-column is-layout-flow wp-block-column-is-layout-flow\">\n<figure class=\"wp-block-image size-full\"><img fetchpriority=\"high\" decoding=\"async\" width=\"750\" height=\"750\" src=\"https:\/\/www.hyflexpack.com\/wp-content\/uploads\/2025\/07\/OEM-Ice-Lolly-Packaging-Film-Wholesaler-1.webp\" alt=\"OEM Eis Lolly Verpackungsfolie Gro\u00dfh\u00e4ndler (1)\" class=\"wp-image-7320\" srcset=\"https:\/\/www.hyflexpack.com\/wp-content\/uploads\/2025\/07\/OEM-Ice-Lolly-Packaging-Film-Wholesaler-1.webp 750w, https:\/\/www.hyflexpack.com\/wp-content\/uploads\/2025\/07\/OEM-Ice-Lolly-Packaging-Film-Wholesaler-1-300x300.webp 300w, https:\/\/www.hyflexpack.com\/wp-content\/uploads\/2025\/07\/OEM-Ice-Lolly-Packaging-Film-Wholesaler-1-150x150.webp 150w, https:\/\/www.hyflexpack.com\/wp-content\/uploads\/2025\/07\/OEM-Ice-Lolly-Packaging-Film-Wholesaler-1-12x12.webp 12w, https:\/\/www.hyflexpack.com\/wp-content\/uploads\/2025\/07\/OEM-Ice-Lolly-Packaging-Film-Wholesaler-1-285x285.webp 285w, https:\/\/www.hyflexpack.com\/wp-content\/uploads\/2025\/07\/OEM-Ice-Lolly-Packaging-Film-Wholesaler-1-270x270.webp 270w, https:\/\/www.hyflexpack.com\/wp-content\/uploads\/2025\/07\/OEM-Ice-Lolly-Packaging-Film-Wholesaler-1-540x540.webp 540w, https:\/\/www.hyflexpack.com\/wp-content\/uploads\/2025\/07\/OEM-Ice-Lolly-Packaging-Film-Wholesaler-1-660x660.webp 660w\" sizes=\"(max-width: 750px) 100vw, 750px\" \/><\/figure>\n<\/div>\n<\/div>\n\n\n\n<div class=\"wp-block-columns is-layout-flex wp-container-core-columns-is-layout-9d6595d7 wp-block-columns-is-layout-flex\">\n<div class=\"wp-block-column is-layout-flow wp-block-column-is-layout-flow\">\n<figure class=\"wp-block-image size-full\"><img decoding=\"async\" width=\"1080\" height=\"810\" src=\"https:\/\/www.hyflexpack.com\/wp-content\/uploads\/2024\/06\/Cold-seal-film-manufacturer.webp\" alt=\"Hersteller von Kaltsiegelfolie\" class=\"wp-image-4450\" srcset=\"https:\/\/www.hyflexpack.com\/wp-content\/uploads\/2024\/06\/Cold-seal-film-manufacturer.webp 1080w, https:\/\/www.hyflexpack.com\/wp-content\/uploads\/2024\/06\/Cold-seal-film-manufacturer-300x225.webp 300w, https:\/\/www.hyflexpack.com\/wp-content\/uploads\/2024\/06\/Cold-seal-film-manufacturer-768x576.webp 768w, https:\/\/www.hyflexpack.com\/wp-content\/uploads\/2024\/06\/Cold-seal-film-manufacturer-16x12.webp 16w, https:\/\/www.hyflexpack.com\/wp-content\/uploads\/2024\/06\/Cold-seal-film-manufacturer-285x214.webp 285w, https:\/\/www.hyflexpack.com\/wp-content\/uploads\/2024\/06\/Cold-seal-film-manufacturer-800x600.webp 800w, https:\/\/www.hyflexpack.com\/wp-content\/uploads\/2024\/06\/Cold-seal-film-manufacturer-660x495.webp 660w, https:\/\/www.hyflexpack.com\/wp-content\/uploads\/2024\/06\/Cold-seal-film-manufacturer-150x113.webp 150w\" sizes=\"(max-width: 1080px) 100vw, 1080px\" \/><\/figure>\n<\/div>\n\n\n\n<div class=\"wp-block-column is-layout-flow wp-block-column-is-layout-flow\">\n<h3 class=\"wp-block-heading\">Vorteile der Aluminiumfolien-Verbundstruktur:<\/h3>\n\n\n\n<p><\/p>\n\n\n\n<p><strong>Materialzusammensetzung<\/strong>: PET\/Aluminiumfolie\/PE-Mehrschichtverbundmaterial (Dicke optional 12-30\u03bc), das eine ausgezeichnete Haltbarkeit f\u00fcr kundenspezifische Eislutscher-Verpackungsfolien und Tiefk\u00fchlkostbeutel bietet.<\/p>\n\n\n\n<p><strong>Stanzwiderstand<\/strong>: Rei\u00dffestigkeit \u226580N\/15mm, verhindert Besch\u00e4digungen w\u00e4hrend des Transports und gew\u00e4hrleistet die Unversehrtheit von Gefrierbeuteln und kundenspezifischen Eislutscher-Verpackungsfolien.<\/p>\n<\/div>\n<\/div>","protected":false},"excerpt":{"rendered":"<p>Unsere OEM-Eiscreme-Verpackungsfolie verwendet lebensmittelechte, zertifizierte Aluminiumverbundfolie mit einer hohen Transparenz von mehr als 90% und einer Feuchtigkeitsbarriere von &lt;0,05g\/m\u00b2\/24h, um hochwertiges Speiseeis zu sch\u00fctzen, die Haltbarkeit um 30% zu verl\u00e4ngern und die Marke anschaulich zu pr\u00e4sentieren. Als chinesischer OEM-Hersteller bieten wir kundenspezifische Schlitzfolien an, die sich an automatisierte Produktionslinien anpassen lassen, und profitieren von einem vorteilhaften MOQ f\u00fcr Gro\u00dfabnehmerl\u00f6sungen. Wenden Sie sich jetzt an uns, um Ihre Hochbarriere-Verpackungsl\u00f6sung individuell zu gestalten!<\/p>\n<h2>Vorteile des Gro\u00dfh\u00e4ndlers f\u00fcr Eislutscher-Verpackungsfolien<\/h2>\n<ul>\n<li><strong>Individuelles Design<\/strong>: Wir bieten kundenspezifische Dienstleistungen an, einschlie\u00dflich der Anpassung von Material, Gr\u00f6\u00dfe und Druckmuster an die Bed\u00fcrfnisse des Kunden, und unterst\u00fctzen OEM und ODM.<\/li>\n<li><strong>Herstellung<\/strong>: Einsatz von international fortschrittlichen Verbundwerkstoff-Produktionslinien und automatischen Kontrollsystemen zur Gew\u00e4hrleistung effizienter und stabiler Produktionsprozesse und p\u00fcnktlicher Lieferung.<\/li>\n<li><strong>Qualit\u00e4tskontrolle<\/strong>: Strenge Einhaltung von Qualit\u00e4tsstandards und Lebensmittelsicherheitsanforderungen, um sicherzustellen, dass die Produkte den geforderten Standards entsprechen.<\/li>\n<li><strong>Kunde\u00a0<\/strong><strong>Dienst<\/strong>: 24 Stunden am Tag schnelle Antworten und aufmerksame Kundenbetreuung.<\/li>\n<li><strong>Kostenlose Proben<\/strong>: Herstellung von Mustern in kleinen Mengen, die die Kunden ausprobieren und bewerten k\u00f6nnen.<\/li>\n<\/ul>\n<p><a href=\"https:\/\/www.hyflexpack.com\/de\/\"><strong>Huiyang Verpackung<\/strong><\/a> hat es sich zur Aufgabe gemacht, seinen Kunden hochwertige OEM-Eiscremefolien zu liefern und ihnen dabei zu helfen, ihr Produktimage zu verbessern und ihre Wettbewerbsf\u00e4higkeit auf dem Markt zu steigern.<\/p>","protected":false},"featured_media":7322,"comment_status":"open","ping_status":"closed","template":"","meta":[],"product_brand":[],"product_cat":[53,86],"product_tag":[],"class_list":{"0":"post-7181","1":"product","2":"type-product","3":"status-publish","4":"has-post-thumbnail","6":"product_cat-packaging-film-supplier","7":"product_cat-cold-seal-film","9":"first","10":"instock","11":"shipping-taxable","12":"product-type-simple"},"_links":{"self":[{"href":"https:\/\/www.hyflexpack.com\/de\/wp-json\/wp\/v2\/product\/7181","targetHints":{"allow":["GET"]}}],"collection":[{"href":"https:\/\/www.hyflexpack.com\/de\/wp-json\/wp\/v2\/product"}],"about":[{"href":"https:\/\/www.hyflexpack.com\/de\/wp-json\/wp\/v2\/types\/product"}],"replies":[{"embeddable":true,"href":"https:\/\/www.hyflexpack.com\/de\/wp-json\/wp\/v2\/comments?post=7181"}],"wp:featuredmedia":[{"embeddable":true,"href":"https:\/\/www.hyflexpack.com\/de\/wp-json\/wp\/v2\/media\/7322"}],"wp:attachment":[{"href":"https:\/\/www.hyflexpack.com\/de\/wp-json\/wp\/v2\/media?parent=7181"}],"wp:term":[{"taxonomy":"product_brand","embeddable":true,"href":"https:\/\/www.hyflexpack.com\/de\/wp-json\/wp\/v2\/product_brand?post=7181"},{"taxonomy":"product_cat","embeddable":true,"href":"https:\/\/www.hyflexpack.com\/de\/wp-json\/wp\/v2\/product_cat?post=7181"},{"taxonomy":"product_tag","embeddable":true,"href":"https:\/\/www.hyflexpack.com\/de\/wp-json\/wp\/v2\/product_tag?post=7181"}],"curies":[{"name":"wp","href":"https:\/\/api.w.org\/{rel}","templated":true}]}}