{"id":7117,"date":"2025-06-22T18:47:30","date_gmt":"2025-06-22T18:47:30","guid":{"rendered":"https:\/\/www.hyflexpack.com\/?post_type=product&#038;p=7117"},"modified":"2026-01-07T08:15:38","modified_gmt":"2026-01-07T08:15:38","slug":"custom-coffee-bags-wholesale","status":"publish","type":"product","link":"https:\/\/www.hyflexpack.com\/de\/product\/custom-coffee-bags-wholesale\/","title":{"rendered":"Benutzerdefinierte Kaffeebeutel Gro\u00dfhandel Verpackung mit Resealable Zipper | Entgasung Ventil &amp; Folie Barriere"},"content":{"rendered":"<div class=\"wp-block-columns is-layout-flex wp-container-core-columns-is-layout-9d6595d7 wp-block-columns-is-layout-flex\">\n<div class=\"wp-block-column is-layout-flow wp-block-column-is-layout-flow\">\n<h2 class=\"wp-block-heading\">Merkmale von individuellen Kaffeebeuteln mit wiederverschlie\u00dfbarem Rei\u00dfverschluss<\/h2>\n\n\n\n<ul class=\"wp-block-list\">\n<li><strong>Ma\u00dfgeschneidertes Branding, das sich verkauft<\/strong>: Heben Sie Ihre Marke mit einem lebendigen Logodruck auf Premiumfolie hervor - perfekt f\u00fcr Unternehmen, die <strong>benutzerdefinierte Kaffeebeutel Gro\u00dfhandel<\/strong> um im Regal aufzufallen.<\/li>\n\n\n\n<li><strong>Frische durch Folienbarriere, der Sie vertrauen k\u00f6nnen<\/strong>: Die mehrschichtige Folienstruktur blockiert \u00fcber 99% Sauerstoff (OTR&lt;0,5) und Feuchtigkeit und verl\u00e4ngert so die Haltbarkeit - wichtig f\u00fcr jedes qualit\u00e4tsorientierte Unternehmen. <strong>benutzerdefinierte Kaffeebeutel Gro\u00dfhandel<\/strong> L\u00f6sung.<\/li>\n\n\n\n<li><strong>Intelligentes Einweg-Gasentl\u00fcftungssystem<\/strong>: Ausgestattet mit einem lebensmittelechten Entgasungsventil, das CO\u2082 auf nat\u00fcrliche Weise freisetzt und gleichzeitig Sauerstoff ausschlie\u00dft - so bleiben die ger\u00f6steten Bohnen frisch und aromatisch.<\/li>\n\n\n\n<li><strong>Langlebigkeit wie beim R\u00f6sten<\/strong>: Die rei\u00dffeste PE-Innenauskleidung sorgt f\u00fcr Druckfestigkeit, so dass schwere Bohnenladungen problemlos verarbeitet werden k\u00f6nnen, ohne zu platzen - ideal f\u00fcr manuelle oder automatische Verpackungslinien.<\/li>\n\n\n\n<li><strong>Anmerkung zur Umwelt<\/strong>: Bitte beachten Sie: Die Folienbarriere bietet einen ausgezeichneten Schutz, ist jedoch nicht recycelbar und muss auf einer Deponie entsorgt werden. Fragen Sie uns nach umweltfreundlichen Alternativen!<\/li>\n<\/ul>\n<\/div>\n\n\n\n<div class=\"wp-block-column is-layout-flow wp-block-column-is-layout-flow\">\n<figure class=\"wp-block-image size-full\"><img fetchpriority=\"high\" decoding=\"async\" width=\"750\" height=\"750\" src=\"https:\/\/www.hyflexpack.com\/wp-content\/uploads\/2025\/06\/Custom-Coffee-Bags-with-Resealable-Zipper-1.webp\" alt=\"Individuelle Kaffeetaschen mit wiederverschlie\u00dfbarem Rei\u00dfverschluss\" class=\"wp-image-7088\" srcset=\"https:\/\/www.hyflexpack.com\/wp-content\/uploads\/2025\/06\/Custom-Coffee-Bags-with-Resealable-Zipper-1.webp 750w, https:\/\/www.hyflexpack.com\/wp-content\/uploads\/2025\/06\/Custom-Coffee-Bags-with-Resealable-Zipper-1-300x300.webp 300w, https:\/\/www.hyflexpack.com\/wp-content\/uploads\/2025\/06\/Custom-Coffee-Bags-with-Resealable-Zipper-1-150x150.webp 150w, https:\/\/www.hyflexpack.com\/wp-content\/uploads\/2025\/06\/Custom-Coffee-Bags-with-Resealable-Zipper-1-12x12.webp 12w, https:\/\/www.hyflexpack.com\/wp-content\/uploads\/2025\/06\/Custom-Coffee-Bags-with-Resealable-Zipper-1-285x285.webp 285w, https:\/\/www.hyflexpack.com\/wp-content\/uploads\/2025\/06\/Custom-Coffee-Bags-with-Resealable-Zipper-1-270x270.webp 270w, https:\/\/www.hyflexpack.com\/wp-content\/uploads\/2025\/06\/Custom-Coffee-Bags-with-Resealable-Zipper-1-540x540.webp 540w, https:\/\/www.hyflexpack.com\/wp-content\/uploads\/2025\/06\/Custom-Coffee-Bags-with-Resealable-Zipper-1-660x660.webp 660w\" sizes=\"(max-width: 750px) 100vw, 750px\" \/><\/figure>\n<\/div>\n<\/div>\n\n\n\n<p><\/p>","protected":false},"excerpt":{"rendered":"<p>Professionelle, ma\u00dfgeschneiderte Verpackung zum Schutz der Frische des Kaffees. Die Barriere aus Aluminiumfolie isoliert Sauerstoff und Feuchtigkeit vollst\u00e4ndig, und der haltbare, selbstschlie\u00dfende Rei\u00dfverschluss ist f\u00fcr den t\u00e4glichen Gebrauch geeignet. Das eingebaute atmungsaktive Einwegventil l\u00e4sst automatisch Kohlendioxid ab, w\u00e4hrend es das Eindringen von Luft verhindert. Es handelt sich um eine ideale Markenverpackungsl\u00f6sung f\u00fcr R\u00f6stereien, die auf ultimative Frische und Komfort Wert legen. Kontaktieren Sie uns noch heute f\u00fcr ein Angebot. Wir verpflichten uns, umweltfreundliche und hochwertige Verpackungsl\u00f6sungen aus einer Hand zu liefern.<\/p>\n<h3>Vorteile des Gro\u00dfh\u00e4ndlers f\u00fcr individuelle Kaffees\u00e4cke<\/h3>\n<ul>\n<li><strong>Kundenspezifisches Design<\/strong>: Wir bieten kundenspezifische Design-Kaffee-Verpackungstaschen Service, einschlie\u00dflich Material, Gr\u00f6\u00dfe und Druckmuster Anpassung an die Bed\u00fcrfnisse der Kunden zu erf\u00fcllen, und unterst\u00fctzen OEM und ODM.<\/li>\n<li><strong>Herstellung<\/strong>: Dank fortschrittlicher Ausr\u00fcstung und Technologie sind wir in der Lage, die Produktion von Auftr\u00e4gen mit hoher Effizienz und Qualit\u00e4t durchzuf\u00fchren und p\u00fcnktlich zu liefern.<\/li>\n<li><strong>Qualit\u00e4tskontrolle<\/strong>: Strenge Einhaltung der Qualit\u00e4tsstandards und der Anforderungen an die Lebensmittelsicherheit, um sicherzustellen, dass die Produkte den Standards entsprechen.<\/li>\n<li><strong>Team Technische Unterst\u00fctzung<\/strong>: Unser Team verf\u00fcgt \u00fcber reiche Branchenerfahrung und Fachkenntnisse und kann unseren Kunden technische Unterst\u00fctzung und 24-Stunden-Beratung bieten.<\/li>\n<li><strong>Kostenlose Probe<\/strong>: Wir bieten Ihnen einen kostenlosen Musterservice an, damit Sie die Produkte bewerten k\u00f6nnen.<\/li>\n<\/ul>\n<p><strong>Huiyang Verpackung<\/strong> hat es sich zur Aufgabe gemacht, seinen Kunden qualitativ hochwertige und ma\u00dfgeschneiderte Kaffeetaschen und -beutel zu liefern, um ihnen zu helfen, ihr Produktimage zu verbessern und ihre Wettbewerbsf\u00e4higkeit auf dem Markt zu steigern.<\/p>","protected":false},"featured_media":7088,"comment_status":"open","ping_status":"closed","template":"","meta":[],"product_brand":[],"product_cat":[55],"product_tag":[116,124],"class_list":{"0":"post-7117","1":"product","2":"type-product","3":"status-publish","4":"has-post-thumbnail","6":"product_cat-custom-coffee-packaging","7":"product_tag-stand-up-pouch-manufacturer","8":"product_tag-zipper-pouch-manufacturer","10":"first","11":"instock","12":"shipping-taxable","13":"product-type-simple"},"_links":{"self":[{"href":"https:\/\/www.hyflexpack.com\/de\/wp-json\/wp\/v2\/product\/7117","targetHints":{"allow":["GET"]}}],"collection":[{"href":"https:\/\/www.hyflexpack.com\/de\/wp-json\/wp\/v2\/product"}],"about":[{"href":"https:\/\/www.hyflexpack.com\/de\/wp-json\/wp\/v2\/types\/product"}],"replies":[{"embeddable":true,"href":"https:\/\/www.hyflexpack.com\/de\/wp-json\/wp\/v2\/comments?post=7117"}],"wp:featuredmedia":[{"embeddable":true,"href":"https:\/\/www.hyflexpack.com\/de\/wp-json\/wp\/v2\/media\/7088"}],"wp:attachment":[{"href":"https:\/\/www.hyflexpack.com\/de\/wp-json\/wp\/v2\/media?parent=7117"}],"wp:term":[{"taxonomy":"product_brand","embeddable":true,"href":"https:\/\/www.hyflexpack.com\/de\/wp-json\/wp\/v2\/product_brand?post=7117"},{"taxonomy":"product_cat","embeddable":true,"href":"https:\/\/www.hyflexpack.com\/de\/wp-json\/wp\/v2\/product_cat?post=7117"},{"taxonomy":"product_tag","embeddable":true,"href":"https:\/\/www.hyflexpack.com\/de\/wp-json\/wp\/v2\/product_tag?post=7117"}],"curies":[{"name":"wp","href":"https:\/\/api.w.org\/{rel}","templated":true}]}}