{"id":7008,"date":"2025-05-26T09:31:27","date_gmt":"2025-05-26T09:31:27","guid":{"rendered":"https:\/\/www.hyflexpack.com\/?post_type=product&#038;p=7008"},"modified":"2026-01-07T08:46:34","modified_gmt":"2026-01-07T08:46:34","slug":"custom-chocolate-kraft-paper-pouch","status":"publish","type":"product","link":"https:\/\/www.hyflexpack.com\/de\/product\/custom-chocolate-kraft-paper-pouch\/","title":{"rendered":"Benutzerdefinierte Schokolade Kraftpapier Beutel Hersteller, Composite | Feuchtigkeit-Proof | Lebensmittel-Verpackung Beutel"},"content":{"rendered":"<div class=\"wp-block-columns is-layout-flex wp-container-core-columns-is-layout-9d6595d7 wp-block-columns-is-layout-flex\">\n<div class=\"wp-block-column is-layout-flow wp-block-column-is-layout-flow\">\n<h2 class=\"wp-block-heading\">Eigenschaften von Chocolate Kraftpapierbeutel<\/h2>\n\n\n\n<p><\/p>\n\n\n\n<ul class=\"wp-block-list\">\n<li><strong>Dreischichtiger Verbundaufbau<\/strong>: Au\u00dfenschicht aus 120 g Kraftpapier + Sperrschicht aus 12 \u03bcm Aluminiumfolie + Innenschicht aus 50 \u03bcm lebensmittelechtem PE, die ein stabiles und haltbares Verpackungsmaterial bilden und die allgemeine Schutzleistung verbessern.<\/li>\n\n\n\n<li><strong>Hohe Barriereleistung<\/strong>Die mittlere Alufolienschicht blockiert effektiv Feuchtigkeit und Sauerstoff, und die PE-Innenschicht verhindert das Eindringen von \u00d6l und Fett. Selbst in einer Umgebung mit einer Luftfeuchtigkeit von \u00fcber 85% bewahrt der kundenspezifische Schokoladen-Kraftpapierbeutel eine hervorragende Frischeleistung.<\/li>\n\n\n\n<li><strong>Garantie der Lebensmittelsicherheit<\/strong>Alle inneren PE-Materialien entsprechen den Sicherheitsstandards f\u00fcr den Kontakt mit Lebensmitteln, so dass kein Risiko des direkten Kontakts mit Schokolade besteht, geeignet f\u00fcr hochwertige Lebensmittelmarken.<\/li>\n\n\n\n<li><strong>Flexibler und individueller Druck<\/strong>: Unterst\u00fctzung von CMYK- und Pantone-Farbdruck, Logo, Muster und Gr\u00f6\u00dfe k\u00f6nnen individuell angepasst werden, um eine exklusive Markenvision zu schaffen.<\/li>\n\n\n\n<li><strong>Umweltfreundliches Aussehen und Funktionalit\u00e4t zugleich<\/strong>Kraftpapier: Das Aussehen von Kraftpapier vermittelt eine nat\u00fcrliche Textur, die ideal ist, um den Trend zum Umweltschutz zu erf\u00fcllen. Als Hersteller von kundenspezifischen Schokoladen-Kraftpapierbeuteln bieten wir recycelbare Materialoptionen, die sowohl \u00e4sthetisch ansprechend als auch umweltfreundlich sind.<\/li>\n<\/ul>\n<\/div>\n\n\n\n<div class=\"wp-block-column is-layout-flow wp-block-column-is-layout-flow\">\n<figure class=\"wp-block-image size-full\"><img fetchpriority=\"high\" decoding=\"async\" width=\"750\" height=\"750\" src=\"https:\/\/www.hyflexpack.com\/wp-content\/uploads\/2025\/05\/Custom-Chocolate-Kraft-Paper-Composite-Bags-3.webp\" alt=\"Individueller Schokoladen-Kraftpapier-Beutel\" class=\"wp-image-7013\" srcset=\"https:\/\/www.hyflexpack.com\/wp-content\/uploads\/2025\/05\/Custom-Chocolate-Kraft-Paper-Composite-Bags-3.webp 750w, https:\/\/www.hyflexpack.com\/wp-content\/uploads\/2025\/05\/Custom-Chocolate-Kraft-Paper-Composite-Bags-3-300x300.webp 300w, https:\/\/www.hyflexpack.com\/wp-content\/uploads\/2025\/05\/Custom-Chocolate-Kraft-Paper-Composite-Bags-3-150x150.webp 150w, https:\/\/www.hyflexpack.com\/wp-content\/uploads\/2025\/05\/Custom-Chocolate-Kraft-Paper-Composite-Bags-3-12x12.webp 12w, https:\/\/www.hyflexpack.com\/wp-content\/uploads\/2025\/05\/Custom-Chocolate-Kraft-Paper-Composite-Bags-3-285x285.webp 285w, https:\/\/www.hyflexpack.com\/wp-content\/uploads\/2025\/05\/Custom-Chocolate-Kraft-Paper-Composite-Bags-3-270x270.webp 270w, https:\/\/www.hyflexpack.com\/wp-content\/uploads\/2025\/05\/Custom-Chocolate-Kraft-Paper-Composite-Bags-3-540x540.webp 540w, https:\/\/www.hyflexpack.com\/wp-content\/uploads\/2025\/05\/Custom-Chocolate-Kraft-Paper-Composite-Bags-3-660x660.webp 660w\" sizes=\"(max-width: 750px) 100vw, 750px\" \/><\/figure>\n<\/div>\n<\/div>\n\n\n\n<div class=\"wp-block-columns is-layout-flex wp-container-core-columns-is-layout-9d6595d7 wp-block-columns-is-layout-flex\">\n<div class=\"wp-block-column is-layout-flow wp-block-column-is-layout-flow\">\n<figure class=\"wp-block-image size-full\"><img decoding=\"async\" width=\"750\" height=\"750\" src=\"https:\/\/www.hyflexpack.com\/wp-content\/uploads\/2025\/05\/Custom-Chocolate-Kraft-Paper-Composite-Bags-2.webp\" alt=\"Benutzerdefinierte Schokolade Kraftpapier Pouch-2\" class=\"wp-image-7012\" srcset=\"https:\/\/www.hyflexpack.com\/wp-content\/uploads\/2025\/05\/Custom-Chocolate-Kraft-Paper-Composite-Bags-2.webp 750w, https:\/\/www.hyflexpack.com\/wp-content\/uploads\/2025\/05\/Custom-Chocolate-Kraft-Paper-Composite-Bags-2-300x300.webp 300w, https:\/\/www.hyflexpack.com\/wp-content\/uploads\/2025\/05\/Custom-Chocolate-Kraft-Paper-Composite-Bags-2-150x150.webp 150w, https:\/\/www.hyflexpack.com\/wp-content\/uploads\/2025\/05\/Custom-Chocolate-Kraft-Paper-Composite-Bags-2-12x12.webp 12w, https:\/\/www.hyflexpack.com\/wp-content\/uploads\/2025\/05\/Custom-Chocolate-Kraft-Paper-Composite-Bags-2-285x285.webp 285w, https:\/\/www.hyflexpack.com\/wp-content\/uploads\/2025\/05\/Custom-Chocolate-Kraft-Paper-Composite-Bags-2-270x270.webp 270w, https:\/\/www.hyflexpack.com\/wp-content\/uploads\/2025\/05\/Custom-Chocolate-Kraft-Paper-Composite-Bags-2-540x540.webp 540w, https:\/\/www.hyflexpack.com\/wp-content\/uploads\/2025\/05\/Custom-Chocolate-Kraft-Paper-Composite-Bags-2-660x660.webp 660w\" sizes=\"(max-width: 750px) 100vw, 750px\" \/><\/figure>\n<\/div>\n\n\n\n<div class=\"wp-block-column is-layout-flow wp-block-column-is-layout-flow\">\n<h2 class=\"wp-block-heading\">Warum sind benutzerdefinierte Schokoladenbeutel ein Renner auf dem Markt?<\/h2>\n\n\n\n<p><\/p>\n\n\n\n<p>Als <strong>professioneller Hersteller von Schokoladenbeuteln,<\/strong> bieten wir stark individualisierbare Kraftpapierbeutel an, die auf dem Markt beliebt sind:<\/p>\n\n\n\n<ul class=\"wp-block-list\">\n<li>Anpassbare Farben, Muster, Markenlogos und Marketingtexte zur Schaffung einer einzigartigen visuellen Identit\u00e4t.<\/li>\n\n\n\n<li>Rei\u00dfverschl\u00fcsse, Abrei\u00dfverschl\u00fcsse, Originalit\u00e4tssiegel oder Aufh\u00e4ngel\u00f6cher k\u00f6nnen hinzugef\u00fcgt werden, um den Anforderungen verschiedener Szenarien gerecht zu werden.<\/li>\n\n\n\n<li>Matt, gl\u00e4nzend oder partiell UV, um die Textur der Verpackung zu verbessern.<\/li>\n\n\n\n<li>Unterst\u00fctzt den Druck von Vorder-, R\u00fcck- und Unterseite mit bis zu 10 Farben in Vollfarbe.<\/li>\n\n\n\n<li>Bieten Sie recycelbare oder biologisch abbaubare Materialien an, um dem gr\u00fcnen Trend gerecht zu werden.<\/li>\n\n\n\n<li>Hohe Feuchtigkeitsbest\u00e4ndigkeit, Geruchsresistenz und Durchsto\u00dffestigkeit machen Ihre Schokoladenprodukte beim Transport und bei der Pr\u00e4sentation wettbewerbsf\u00e4higer.<\/li>\n<\/ul>\n\n\n\n<p>Entscheiden Sie sich f\u00fcr uns, um Schokoladentaschen zu kreieren, die sowohl Wert als auch Leistung bieten, um den ersten Eindruck der Verbraucher zu gewinnen und die Markenpr\u00e4mie zu erh\u00f6hen!<\/p>\n<\/div>\n<\/div>","protected":false},"excerpt":{"rendered":"<p>Als professioneller Hersteller von individuellen Schokoladen-Kraftpapierbeuteln bieten wir feuchtigkeits- und fettbest\u00e4ndige Beutel mit einer Barriere aus Aluminiumfolie und lebensmittelechtem PE-Futter. Vollst\u00e4ndig bedruckbar, langlebig und anpassbar f\u00fcr Ihre Schokoladenmarke. Kontaktieren Sie uns jetzt, um Ihr Gro\u00dfhandelsangebot zu erhalten!<\/p>\n<h3>Vorteile des Kraftpapierbeutels Hersteller<\/h3>\n<ul>\n<li><strong>Kundenspezifisches Design<\/strong>: Pers\u00f6nliche Designl\u00f6sungen, Unterst\u00fctzung von OEM\/ODM, Anpassung an verschiedene Spezifikationen, Gr\u00f6\u00dfen, Druckmuster usw.<\/li>\n<li><strong>Qualit\u00e4tssicherung<\/strong>: Wir kontrollieren den Produktionsprozess und verf\u00fcgen \u00fcber hochwertige Materialien und fortschrittliche Ausr\u00fcstung, um die Produktqualit\u00e4t zu gew\u00e4hrleisten.<\/li>\n<li><strong>P\u00fcnktliche Lieferung<\/strong>: Optimierung des Produktionsprozesses und Verbesserung der Produktionseffizienz, um eine p\u00fcnktliche Lieferung zu gew\u00e4hrleisten und den dringenden Bedarf der Kunden zu decken.<\/li>\n<li><strong>Professionelle technische Unterst\u00fctzung<\/strong>: Das erfahrene technische Team bietet professionellen technischen Support und einen 24-Stunden-Kundendienst.<\/li>\n<li><strong>Kostenlose Probe<\/strong>: Wir bieten Ihnen einen kostenlosen Musterservice an, damit Sie die Produkte bewerten k\u00f6nnen.<\/li>\n<\/ul>\n<p>Huiyang Packaging hat es sich zur Aufgabe gemacht, seinen Kunden qualitativ hochwertige und ma\u00dfgeschneiderte Schokoladenverpackungen zu liefern, um ihnen zu helfen, ihr Produktimage zu verbessern und ihre Wettbewerbsf\u00e4higkeit auf dem Markt zu steigern.\u00a0\u00a0<\/p>","protected":false},"featured_media":7011,"comment_status":"open","ping_status":"closed","template":"","meta":[],"product_brand":[],"product_cat":[96],"product_tag":[116,124],"class_list":{"0":"post-7008","1":"product","2":"type-product","3":"status-publish","4":"has-post-thumbnail","6":"product_cat-chocolate-packaging-bags","7":"product_tag-stand-up-pouch-manufacturer","8":"product_tag-zipper-pouch-manufacturer","10":"first","11":"instock","12":"shipping-taxable","13":"product-type-simple"},"_links":{"self":[{"href":"https:\/\/www.hyflexpack.com\/de\/wp-json\/wp\/v2\/product\/7008","targetHints":{"allow":["GET"]}}],"collection":[{"href":"https:\/\/www.hyflexpack.com\/de\/wp-json\/wp\/v2\/product"}],"about":[{"href":"https:\/\/www.hyflexpack.com\/de\/wp-json\/wp\/v2\/types\/product"}],"replies":[{"embeddable":true,"href":"https:\/\/www.hyflexpack.com\/de\/wp-json\/wp\/v2\/comments?post=7008"}],"wp:featuredmedia":[{"embeddable":true,"href":"https:\/\/www.hyflexpack.com\/de\/wp-json\/wp\/v2\/media\/7011"}],"wp:attachment":[{"href":"https:\/\/www.hyflexpack.com\/de\/wp-json\/wp\/v2\/media?parent=7008"}],"wp:term":[{"taxonomy":"product_brand","embeddable":true,"href":"https:\/\/www.hyflexpack.com\/de\/wp-json\/wp\/v2\/product_brand?post=7008"},{"taxonomy":"product_cat","embeddable":true,"href":"https:\/\/www.hyflexpack.com\/de\/wp-json\/wp\/v2\/product_cat?post=7008"},{"taxonomy":"product_tag","embeddable":true,"href":"https:\/\/www.hyflexpack.com\/de\/wp-json\/wp\/v2\/product_tag?post=7008"}],"curies":[{"name":"wp","href":"https:\/\/api.w.org\/{rel}","templated":true}]}}