{"id":6954,"date":"2025-05-28T08:09:14","date_gmt":"2025-05-28T08:09:14","guid":{"rendered":"https:\/\/www.hyflexpack.com\/?post_type=product&#038;p=6954"},"modified":"2025-12-31T07:47:36","modified_gmt":"2025-12-31T07:47:36","slug":"seafood-and-fish-packaging-bag","status":"publish","type":"product","link":"https:\/\/www.hyflexpack.com\/de\/product\/seafood-and-fish-packaging-bag\/","title":{"rendered":"Benutzerdefinierte Meeresfr\u00fcchte und Fisch Verpackung Tasche, Kunststoff Hei\u00dfsiegeln recycelt Beutel Lieferant"},"content":{"rendered":"<div class=\"wp-block-columns is-layout-flex wp-container-core-columns-is-layout-9d6595d7 wp-block-columns-is-layout-flex\">\n<div class=\"wp-block-column is-layout-flow wp-block-column-is-layout-flow\">\n<h2 class=\"wp-block-heading\">Merkmale der Verpackungstasche f\u00fcr Meeresfr\u00fcchte und Fisch<\/h2>\n\n\n\n<p>Als Fachmann <strong>verpackungsbeutel f\u00fcr meeresfr\u00fcchte<\/strong>, bieten wir <strong>Verpackungsbeutel f\u00fcr Fisch nach Ma\u00df<\/strong> die den h\u00f6chsten Anspr\u00fcchen an Erhaltung, Nachhaltigkeit und Markenbildung gen\u00fcgen.<\/p>\n\n\n\n<ul class=\"wp-block-list\">\n<li><strong>Umweltvertr\u00e4glich und nachhaltig<\/strong>: Hergestellt aus recycelbaren Materialien, um den CO2-Fu\u00dfabdruck zu reduzieren und die Nachhaltigkeitsziele Ihrer Marke zu unterst\u00fctzen.<\/li>\n\n\n\n<li><strong>Super-Barriere und lange Lagerf\u00e4higkeit<\/strong>: Die mehrschichtige, hitzeversiegelte Struktur (z. B. PA\/PE) h\u00e4lt Feuchtigkeit, Luft und Verunreinigungen fern und verl\u00e4ngert die Haltbarkeit von Meeresfr\u00fcchten.<\/li>\n\n\n\n<li><strong>\u00d6lbest\u00e4ndig und auslaufsicher<\/strong>: Ideal f\u00fcr ger\u00e4ucherte oder marinierte Meeresfr\u00fcchte. Verhindert das Auslaufen und bewahrt die Sauberkeit beim Transport.<\/li>\n\n\n\n<li><strong>K\u00fchlkettenbest\u00e4ndig bis -25\u00b0C<\/strong>: H\u00e4lt Gefriertemperaturen stand, ohne zu brechen oder sich zu verformen - ideal f\u00fcr die Logistik von Tiefk\u00fchlfisch und Meeresfr\u00fcchten.<\/li>\n\n\n\n<li><strong>Pannensicher f\u00fcr den sicheren Transport<\/strong>: Verst\u00e4rkte Schichten widerstehen scharfen Knochen und Muscheln und gew\u00e4hrleisten die Produktsicherheit beim Transport.<\/li>\n\n\n\n<li><strong>Klares Fenster f\u00fcr Produktsichtbarkeit<\/strong>: Die transparente Gestaltung der Fenster zeigt die Frische und schafft Vertrauen beim Verbraucher.<\/li>\n\n\n\n<li><strong>Vollst\u00e4ndig anpassbares Design<\/strong>: Wir bieten eine vollst\u00e4ndige Individualisierung in Gr\u00f6\u00dfe, Form und Druck - ideal f\u00fcr ein einzigartiges Branding von <strong>Verpackungsbeutel f\u00fcr Fisch nach Ma\u00df<\/strong>.<\/li>\n<\/ul>\n\n\n\n<p>Partnerschaft mit einem vertrauensw\u00fcrdigen <strong>verpackungsbeutel f\u00fcr meeresfr\u00fcchte<\/strong> um Ihre Marke aufzuwerten und Ihr Produkt zu sch\u00fctzen. Kontaktieren Sie uns jetzt, um Ihre individuelle L\u00f6sung zu finden!<\/p>\n<\/div>\n\n\n\n<div class=\"wp-block-column is-layout-flow wp-block-column-is-layout-flow\">\n<figure class=\"wp-block-image size-full\"><img fetchpriority=\"high\" decoding=\"async\" width=\"750\" height=\"750\" src=\"https:\/\/www.hyflexpack.com\/wp-content\/uploads\/2025\/05\/Customized-Recycled-Fish-Packaging-Bag-1.jpg\" alt=\"Benutzerdefinierte Meeresfr\u00fcchte und Fisch Verpackung Tasche Lieferant\" class=\"wp-image-6933\" srcset=\"https:\/\/www.hyflexpack.com\/wp-content\/uploads\/2025\/05\/Customized-Recycled-Fish-Packaging-Bag-1.jpg 750w, https:\/\/www.hyflexpack.com\/wp-content\/uploads\/2025\/05\/Customized-Recycled-Fish-Packaging-Bag-1-300x300.jpg 300w, https:\/\/www.hyflexpack.com\/wp-content\/uploads\/2025\/05\/Customized-Recycled-Fish-Packaging-Bag-1-150x150.jpg 150w, https:\/\/www.hyflexpack.com\/wp-content\/uploads\/2025\/05\/Customized-Recycled-Fish-Packaging-Bag-1-12x12.jpg 12w, https:\/\/www.hyflexpack.com\/wp-content\/uploads\/2025\/05\/Customized-Recycled-Fish-Packaging-Bag-1-285x285.jpg 285w, https:\/\/www.hyflexpack.com\/wp-content\/uploads\/2025\/05\/Customized-Recycled-Fish-Packaging-Bag-1-270x270.jpg 270w, https:\/\/www.hyflexpack.com\/wp-content\/uploads\/2025\/05\/Customized-Recycled-Fish-Packaging-Bag-1-540x540.jpg 540w, https:\/\/www.hyflexpack.com\/wp-content\/uploads\/2025\/05\/Customized-Recycled-Fish-Packaging-Bag-1-660x660.jpg 660w\" sizes=\"(max-width: 750px) 100vw, 750px\" \/><\/figure>\n<\/div>\n<\/div>\n\n\n\n<div class=\"wp-block-columns is-layout-flex wp-container-core-columns-is-layout-9d6595d7 wp-block-columns-is-layout-flex\">\n<div class=\"wp-block-column is-layout-flow wp-block-column-is-layout-flow\">\n<figure class=\"wp-block-image size-full\"><img decoding=\"async\" width=\"750\" height=\"750\" src=\"https:\/\/www.hyflexpack.com\/wp-content\/uploads\/2025\/05\/Customized-Recycled-Fish-Packaging-Bag-2.jpg\" alt=\"Benutzerdefinierte Meeresfr\u00fcchte und Fisch Verpackung Tasche mit Fenster Lieferant\" class=\"wp-image-6934\" srcset=\"https:\/\/www.hyflexpack.com\/wp-content\/uploads\/2025\/05\/Customized-Recycled-Fish-Packaging-Bag-2.jpg 750w, https:\/\/www.hyflexpack.com\/wp-content\/uploads\/2025\/05\/Customized-Recycled-Fish-Packaging-Bag-2-300x300.jpg 300w, https:\/\/www.hyflexpack.com\/wp-content\/uploads\/2025\/05\/Customized-Recycled-Fish-Packaging-Bag-2-150x150.jpg 150w, https:\/\/www.hyflexpack.com\/wp-content\/uploads\/2025\/05\/Customized-Recycled-Fish-Packaging-Bag-2-12x12.jpg 12w, https:\/\/www.hyflexpack.com\/wp-content\/uploads\/2025\/05\/Customized-Recycled-Fish-Packaging-Bag-2-285x285.jpg 285w, https:\/\/www.hyflexpack.com\/wp-content\/uploads\/2025\/05\/Customized-Recycled-Fish-Packaging-Bag-2-270x270.jpg 270w, https:\/\/www.hyflexpack.com\/wp-content\/uploads\/2025\/05\/Customized-Recycled-Fish-Packaging-Bag-2-540x540.jpg 540w, https:\/\/www.hyflexpack.com\/wp-content\/uploads\/2025\/05\/Customized-Recycled-Fish-Packaging-Bag-2-660x660.jpg 660w\" sizes=\"(max-width: 750px) 100vw, 750px\" \/><\/figure>\n<\/div>\n\n\n\n<div class=\"wp-block-column is-layout-flow wp-block-column-is-layout-flow\">\n<figure class=\"wp-block-image size-full\"><img decoding=\"async\" width=\"750\" height=\"750\" src=\"https:\/\/www.hyflexpack.com\/wp-content\/uploads\/2025\/05\/Customized-Recycled-Fish-Packaging-Bag-3.jpg\" alt=\"Kundenspezifische Verpackungsbeutel f\u00fcr Meeresfr\u00fcchte und Fisch\" class=\"wp-image-6935\" srcset=\"https:\/\/www.hyflexpack.com\/wp-content\/uploads\/2025\/05\/Customized-Recycled-Fish-Packaging-Bag-3.jpg 750w, https:\/\/www.hyflexpack.com\/wp-content\/uploads\/2025\/05\/Customized-Recycled-Fish-Packaging-Bag-3-300x300.jpg 300w, https:\/\/www.hyflexpack.com\/wp-content\/uploads\/2025\/05\/Customized-Recycled-Fish-Packaging-Bag-3-150x150.jpg 150w, https:\/\/www.hyflexpack.com\/wp-content\/uploads\/2025\/05\/Customized-Recycled-Fish-Packaging-Bag-3-12x12.jpg 12w, https:\/\/www.hyflexpack.com\/wp-content\/uploads\/2025\/05\/Customized-Recycled-Fish-Packaging-Bag-3-285x285.jpg 285w, https:\/\/www.hyflexpack.com\/wp-content\/uploads\/2025\/05\/Customized-Recycled-Fish-Packaging-Bag-3-270x270.jpg 270w, https:\/\/www.hyflexpack.com\/wp-content\/uploads\/2025\/05\/Customized-Recycled-Fish-Packaging-Bag-3-540x540.jpg 540w, https:\/\/www.hyflexpack.com\/wp-content\/uploads\/2025\/05\/Customized-Recycled-Fish-Packaging-Bag-3-660x660.jpg 660w\" sizes=\"(max-width: 750px) 100vw, 750px\" \/><\/figure>\n<\/div>\n<\/div>","protected":false},"excerpt":{"rendered":"<p>Ma\u00dfgeschneidert <strong data-start=\"12\" data-end=\"51\">individuelle Verpackungsbeutel f\u00fcr Fisch aus recyceltem Material<\/strong> f\u00fcr Meeresfr\u00fcchte wie gefrorene Filets, ger\u00e4ucherte und verzehrfertige Produkte. Diese Beutel sind aus umweltfreundlichem, hei\u00dfgesiegeltem Kunststoff hergestellt und bieten einen hohen Frischeerhalt. Logo, Muster und Gr\u00f6\u00dfe k\u00f6nnen individuell angepasst werden. Werben Sie f\u00fcr Ihre gr\u00fcne Marke und schaffen Sie Vertrauen beim Verbraucher. <strong data-start=\"317\" data-end=\"391\" data-is-last-node=\"\">Kontaktieren Sie uns f\u00fcr ein Angebot - Ihr zuverl\u00e4ssiger Lieferant f\u00fcr Verpackungsbeutel f\u00fcr Meeresfr\u00fcchte!<\/strong><\/p>\n<h3>Vorteile des Lieferanten von Verpackungsbeuteln f\u00fcr Meeresfr\u00fcchte und Fisch<\/h3>\n<ul>\n<li>Kundenspezifisches Design: Wir bieten kundenspezifische Verpackungsdienstleistungen an, einschlie\u00dflich der Anpassung von Material, Gr\u00f6\u00dfe und Druckmuster an die Bed\u00fcrfnisse des Kunden, und unterst\u00fctzen OEM und ODM.<\/li>\n<li>Herstellung: Mit fortschrittlicher Ausr\u00fcstung und Technologie k\u00f6nnen wir Auftr\u00e4ge effizient und mit hoher Qualit\u00e4t produzieren und p\u00fcnktlich liefern.<\/li>\n<li>Qualit\u00e4tskontrolle: Die Produktion erfolgt unter strenger Einhaltung der Qualit\u00e4tsnormen und der Anforderungen an die Lebensmittelsicherheit, um sicherzustellen, dass die Produkte den Normen entsprechen.<\/li>\n<li>Kundenbetreuung: Schneller und durchdachter Kundendienst 24 Stunden am Tag.<\/li>\n<li>Kostenlose Probe: Bieten Sie einen kostenlosen Musterservice an, damit Sie das Produkt bewerten k\u00f6nnen.<\/li>\n<\/ul>\n<p><strong>Huiyang Verpackung<\/strong> hat es sich zur Aufgabe gemacht, seinen Kunden qualitativ hochwertige, ma\u00dfgeschneiderte Verpackungsbeutel f\u00fcr Fisch und Meeresfr\u00fcchte zu liefern, um ihnen zu helfen, ihr Produktimage zu verbessern und ihre Wettbewerbsf\u00e4higkeit auf dem Markt zu steigern.<\/p>","protected":false},"featured_media":6938,"comment_status":"open","ping_status":"closed","template":"","meta":[],"product_brand":[],"product_cat":[60],"product_tag":[123],"class_list":{"0":"post-6954","1":"product","2":"type-product","3":"status-publish","4":"has-post-thumbnail","6":"product_cat-custom-frozen-food-packaging","7":"product_tag-three-side-seal-pouch-manufacturer","9":"first","10":"instock","11":"shipping-taxable","12":"product-type-simple"},"_links":{"self":[{"href":"https:\/\/www.hyflexpack.com\/de\/wp-json\/wp\/v2\/product\/6954","targetHints":{"allow":["GET"]}}],"collection":[{"href":"https:\/\/www.hyflexpack.com\/de\/wp-json\/wp\/v2\/product"}],"about":[{"href":"https:\/\/www.hyflexpack.com\/de\/wp-json\/wp\/v2\/types\/product"}],"replies":[{"embeddable":true,"href":"https:\/\/www.hyflexpack.com\/de\/wp-json\/wp\/v2\/comments?post=6954"}],"wp:featuredmedia":[{"embeddable":true,"href":"https:\/\/www.hyflexpack.com\/de\/wp-json\/wp\/v2\/media\/6938"}],"wp:attachment":[{"href":"https:\/\/www.hyflexpack.com\/de\/wp-json\/wp\/v2\/media?parent=6954"}],"wp:term":[{"taxonomy":"product_brand","embeddable":true,"href":"https:\/\/www.hyflexpack.com\/de\/wp-json\/wp\/v2\/product_brand?post=6954"},{"taxonomy":"product_cat","embeddable":true,"href":"https:\/\/www.hyflexpack.com\/de\/wp-json\/wp\/v2\/product_cat?post=6954"},{"taxonomy":"product_tag","embeddable":true,"href":"https:\/\/www.hyflexpack.com\/de\/wp-json\/wp\/v2\/product_tag?post=6954"}],"curies":[{"name":"wp","href":"https:\/\/api.w.org\/{rel}","templated":true}]}}