{"id":6950,"date":"2025-05-27T06:57:19","date_gmt":"2025-05-27T06:57:19","guid":{"rendered":"https:\/\/www.hyflexpack.com\/?post_type=product&#038;p=6950"},"modified":"2026-01-07T08:43:35","modified_gmt":"2026-01-07T08:43:35","slug":"oem-frozen-food-pouches-factory","status":"publish","type":"product","link":"https:\/\/www.hyflexpack.com\/de\/product\/oem-frozen-food-pouches-factory\/","title":{"rendered":"OEM Tiefk\u00fchlkost Beutel Fabrik, Kunststoff recycelt Stand Up Pouch mit Rei\u00dfverschluss"},"content":{"rendered":"<div class=\"wp-block-columns is-layout-flex wp-container-core-columns-is-layout-9d6595d7 wp-block-columns-is-layout-flex\">\n<div class=\"wp-block-column is-layout-flow wp-block-column-is-layout-flow\">\n<h2 class=\"wp-block-heading\">Merkmale von OEM-Tiefk\u00fchlkostbeuteln<\/h2>\n\n\n\n<ul class=\"wp-block-list\">\n<li>Unsere OEM- und ODM-Kunststoffbeutel f\u00fcr Tiefk\u00fchlkost sind aus lebensmittelechtem, recyceltem Kunststoff hergestellt.<\/li>\n\n\n\n<li>Das selbsttragende Rei\u00dfverschlussdesign spart Lager- und Regalplatz und ist ein echter Blickfang in der Auslage. Versiegelter Rei\u00dfverschluss: feuchtigkeitsbest\u00e4ndig und auslaufsicher, bewahrt die Frische f\u00fcr eine lange Zeit, unterst\u00fctzt wiederholtes \u00d6ffnen und Schlie\u00dfen und verl\u00e4ngert die Haltbarkeit von Lebensmitteln.<\/li>\n\n\n\n<li>OEM\/ODM-Anpassung zur Erf\u00fcllung individueller Anforderungen. Sie kann an eine Vielzahl von Tiefk\u00fchlprodukten (wie Klebreis, Eiscreme, Fertiggerichte) angepasst werden und flexibel auf Marktver\u00e4nderungen reagieren.<\/li>\n\n\n\n<li>Professionelle Gefrierleistung, -30\u2103 niedrige Temperaturbest\u00e4ndigkeit: das Material ist flexibel und frostbest\u00e4ndig, ohne spr\u00f6de Rissbildung oder Verformung. Hohe Barriereeigenschaft: isoliert Wasserdampf und Sauerstoff, um sicherzustellen, dass der Geschmack und die N\u00e4hrstoffe der Lebensmittel nicht verloren gehen.<\/li>\n\n\n\n<li>Hohe Kosteneffizienz und Zertifizierungsgarantie, Direktlieferung ab Werk: Reduzierung der Zwischenkosten und erhebliche Preisvorteile. Es entspricht den FDA\/BRC-Normen f\u00fcr Lebensmittelqualit\u00e4t, ist sicher und zuverl\u00e4ssig und hat auf dem globalen Markt nichts zu bef\u00fcrchten.<\/li>\n<\/ul>\n<\/div>\n\n\n\n<div class=\"wp-block-column is-layout-flow wp-block-column-is-layout-flow\">\n<figure class=\"wp-block-image size-full\"><img fetchpriority=\"high\" decoding=\"async\" width=\"750\" height=\"750\" src=\"https:\/\/www.hyflexpack.com\/wp-content\/uploads\/2025\/05\/OEM-ODM-Plastic-Frozen-Food-Pouch-1.jpg\" alt=\"OEM-Tiefk\u00fchlkost-Beutel Fabrik\" class=\"wp-image-6946\" srcset=\"https:\/\/www.hyflexpack.com\/wp-content\/uploads\/2025\/05\/OEM-ODM-Plastic-Frozen-Food-Pouch-1.jpg 750w, https:\/\/www.hyflexpack.com\/wp-content\/uploads\/2025\/05\/OEM-ODM-Plastic-Frozen-Food-Pouch-1-300x300.jpg 300w, https:\/\/www.hyflexpack.com\/wp-content\/uploads\/2025\/05\/OEM-ODM-Plastic-Frozen-Food-Pouch-1-150x150.jpg 150w, https:\/\/www.hyflexpack.com\/wp-content\/uploads\/2025\/05\/OEM-ODM-Plastic-Frozen-Food-Pouch-1-12x12.jpg 12w, https:\/\/www.hyflexpack.com\/wp-content\/uploads\/2025\/05\/OEM-ODM-Plastic-Frozen-Food-Pouch-1-285x285.jpg 285w, https:\/\/www.hyflexpack.com\/wp-content\/uploads\/2025\/05\/OEM-ODM-Plastic-Frozen-Food-Pouch-1-270x270.jpg 270w, https:\/\/www.hyflexpack.com\/wp-content\/uploads\/2025\/05\/OEM-ODM-Plastic-Frozen-Food-Pouch-1-540x540.jpg 540w, https:\/\/www.hyflexpack.com\/wp-content\/uploads\/2025\/05\/OEM-ODM-Plastic-Frozen-Food-Pouch-1-660x660.jpg 660w\" sizes=\"(max-width: 750px) 100vw, 750px\" \/><\/figure>\n<\/div>\n<\/div>\n\n\n\n<p><\/p>","protected":false},"excerpt":{"rendered":"<p>Wir sind ein erfahrener Hersteller von OEM-Tiefk\u00fchlbeuteln und bieten lebensmittelechte Tiefk\u00fchlbeutel-L\u00f6sungen mit Unterst\u00fctzung f\u00fcr kundenspezifische Anpassungen. Wir sind auch ein professioneller Anbieter von umweltfreundlichen recycelbaren Standbodenbeuteln, die weithin in Tiefk\u00fchlkost, Tiefk\u00fchlgem\u00fcse, Wasserprodukten und so weiter verwendet werden. Wir unterst\u00fctzen OEM\/ODM mit stabiler Lieferung, wir laden Sie ein, ein Angebot und Muster zu erhalten!<\/p>\n<h3>Vorteile von OEM-Tiefk\u00fchlkostbeuteln als Lieferant<\/h3>\n<ul>\n<li><strong>Kundenspezifisches Design<\/strong>: Wir bieten personalisierte Designl\u00f6sungen f\u00fcr verschiedene Spezifikationen, Gr\u00f6\u00dfen und Druckanforderungen mit bis zu 10 Farben je nach Kundenwunsch und unterst\u00fctzen OEM- und ODM-Anpassungen.<\/li>\n<li><strong>Qualit\u00e4tssicherung<\/strong>: Strenge Kontrolle des Produktionsprozesses, Verwendung von hochwertigen Rohstoffen und fortschrittlichen Produktionsanlagen, um eine stabile und zuverl\u00e4ssige Produktqualit\u00e4t zu gew\u00e4hrleisten.<\/li>\n<li><strong>Professionelle technische Unterst\u00fctzung<\/strong>: Mit einem erfahrenen technischen Team bieten wir professionellen technischen Support und Kundendienst, um sicherzustellen, dass die Bed\u00fcrfnisse der Kunden umgehend erf\u00fcllt und gel\u00f6st werden.<\/li>\n<li><strong>Kostenlose Probe<\/strong>: Wir bieten Ihnen einen kostenlosen Musterservice an, damit Sie die Produkte bewerten k\u00f6nnen.<\/li>\n<\/ul>\n<p><strong>Huiyang Verpackung<\/strong> hat es sich zur Aufgabe gemacht, qualitativ hochwertige, ma\u00dfgeschneiderte Tiefk\u00fchlbeutel anzubieten, die das Produktimage verbessern und die Wettbewerbsf\u00e4higkeit unserer Kunden auf dem Markt steigern.<\/p>\n<p>&nbsp;<\/p>","protected":false},"featured_media":6946,"comment_status":"open","ping_status":"closed","template":"","meta":[],"product_brand":[],"product_cat":[60],"product_tag":[116,124],"class_list":{"0":"post-6950","1":"product","2":"type-product","3":"status-publish","4":"has-post-thumbnail","6":"product_cat-custom-frozen-food-packaging","7":"product_tag-stand-up-pouch-manufacturer","8":"product_tag-zipper-pouch-manufacturer","10":"first","11":"instock","12":"shipping-taxable","13":"product-type-simple"},"_links":{"self":[{"href":"https:\/\/www.hyflexpack.com\/de\/wp-json\/wp\/v2\/product\/6950","targetHints":{"allow":["GET"]}}],"collection":[{"href":"https:\/\/www.hyflexpack.com\/de\/wp-json\/wp\/v2\/product"}],"about":[{"href":"https:\/\/www.hyflexpack.com\/de\/wp-json\/wp\/v2\/types\/product"}],"replies":[{"embeddable":true,"href":"https:\/\/www.hyflexpack.com\/de\/wp-json\/wp\/v2\/comments?post=6950"}],"wp:featuredmedia":[{"embeddable":true,"href":"https:\/\/www.hyflexpack.com\/de\/wp-json\/wp\/v2\/media\/6946"}],"wp:attachment":[{"href":"https:\/\/www.hyflexpack.com\/de\/wp-json\/wp\/v2\/media?parent=6950"}],"wp:term":[{"taxonomy":"product_brand","embeddable":true,"href":"https:\/\/www.hyflexpack.com\/de\/wp-json\/wp\/v2\/product_brand?post=6950"},{"taxonomy":"product_cat","embeddable":true,"href":"https:\/\/www.hyflexpack.com\/de\/wp-json\/wp\/v2\/product_cat?post=6950"},{"taxonomy":"product_tag","embeddable":true,"href":"https:\/\/www.hyflexpack.com\/de\/wp-json\/wp\/v2\/product_tag?post=6950"}],"curies":[{"name":"wp","href":"https:\/\/api.w.org\/{rel}","templated":true}]}}