{"id":6807,"date":"2025-05-12T01:24:13","date_gmt":"2025-05-12T01:24:13","guid":{"rendered":"https:\/\/www.hyflexpack.com\/?post_type=product&#038;p=6807"},"modified":"2026-01-07T08:58:48","modified_gmt":"2026-01-07T08:58:48","slug":"oem-rotisserie-chicken-bags","status":"publish","type":"product","link":"https:\/\/www.hyflexpack.com\/de\/product\/oem-rotisserie-chicken-bags\/","title":{"rendered":"OEM Rotisserie Huhn Taschen Lieferant, laminiert Beutel mit Branding f\u00fcr Brath\u00e4hnchen Anbieter"},"content":{"rendered":"<div class=\"wp-block-columns is-layout-flex wp-container-core-columns-is-layout-9d6595d7 wp-block-columns-is-layout-flex\">\n<div class=\"wp-block-column is-layout-flow wp-block-column-is-layout-flow\">\n<h2 class=\"wp-block-heading\">Produktmerkmale von OEM-Beuteln f\u00fcr Brath\u00e4hnchen<\/h2>\n\n\n\n<p><\/p>\n\n\n\n<ul class=\"wp-block-list\">\n<li><strong>OEM-Dienst<\/strong>: Wir gehen auf Ihre Marken- und Produktspezifikationen ein, indem wir als einer der vertrauensw\u00fcrdigen Hersteller von laminierten Beuteln kundenspezifische H\u00e4hnchent\u00fcten zusammen mit vollst\u00e4ndiger OEM-Unterst\u00fctzung anbieten.<\/li>\n\n\n\n<li><strong>Material und Langlebigkeit:<\/strong> Diese ma\u00dfgefertigten H\u00e4hnchent\u00fcten werden aus den hochwertigsten laminierten Materialien hergestellt, die eine au\u00dfergew\u00f6hnliche Festigkeit, Hitzebest\u00e4ndigkeit und Langlebigkeit bieten, was f\u00fcr die Aufbewahrung von hei\u00dfen, frischen und aromatischen H\u00e4hnchen notwendig ist.<\/li>\n\n\n\n<li><strong>Funktionaler Schutz<\/strong>: Unsere Beutel f\u00fcr Grillh\u00e4hnchen bewahren Frische und Geschmack und verhindern biologische oder physische Sch\u00e4den w\u00e4hrend des Transports und der Auslage.<\/li>\n\n\n\n<li><strong>Verbraucherfreundlichkeit<\/strong>: Diese Griffe oder wiederverschlie\u00dfbaren Beutel sind leicht und einfach zu tragen und bieten ein hervorragendes Erlebnis bei der Abholung von Take-away-Bestellungen.<\/li>\n\n\n\n<li><strong>Branding bereit<\/strong>: Als einer der f\u00fchrenden Gro\u00dfh\u00e4ndler von Markenlaminatbeuteln helfen wir Ihnen, Ihren Wiedererkennungswert und Ihre Regalpr\u00e4senz zu st\u00e4rken, indem wir die Integration Ihres Logos und einen hochwertigen Druck unterst\u00fctzen.<\/li>\n<\/ul>\n<\/div>\n\n\n\n<div class=\"wp-block-column is-layout-flow wp-block-column-is-layout-flow\">\n<figure class=\"wp-block-image size-full\"><img fetchpriority=\"high\" decoding=\"async\" width=\"750\" height=\"750\" src=\"https:\/\/www.hyflexpack.com\/wp-content\/uploads\/2025\/04\/OEM-Plastic-Chicken-Packaging-Bags-1.webp\" alt=\"OEM Rotisserie Huhn Taschen Hersteller\" class=\"wp-image-6799\" srcset=\"https:\/\/www.hyflexpack.com\/wp-content\/uploads\/2025\/04\/OEM-Plastic-Chicken-Packaging-Bags-1.webp 750w, https:\/\/www.hyflexpack.com\/wp-content\/uploads\/2025\/04\/OEM-Plastic-Chicken-Packaging-Bags-1-300x300.webp 300w, https:\/\/www.hyflexpack.com\/wp-content\/uploads\/2025\/04\/OEM-Plastic-Chicken-Packaging-Bags-1-150x150.webp 150w, https:\/\/www.hyflexpack.com\/wp-content\/uploads\/2025\/04\/OEM-Plastic-Chicken-Packaging-Bags-1-12x12.webp 12w, https:\/\/www.hyflexpack.com\/wp-content\/uploads\/2025\/04\/OEM-Plastic-Chicken-Packaging-Bags-1-285x285.webp 285w, https:\/\/www.hyflexpack.com\/wp-content\/uploads\/2025\/04\/OEM-Plastic-Chicken-Packaging-Bags-1-270x270.webp 270w, https:\/\/www.hyflexpack.com\/wp-content\/uploads\/2025\/04\/OEM-Plastic-Chicken-Packaging-Bags-1-540x540.webp 540w, https:\/\/www.hyflexpack.com\/wp-content\/uploads\/2025\/04\/OEM-Plastic-Chicken-Packaging-Bags-1-660x660.webp 660w\" sizes=\"(max-width: 750px) 100vw, 750px\" \/><\/figure>\n<\/div>\n<\/div>\n\n\n\n<div class=\"wp-block-columns is-layout-flex wp-container-core-columns-is-layout-9d6595d7 wp-block-columns-is-layout-flex\">\n<div class=\"wp-block-column is-layout-flow wp-block-column-is-layout-flow\">\n<figure class=\"wp-block-image size-full\"><img decoding=\"async\" width=\"750\" height=\"750\" src=\"https:\/\/www.hyflexpack.com\/wp-content\/uploads\/2025\/04\/OEM-Plastic-Chicken-Packaging-Bags-2.webp\" alt=\"OEM Rotisserie Huhn Taschen f\u00fcr Verk\u00e4ufe\" class=\"wp-image-6800\" srcset=\"https:\/\/www.hyflexpack.com\/wp-content\/uploads\/2025\/04\/OEM-Plastic-Chicken-Packaging-Bags-2.webp 750w, https:\/\/www.hyflexpack.com\/wp-content\/uploads\/2025\/04\/OEM-Plastic-Chicken-Packaging-Bags-2-300x300.webp 300w, https:\/\/www.hyflexpack.com\/wp-content\/uploads\/2025\/04\/OEM-Plastic-Chicken-Packaging-Bags-2-150x150.webp 150w, https:\/\/www.hyflexpack.com\/wp-content\/uploads\/2025\/04\/OEM-Plastic-Chicken-Packaging-Bags-2-12x12.webp 12w, https:\/\/www.hyflexpack.com\/wp-content\/uploads\/2025\/04\/OEM-Plastic-Chicken-Packaging-Bags-2-285x285.webp 285w, https:\/\/www.hyflexpack.com\/wp-content\/uploads\/2025\/04\/OEM-Plastic-Chicken-Packaging-Bags-2-270x270.webp 270w, https:\/\/www.hyflexpack.com\/wp-content\/uploads\/2025\/04\/OEM-Plastic-Chicken-Packaging-Bags-2-540x540.webp 540w, https:\/\/www.hyflexpack.com\/wp-content\/uploads\/2025\/04\/OEM-Plastic-Chicken-Packaging-Bags-2-660x660.webp 660w\" sizes=\"(max-width: 750px) 100vw, 750px\" \/><\/figure>\n<\/div>\n\n\n\n<div class=\"wp-block-column is-layout-flow wp-block-column-is-layout-flow\">\n<figure class=\"wp-block-image size-full\"><img decoding=\"async\" width=\"750\" height=\"750\" src=\"https:\/\/www.hyflexpack.com\/wp-content\/uploads\/2025\/04\/OEM-Plastic-Chicken-Packaging-Bags-4.webp\" alt=\"OEM Rotisserie Huhn Taschen mit Griff Hersteller-1\" class=\"wp-image-6802\" srcset=\"https:\/\/www.hyflexpack.com\/wp-content\/uploads\/2025\/04\/OEM-Plastic-Chicken-Packaging-Bags-4.webp 750w, https:\/\/www.hyflexpack.com\/wp-content\/uploads\/2025\/04\/OEM-Plastic-Chicken-Packaging-Bags-4-300x300.webp 300w, https:\/\/www.hyflexpack.com\/wp-content\/uploads\/2025\/04\/OEM-Plastic-Chicken-Packaging-Bags-4-150x150.webp 150w, https:\/\/www.hyflexpack.com\/wp-content\/uploads\/2025\/04\/OEM-Plastic-Chicken-Packaging-Bags-4-12x12.webp 12w, https:\/\/www.hyflexpack.com\/wp-content\/uploads\/2025\/04\/OEM-Plastic-Chicken-Packaging-Bags-4-285x285.webp 285w, https:\/\/www.hyflexpack.com\/wp-content\/uploads\/2025\/04\/OEM-Plastic-Chicken-Packaging-Bags-4-270x270.webp 270w, https:\/\/www.hyflexpack.com\/wp-content\/uploads\/2025\/04\/OEM-Plastic-Chicken-Packaging-Bags-4-540x540.webp 540w, https:\/\/www.hyflexpack.com\/wp-content\/uploads\/2025\/04\/OEM-Plastic-Chicken-Packaging-Bags-4-660x660.webp 660w\" sizes=\"(max-width: 750px) 100vw, 750px\" \/><\/figure>\n<\/div>\n<\/div>","protected":false},"excerpt":{"rendered":"<p>Die ma\u00dfgeschneiderten H\u00e4hnchent\u00fcten, die unter Ihrem Markennamen angeboten werden, sind als hochwertige laminierte Beutel konzipiert. Wir bieten sie als Teil unserer OEM-Dienstleistungen an. Als einer der vertrauensw\u00fcrdigen Hersteller von Laminatbeuteln entwickeln wir L\u00f6sungen, die Ihr Brath\u00e4hnchen nicht nur vor bakterieller Verunreinigung und Besch\u00e4digung sch\u00fctzen, sondern auch Ihr Markenimage und die Attraktivit\u00e4t der Regale verbessern. Wenden Sie sich noch heute an uns, um ein Angebot anzufordern. Wir sind bestrebt, kompromisslos hochwertige und umweltfreundliche Verpackungsl\u00f6sungen aus einer Hand zu liefern.<\/p>\n<h3>Vorteile von hochwertigen OEM-Plastikverpackungsbeuteln f\u00fcr H\u00fchnerfleisch<\/h3>\n<p><strong>Kundenspezifisches Design<\/strong>: Wir bieten kundenspezifische Verpackungsdienstleistungen an, einschlie\u00dflich der Anpassung von Material, Gr\u00f6\u00dfe und Druckmuster an die Bed\u00fcrfnisse des Kunden, und unterst\u00fctzen OEM und ODM.<\/p>\n<p><strong>Herstellung<\/strong>: Dank fortschrittlicher Ausr\u00fcstung und Technologie sind wir in der Lage, Auftr\u00e4ge effizient und mit hoher Qualit\u00e4t zu produzieren und p\u00fcnktlich zu liefern.<\/p>\n<p><strong>Qualit\u00e4tskontrolle<\/strong>: Die Produktion erfolgt unter strikter Einhaltung der Qualit\u00e4tsstandards und der Anforderungen an die Lebensmittelsicherheit, um sicherzustellen, dass die Produkte den Standards entsprechen.<\/p>\n<p><strong>Kundenbetreuung<\/strong>: Schnelle Reaktion und aufmerksamer Kundendienst 24 Stunden am Tag.<\/p>\n<p><strong>Kostenlose Probe<\/strong>: Wir bieten Ihnen einen kostenlosen Musterservice, damit Sie das Produkt bewerten k\u00f6nnen.<\/p>\n<p>Huiyang Packaging ist bestrebt, seinen Kunden hochwertige Produkte zu liefern. <a href=\"https:\/\/www.hyflexpack.com\/de\/produkt-kategorie\/custom-food-packaging-bags\/roast-chicken-packaging-bag\/\"><strong>OEM-Plastik-Huhn-Verpackungst\u00fcten<\/strong><\/a>, Sie helfen den Kunden, ihr Produktimage zu verbessern und ihre Wettbewerbsf\u00e4higkeit auf dem Markt zu steigern.<\/p>","protected":false},"featured_media":6799,"comment_status":"open","ping_status":"closed","template":"","meta":[],"product_brand":[],"product_cat":[88],"product_tag":[116,124],"class_list":{"0":"post-6807","1":"product","2":"type-product","3":"status-publish","4":"has-post-thumbnail","6":"product_cat-roast-chicken-packaging-bag","7":"product_tag-stand-up-pouch-manufacturer","8":"product_tag-zipper-pouch-manufacturer","10":"first","11":"instock","12":"shipping-taxable","13":"product-type-simple"},"_links":{"self":[{"href":"https:\/\/www.hyflexpack.com\/de\/wp-json\/wp\/v2\/product\/6807","targetHints":{"allow":["GET"]}}],"collection":[{"href":"https:\/\/www.hyflexpack.com\/de\/wp-json\/wp\/v2\/product"}],"about":[{"href":"https:\/\/www.hyflexpack.com\/de\/wp-json\/wp\/v2\/types\/product"}],"replies":[{"embeddable":true,"href":"https:\/\/www.hyflexpack.com\/de\/wp-json\/wp\/v2\/comments?post=6807"}],"wp:featuredmedia":[{"embeddable":true,"href":"https:\/\/www.hyflexpack.com\/de\/wp-json\/wp\/v2\/media\/6799"}],"wp:attachment":[{"href":"https:\/\/www.hyflexpack.com\/de\/wp-json\/wp\/v2\/media?parent=6807"}],"wp:term":[{"taxonomy":"product_brand","embeddable":true,"href":"https:\/\/www.hyflexpack.com\/de\/wp-json\/wp\/v2\/product_brand?post=6807"},{"taxonomy":"product_cat","embeddable":true,"href":"https:\/\/www.hyflexpack.com\/de\/wp-json\/wp\/v2\/product_cat?post=6807"},{"taxonomy":"product_tag","embeddable":true,"href":"https:\/\/www.hyflexpack.com\/de\/wp-json\/wp\/v2\/product_tag?post=6807"}],"curies":[{"name":"wp","href":"https:\/\/api.w.org\/{rel}","templated":true}]}}