{"id":6722,"date":"2025-06-06T01:51:36","date_gmt":"2025-06-06T01:51:36","guid":{"rendered":"https:\/\/www.hyflexpack.com\/?post_type=product&#038;p=6722"},"modified":"2026-01-07T08:21:30","modified_gmt":"2026-01-07T08:21:30","slug":"oem-food-pouch-for-dried-mulberry","status":"publish","type":"product","link":"https:\/\/www.hyflexpack.com\/de\/product\/oem-food-pouch-for-dried-mulberry\/","title":{"rendered":"OEM Kunststoff Lebensmittelbeutel f\u00fcr getrocknete Maulbeere, laminiert recycelt Stand Up Pouch mit Rei\u00dfverschluss"},"content":{"rendered":"<div class=\"wp-block-columns is-layout-flex wp-container-core-columns-is-layout-9d6595d7 wp-block-columns-is-layout-flex\">\n<div class=\"wp-block-column is-layout-flow wp-block-column-is-layout-flow\">\n<h2 class=\"wp-block-heading\">Merkmale der OEM-Kunststoff-Lebensmittel-Beutel f\u00fcr getrocknete Maulbeere<\/h2>\n\n\n\n<ul class=\"wp-block-list\">\n<li>Zusammengesetzte Struktur: Das mehrschichtige Verbundverfahren wird angewandt, um dem Verpackungsbeutel gute Barriereeigenschaften zu verleihen, die Sauerstoff, Feuchtigkeit, Geruch usw. effektiv blockieren, die Haltbarkeit der getrockneten Maulbeeren verl\u00e4ngern und sie trocken und frisch halten k\u00f6nnen.<\/li>\n\n\n\n<li>Wiederverwertbare Materialien: Reagieren Sie aktiv auf das Konzept des Umweltschutzes, verwenden Sie recycelbare Materialien zur Herstellung von Verpackungsbeuteln und reduzieren Sie die Auswirkungen auf die Umwelt.<\/li>\n\n\n\n<li>Selbstst\u00e4ndig: Die einzigartige selbststehende Struktur erm\u00f6glicht es, dass der Verpackungsbeutel aufrecht steht, wenn er platziert wird, was die Aufmerksamkeit der Verbraucher auf sich zieht, und spart gleichzeitig Lagerplatz, was es den H\u00e4ndlern erleichtert, ihre Waren auszustellen und zu verwalten.<\/li>\n\n\n\n<li>Verschluss mit Rei\u00dfverschluss: Ausgestattet mit einem Rei\u00dfverschluss-Design, ist es bequem f\u00fcr die Verbraucher zu \u00f6ffnen und schlie\u00dfen Sie die Verpackung Tasche mehrere Male, um sicherzustellen, dass nach jeder Verwendung von getrockneten Maulbeeren, die restlichen Produkte in der Tasche kann immer noch gut versiegelt und bewahrt werden, um Feuchtigkeit und Verschlechterung zu verhindern.<\/li>\n<\/ul>\n<\/div>\n\n\n\n<div class=\"wp-block-column is-layout-flow wp-block-column-is-layout-flow\">\n<figure class=\"wp-block-image size-full\"><img fetchpriority=\"high\" decoding=\"async\" width=\"750\" height=\"750\" src=\"https:\/\/www.hyflexpack.com\/wp-content\/uploads\/2025\/04\/OEM-Plastic-Food-Pouch-for-Dried-Mulberry1.webp\" alt=\"OEM Kunststoffbeutel f\u00fcr getrocknete Maulbeeren\" class=\"wp-image-6708\" srcset=\"https:\/\/www.hyflexpack.com\/wp-content\/uploads\/2025\/04\/OEM-Plastic-Food-Pouch-for-Dried-Mulberry1.webp 750w, https:\/\/www.hyflexpack.com\/wp-content\/uploads\/2025\/04\/OEM-Plastic-Food-Pouch-for-Dried-Mulberry1-300x300.webp 300w, https:\/\/www.hyflexpack.com\/wp-content\/uploads\/2025\/04\/OEM-Plastic-Food-Pouch-for-Dried-Mulberry1-150x150.webp 150w, https:\/\/www.hyflexpack.com\/wp-content\/uploads\/2025\/04\/OEM-Plastic-Food-Pouch-for-Dried-Mulberry1-12x12.webp 12w, https:\/\/www.hyflexpack.com\/wp-content\/uploads\/2025\/04\/OEM-Plastic-Food-Pouch-for-Dried-Mulberry1-285x285.webp 285w, https:\/\/www.hyflexpack.com\/wp-content\/uploads\/2025\/04\/OEM-Plastic-Food-Pouch-for-Dried-Mulberry1-270x270.webp 270w, https:\/\/www.hyflexpack.com\/wp-content\/uploads\/2025\/04\/OEM-Plastic-Food-Pouch-for-Dried-Mulberry1-540x540.webp 540w, https:\/\/www.hyflexpack.com\/wp-content\/uploads\/2025\/04\/OEM-Plastic-Food-Pouch-for-Dried-Mulberry1-660x660.webp 660w\" sizes=\"(max-width: 750px) 100vw, 750px\" \/><\/figure>\n<\/div>\n<\/div>\n\n\n\n<p><\/p>","protected":false},"excerpt":{"rendered":"<p>Dies ist ein kundenspezifischer Verpackungsbeutel f\u00fcr Trockenfr\u00fcchte aus Kunststoff. Es handelt sich um einen flexiblen Standbeutel f\u00fcr Lebensmittel mit einem Rei\u00dfverschluss. Er ist f\u00fcr die Aufbewahrung von Trockenfr\u00fcchten gedacht. Die Tasche besteht aus Kunststoff, was sie stark und leicht macht. Das selbststehende Design ist praktisch f\u00fcr die Pr\u00e4sentation und Lagerung. Der Rei\u00dfverschluss erm\u00f6glicht ein bequemes \u00d6ffnen und Schlie\u00dfen des Beutels und h\u00e4lt die Trockenfr\u00fcchte frisch. Die T\u00fcte kann nach den W\u00fcnschen des Kunden gestaltet werden, z. B. mit einem Logo oder Design. Kontaktieren Sie uns noch heute f\u00fcr ein Angebot. Wir verpflichten uns, umweltfreundliche und hochwertige Verpackungsl\u00f6sungen aus einer Hand anzubieten.<\/p>\n<h3>Vorteile von hochwertigen kundenspezifischen Plastikbeuteln f\u00fcr getrocknete Fr\u00fcchte<\/h3>\n<ul>\n<li>Kundenspezifisches Design: Wir bieten kundenspezifische Verpackungsdienstleistungen an, einschlie\u00dflich der Anpassung von Material, Gr\u00f6\u00dfe und Druckmuster an die Bed\u00fcrfnisse des Kunden, und unterst\u00fctzen OEM und ODM.<\/li>\n<li>Herstellung: Mit fortschrittlicher Ausr\u00fcstung und Technologie k\u00f6nnen wir Auftr\u00e4ge effizient und mit hoher Qualit\u00e4t produzieren und p\u00fcnktlich liefern.<\/li>\n<li>Qualit\u00e4tskontrolle: Die Produktion erfolgt unter strenger Einhaltung der Qualit\u00e4tsnormen und der Anforderungen an die Lebensmittelsicherheit, um sicherzustellen, dass die Produkte den Normen entsprechen.<\/li>\n<li>Kundenbetreuung: Schneller und durchdachter Kundendienst 24 Stunden am Tag.<\/li>\n<li>Kostenlose Probe: Bieten Sie einen kostenlosen Musterservice an, damit Sie das Produkt bewerten k\u00f6nnen.<\/li>\n<\/ul>\n<p>Huiyang Packaging ist bestrebt, seinen Kunden qualitativ hochwertige, kundenspezifische Plastikbeutel f\u00fcr Trockenfr\u00fcchte zu liefern und ihnen dabei zu helfen, ihr Produktimage zu verbessern und ihre Wettbewerbsf\u00e4higkeit auf dem Markt zu steigern.<\/p>","protected":false},"featured_media":6708,"comment_status":"open","ping_status":"closed","template":"","meta":[],"product_brand":[],"product_cat":[87],"product_tag":[116,124],"class_list":{"0":"post-6722","1":"product","2":"type-product","3":"status-publish","4":"has-post-thumbnail","6":"product_cat-dried-fruit-packaging-bags-wholesale","7":"product_tag-stand-up-pouch-manufacturer","8":"product_tag-zipper-pouch-manufacturer","10":"first","11":"instock","12":"shipping-taxable","13":"product-type-simple"},"_links":{"self":[{"href":"https:\/\/www.hyflexpack.com\/de\/wp-json\/wp\/v2\/product\/6722","targetHints":{"allow":["GET"]}}],"collection":[{"href":"https:\/\/www.hyflexpack.com\/de\/wp-json\/wp\/v2\/product"}],"about":[{"href":"https:\/\/www.hyflexpack.com\/de\/wp-json\/wp\/v2\/types\/product"}],"replies":[{"embeddable":true,"href":"https:\/\/www.hyflexpack.com\/de\/wp-json\/wp\/v2\/comments?post=6722"}],"wp:featuredmedia":[{"embeddable":true,"href":"https:\/\/www.hyflexpack.com\/de\/wp-json\/wp\/v2\/media\/6708"}],"wp:attachment":[{"href":"https:\/\/www.hyflexpack.com\/de\/wp-json\/wp\/v2\/media?parent=6722"}],"wp:term":[{"taxonomy":"product_brand","embeddable":true,"href":"https:\/\/www.hyflexpack.com\/de\/wp-json\/wp\/v2\/product_brand?post=6722"},{"taxonomy":"product_cat","embeddable":true,"href":"https:\/\/www.hyflexpack.com\/de\/wp-json\/wp\/v2\/product_cat?post=6722"},{"taxonomy":"product_tag","embeddable":true,"href":"https:\/\/www.hyflexpack.com\/de\/wp-json\/wp\/v2\/product_tag?post=6722"}],"curies":[{"name":"wp","href":"https:\/\/api.w.org\/{rel}","templated":true}]}}