{"id":6565,"date":"2025-04-09T19:11:27","date_gmt":"2025-04-09T19:11:27","guid":{"rendered":"https:\/\/www.hyflexpack.com\/?post_type=product&#038;p=6565"},"modified":"2025-04-09T19:11:30","modified_gmt":"2025-04-09T19:11:30","slug":"custom-halloween-chip-bags","status":"publish","type":"product","link":"https:\/\/www.hyflexpack.com\/de\/product\/custom-halloween-chip-bags\/","title":{"rendered":"Benutzerdefinierte Halloween-Chip-Taschen Kunststoff-Aluminium-Folie Mini Sachet Bag"},"content":{"rendered":"<div class=\"wp-block-columns is-layout-flex wp-container-core-columns-is-layout-9d6595d7 wp-block-columns-is-layout-flex\">\n<div class=\"wp-block-column is-layout-flow wp-block-column-is-layout-flow\">\n<h2 class=\"wp-block-heading\">Merkmale der individuellen Halloween-Chip-T\u00fcten<\/h2>\n\n\n\n<ul class=\"wp-block-list\">\n<li>Unsere benutzerdefinierten Halloween-Chip-Beutel verwenden eine mehrschichtige Verbundstruktur aus Kunststoff und Aluminiumfolie, um ausgezeichnete feuchtigkeits- und sauerstoffdichte Eigenschaften zu bieten, die Snacks frisch und knusprig halten. 2. Klassische Halloween-Elemente wie K\u00fcrbisse, Geister, Flederm\u00e4use, etc. k\u00f6nnen gedruckt werden, unterst\u00fctzt Vollfarb-High-Definition-Druck, mit hervorragenden visuellen Effekten. 3. Die Hei\u00dfsiegeltechnologie versiegelt fest, um das Austreten von Luft und Feuchtigkeit zu verhindern und die Sicherheit beim Transport zu gew\u00e4hrleisten. 4. Verschiedene Gr\u00f6\u00dfen k\u00f6nnen angepasst werden, und eine Vielzahl von Dicke Optionen unterst\u00fctzen Musterdruck Design. 5. Geeignet f\u00fcr alle Arten von Kartoffelchips, gepuffte Lebensmittelverpackungen und Nuss-Snacks.<\/li>\n<\/ul>\n<\/div>\n\n\n\n<div class=\"wp-block-column is-layout-flow wp-block-column-is-layout-flow\">\n<figure class=\"wp-block-image size-full\"><img fetchpriority=\"high\" decoding=\"async\" width=\"750\" height=\"750\" src=\"https:\/\/www.hyflexpack.com\/wp-content\/uploads\/2025\/03\/Custom-Halloween-Chip-Bags-1.webp\" alt=\"Individuelle Halloween-Chip-T\u00fcten\" class=\"wp-image-6538\" srcset=\"https:\/\/www.hyflexpack.com\/wp-content\/uploads\/2025\/03\/Custom-Halloween-Chip-Bags-1.webp 750w, https:\/\/www.hyflexpack.com\/wp-content\/uploads\/2025\/03\/Custom-Halloween-Chip-Bags-1-300x300.webp 300w, https:\/\/www.hyflexpack.com\/wp-content\/uploads\/2025\/03\/Custom-Halloween-Chip-Bags-1-150x150.webp 150w, https:\/\/www.hyflexpack.com\/wp-content\/uploads\/2025\/03\/Custom-Halloween-Chip-Bags-1-12x12.webp 12w, https:\/\/www.hyflexpack.com\/wp-content\/uploads\/2025\/03\/Custom-Halloween-Chip-Bags-1-285x285.webp 285w, https:\/\/www.hyflexpack.com\/wp-content\/uploads\/2025\/03\/Custom-Halloween-Chip-Bags-1-270x270.webp 270w, https:\/\/www.hyflexpack.com\/wp-content\/uploads\/2025\/03\/Custom-Halloween-Chip-Bags-1-540x540.webp 540w, https:\/\/www.hyflexpack.com\/wp-content\/uploads\/2025\/03\/Custom-Halloween-Chip-Bags-1-660x660.webp 660w\" sizes=\"(max-width: 750px) 100vw, 750px\" \/><\/figure>\n<\/div>\n<\/div>","protected":false},"excerpt":{"rendered":"<p>Unsere benutzerdefinierten Halloween-Chip-T\u00fcten sind exklusive Verpackungen, die speziell f\u00fcr Halloween entwickelt wurden. Sie bestehen aus einem Verbundmaterial aus Kunststoff und Aluminiumfolie, das sowohl sch\u00f6n als auch praktisch ist. Die Mini-Verpackung ist praktisch f\u00fcr die Verteilung auf Partys, und die Alufolienschicht verhindert effektiv Feuchtigkeit und schlie\u00dft die Frische ein, so dass die Chips knusprig bleiben. Die Verpackung kann mit Halloween-Motiven (K\u00fcrbisse, Gespenster usw.) vollfarbig bedruckt werden und l\u00e4sst sich in Gr\u00f6\u00dfe und Verschlusstechnik individuell anpassen. Die Verpackung erf\u00fcllt nicht nur die Standards der Lebensmittelsicherheit, sondern bietet auch ein Highlight f\u00fcr das Weihnachtsmarketing von Marken. Es ist eine auff\u00e4llige Wahl f\u00fcr Halloween-Party-Snacks und S\u00fc\u00dfigkeiten-Souvenirs! Kontaktieren Sie uns noch heute f\u00fcr ein Angebot. Wir bieten Ihnen umweltfreundliche und hochwertige Verpackungsl\u00f6sungen aus einer Hand. Vorteile von qualitativ hochwertigen Halloween Chipst\u00fcten \u25cfKundenindividuelles Design: Wir bieten kundenspezifische Verpackungsdienstleistungen an, einschlie\u00dflich Material, Gr\u00f6\u00dfe und Druckmuster, um die Kundenbed\u00fcrfnisse zu erf\u00fcllen, und unterst\u00fctzen OEM und ODM. \u25cfHerstellung: Mit fortschrittlicher Ausr\u00fcstung und Technologie k\u00f6nnen wir die Auftragsproduktion effizient und mit hoher Qualit\u00e4t durchf\u00fchren und p\u00fcnktlich liefern. \u25cfQualit\u00e4tspr\u00fcfung: Die Produktion erfolgt unter strenger Einhaltung von Qualit\u00e4tsstandards und Lebensmittelsicherheitsanforderungen, um sicherzustellen, dass die Produkte den Standards entsprechen. \u25cfKundendienst: Schnelle Reaktion und aufmerksamer Kundendienst 24 Stunden am Tag. \u25cfGratisprobe: Wir bieten Ihnen einen kostenlosen Musterservice, damit Sie das Produkt beurteilen k\u00f6nnen. Huiyang Packaging ist bestrebt, seinen Kunden qualitativ hochwertige, kundenspezifische Halloween-Chip-Beutel zu liefern, um ihnen zu helfen, ihr Produktimage zu verbessern und ihre Wettbewerbsf\u00e4higkeit auf dem Markt zu steigern.<\/p>","protected":false},"featured_media":6538,"comment_status":"open","ping_status":"closed","template":"","meta":[],"product_brand":[],"product_cat":[57],"product_tag":[],"class_list":{"0":"post-6565","1":"product","2":"type-product","3":"status-publish","4":"has-post-thumbnail","6":"product_cat-snack-packaging-bags-wholesale","8":"first","9":"instock","10":"shipping-taxable","11":"product-type-simple"},"_links":{"self":[{"href":"https:\/\/www.hyflexpack.com\/de\/wp-json\/wp\/v2\/product\/6565","targetHints":{"allow":["GET"]}}],"collection":[{"href":"https:\/\/www.hyflexpack.com\/de\/wp-json\/wp\/v2\/product"}],"about":[{"href":"https:\/\/www.hyflexpack.com\/de\/wp-json\/wp\/v2\/types\/product"}],"replies":[{"embeddable":true,"href":"https:\/\/www.hyflexpack.com\/de\/wp-json\/wp\/v2\/comments?post=6565"}],"wp:featuredmedia":[{"embeddable":true,"href":"https:\/\/www.hyflexpack.com\/de\/wp-json\/wp\/v2\/media\/6538"}],"wp:attachment":[{"href":"https:\/\/www.hyflexpack.com\/de\/wp-json\/wp\/v2\/media?parent=6565"}],"wp:term":[{"taxonomy":"product_brand","embeddable":true,"href":"https:\/\/www.hyflexpack.com\/de\/wp-json\/wp\/v2\/product_brand?post=6565"},{"taxonomy":"product_cat","embeddable":true,"href":"https:\/\/www.hyflexpack.com\/de\/wp-json\/wp\/v2\/product_cat?post=6565"},{"taxonomy":"product_tag","embeddable":true,"href":"https:\/\/www.hyflexpack.com\/de\/wp-json\/wp\/v2\/product_tag?post=6565"}],"curies":[{"name":"wp","href":"https:\/\/api.w.org\/{rel}","templated":true}]}}