{"id":6423,"date":"2025-03-14T10:09:17","date_gmt":"2025-03-14T10:09:17","guid":{"rendered":"https:\/\/www.hyflexpack.com\/?post_type=product&#038;p=6423"},"modified":"2025-03-14T10:09:19","modified_gmt":"2025-03-14T10:09:19","slug":"custom-coffee-bean-bags-wholesale","status":"publish","type":"product","link":"https:\/\/www.hyflexpack.com\/de\/product\/custom-coffee-bean-bags-wholesale\/","title":{"rendered":"Benutzerdefinierte Kaffeebohnens\u00e4cke Gro\u00dfhandel Kraftpapier Tasche Kunststoff Stand Up mit Ventil"},"content":{"rendered":"<div class=\"wp-block-columns is-layout-flex wp-container-core-columns-is-layout-9d6595d7 wp-block-columns-is-layout-flex\">\n<div class=\"wp-block-column is-layout-flow wp-block-column-is-layout-flow\">\n<h2 class=\"wp-block-heading\">Eigenschaften von Custom Coffee Bean Bags mit Ventil<\/h2>\n\n\n\n<ul class=\"wp-block-list\">\n<li>Umweltfreundliche Materialien: Unsere benutzerdefinierte Kaffeebohnenbeutel mit Ventil ist aus lebensmittelechtem Polyethylen hoher Dichte (HDPE) oder Aluminiumfolie und Kraftpapier, um die Luftdichtigkeit und Haltbarkeit des Beutels zu gew\u00e4hrleisten. <\/li>\n\n\n\n<li>Der Beutel ist mit einem Luftventil ausgestattet, um die Kontrolle des Luftdrucks w\u00e4hrend des Br\u00fchvorgangs zu erleichtern und das Aroma und die L\u00f6slichkeit der Kaffeebohnen zu gew\u00e4hrleisten. <\/li>\n\n\n\n<li>Verschluss mit Rei\u00dfverschluss: Der eingebaute Rei\u00dfverschluss erm\u00f6glicht das mehrmalige \u00d6ffnen des Verschlusses, um den Kaffee trocken und sicher zu halten. <\/li>\n\n\n\n<li>Bieten Sie eine Vielzahl von Taschendesigns an: Passen Sie den Taschentyp je nach Marktpositionierung an.<\/li>\n<\/ul>\n<\/div>\n\n\n\n<div class=\"wp-block-column is-layout-flow wp-block-column-is-layout-flow\">\n<figure class=\"wp-block-image size-full\"><img fetchpriority=\"high\" decoding=\"async\" width=\"750\" height=\"750\" src=\"https:\/\/www.hyflexpack.com\/wp-content\/uploads\/2025\/03\/3424.jpg\" alt=\"Individueller Kaffeebeutel mit Ventil\" class=\"wp-image-6403\" srcset=\"https:\/\/www.hyflexpack.com\/wp-content\/uploads\/2025\/03\/3424.jpg 750w, https:\/\/www.hyflexpack.com\/wp-content\/uploads\/2025\/03\/3424-300x300.jpg 300w, https:\/\/www.hyflexpack.com\/wp-content\/uploads\/2025\/03\/3424-150x150.jpg 150w, https:\/\/www.hyflexpack.com\/wp-content\/uploads\/2025\/03\/3424-12x12.jpg 12w, https:\/\/www.hyflexpack.com\/wp-content\/uploads\/2025\/03\/3424-285x285.jpg 285w, https:\/\/www.hyflexpack.com\/wp-content\/uploads\/2025\/03\/3424-270x270.jpg 270w, https:\/\/www.hyflexpack.com\/wp-content\/uploads\/2025\/03\/3424-540x540.jpg 540w, https:\/\/www.hyflexpack.com\/wp-content\/uploads\/2025\/03\/3424-660x660.jpg 660w\" sizes=\"(max-width: 750px) 100vw, 750px\" \/><\/figure>\n<\/div>\n<\/div>\n\n\n\n<p><\/p>","protected":false},"excerpt":{"rendered":"<p>Erfahren Sie mehr \u00fcber unsere kundenspezifischen Kaffeebohnenbeutel mit Ventil. Hergestellt aus Kunststoff, Kraftpapier und Aluminiumfolie, bietet es gute Barriereeigenschaften f\u00fcr den Beutel. Das flache Bodendesign hat eine ausgezeichnete Stabilit\u00e4t und Festigkeit und eignet sich f\u00fcr eine Vielzahl von Produkten, einschlie\u00dflich Kaffee. Die Oberfl\u00e4che ist mit einem Kunststoffverbundstoff behandelt, der feuchtigkeitsbest\u00e4ndig, abriebfest und langlebig ist. Diese Verpackung kann auf die spezifischen Anforderungen des Unternehmens in Bezug auf Marke, Funktion oder Aussehen zugeschnitten werden. Kontaktieren Sie uns noch heute f\u00fcr ein Angebot. Wir verpflichten uns, umweltfreundliche und hochwertige Verpackungsl\u00f6sungen aus einer Hand anzubieten.<\/p>\n<h2>Vorteile des Gro\u00dfh\u00e4ndlers f\u00fcr kundenspezifische Kaffeebohnens\u00e4cke<\/h2>\n<ul>\n<li>Kundenspezifisches Design: Wir bieten kundenspezifische Verpackungsdienstleistungen an, einschlie\u00dflich der Anpassung von Material, Gr\u00f6\u00dfe und Druckmuster an die Bed\u00fcrfnisse des Kunden, und unterst\u00fctzen OEM und ODM.<\/li>\n<li>Herstellung: Mit fortschrittlicher Ausr\u00fcstung und Technologie k\u00f6nnen wir die Auftragsproduktion effizient und mit hoher Qualit\u00e4t durchf\u00fchren und p\u00fcnktlich liefern. \u25cfQualit\u00e4tskontrolle: Die Produktion erfolgt unter strikter Einhaltung von Qualit\u00e4tsstandards und Lebensmittelsicherheitsanforderungen, um sicherzustellen, dass die Produkte den Standards entsprechen.<\/li>\n<li>Kundenbetreuung: Schneller und durchdachter Kundendienst 24 Stunden am Tag.<\/li>\n<li>Kostenlose Probe: Bieten Sie einen kostenlosen Musterservice an, damit Sie das Produkt bewerten k\u00f6nnen.<\/li>\n<\/ul>\n<p>Huiyang Packaging ist bestrebt, seinen Kunden qualitativ hochwertige kundenspezifische Kaffeebohnens\u00e4cke mit Ventilen zu liefern und ihnen dabei zu helfen, ihr Produktimage zu verbessern und ihre Wettbewerbsf\u00e4higkeit auf dem Markt zu steigern.<\/p>","protected":false},"featured_media":6403,"comment_status":"open","ping_status":"closed","template":"","meta":[],"product_brand":[],"product_cat":[55],"product_tag":[83],"class_list":{"0":"post-6423","1":"product","2":"type-product","3":"status-publish","4":"has-post-thumbnail","6":"product_cat-custom-coffee-packaging","7":"product_tag-coffee-bags-with-valve-wholesale","9":"first","10":"instock","11":"shipping-taxable","12":"product-type-simple"},"_links":{"self":[{"href":"https:\/\/www.hyflexpack.com\/de\/wp-json\/wp\/v2\/product\/6423","targetHints":{"allow":["GET"]}}],"collection":[{"href":"https:\/\/www.hyflexpack.com\/de\/wp-json\/wp\/v2\/product"}],"about":[{"href":"https:\/\/www.hyflexpack.com\/de\/wp-json\/wp\/v2\/types\/product"}],"replies":[{"embeddable":true,"href":"https:\/\/www.hyflexpack.com\/de\/wp-json\/wp\/v2\/comments?post=6423"}],"wp:featuredmedia":[{"embeddable":true,"href":"https:\/\/www.hyflexpack.com\/de\/wp-json\/wp\/v2\/media\/6403"}],"wp:attachment":[{"href":"https:\/\/www.hyflexpack.com\/de\/wp-json\/wp\/v2\/media?parent=6423"}],"wp:term":[{"taxonomy":"product_brand","embeddable":true,"href":"https:\/\/www.hyflexpack.com\/de\/wp-json\/wp\/v2\/product_brand?post=6423"},{"taxonomy":"product_cat","embeddable":true,"href":"https:\/\/www.hyflexpack.com\/de\/wp-json\/wp\/v2\/product_cat?post=6423"},{"taxonomy":"product_tag","embeddable":true,"href":"https:\/\/www.hyflexpack.com\/de\/wp-json\/wp\/v2\/product_tag?post=6423"}],"curies":[{"name":"wp","href":"https:\/\/api.w.org\/{rel}","templated":true}]}}