{"id":6362,"date":"2025-03-01T07:58:36","date_gmt":"2025-03-01T07:58:36","guid":{"rendered":"https:\/\/www.hyflexpack.com\/?post_type=product&#038;p=6362"},"modified":"2025-10-23T08:17:11","modified_gmt":"2025-10-23T08:17:11","slug":"custom-cookie-bags-with-logo","status":"publish","type":"product","link":"https:\/\/www.hyflexpack.com\/de\/product\/custom-cookie-bags-with-logo\/","title":{"rendered":"Benutzerdefinierte Kekst\u00fcten mit Logo, umweltfreundliche Standbodenbeutel Gro\u00dfh\u00e4ndler"},"content":{"rendered":"<div class=\"wp-block-columns is-layout-flex wp-container-core-columns-is-layout-9d6595d7 wp-block-columns-is-layout-flex\">\n<div class=\"wp-block-column is-layout-flow wp-block-column-is-layout-flow\">\n<h3 class=\"wp-block-heading\">Merkmale von individuellen Kekst\u00fcten mit Logo<\/h3>\n\n\n\n<ul class=\"wp-block-list\">\n<li><strong>Stand Up Pouch Design<\/strong>: Individuell gestaltete Kekst\u00fcten mit Logos werden in Stand-up-Struktur hergestellt, um eine bessere Regalpr\u00e4sentation in Superm\u00e4rkten oder Einzelhandelsgesch\u00e4ften zu erm\u00f6glichen. Perfekt f\u00fcr die Verpackung von Lebensmitteln wie Keksen, N\u00fcssen, S\u00fc\u00dfigkeiten usw., um sie frisch, feuchtigkeits- und staubgesch\u00fctzt zu halten.<\/li>\n\n\n\n<li><strong>Bequemer Rei\u00dfverschluss<\/strong>: Entwickelte Standbeutel mit geschlossenen Rei\u00dfverschl\u00fcssen erm\u00f6glichen h\u00e4ufiges \u00d6ffnen und Verschlie\u00dfen, sind f\u00fcr den Verbraucher leicht zu handhaben und verl\u00e4ngern die Frischezeit von Lebensmitteln effizient. Ideal f\u00fcr Verpackungen, die recycelt werden m\u00fcssen, w\u00e4hrend der Bedarf an Sekund\u00e4rverpackungen auf ein Minimum reduziert wird.<\/li>\n\n\n\n<li><strong>H\u00e4ngeloch-Design<\/strong>: Stand-up-Beutel Gro\u00dfhandel verf\u00fcgt \u00fcber h\u00e4ngende L\u00f6cher in den oberen Teil, so dass Superstores, um sie zu Werbezwecken in Bezug auf den Verkauf, und die Sichtbarkeit einer Marke sowie die Steigerung der Aussichten auf Umsatz zu h\u00e4ngen. Geeignet f\u00fcr Terminal Regale, Convenience Stores, sowie Verkaufsdisplay Regale Terminal Umsatz zu verbessern.<\/li>\n\n\n\n<li><strong>Hochbarriere-Laminat<\/strong>: Verbundmaterialien, die aus mehreren Schichten PET\/AL\/PE oder Kraft\/PE bestehen, werden verwendet, um hervorragende Sauerstoff-, Feuchtigkeits- und Lichtbarriereeigenschaften zu erzielen und die Qualit\u00e4t und den Geschmack des Produkts zu erhalten.<\/li>\n\n\n\n<li><strong>Kreative und ma\u00dfgeschneiderte Designs<\/strong>: Individuell gestaltete Kekst\u00fcten mit Logos bieten einen hochaufl\u00f6senden Druck, der mit Firmenlogos, Designs, Produktbeschreibungen und zus\u00e4tzlichen Informationen angepasst werden kann. Gedruckt mit umweltfreundlichen Farben, ohne gef\u00e4hrliche Chemikalien und lebensmittelrechtlich zugelassen.<\/li>\n\n\n\n<li><strong>Umweltschutz und Nachhaltigkeit<\/strong>: Verwendung recycelbarer oder biologisch abbaubarer Materialien wie PLA, biologisch abbaubares PE usw., um die Umweltbelastung zu verringern, entsprechend dem weltweiten Trend zu umweltfreundlichen Verpackungen. Der reduzierte Einsatz von L\u00f6sungsmitteln im Produktionsprozess verringert die Kohlenstoffemissionen und entspricht den ISO-Umweltzertifizierungsstandards.<\/li>\n\n\n\n<li><strong>Multi-Size und Anwendbarkeit<\/strong>: Verschiedene Gr\u00f6\u00dfen, von kleinen Einzelhandelsverpackungen bis hin zu gro\u00dfen Familienverpackungen, die auf die Bed\u00fcrfnisse der Kunden zugeschnitten werden k\u00f6nnen. Kann f\u00fcr E-Commerce, Superm\u00e4rkte, Markenketten und andere Kan\u00e4le verwendet werden, um die Wettbewerbsf\u00e4higkeit des Marktes zu verbessern.<\/li>\n<\/ul>\n<\/div>\n\n\n\n<div class=\"wp-block-column is-layout-flow wp-block-column-is-layout-flow\">\n<figure class=\"wp-block-image size-full\"><img fetchpriority=\"high\" decoding=\"async\" width=\"750\" height=\"750\" src=\"https:\/\/www.hyflexpack.com\/wp-content\/uploads\/2025\/03\/Custom-Cookie-Bags-with-Logo-4.webp\" alt=\"Individuelle Pl\u00e4tzchent\u00fcten mit Logo-4\" class=\"wp-image-6385\" srcset=\"https:\/\/www.hyflexpack.com\/wp-content\/uploads\/2025\/03\/Custom-Cookie-Bags-with-Logo-4.webp 750w, https:\/\/www.hyflexpack.com\/wp-content\/uploads\/2025\/03\/Custom-Cookie-Bags-with-Logo-4-300x300.webp 300w, https:\/\/www.hyflexpack.com\/wp-content\/uploads\/2025\/03\/Custom-Cookie-Bags-with-Logo-4-150x150.webp 150w, https:\/\/www.hyflexpack.com\/wp-content\/uploads\/2025\/03\/Custom-Cookie-Bags-with-Logo-4-12x12.webp 12w, https:\/\/www.hyflexpack.com\/wp-content\/uploads\/2025\/03\/Custom-Cookie-Bags-with-Logo-4-285x285.webp 285w, https:\/\/www.hyflexpack.com\/wp-content\/uploads\/2025\/03\/Custom-Cookie-Bags-with-Logo-4-270x270.webp 270w, https:\/\/www.hyflexpack.com\/wp-content\/uploads\/2025\/03\/Custom-Cookie-Bags-with-Logo-4-540x540.webp 540w, https:\/\/www.hyflexpack.com\/wp-content\/uploads\/2025\/03\/Custom-Cookie-Bags-with-Logo-4-660x660.webp 660w\" sizes=\"(max-width: 750px) 100vw, 750px\" \/><\/figure>\n<\/div>\n<\/div>\n\n\n\n<p><\/p>","protected":false},"excerpt":{"rendered":"<p>Huiyang Packaging bietet kundenspezifische Kekst\u00fcten mit Logos an. Es handelt sich dabei um Standbeutel mit Rei\u00dfverschluss und Aufh\u00e4ngel\u00f6chern, die aus umweltfreundlichen, recycelbaren Materialien hergestellt werden, um die Markenpr\u00e4sentation zu verbessern. Kontaktieren Sie uns f\u00fcr kostenloses Design und Muster, schnelle Anpassung!<\/p>\n<h3>Spezifikation von Keksbeuteln mit Logo<\/h3>\n<p>Material: PLA, BOPP, PE, PP, EVOH, usw.<br \/>Gr\u00f6\u00dfe: Kundenspezifisch verf\u00fcgbar<br \/>Typ: Stand Up Pouch mit Rei\u00dfverschluss ,<br \/>Farbe: Kundenspezifisch<br \/>Benutzerdefinierte Bestellung:\u00a0<a href=\"https:\/\/www.hyflexpack.com\/de\/kundenspezifische-flexible-verpackungen\/\"><strong>Akzeptieren Sie OEM &amp; ODM<\/strong><\/a><br \/>Oberfl\u00e4chenbehandlung: Tiefdruck<br \/>Zertifizierung: ISO, BRC, FDA zertifiziert<br \/>Kostenlose Probe: Unterst\u00fctzung<br \/>MOQ:10000psc<\/p>","protected":false},"featured_media":6382,"comment_status":"open","ping_status":"closed","template":"","meta":[],"product_brand":[],"product_cat":[57],"product_tag":[],"class_list":{"0":"post-6362","1":"product","2":"type-product","3":"status-publish","4":"has-post-thumbnail","6":"product_cat-snack-packaging-bags-wholesale","8":"first","9":"instock","10":"shipping-taxable","11":"product-type-simple"},"_links":{"self":[{"href":"https:\/\/www.hyflexpack.com\/de\/wp-json\/wp\/v2\/product\/6362","targetHints":{"allow":["GET"]}}],"collection":[{"href":"https:\/\/www.hyflexpack.com\/de\/wp-json\/wp\/v2\/product"}],"about":[{"href":"https:\/\/www.hyflexpack.com\/de\/wp-json\/wp\/v2\/types\/product"}],"replies":[{"embeddable":true,"href":"https:\/\/www.hyflexpack.com\/de\/wp-json\/wp\/v2\/comments?post=6362"}],"wp:featuredmedia":[{"embeddable":true,"href":"https:\/\/www.hyflexpack.com\/de\/wp-json\/wp\/v2\/media\/6382"}],"wp:attachment":[{"href":"https:\/\/www.hyflexpack.com\/de\/wp-json\/wp\/v2\/media?parent=6362"}],"wp:term":[{"taxonomy":"product_brand","embeddable":true,"href":"https:\/\/www.hyflexpack.com\/de\/wp-json\/wp\/v2\/product_brand?post=6362"},{"taxonomy":"product_cat","embeddable":true,"href":"https:\/\/www.hyflexpack.com\/de\/wp-json\/wp\/v2\/product_cat?post=6362"},{"taxonomy":"product_tag","embeddable":true,"href":"https:\/\/www.hyflexpack.com\/de\/wp-json\/wp\/v2\/product_tag?post=6362"}],"curies":[{"name":"wp","href":"https:\/\/api.w.org\/{rel}","templated":true}]}}