{"id":6359,"date":"2025-04-11T01:41:57","date_gmt":"2025-04-11T01:41:57","guid":{"rendered":"https:\/\/www.hyflexpack.com\/?post_type=product&#038;p=6359"},"modified":"2026-01-07T09:00:12","modified_gmt":"2026-01-07T09:00:12","slug":"custom-stand-up-pouches-wholesale","status":"publish","type":"product","link":"https:\/\/www.hyflexpack.com\/de\/product\/custom-stand-up-pouches-wholesale\/","title":{"rendered":"Benutzerdefinierte Stand Up Pouches Gro\u00dfhandel Verpackungsbeutel f\u00fcr Schokolade Keks-Chips"},"content":{"rendered":"<div class=\"wp-block-columns is-layout-flex wp-container-core-columns-is-layout-9d6595d7 wp-block-columns-is-layout-flex\">\n<div class=\"wp-block-column is-layout-flow wp-block-column-is-layout-flow\">\n<h3 class=\"wp-block-heading\">Merkmale der Custom Stand Up Pouches<\/h3>\n\n\n\n<ul class=\"wp-block-list\">\n<li>Umweltvertr\u00e4gliche Materialien: Verwenden Sie umweltfreundliche Materialien, die den Umweltanforderungen entsprechen, z. B. biologisch abbaubare oder wiederverwertbare Materialien, um die Auswirkungen auf die Umwelt zu verringern. <\/li>\n\n\n\n<li>Lebensmittelgeeignete Materialien mit hoher Barriere: Ma\u00dfgeschneiderte weiche Verpackungsbeutel verwenden umweltfreundliche antistatische Materialien mit hoher Barriere, wie PET, PE, Aluminiumfolie usw., um die Trockenheit und Sicherheit des Produkts zu gew\u00e4hrleisten, feuchtigkeitsbest\u00e4ndig, anti-oxidativ und verl\u00e4ngern die Haltbarkeit. <\/li>\n\n\n\n<li>Verschluss mit Rei\u00dfverschluss: Eingebauter Rei\u00dfverschluss, bequem zu \u00f6ffnen die Dichtung mehrere Male, halten Lebensmittel trocken, und verhindern, dass Sch\u00e4dlinge und Au\u00dfenluft eindringen. <\/li>\n\n\n\n<li>Bieten Sie eine Vielzahl von Taschendesigns an: Passen Sie die Taschentypen je nach Marktpositionierung an.<\/li>\n<\/ul>\n<\/div>\n\n\n\n<div class=\"wp-block-column is-layout-flow wp-block-column-is-layout-flow\">\n<figure class=\"wp-block-image size-full\"><img fetchpriority=\"high\" decoding=\"async\" width=\"750\" height=\"750\" src=\"https:\/\/www.hyflexpack.com\/wp-content\/uploads\/2025\/02\/Custom-Stand-Up-Pouches-1.jpg\" alt=\"Benutzerdefinierte Stand Up Pouches Gro\u00dfhandel\" class=\"wp-image-6339\" srcset=\"https:\/\/www.hyflexpack.com\/wp-content\/uploads\/2025\/02\/Custom-Stand-Up-Pouches-1.jpg 750w, https:\/\/www.hyflexpack.com\/wp-content\/uploads\/2025\/02\/Custom-Stand-Up-Pouches-1-300x300.jpg 300w, https:\/\/www.hyflexpack.com\/wp-content\/uploads\/2025\/02\/Custom-Stand-Up-Pouches-1-150x150.jpg 150w, https:\/\/www.hyflexpack.com\/wp-content\/uploads\/2025\/02\/Custom-Stand-Up-Pouches-1-12x12.jpg 12w, https:\/\/www.hyflexpack.com\/wp-content\/uploads\/2025\/02\/Custom-Stand-Up-Pouches-1-285x285.jpg 285w, https:\/\/www.hyflexpack.com\/wp-content\/uploads\/2025\/02\/Custom-Stand-Up-Pouches-1-270x270.jpg 270w, https:\/\/www.hyflexpack.com\/wp-content\/uploads\/2025\/02\/Custom-Stand-Up-Pouches-1-540x540.jpg 540w, https:\/\/www.hyflexpack.com\/wp-content\/uploads\/2025\/02\/Custom-Stand-Up-Pouches-1-660x660.jpg 660w\" sizes=\"(max-width: 750px) 100vw, 750px\" \/><\/figure>\n<\/div>\n<\/div>\n\n\n\n<p><\/p>","protected":false},"excerpt":{"rendered":"<p>Unsere kundenspezifischen Standbeutel werden aus hochwertigen Materialien hergestellt, die Au\u00dfenluft, Feuchtigkeit und Licht effektiv abschirmen und das Aroma und den Geschmack der Schokoladenchips in h\u00f6chstem Ma\u00dfe bewahren und verhindern, dass sie feucht und oxidiert werden. Individuell angepasste Attribute erf\u00fcllen Ihre pers\u00f6nlichen Bed\u00fcrfnisse, ob Markenlogo, Muster oder Farbe, es kann genau dargestellt werden, um Ihre Schokoladenchips-Produkte von vielen konkurrierenden Produkten abzuheben und die Aufmerksamkeit der Verbraucher zu gewinnen. Kontaktieren Sie uns noch heute f\u00fcr ein Angebot, wir bieten Ihnen umweltfreundliche und hochwertige Verpackungsl\u00f6sungen aus einer Hand. Vorteile von hochwertigen kundenspezifischen Standbodenbeuteln \u25cfKundenspezifisches Design: Wir bieten kundenspezifische Verpackungsbeutel an, einschlie\u00dflich Material, Gr\u00f6\u00dfe und Druckmuster, um den Kundenanforderungen gerecht zu werden, und unterst\u00fctzen OEM und ODM. \u25cfHerstellung: Mit fortschrittlicher Ausr\u00fcstung und Technologie k\u00f6nnen wir die Auftragsproduktion effizient und mit hoher Qualit\u00e4t durchf\u00fchren und p\u00fcnktlich liefern. \u25cfQualit\u00e4tspr\u00fcfung: Die Produktion erfolgt unter strenger Einhaltung von Qualit\u00e4tsstandards und Lebensmittelsicherheitsanforderungen, um sicherzustellen, dass die Produkte den Standards entsprechen. \u25cfKundendienst: Schnelle Reaktion und aufmerksamer Kundendienst 24 Stunden am Tag. \u25cfGratisprobe: Wir bieten Ihnen einen kostenlosen Musterservice, damit Sie das Produkt beurteilen k\u00f6nnen. Huiyang Packaging hat es sich zur Aufgabe gemacht, seinen Kunden qualitativ hochwertige, kundenspezifische Standbodenbeutel zu liefern und ihnen zu helfen, ihr Produktimage zu verbessern und ihre Wettbewerbsf\u00e4higkeit auf dem Markt zu steigern.<\/p>","protected":false},"featured_media":6339,"comment_status":"open","ping_status":"closed","template":"","meta":[],"product_brand":[],"product_cat":[57],"product_tag":[116,124],"class_list":{"0":"post-6359","1":"product","2":"type-product","3":"status-publish","4":"has-post-thumbnail","6":"product_cat-snack-packaging-bags-wholesale","7":"product_tag-stand-up-pouch-manufacturer","8":"product_tag-zipper-pouch-manufacturer","10":"first","11":"instock","12":"shipping-taxable","13":"product-type-simple"},"_links":{"self":[{"href":"https:\/\/www.hyflexpack.com\/de\/wp-json\/wp\/v2\/product\/6359","targetHints":{"allow":["GET"]}}],"collection":[{"href":"https:\/\/www.hyflexpack.com\/de\/wp-json\/wp\/v2\/product"}],"about":[{"href":"https:\/\/www.hyflexpack.com\/de\/wp-json\/wp\/v2\/types\/product"}],"replies":[{"embeddable":true,"href":"https:\/\/www.hyflexpack.com\/de\/wp-json\/wp\/v2\/comments?post=6359"}],"wp:featuredmedia":[{"embeddable":true,"href":"https:\/\/www.hyflexpack.com\/de\/wp-json\/wp\/v2\/media\/6339"}],"wp:attachment":[{"href":"https:\/\/www.hyflexpack.com\/de\/wp-json\/wp\/v2\/media?parent=6359"}],"wp:term":[{"taxonomy":"product_brand","embeddable":true,"href":"https:\/\/www.hyflexpack.com\/de\/wp-json\/wp\/v2\/product_brand?post=6359"},{"taxonomy":"product_cat","embeddable":true,"href":"https:\/\/www.hyflexpack.com\/de\/wp-json\/wp\/v2\/product_cat?post=6359"},{"taxonomy":"product_tag","embeddable":true,"href":"https:\/\/www.hyflexpack.com\/de\/wp-json\/wp\/v2\/product_tag?post=6359"}],"curies":[{"name":"wp","href":"https:\/\/api.w.org\/{rel}","templated":true}]}}