{"id":6350,"date":"2025-03-01T02:08:17","date_gmt":"2025-03-01T02:08:17","guid":{"rendered":"https:\/\/www.hyflexpack.com\/?post_type=product&#038;p=6350"},"modified":"2025-10-23T08:17:26","modified_gmt":"2025-10-23T08:17:26","slug":"custom-tortilla-chips-bag-supplier","status":"publish","type":"product","link":"https:\/\/www.hyflexpack.com\/de\/product\/custom-tortilla-chips-bag-supplier\/","title":{"rendered":"Benutzerdefinierte Tortilla Chips Tasche Verpackung,Recycelt Seite Zwickel Beutel Hersteller"},"content":{"rendered":"<div class=\"wp-block-columns is-layout-flex wp-container-core-columns-is-layout-9d6595d7 wp-block-columns-is-layout-flex\">\n<div class=\"wp-block-column is-layout-flow wp-block-column-is-layout-flow\">\n<h2 class=\"wp-block-heading\">Merkmale der Custom Tortilla Chips Tasche<\/h2>\n\n\n\n<p><\/p>\n\n\n\n<ul class=\"wp-block-list\">\n<li><strong>R\u00fcckseitiges Siegel Design<\/strong>: Die ma\u00dfgeschneiderte Tortilla-Chips-T\u00fcte verf\u00fcgt \u00fcber einen kleinen, luftdichten Beutel mit R\u00fcckseitenversiegelung. Er bietet Dichtungs- und Feuchtigkeitsbarriereeigenschaften f\u00fcr das Produkt und ist ideal f\u00fcr die Lagerung und den Transport von Tortilla-Chips und anderen Trockenprodukten mit langer Haltbarkeit.<\/li>\n\n\n\n<li><strong>Seitenfalte<\/strong>: Das Design eines recycelten Seitenfaltenbeutels bietet zus\u00e4tzliche Kapazit\u00e4t, und der Beutel kann mehr Produkte aufnehmen. Wir verf\u00fcgen \u00fcber ein breites Fassungsverm\u00f6gen von 100 g bis 1 kg, um flexibel auf unterschiedliche Verpackungsanforderungen reagieren zu k\u00f6nnen.<\/li>\n\n\n\n<li><strong>Transparentes Fenster<\/strong>: Transparente Fensterverpackungen erm\u00f6glichen es den Kunden, das Produkt im Inneren des Beutels zu sehen. Sie eignen sich f\u00fcr Lebensmittel, bei denen das Aussehen und die Qualit\u00e4t des Produkts herausgestellt werden m\u00fcssen, so dass die Kunden eine fundiertere Entscheidung \u00fcber das Produkt treffen k\u00f6nnen.<\/li>\n\n\n\n<li><strong>Langlebiges Material<\/strong>: Hochwertiges Verbundmaterial mit hervorragender Rei\u00dffestigkeit, Abriebfestigkeit und Feuchtigkeitsbest\u00e4ndigkeit wird f\u00fcr die Herstellung kundenspezifischer Tortilla-Chips-T\u00fcten verwendet. Das Material h\u00e4lt die Lebensmittel im Inneren des Beutels trocken und frisch f\u00fcr einen langen Zeitraum, verl\u00e4ngert die Haltbarkeit des Produkts, und beh\u00e4lt die beste Qualit\u00e4t des Produkts.<\/li>\n\n\n\n<li><strong>Umweltvertr\u00e4glichkeit und Naturschutz<\/strong>: Der recycelte Seitenfaltenbeutel besteht aus 100% recycelbarem Verpackungsmaterial, das den internationalen Umweltstandards entspricht und die Auswirkungen auf die Umwelt reduziert. Wir sind bestrebt, den Plastikverbrauch zu reduzieren und setzen uns f\u00fcr den Schutz der Umwelt ein.<\/li>\n\n\n\n<li><strong>Multi-Size und Vielseitigkeit<\/strong>: Wir bieten unseren Kunden eine Reihe von recycelten Seitenfaltenbeuteln in verschiedenen Gr\u00f6\u00dfen und Kapazit\u00e4ten, um den Verpackungsbedarf verschiedener Produkte zu decken. Von der Kleinserienverpackung bis zur Gro\u00dfverpackung bieten wir vielseitige, ma\u00dfgeschneiderte L\u00f6sungen.<\/li>\n<\/ul>\n<\/div>\n\n\n\n<div class=\"wp-block-column is-layout-flow wp-block-column-is-layout-flow\">\n<figure class=\"wp-block-image size-full\"><img fetchpriority=\"high\" decoding=\"async\" width=\"750\" height=\"750\" src=\"https:\/\/www.hyflexpack.com\/wp-content\/uploads\/2025\/03\/Custom-Plastic-Tortilla-Chips-Bag-5.webp\" alt=\"Custom-Tortilla-Chips-T\u00fcten-Hersteller-5\" class=\"wp-image-6366\" srcset=\"https:\/\/www.hyflexpack.com\/wp-content\/uploads\/2025\/03\/Custom-Plastic-Tortilla-Chips-Bag-5.webp 750w, https:\/\/www.hyflexpack.com\/wp-content\/uploads\/2025\/03\/Custom-Plastic-Tortilla-Chips-Bag-5-300x300.webp 300w, https:\/\/www.hyflexpack.com\/wp-content\/uploads\/2025\/03\/Custom-Plastic-Tortilla-Chips-Bag-5-150x150.webp 150w, https:\/\/www.hyflexpack.com\/wp-content\/uploads\/2025\/03\/Custom-Plastic-Tortilla-Chips-Bag-5-12x12.webp 12w, https:\/\/www.hyflexpack.com\/wp-content\/uploads\/2025\/03\/Custom-Plastic-Tortilla-Chips-Bag-5-285x285.webp 285w, https:\/\/www.hyflexpack.com\/wp-content\/uploads\/2025\/03\/Custom-Plastic-Tortilla-Chips-Bag-5-270x270.webp 270w, https:\/\/www.hyflexpack.com\/wp-content\/uploads\/2025\/03\/Custom-Plastic-Tortilla-Chips-Bag-5-540x540.webp 540w, https:\/\/www.hyflexpack.com\/wp-content\/uploads\/2025\/03\/Custom-Plastic-Tortilla-Chips-Bag-5-660x660.webp 660w\" sizes=\"(max-width: 750px) 100vw, 750px\" \/><\/figure>\n<\/div>\n<\/div>\n\n\n\n<p><\/p>","protected":false},"excerpt":{"rendered":"<p>Huiyang Packaging bietet qualitativ hochwertige kundenspezifische Tortilla-Chips-Beutel an, die aus umweltfreundlichen recycelten Materialien hergestellt werden, und das transparente Fensterdesign macht das Produkt attraktiver. Wir unterst\u00fctzen den kundenspezifischen Druck, um unterschiedliche Kapazit\u00e4tsanforderungen zu erf\u00fcllen, und konzentrieren uns auf Umweltschutz und nachhaltige Entwicklung. Kontaktieren Sie uns jetzt f\u00fcr ein kostenloses Design und Muster, um die Wettbewerbsf\u00e4higkeit Ihrer Marke auf dem Markt zu verbessern!<\/p>\n<h3>Spezifikation der Tortilla Chips Tasche<\/h3>\n<p>Material: Krafr Papier, PLA, BOPP PE, PP, EVOH, etc<br \/>Gr\u00f6\u00dfe: Kundenspezifisch verf\u00fcgbar<br \/>Typ: Side Gusset Pouch\uff0c Back Seal Bag<br \/>Farbe: Kundenspezifisch<br \/>Kundenspezifische Bestellung: Akzeptieren Sie OEM &amp; ODM<br \/>Oberfl\u00e4chenbehandlung: Tiefdruck<br \/>Zertifizierung: ISO, BRC, FDA zertifiziert<br \/>Kostenlose Probe: Unterst\u00fctzung<br \/>MOQ:10000psc<\/p>","protected":false},"featured_media":6369,"comment_status":"open","ping_status":"closed","template":"","meta":[],"product_brand":[],"product_cat":[57],"product_tag":[],"class_list":{"0":"post-6350","1":"product","2":"type-product","3":"status-publish","4":"has-post-thumbnail","6":"product_cat-snack-packaging-bags-wholesale","8":"first","9":"instock","10":"shipping-taxable","11":"product-type-simple"},"_links":{"self":[{"href":"https:\/\/www.hyflexpack.com\/de\/wp-json\/wp\/v2\/product\/6350","targetHints":{"allow":["GET"]}}],"collection":[{"href":"https:\/\/www.hyflexpack.com\/de\/wp-json\/wp\/v2\/product"}],"about":[{"href":"https:\/\/www.hyflexpack.com\/de\/wp-json\/wp\/v2\/types\/product"}],"replies":[{"embeddable":true,"href":"https:\/\/www.hyflexpack.com\/de\/wp-json\/wp\/v2\/comments?post=6350"}],"wp:featuredmedia":[{"embeddable":true,"href":"https:\/\/www.hyflexpack.com\/de\/wp-json\/wp\/v2\/media\/6369"}],"wp:attachment":[{"href":"https:\/\/www.hyflexpack.com\/de\/wp-json\/wp\/v2\/media?parent=6350"}],"wp:term":[{"taxonomy":"product_brand","embeddable":true,"href":"https:\/\/www.hyflexpack.com\/de\/wp-json\/wp\/v2\/product_brand?post=6350"},{"taxonomy":"product_cat","embeddable":true,"href":"https:\/\/www.hyflexpack.com\/de\/wp-json\/wp\/v2\/product_cat?post=6350"},{"taxonomy":"product_tag","embeddable":true,"href":"https:\/\/www.hyflexpack.com\/de\/wp-json\/wp\/v2\/product_tag?post=6350"}],"curies":[{"name":"wp","href":"https:\/\/api.w.org\/{rel}","templated":true}]}}