{"id":6229,"date":"2025-03-01T06:55:23","date_gmt":"2025-03-01T06:55:23","guid":{"rendered":"https:\/\/www.hyflexpack.com\/?post_type=product&#038;p=6229"},"modified":"2025-10-27T07:46:40","modified_gmt":"2025-10-27T07:46:40","slug":"sustainable-pet-food-packaging-bag","status":"publish","type":"product","link":"https:\/\/www.hyflexpack.com\/de\/product\/sustainable-pet-food-packaging-bag\/","title":{"rendered":"Nachhaltige Tiernahrungs-Verpackungsbeutel Hersteller, laminierte Aluminiumfolie Tiernahrungsbeutel"},"content":{"rendered":"<div class=\"wp-block-columns is-layout-flex wp-container-core-columns-is-layout-9d6595d7 wp-block-columns-is-layout-flex\">\n<div class=\"wp-block-column is-layout-flow wp-block-column-is-layout-flow\">\n<h2 class=\"wp-block-heading\">Nachhaltige Tiernahrungs-Verpackungstasche Merkmale:<\/h2>\n\n\n\n<ul class=\"wp-block-list\">\n<li><strong>Professioneller Hersteller von Verpackungsbeuteln f\u00fcr Tiernahrung<\/strong><br>Wir sind ein professioneller Hersteller von Verpackungsbeuteln f\u00fcr Tiernahrung, der sich der Bereitstellung von umweltfreundlichen Verpackungsl\u00f6sungen f\u00fcr Tiernahrung verschrieben hat, die funktional, sch\u00fctzend und f\u00fcr die Marke ansprechend sind. Wir bieten Verpackungsbeutel an, die den Anforderungen von Gro\u00dfserienherstellern und Eigenmarken gerecht werden.<\/li>\n\n\n\n<li><strong>\u00dcberlegene Barriereleistung<\/strong><br>Die mit einer hochwertigen Aluminiumfolienkaschierungstechnologie hergestellten Beutel sind sehr sauerstoff-, feuchtigkeits- und lichtbest\u00e4ndig und sorgen so f\u00fcr langfristige Frische, Aromabindung und N\u00e4hrstoffschutz von Tierfutterprodukten.<\/li>\n\n\n\n<li><strong>Auslaufsicher &amp; Hygienisch Vierfache Abdichtung<\/strong><br>Die vierfache Versiegelung verbessert die Integrit\u00e4t der Verpackung und garantiert eine auslaufsichere Lagerung und einen sicheren Transport, um die Sicherheit und Hygiene der Tiernahrung zu gew\u00e4hrleisten.<\/li>\n\n\n\n<li><strong>Benutzerfreundliches, wiederverschlie\u00dfbares Design<\/strong><br>Unsere nachhaltigen Tiernahrungs-Verpackungsbeutel sind mit einem haltbaren Rei\u00dfverschluss ausgestattet und lassen sich leicht \u00f6ffnen, wieder verschlie\u00dfen und aufbewahren. Sie sind praktisch f\u00fcr den t\u00e4glichen Gebrauch und reduzieren gleichzeitig den Abfall.<\/li>\n\n\n\n<li><strong>Vollst\u00e4ndig anpassbarer OEM\/ODM-Service<\/strong><br>Wir bieten Ihnen die M\u00f6glichkeit, die Gr\u00f6\u00dfe, das Material, die Farbe, den Aufdruck und die Struktur der Tasche individuell anzupassen. F\u00fcgen Sie Ihr Logo, Muster oder Ihre Markenbotschaft hinzu, um ein hochwertiges, einzigartiges Erscheinungsbild zu schaffen, das im Regal auff\u00e4llt und das Vertrauen der Verbraucher st\u00e4rkt.<\/li>\n\n\n\n<li><strong>Umweltvertr\u00e4gliche und nachhaltige Optionen<\/strong><br>Unsere Verpackungsprodukte umfassen recycelbare, biologisch abbaubare und kompostierbare Materialien, die Marken dabei helfen, weltweite Nachhaltigkeitsziele zu erreichen und nachhaltige Kunden anzusprechen.<\/li>\n\n\n\n<li><strong>Fabrikdirekte Preisgestaltung &amp; stabile Versorgung<\/strong><br>Als Hersteller von Verpackungsbeuteln f\u00fcr Tiernahrung bieten wir wettbewerbsf\u00e4hige Preise, niedrige Mindestabnahmemengen und stabile Produktionskapazit\u00e4ten und unterst\u00fctzen Ihr Unternehmen mit kosteneffizienten, konsistenten und p\u00fcnktlichen Lieferungen.<\/li>\n<\/ul>\n<\/div>\n\n\n\n<div class=\"wp-block-column is-layout-flow wp-block-column-is-layout-flow\">\n<figure class=\"wp-block-image size-full\"><img fetchpriority=\"high\" decoding=\"async\" width=\"750\" height=\"750\" src=\"https:\/\/www.hyflexpack.com\/wp-content\/uploads\/2025\/10\/Sustainable-Pet-Food-Packaging-Bag-Manufacturer-3.webp\" alt=\"Nachhaltige Tiernahrungs-Verpackungsbeutel Hersteller (3)\" class=\"wp-image-8264\" srcset=\"https:\/\/www.hyflexpack.com\/wp-content\/uploads\/2025\/10\/Sustainable-Pet-Food-Packaging-Bag-Manufacturer-3.webp 750w, https:\/\/www.hyflexpack.com\/wp-content\/uploads\/2025\/10\/Sustainable-Pet-Food-Packaging-Bag-Manufacturer-3-300x300.webp 300w, https:\/\/www.hyflexpack.com\/wp-content\/uploads\/2025\/10\/Sustainable-Pet-Food-Packaging-Bag-Manufacturer-3-150x150.webp 150w, https:\/\/www.hyflexpack.com\/wp-content\/uploads\/2025\/10\/Sustainable-Pet-Food-Packaging-Bag-Manufacturer-3-12x12.webp 12w, https:\/\/www.hyflexpack.com\/wp-content\/uploads\/2025\/10\/Sustainable-Pet-Food-Packaging-Bag-Manufacturer-3-285x285.webp 285w, https:\/\/www.hyflexpack.com\/wp-content\/uploads\/2025\/10\/Sustainable-Pet-Food-Packaging-Bag-Manufacturer-3-270x270.webp 270w, https:\/\/www.hyflexpack.com\/wp-content\/uploads\/2025\/10\/Sustainable-Pet-Food-Packaging-Bag-Manufacturer-3-540x540.webp 540w, https:\/\/www.hyflexpack.com\/wp-content\/uploads\/2025\/10\/Sustainable-Pet-Food-Packaging-Bag-Manufacturer-3-660x660.webp 660w\" sizes=\"(max-width: 750px) 100vw, 750px\" \/><\/figure>\n<\/div>\n<\/div>\n\n\n\n<div class=\"wp-block-columns is-layout-flex wp-container-core-columns-is-layout-9d6595d7 wp-block-columns-is-layout-flex\">\n<div class=\"wp-block-column is-layout-flow wp-block-column-is-layout-flow\">\n<figure class=\"wp-block-image size-full\"><img decoding=\"async\" width=\"750\" height=\"750\" src=\"https:\/\/www.hyflexpack.com\/wp-content\/uploads\/2025\/10\/Sustainable-Pet-Food-Packaging-Bag-Manufacturer-1.webp\" alt=\"Nachhaltige Tiernahrungs-Verpackungsbeutel Hersteller (1)\" class=\"wp-image-8262\" srcset=\"https:\/\/www.hyflexpack.com\/wp-content\/uploads\/2025\/10\/Sustainable-Pet-Food-Packaging-Bag-Manufacturer-1.webp 750w, https:\/\/www.hyflexpack.com\/wp-content\/uploads\/2025\/10\/Sustainable-Pet-Food-Packaging-Bag-Manufacturer-1-300x300.webp 300w, https:\/\/www.hyflexpack.com\/wp-content\/uploads\/2025\/10\/Sustainable-Pet-Food-Packaging-Bag-Manufacturer-1-150x150.webp 150w, https:\/\/www.hyflexpack.com\/wp-content\/uploads\/2025\/10\/Sustainable-Pet-Food-Packaging-Bag-Manufacturer-1-12x12.webp 12w, https:\/\/www.hyflexpack.com\/wp-content\/uploads\/2025\/10\/Sustainable-Pet-Food-Packaging-Bag-Manufacturer-1-285x285.webp 285w, https:\/\/www.hyflexpack.com\/wp-content\/uploads\/2025\/10\/Sustainable-Pet-Food-Packaging-Bag-Manufacturer-1-270x270.webp 270w, https:\/\/www.hyflexpack.com\/wp-content\/uploads\/2025\/10\/Sustainable-Pet-Food-Packaging-Bag-Manufacturer-1-540x540.webp 540w, https:\/\/www.hyflexpack.com\/wp-content\/uploads\/2025\/10\/Sustainable-Pet-Food-Packaging-Bag-Manufacturer-1-660x660.webp 660w\" sizes=\"(max-width: 750px) 100vw, 750px\" \/><\/figure>\n<\/div>\n\n\n\n<div class=\"wp-block-column is-layout-flow wp-block-column-is-layout-flow\">\n<figure class=\"wp-block-image size-full\"><img decoding=\"async\" width=\"750\" height=\"750\" src=\"https:\/\/www.hyflexpack.com\/wp-content\/uploads\/2025\/02\/Custom-Pet-Food-Packaging-Bags-2.webp\" alt=\"Individuelle Verpackungsbeutel f\u00fcr Tiernahrung\" class=\"wp-image-6196\" srcset=\"https:\/\/www.hyflexpack.com\/wp-content\/uploads\/2025\/02\/Custom-Pet-Food-Packaging-Bags-2.webp 750w, https:\/\/www.hyflexpack.com\/wp-content\/uploads\/2025\/02\/Custom-Pet-Food-Packaging-Bags-2-300x300.webp 300w, https:\/\/www.hyflexpack.com\/wp-content\/uploads\/2025\/02\/Custom-Pet-Food-Packaging-Bags-2-150x150.webp 150w, https:\/\/www.hyflexpack.com\/wp-content\/uploads\/2025\/02\/Custom-Pet-Food-Packaging-Bags-2-12x12.webp 12w, https:\/\/www.hyflexpack.com\/wp-content\/uploads\/2025\/02\/Custom-Pet-Food-Packaging-Bags-2-285x285.webp 285w, https:\/\/www.hyflexpack.com\/wp-content\/uploads\/2025\/02\/Custom-Pet-Food-Packaging-Bags-2-270x270.webp 270w, https:\/\/www.hyflexpack.com\/wp-content\/uploads\/2025\/02\/Custom-Pet-Food-Packaging-Bags-2-540x540.webp 540w, https:\/\/www.hyflexpack.com\/wp-content\/uploads\/2025\/02\/Custom-Pet-Food-Packaging-Bags-2-660x660.webp 660w\" sizes=\"(max-width: 750px) 100vw, 750px\" \/><\/figure>\n<\/div>\n<\/div>\n\n\n\n<p><\/p>","protected":false},"excerpt":{"rendered":"<p>Willkommen zum Kauf <strong data-start=\"183\" data-end=\"217\">nachhaltige Tierfutterverpackungen<\/strong> von einem vertrauensw\u00fcrdigen <strong data-start=\"233\" data-end=\"272\">Hersteller von Verpackungsbeuteln f\u00fcr Tiernahrung<\/strong>. Wir bieten <strong data-start=\"283\" data-end=\"312\">kostenlose Gestaltung, kostenlose Muster<\/strong>und <strong data-start=\"318\" data-end=\"346\">Werksgro\u00dfhandelspreise<\/strong> mit Barriereschutz aus Aluminiumfolie, wiederverschlie\u00dfbaren Rei\u00dfverschl\u00fcssen und individuell anpassbaren, umweltfreundlichen Materialien f\u00fcr erstklassige Tierfutterfrische.<\/p>\n<h3>Vorteile eines Lieferanten f\u00fcr nachhaltige Tierfutterverpackungen<\/h3>\n<ul>\n<li><strong>Individuelles Design:<\/strong>\u00a0Wir bieten kundenspezifische Dienstleistungen, einschlie\u00dflich der Anpassung von Material, Gr\u00f6\u00dfe und Druckmustern an die Bed\u00fcrfnisse des Kunden, und unterst\u00fctzen OEM und ODM.<\/li>\n<li><strong>Herstellung:<\/strong>\u00a0Dank fortschrittlicher Ausr\u00fcstung und Technologie sind wir in der Lage, Auftr\u00e4ge effizient und in hoher Qualit\u00e4t zu produzieren und p\u00fcnktlich zu liefern.<\/li>\n<li><strong>Qualit\u00e4tsinspektion:<\/strong>\u00a0Die Produktion erfolgt unter strikter Einhaltung der Qualit\u00e4tsstandards und der Anforderungen an die Lebensmittelsicherheit, um sicherzustellen, dass die Produkte den Standards entsprechen.<\/li>\n<li><strong>Zertifizierung\uff1a<\/strong>\u00a0FDA\/BRC\/ISO 9001\/RoHS<\/li>\n<li><strong>Kundenservice:<\/strong>\u00a024 Stunden, um eine schnelle Antwort und einen aufmerksamen Kundendienst zu bieten.<\/li>\n<li><strong>Kostenlose Probe:<\/strong> Wir bieten einen kostenlosen Musterservice an, um Ihnen die Beurteilung des Produkts zu erleichtern.<\/li>\n<li><strong class=\"skrollable skrollable-between\" data-start=\"895\" data-end=\"917\">Konkurrenzf\u00e4higer Preis:<\/strong>\u00a0Dank unserer gro\u00dfen Produktionskapazit\u00e4ten und unseres kosteneffizienten Managements k\u00f6nnen wir wettbewerbsf\u00e4hige Preise anbieten, ohne Kompromisse bei der Produktqualit\u00e4t einzugehen.<\/li>\n<\/ul>\n<p><a href=\"https:\/\/www.hyflexpack.com\/de\/\"><strong>Huiyang Verpackung<\/strong><\/a>\u00a0ist bestrebt, den Kunden Folgendes zu bieten\u00a0<strong>lebensmittelecht<\/strong> nachhaltige Verpackungen f\u00fcr Heimtiernahrung, um den Kunden zu helfen, ihr Produktimage zu verbessern und ihre Wettbewerbsf\u00e4higkeit auf dem Markt zu steigern.<\/p>","protected":false},"featured_media":8263,"comment_status":"open","ping_status":"closed","template":"","meta":[],"product_brand":[],"product_cat":[56,51],"product_tag":[],"class_list":{"0":"post-6229","1":"product","2":"type-product","3":"status-publish","4":"has-post-thumbnail","6":"product_cat-custom-pet-food-packaging","7":"product_cat-custom-food-packaging-bags","9":"first","10":"instock","11":"shipping-taxable","12":"product-type-simple"},"_links":{"self":[{"href":"https:\/\/www.hyflexpack.com\/de\/wp-json\/wp\/v2\/product\/6229","targetHints":{"allow":["GET"]}}],"collection":[{"href":"https:\/\/www.hyflexpack.com\/de\/wp-json\/wp\/v2\/product"}],"about":[{"href":"https:\/\/www.hyflexpack.com\/de\/wp-json\/wp\/v2\/types\/product"}],"replies":[{"embeddable":true,"href":"https:\/\/www.hyflexpack.com\/de\/wp-json\/wp\/v2\/comments?post=6229"}],"wp:featuredmedia":[{"embeddable":true,"href":"https:\/\/www.hyflexpack.com\/de\/wp-json\/wp\/v2\/media\/8263"}],"wp:attachment":[{"href":"https:\/\/www.hyflexpack.com\/de\/wp-json\/wp\/v2\/media?parent=6229"}],"wp:term":[{"taxonomy":"product_brand","embeddable":true,"href":"https:\/\/www.hyflexpack.com\/de\/wp-json\/wp\/v2\/product_brand?post=6229"},{"taxonomy":"product_cat","embeddable":true,"href":"https:\/\/www.hyflexpack.com\/de\/wp-json\/wp\/v2\/product_cat?post=6229"},{"taxonomy":"product_tag","embeddable":true,"href":"https:\/\/www.hyflexpack.com\/de\/wp-json\/wp\/v2\/product_tag?post=6229"}],"curies":[{"name":"wp","href":"https:\/\/api.w.org\/{rel}","templated":true}]}}