{"id":6221,"date":"2025-02-28T09:32:11","date_gmt":"2025-02-28T09:32:11","guid":{"rendered":"https:\/\/www.hyflexpack.com\/?post_type=product&#038;p=6221"},"modified":"2025-10-23T08:17:38","modified_gmt":"2025-10-23T08:17:38","slug":"bespoke-dog-food-packaging-bag","status":"publish","type":"product","link":"https:\/\/www.hyflexpack.com\/de\/product\/bespoke-dog-food-packaging-bag\/","title":{"rendered":"Ma\u00dfgeschneiderte Hundefutter-Verpackungstasche ,Recycelbare Standbodenbeutel Hersteller"},"content":{"rendered":"<div class=\"wp-block-columns is-layout-flex wp-container-core-columns-is-layout-9d6595d7 wp-block-columns-is-layout-flex\">\n<div class=\"wp-block-column is-layout-flow wp-block-column-is-layout-flow\">\n<h3 class=\"wp-block-heading\">Eigenschaften von Bespoke Hundefutter-Verpackungst\u00fcten<\/h3>\n\n\n\n<ul class=\"wp-block-list\">\n<li><strong>Recycelbares Material<\/strong>: Die Verwendung von hochwertigem, wiederverwertbarem Material entspricht den Umweltstandards, so dass die individuelle Verpackung f\u00fcr Hundefutter umweltbewusste Verbraucher anspricht.<\/li>\n<\/ul>\n\n\n\n<p><\/p>\n\n\n\n<ul class=\"wp-block-list\">\n<li><strong>Langlebigkeit und Schutz<\/strong>: Die Verwendung von mehrschichtigem Verbundmaterial hat eine ausgezeichnete Rei\u00dffestigkeit, Feuchtigkeitsbest\u00e4ndigkeit und Oxidationsbest\u00e4ndigkeit, wodurch die Frische und Qualit\u00e4t des Hundefutters w\u00e4hrend des Transports und der Lagerung wirksam gesch\u00fctzt wird.<\/li>\n<\/ul>\n\n\n\n<p><\/p>\n\n\n\n<ul class=\"wp-block-list\">\n<li><strong>Erf\u00fcllen die Sicherheitsstandards f\u00fcr Lebensmittel<\/strong>: Die verwendeten Materialien werden strengen Tests unterzogen und erf\u00fcllen die Sicherheitsstandards f\u00fcr den Kontakt mit Lebensmitteln, so dass die kundenspezifischen Verpackungen f\u00fcr Hundefutter ungiftig sind.<\/li>\n<\/ul>\n\n\n\n<p><\/p>\n\n\n\n<ul class=\"wp-block-list\">\n<li><strong>Leicht zu \u00f6ffnen und zu verschlie\u00dfen<\/strong>: Ausgestattet mit einem hochwertigen Rei\u00dfverschluss, k\u00f6nnen die Benutzer nach dem \u00d6ffnen einfach wieder verschlie\u00dfen, was die Benutzerfreundlichkeit und die Verbrauchererfahrung f\u00f6rdert.<\/li>\n<\/ul>\n\n\n\n<p><\/p>\n\n\n\n<ul class=\"wp-block-list\">\n<li><strong>Stehendes Design<\/strong>: Das Design des Standbeutels erm\u00f6glicht eine bessere Pr\u00e4sentation und spart Platz im Regal.<\/li>\n<\/ul>\n<\/div>\n\n\n\n<div class=\"wp-block-column is-layout-flow wp-block-column-is-layout-flow\">\n<figure class=\"wp-block-image size-full\"><img fetchpriority=\"high\" decoding=\"async\" width=\"750\" height=\"750\" src=\"https:\/\/www.hyflexpack.com\/wp-content\/uploads\/2025\/02\/Bespoke-Dog-Food-Packaging-Bag-1.webp\" alt=\"Ma\u00dfgeschneiderte Verpackungsbeutel f\u00fcr Hundefutter\" class=\"wp-image-6191\" srcset=\"https:\/\/www.hyflexpack.com\/wp-content\/uploads\/2025\/02\/Bespoke-Dog-Food-Packaging-Bag-1.webp 750w, https:\/\/www.hyflexpack.com\/wp-content\/uploads\/2025\/02\/Bespoke-Dog-Food-Packaging-Bag-1-300x300.webp 300w, https:\/\/www.hyflexpack.com\/wp-content\/uploads\/2025\/02\/Bespoke-Dog-Food-Packaging-Bag-1-150x150.webp 150w, https:\/\/www.hyflexpack.com\/wp-content\/uploads\/2025\/02\/Bespoke-Dog-Food-Packaging-Bag-1-12x12.webp 12w, https:\/\/www.hyflexpack.com\/wp-content\/uploads\/2025\/02\/Bespoke-Dog-Food-Packaging-Bag-1-285x285.webp 285w, https:\/\/www.hyflexpack.com\/wp-content\/uploads\/2025\/02\/Bespoke-Dog-Food-Packaging-Bag-1-270x270.webp 270w, https:\/\/www.hyflexpack.com\/wp-content\/uploads\/2025\/02\/Bespoke-Dog-Food-Packaging-Bag-1-540x540.webp 540w, https:\/\/www.hyflexpack.com\/wp-content\/uploads\/2025\/02\/Bespoke-Dog-Food-Packaging-Bag-1-660x660.webp 660w\" sizes=\"(max-width: 750px) 100vw, 750px\" \/><\/figure>\n<\/div>\n<\/div>\n\n\n\n<p><\/p>","protected":false},"excerpt":{"rendered":"<p>Informieren Sie sich \u00fcber unsere individuellen Verpackungsbeutel f\u00fcr Tiernahrung aus Aluminiumfolie und Kraftpapier. Es handelt sich um eine individuelle Verpackung f\u00fcr Tiernahrung, die aus wiederverwertbaren Materialien hergestellt wird und die Form eines Stehaufm\u00e4nnchens hat, um das Tragen zu erleichtern. Kontaktieren Sie unser professionelles Team jetzt f\u00fcr ein detailliertes Angebot, wir werden Ihnen von ganzem Herzen dienen!<\/p>\n<h3>Vorteile des Herstellers von ma\u00dfgeschneiderten Hundefutterverpackungen von hoher Qualit\u00e4t<\/h3>\n<ul>\n<li><strong>Ma\u00dfgeschneiderter Service<\/strong>: Huiyang Packaging ist darauf spezialisiert, seinen Kunden professionelle, ma\u00dfgeschneiderte Verpackungsdienstleistungen vom Produktdesign bis zur Produktion zu bieten.<\/li>\n<li><strong>Umweltschutzkonzept<\/strong>: Huiyang freut sich, seinen Kunden umweltfreundliche Verpackungsmaterialien anzubieten und recycelbare Materialien zu verwenden, um den weltweiten Bedarf an umweltfreundlichen Verpackungen zu decken.<\/li>\n<li><strong>Ausgezeichnete Qualit\u00e4tskontrolle<\/strong>: Huiyang verwendet fortschrittliche Maschinen f\u00fcr den Herstellungsprozess und strenge Qualit\u00e4tskontrollsysteme, um hohe Qualit\u00e4tsstandards f\u00fcr jede Charge von Verpackungsmaterial zu gew\u00e4hrleisten.<\/li>\n<li><strong>Marktinnovation und -anpassung<\/strong>: Als Marktf\u00fchrer ist Huiyang stets bestrebt, Innovationen zu entwickeln und Verpackungen herzustellen, die den Markttrends und dem Geschmack der Verbraucher entsprechen.<\/li>\n<\/ul>\n<p>Huiyang Packaging ist bestrebt, seinen Kunden qualitativ hochwertige, ma\u00dfgeschneiderte Verpackungsbeutel f\u00fcr Hundefutter zu liefern, um ihnen zu helfen, ihr Produktimage zu verbessern und ihre Wettbewerbsf\u00e4higkeit auf dem Markt zu steigern.<\/p>","protected":false},"featured_media":6191,"comment_status":"open","ping_status":"closed","template":"","meta":[],"product_brand":[],"product_cat":[56],"product_tag":[],"class_list":{"0":"post-6221","1":"product","2":"type-product","3":"status-publish","4":"has-post-thumbnail","6":"product_cat-custom-pet-food-packaging","8":"first","9":"instock","10":"shipping-taxable","11":"product-type-simple"},"_links":{"self":[{"href":"https:\/\/www.hyflexpack.com\/de\/wp-json\/wp\/v2\/product\/6221","targetHints":{"allow":["GET"]}}],"collection":[{"href":"https:\/\/www.hyflexpack.com\/de\/wp-json\/wp\/v2\/product"}],"about":[{"href":"https:\/\/www.hyflexpack.com\/de\/wp-json\/wp\/v2\/types\/product"}],"replies":[{"embeddable":true,"href":"https:\/\/www.hyflexpack.com\/de\/wp-json\/wp\/v2\/comments?post=6221"}],"wp:featuredmedia":[{"embeddable":true,"href":"https:\/\/www.hyflexpack.com\/de\/wp-json\/wp\/v2\/media\/6191"}],"wp:attachment":[{"href":"https:\/\/www.hyflexpack.com\/de\/wp-json\/wp\/v2\/media?parent=6221"}],"wp:term":[{"taxonomy":"product_brand","embeddable":true,"href":"https:\/\/www.hyflexpack.com\/de\/wp-json\/wp\/v2\/product_brand?post=6221"},{"taxonomy":"product_cat","embeddable":true,"href":"https:\/\/www.hyflexpack.com\/de\/wp-json\/wp\/v2\/product_cat?post=6221"},{"taxonomy":"product_tag","embeddable":true,"href":"https:\/\/www.hyflexpack.com\/de\/wp-json\/wp\/v2\/product_tag?post=6221"}],"curies":[{"name":"wp","href":"https:\/\/api.w.org\/{rel}","templated":true}]}}