{"id":6086,"date":"2025-01-18T08:06:52","date_gmt":"2025-01-18T08:06:52","guid":{"rendered":"https:\/\/www.hyflexpack.com\/?post_type=product&#038;p=6086"},"modified":"2025-01-22T09:15:44","modified_gmt":"2025-01-22T09:15:44","slug":"custom-printed-snack-packaging-roll-film","status":"publish","type":"product","link":"https:\/\/www.hyflexpack.com\/de\/product\/custom-printed-snack-packaging-roll-film\/","title":{"rendered":"Custom Printed Snack Packaging Roll Film for Chips Automatic Packaging Sachet Supplier"},"content":{"rendered":"<div class=\"wp-block-columns is-layout-flex wp-container-core-columns-is-layout-9d6595d7 wp-block-columns-is-layout-flex\">\n<div class=\"wp-block-column is-layout-flow wp-block-column-is-layout-flow\">\n<h3 class=\"wp-block-heading\">Features of Custom Snack Packaging Roll Film <\/h3>\n\n\n\n<ul class=\"wp-block-list\">\n<li><strong>Premium material<\/strong>: Our snack pack roll film for potato chips is made from food-grade plastic film to ensure safe contact with food such as PE, PP, or other composites which guarantees non-toxicity and food protection.<\/li>\n<\/ul>\n\n\n\n<p><\/p>\n\n\n\n<ul class=\"wp-block-list\">\n<li><strong>Efficient packaging<\/strong>: Designed for use with automatic packaging machines, facilitating the packaging process, optimizing productivity, and minimizing labor costs while maintaining uniformity and precision in packaging.<\/li>\n<\/ul>\n\n\n\n<p><\/p>\n\n\n\n<ul class=\"wp-block-list\">\n<li><strong>Excellent heat seal performance<\/strong>: Snack packaging film rolls are designed with exquisite heat seal performance to provide a robust seal during the packing stages and to make sure the contents are in a secured state which in return reduces damage during the shipping and storing processes.<\/li>\n<\/ul>\n\n\n\n<p><\/p>\n\n\n\n<ul class=\"wp-block-list\">\n<li><strong>Environmentally friendly options<\/strong>: In this packaging trend of focusing on the environment, one can pick biodegradable materials as well as other eco-friendly plastics to produce packaging film to lessen the carbon footprint and join the big move towards eco-friendly consumption.<\/li>\n<\/ul>\n\n\n\n<p><\/p>\n\n\n\n<ul class=\"wp-block-list\">\n<li><strong>Easy to use<\/strong>: Composite packaging film rolls are easy to store and handle, ensuring reduced space use in the warehouse.<\/li>\n<\/ul>\n<\/div>\n\n\n\n<div class=\"wp-block-column is-layout-flow wp-block-column-is-layout-flow\">\n<figure class=\"wp-block-image size-full\"><img fetchpriority=\"high\" decoding=\"async\" width=\"750\" height=\"750\" src=\"https:\/\/www.hyflexpack.com\/wp-content\/uploads\/2025\/01\/Custom-Snack-Chips-Candy-Packaging-Sachet-Roll\uff081\uff09-3.webp\" alt=\"Custom Snack Chips Candy Packaging Sachet Roll\" class=\"wp-image-6059\" srcset=\"https:\/\/www.hyflexpack.com\/wp-content\/uploads\/2025\/01\/Custom-Snack-Chips-Candy-Packaging-Sachet-Roll\uff081\uff09-3.webp 750w, https:\/\/www.hyflexpack.com\/wp-content\/uploads\/2025\/01\/Custom-Snack-Chips-Candy-Packaging-Sachet-Roll\uff081\uff09-3-300x300.webp 300w, https:\/\/www.hyflexpack.com\/wp-content\/uploads\/2025\/01\/Custom-Snack-Chips-Candy-Packaging-Sachet-Roll\uff081\uff09-3-150x150.webp 150w, https:\/\/www.hyflexpack.com\/wp-content\/uploads\/2025\/01\/Custom-Snack-Chips-Candy-Packaging-Sachet-Roll\uff081\uff09-3-12x12.webp 12w, https:\/\/www.hyflexpack.com\/wp-content\/uploads\/2025\/01\/Custom-Snack-Chips-Candy-Packaging-Sachet-Roll\uff081\uff09-3-285x285.webp 285w, https:\/\/www.hyflexpack.com\/wp-content\/uploads\/2025\/01\/Custom-Snack-Chips-Candy-Packaging-Sachet-Roll\uff081\uff09-3-270x270.webp 270w, https:\/\/www.hyflexpack.com\/wp-content\/uploads\/2025\/01\/Custom-Snack-Chips-Candy-Packaging-Sachet-Roll\uff081\uff09-3-540x540.webp 540w, https:\/\/www.hyflexpack.com\/wp-content\/uploads\/2025\/01\/Custom-Snack-Chips-Candy-Packaging-Sachet-Roll\uff081\uff09-3-660x660.webp 660w\" sizes=\"(max-width: 750px) 100vw, 750px\" \/><\/figure>\n<\/div>\n<\/div>\n\n\n\n<div class=\"wp-block-columns is-layout-flex wp-container-core-columns-is-layout-9d6595d7 wp-block-columns-is-layout-flex\">\n<div class=\"wp-block-column is-layout-flow wp-block-column-is-layout-flow\">\n<figure class=\"wp-block-embed is-type-video is-provider-youtube wp-block-embed-youtube wp-embed-aspect-16-9 wp-has-aspect-ratio\"><div class=\"wp-block-embed__wrapper\">\n<iframe title=\"laminated   automatic packaging  film\" width=\"940\" height=\"529\" src=\"https:\/\/www.youtube.com\/embed\/9WdhAMQbTeM?feature=oembed\" frameborder=\"0\" allow=\"accelerometer; autoplay; clipboard-write; encrypted-media; gyroscope; picture-in-picture; web-share\" referrerpolicy=\"strict-origin-when-cross-origin\" allowfullscreen><\/iframe>\n<\/div><\/figure>\n<\/div>\n\n\n\n<div class=\"wp-block-column is-layout-flow wp-block-column-is-layout-flow\">\n<h2 class=\"wp-block-heading\">Application Scenarios of Snack Packaging Rollstock<\/h2>\n\n\n\n<p><\/p>\n\n\n\n<p>Our customized snack packaging roll film is suitable for a variety of snack packaging machines, such as potato chips, nuts, candies, and so on. Whether for automatic packaging or mass production, it provides efficient and precise packaging solutions to ensure the safety and freshness of healthy snack packaging and enhance your brand competitiveness.<\/p>\n<\/div>\n<\/div>\n\n\n\n<div class=\"wp-block-columns is-layout-flex wp-container-core-columns-is-layout-9d6595d7 wp-block-columns-is-layout-flex\">\n<div class=\"wp-block-column is-layout-flow wp-block-column-is-layout-flow\">\n<h2 class=\"wp-block-heading\">Advantages of Sustainable Snack Packaging<\/h2>\n\n\n\n<p><\/p>\n\n\n\n<p>Using materials that meet recyclable standards, our packaging film supports sustainable snack packaging and reduces environmental impact. Manufacturing Processes of Snack Packaging Film Roll Supplier. It not only protects the food but also enhances the green image of your brand and meets the consumers&#8217; demand for environmentally friendly packaging.<\/p>\n<\/div>\n\n\n\n<div class=\"wp-block-column is-layout-flow wp-block-column-is-layout-flow\">\n<figure class=\"wp-block-image size-full\"><img decoding=\"async\" width=\"1672\" height=\"941\" src=\"https:\/\/www.hyflexpack.com\/wp-content\/uploads\/2025\/01\/sustainable-snack-packaging-film-roll-edited.webp\" alt=\"sustainable snack packaging film roll supplier\" class=\"wp-image-6116\" srcset=\"https:\/\/www.hyflexpack.com\/wp-content\/uploads\/2025\/01\/sustainable-snack-packaging-film-roll-edited.webp 1672w, https:\/\/www.hyflexpack.com\/wp-content\/uploads\/2025\/01\/sustainable-snack-packaging-film-roll-edited-300x169.webp 300w, https:\/\/www.hyflexpack.com\/wp-content\/uploads\/2025\/01\/sustainable-snack-packaging-film-roll-edited-768x432.webp 768w, https:\/\/www.hyflexpack.com\/wp-content\/uploads\/2025\/01\/sustainable-snack-packaging-film-roll-edited-18x10.webp 18w, https:\/\/www.hyflexpack.com\/wp-content\/uploads\/2025\/01\/sustainable-snack-packaging-film-roll-edited-285x160.webp 285w, https:\/\/www.hyflexpack.com\/wp-content\/uploads\/2025\/01\/sustainable-snack-packaging-film-roll-edited-1600x900.webp 1600w, https:\/\/www.hyflexpack.com\/wp-content\/uploads\/2025\/01\/sustainable-snack-packaging-film-roll-edited-660x371.webp 660w, https:\/\/www.hyflexpack.com\/wp-content\/uploads\/2025\/01\/sustainable-snack-packaging-film-roll-edited-150x84.webp 150w\" sizes=\"(max-width: 1672px) 100vw, 1672px\" \/><\/figure>\n<\/div>\n<\/div>\n\n\n\n<div class=\"wp-block-columns is-layout-flex wp-container-core-columns-is-layout-9d6595d7 wp-block-columns-is-layout-flex\">\n<div class=\"wp-block-column is-layout-flow wp-block-column-is-layout-flow\">\n<figure class=\"wp-block-image size-full\"><img decoding=\"async\" width=\"1615\" height=\"908\" src=\"https:\/\/www.hyflexpack.com\/wp-content\/uploads\/2025\/01\/7packaging-bags-wholesale-slitting-moment-edited.webp\" alt=\"Herstellungsverfahren f\u00fcr Snackverpackungsfolienrollen\" class=\"wp-image-6117\" srcset=\"https:\/\/www.hyflexpack.com\/wp-content\/uploads\/2025\/01\/7packaging-bags-wholesale-slitting-moment-edited.webp 1615w, https:\/\/www.hyflexpack.com\/wp-content\/uploads\/2025\/01\/7packaging-bags-wholesale-slitting-moment-edited-300x169.webp 300w, https:\/\/www.hyflexpack.com\/wp-content\/uploads\/2025\/01\/7packaging-bags-wholesale-slitting-moment-edited-768x432.webp 768w, https:\/\/www.hyflexpack.com\/wp-content\/uploads\/2025\/01\/7packaging-bags-wholesale-slitting-moment-edited-18x10.webp 18w, https:\/\/www.hyflexpack.com\/wp-content\/uploads\/2025\/01\/7packaging-bags-wholesale-slitting-moment-edited-285x160.webp 285w, https:\/\/www.hyflexpack.com\/wp-content\/uploads\/2025\/01\/7packaging-bags-wholesale-slitting-moment-edited-1600x900.webp 1600w, https:\/\/www.hyflexpack.com\/wp-content\/uploads\/2025\/01\/7packaging-bags-wholesale-slitting-moment-edited-660x371.webp 660w, https:\/\/www.hyflexpack.com\/wp-content\/uploads\/2025\/01\/7packaging-bags-wholesale-slitting-moment-edited-150x84.webp 150w\" sizes=\"(max-width: 1615px) 100vw, 1615px\" \/><\/figure>\n<\/div>\n\n\n\n<div class=\"wp-block-column is-layout-flow wp-block-column-is-layout-flow\">\n<h2 class=\"wp-block-heading\">Manufacturing Processes of Snack Packaging Film Roll Supplier<\/h2>\n\n\n\n<p><\/p>\n\n\n\n<p>Our packaging films are manufactured using advanced snack packaging machine production processes to ensure accurate printing and uniform cutting, enhancing packaging quality and efficiency. The film has superior moisture and oxidation resistance, which is suitable for efficiently packaging healthy snacks and prolonging the freshness period.<\/p>\n<\/div>\n<\/div>\n\n\n\n<p><\/p>","protected":false},"excerpt":{"rendered":"<p>Huiyang Packaging&#8217;s customized snack packaging pouch rollstock is made of high-quality materials to ensure excellent barrier protection, effectively isolating oxygen, moisture, and light, thereby maintaining the fresh taste of food and extending the shelf life. At the same time, it has excellent heat sealing performance to ensure a firm and reliable seal to prevent leakage or damage during transportation and storage.<\/p>\n<h3>Advantages of Snack Packaging Roll Film Manufacturer<\/h3>\n<ul>\n<li>Kundenspezifisches Design: Wir bieten ma\u00dfgeschneiderte Dienstleistungen, einschlie\u00dflich der Anpassung von Material, Gr\u00f6\u00dfe und Druckmuster an die Bed\u00fcrfnisse des Kunden, und <a href=\"https:\/\/www.hyflexpack.com\/de\/kundenspezifische-flexible-verpackungen\/\"><strong>Unterst\u00fctzung von OEM und ODM<\/strong><\/a>.<\/li>\n<li>Manufacturing: Adopt internationally advanced composite production lines and automatic control systems to ensure efficient and stable production processes and on-time delivery.<\/li>\n<li>Quality inspection: Strictly produce by quality standards and food safety requirements to ensure that products meet standards.<\/li>\n<li>Kundenbetreuung: Schneller und durchdachter Kundendienst 24 Stunden am Tag.<\/li>\n<li>Free samples: Make small batch samples for customers to try and evaluate.<\/li>\n<\/ul>","protected":false},"featured_media":6059,"comment_status":"open","ping_status":"closed","template":"","meta":[],"product_brand":[],"product_cat":[53],"product_tag":[],"class_list":{"0":"post-6086","1":"product","2":"type-product","3":"status-publish","4":"has-post-thumbnail","6":"product_cat-packaging-film-supplier","8":"first","9":"instock","10":"shipping-taxable","11":"product-type-simple"},"_links":{"self":[{"href":"https:\/\/www.hyflexpack.com\/de\/wp-json\/wp\/v2\/product\/6086","targetHints":{"allow":["GET"]}}],"collection":[{"href":"https:\/\/www.hyflexpack.com\/de\/wp-json\/wp\/v2\/product"}],"about":[{"href":"https:\/\/www.hyflexpack.com\/de\/wp-json\/wp\/v2\/types\/product"}],"replies":[{"embeddable":true,"href":"https:\/\/www.hyflexpack.com\/de\/wp-json\/wp\/v2\/comments?post=6086"}],"wp:featuredmedia":[{"embeddable":true,"href":"https:\/\/www.hyflexpack.com\/de\/wp-json\/wp\/v2\/media\/6059"}],"wp:attachment":[{"href":"https:\/\/www.hyflexpack.com\/de\/wp-json\/wp\/v2\/media?parent=6086"}],"wp:term":[{"taxonomy":"product_brand","embeddable":true,"href":"https:\/\/www.hyflexpack.com\/de\/wp-json\/wp\/v2\/product_brand?post=6086"},{"taxonomy":"product_cat","embeddable":true,"href":"https:\/\/www.hyflexpack.com\/de\/wp-json\/wp\/v2\/product_cat?post=6086"},{"taxonomy":"product_tag","embeddable":true,"href":"https:\/\/www.hyflexpack.com\/de\/wp-json\/wp\/v2\/product_tag?post=6086"}],"curies":[{"name":"wp","href":"https:\/\/api.w.org\/{rel}","templated":true}]}}