{"id":6033,"date":"2025-02-28T09:45:14","date_gmt":"2025-02-28T09:45:14","guid":{"rendered":"https:\/\/www.hyflexpack.com\/?post_type=product&#038;p=6033"},"modified":"2025-10-23T08:17:33","modified_gmt":"2025-10-23T08:17:33","slug":"custom-potato-chips-packaging-bag","status":"publish","type":"product","link":"https:\/\/www.hyflexpack.com\/de\/product\/custom-potato-chips-packaging-bag\/","title":{"rendered":"Individuell bedruckte Kartoffelchips Verpackung laminiert Beutel Kunststoff Medium zur\u00fcck Seal Tasche Lieferant"},"content":{"rendered":"<div class=\"wp-block-columns is-layout-flex wp-container-core-columns-is-layout-9d6595d7 wp-block-columns-is-layout-flex\">\n<div class=\"wp-block-column is-layout-flow wp-block-column-is-layout-flow\">\n<h3 class=\"wp-block-heading\">Features of Custom Potato Chips Packaging Bag<\/h3>\n\n\n\n<ul class=\"wp-block-list\">\n<li><strong>Kundenspezifisches Design<\/strong>: Our custom potato chips packaging manufacturer provides customized printing service, and can pattern, color, and brand logos according to brand needs.<\/li>\n<\/ul>\n\n\n\n<p><\/p>\n\n\n\n<ul class=\"wp-block-list\">\n<li><strong>Hochwertiger Druck<\/strong>: Unsere individuell bedruckten Kartoffelchips-Verpackungen verwenden hochwertige Drucktechniken f\u00fcr klare Muster und leuchtende Farben.<\/li>\n<\/ul>\n\n\n\n<p><\/p>\n\n\n\n<ul class=\"wp-block-list\">\n<li><strong>Hochwertige Materialien<\/strong>: Wir verwenden ein mehrschichtiges Verbundmaterial aus Kunststoff, das gut vor Feuchtigkeit und Oxidation sch\u00fctzt und eine gute Frischhaltefunktion hat.<\/li>\n<\/ul>\n\n\n\n<p><\/p>\n\n\n\n<ul class=\"wp-block-list\">\n<li><strong>Dauerhafte St\u00e4rke<\/strong>: Laminierter Kunststoff ist rei\u00df- und verschlei\u00dffest, sch\u00fctzt die Kartoffelchips vor Formver\u00e4nderung und Bruch und erm\u00f6glicht einen sicheren Transport.<\/li>\n<\/ul>\n\n\n\n<p><\/p>\n\n\n\n<ul class=\"wp-block-list\">\n<li><strong>Einfache Versiegelung<\/strong>: Dank des r\u00fcckseitig versiegelten Beuteldesigns l\u00e4sst sich das Produkt nach dem \u00d6ffnen leicht verschlie\u00dfen, so dass es weniger Luft ausgesetzt ist und die Lebensmittel frisch und knusprig bleiben.<\/li>\n<\/ul>\n<\/div>\n\n\n\n<div class=\"wp-block-column is-layout-flow wp-block-column-is-layout-flow\">\n<figure class=\"wp-block-image size-full\"><img fetchpriority=\"high\" decoding=\"async\" width=\"750\" height=\"750\" src=\"https:\/\/www.hyflexpack.com\/wp-content\/uploads\/2025\/01\/Custom-Printed-Potato-Chips-Packaging-Bag-1.webp\" alt=\"Individuell bedruckter Kartoffelchips-Verpackungsbeutel\" class=\"wp-image-6026\" srcset=\"https:\/\/www.hyflexpack.com\/wp-content\/uploads\/2025\/01\/Custom-Printed-Potato-Chips-Packaging-Bag-1.webp 750w, https:\/\/www.hyflexpack.com\/wp-content\/uploads\/2025\/01\/Custom-Printed-Potato-Chips-Packaging-Bag-1-300x300.webp 300w, https:\/\/www.hyflexpack.com\/wp-content\/uploads\/2025\/01\/Custom-Printed-Potato-Chips-Packaging-Bag-1-150x150.webp 150w, https:\/\/www.hyflexpack.com\/wp-content\/uploads\/2025\/01\/Custom-Printed-Potato-Chips-Packaging-Bag-1-12x12.webp 12w, https:\/\/www.hyflexpack.com\/wp-content\/uploads\/2025\/01\/Custom-Printed-Potato-Chips-Packaging-Bag-1-285x285.webp 285w, https:\/\/www.hyflexpack.com\/wp-content\/uploads\/2025\/01\/Custom-Printed-Potato-Chips-Packaging-Bag-1-270x270.webp 270w, https:\/\/www.hyflexpack.com\/wp-content\/uploads\/2025\/01\/Custom-Printed-Potato-Chips-Packaging-Bag-1-540x540.webp 540w, https:\/\/www.hyflexpack.com\/wp-content\/uploads\/2025\/01\/Custom-Printed-Potato-Chips-Packaging-Bag-1-660x660.webp 660w\" sizes=\"(max-width: 750px) 100vw, 750px\" \/><\/figure>\n<\/div>\n<\/div>","protected":false},"excerpt":{"rendered":"<p>With eco-friendly materials, vibrant and striking designs, and attention to environmental conservation, Huiyang delivers your custom potato chips packaging with not only safety for your product but also a higher level of brand exposure within a competitive industry. Feel free to contact us for pricing.<\/p>\n<h3>Vorteile des Herstellers von Kartoffelchipsverpackungen<\/h3>\n<ul>\n<li><strong>Umweltvertr\u00e4gliche Materialien<\/strong>: Der Schwerpunkt liegt auf der Verwendung nachhaltiger, umweltfreundlicher Materialien, die den Marken helfen, ihren \u00f6kologischen Fu\u00dfabdruck zu verringern.<\/li>\n<li><strong>Customizable Service<\/strong>: Provide customized laminating pouch sizes, materials colors, etc.<\/li>\n<li><strong>Produktsicherheit<\/strong>: Sorgt daf\u00fcr, dass die Verpackungen haltbar sind, keine Sch\u00e4den aufweisen und die Frische der Produkte erhalten bleibt.<\/li>\n<li><strong>Marken-Exposition<\/strong>: Mit seinem revolution\u00e4ren Design und seinem hervorragenden Material erh\u00f6ht Huiyang Packing die Markenpr\u00e4senz auf wettbewerbsintensiven M\u00e4rkten.<\/li>\n<\/ul>\n<p>Huiyang Packing offers a synthesis of creativity, reliability, and affordability, the most suitable option for businesses searching to provide the product with an enhanced presentation while enjoying uncompromised protection. Contact us for free design and sample services to make your products stand out!<\/p>","protected":false},"featured_media":6026,"comment_status":"open","ping_status":"closed","template":"","meta":[],"product_brand":[],"product_cat":[57],"product_tag":[],"class_list":{"0":"post-6033","1":"product","2":"type-product","3":"status-publish","4":"has-post-thumbnail","6":"product_cat-snack-packaging-bags-wholesale","8":"first","9":"instock","10":"shipping-taxable","11":"product-type-simple"},"_links":{"self":[{"href":"https:\/\/www.hyflexpack.com\/de\/wp-json\/wp\/v2\/product\/6033","targetHints":{"allow":["GET"]}}],"collection":[{"href":"https:\/\/www.hyflexpack.com\/de\/wp-json\/wp\/v2\/product"}],"about":[{"href":"https:\/\/www.hyflexpack.com\/de\/wp-json\/wp\/v2\/types\/product"}],"replies":[{"embeddable":true,"href":"https:\/\/www.hyflexpack.com\/de\/wp-json\/wp\/v2\/comments?post=6033"}],"wp:featuredmedia":[{"embeddable":true,"href":"https:\/\/www.hyflexpack.com\/de\/wp-json\/wp\/v2\/media\/6026"}],"wp:attachment":[{"href":"https:\/\/www.hyflexpack.com\/de\/wp-json\/wp\/v2\/media?parent=6033"}],"wp:term":[{"taxonomy":"product_brand","embeddable":true,"href":"https:\/\/www.hyflexpack.com\/de\/wp-json\/wp\/v2\/product_brand?post=6033"},{"taxonomy":"product_cat","embeddable":true,"href":"https:\/\/www.hyflexpack.com\/de\/wp-json\/wp\/v2\/product_cat?post=6033"},{"taxonomy":"product_tag","embeddable":true,"href":"https:\/\/www.hyflexpack.com\/de\/wp-json\/wp\/v2\/product_tag?post=6033"}],"curies":[{"name":"wp","href":"https:\/\/api.w.org\/{rel}","templated":true}]}}