{"id":6007,"date":"2025-05-27T08:04:26","date_gmt":"2025-05-27T08:04:26","guid":{"rendered":"https:\/\/www.hyflexpack.com\/?post_type=product&#038;p=6007"},"modified":"2025-05-27T08:04:28","modified_gmt":"2025-05-27T08:04:28","slug":"oem-pvc-shrink-film-rolls-wholesale","status":"publish","type":"product","link":"https:\/\/www.hyflexpack.com\/de\/product\/oem-pvc-shrink-film-rolls-wholesale\/","title":{"rendered":"OEM PET\/PVC-Schrumpffolie Rollen Gro\u00dfhandel, W\u00e4rme schrumpfen wickeln H\u00fclse Verpackung Etikett Lieferant"},"content":{"rendered":"<div class=\"wp-block-columns is-layout-flex wp-container-core-columns-is-layout-9d6595d7 wp-block-columns-is-layout-flex\">\n<div class=\"wp-block-column is-layout-flow wp-block-column-is-layout-flow\">\n<h2 class=\"wp-block-heading\">Merkmale von PVC-Schrumpffolienrollen<\/h2>\n\n\n\n<p><\/p>\n\n\n\n<ul class=\"wp-block-list\">\n<li>Hochwertige Materialien: Bereitstellung diverser hochwertiger Materialien je nach Kundenwunsch, wie z. B. umweltfreundliche Kunststoffe oder Materialien mit besonderen Eigenschaften (z. B. hohe Temperaturbest\u00e4ndigkeit und UV-Best\u00e4ndigkeit), um sicherzustellen, dass die Etiketten sowohl sch\u00f6n als auch haltbar sind<\/li>\n\n\n\n<li>Effizientes Drucken: Ma\u00dfgeschneiderte Dienstleistungen k\u00f6nnen eine perfekte \u00dcbereinstimmung mit dem Produktverpackungsdesign erzielen, die visuelle Gesamtwirkung verbessern und den Wiedererkennungswert der Marke durch pr\u00e4zise Druck- und Laminiertechnik erh\u00f6hen.<\/li>\n\n\n\n<li>\u00dcberlegene Schutzleistung: Professionell angepasste thermoplastische Flaschenetiketten k\u00f6nnen einen zus\u00e4tzlichen Schutz f\u00fcr Produkte bieten, um zu verhindern, dass Informationen abgenutzt oder verf\u00e4lscht werden. Gleichzeitig haben einige Etiketten auch wasser- und \u00f6lbest\u00e4ndige Eigenschaften, um sich an verschiedene Lager- und Transportbedingungen anzupassen.<\/li>\n\n\n\n<li>Umweltfreundliche Optionen: Unterst\u00fctzung der Verwendung biologisch abbaubarer und wiederverwertbarer Materialien, um die Anforderungen des Umweltschutzes zu erf\u00fcllen. Es werden auch Optionen f\u00fcr die Folienst\u00e4rke angeboten, um den Materialabfall zu reduzieren und den CO2-Fu\u00dfabdruck zu verringern.<\/li>\n\n\n\n<li>Einfach zu verwenden: Verbundfolienrollen sind einfach zu lagern und zu handhaben und sparen Platz im Lager.<\/li>\n<\/ul>\n<\/div>\n\n\n\n<div class=\"wp-block-column is-layout-flow wp-block-column-is-layout-flow\">\n<figure class=\"wp-block-image size-full\"><img fetchpriority=\"high\" decoding=\"async\" width=\"750\" height=\"750\" src=\"https:\/\/www.hyflexpack.com\/wp-content\/uploads\/2025\/01\/OEM-PVC-PET-Shrink-Film-Roll2.webp\" alt=\"PVC-Schrumpffolienrollen Gro\u00dfh\u00e4ndler\" class=\"wp-image-6002\" srcset=\"https:\/\/www.hyflexpack.com\/wp-content\/uploads\/2025\/01\/OEM-PVC-PET-Shrink-Film-Roll2.webp 750w, https:\/\/www.hyflexpack.com\/wp-content\/uploads\/2025\/01\/OEM-PVC-PET-Shrink-Film-Roll2-300x300.webp 300w, https:\/\/www.hyflexpack.com\/wp-content\/uploads\/2025\/01\/OEM-PVC-PET-Shrink-Film-Roll2-150x150.webp 150w, https:\/\/www.hyflexpack.com\/wp-content\/uploads\/2025\/01\/OEM-PVC-PET-Shrink-Film-Roll2-12x12.webp 12w, https:\/\/www.hyflexpack.com\/wp-content\/uploads\/2025\/01\/OEM-PVC-PET-Shrink-Film-Roll2-285x285.webp 285w, https:\/\/www.hyflexpack.com\/wp-content\/uploads\/2025\/01\/OEM-PVC-PET-Shrink-Film-Roll2-270x270.webp 270w, https:\/\/www.hyflexpack.com\/wp-content\/uploads\/2025\/01\/OEM-PVC-PET-Shrink-Film-Roll2-540x540.webp 540w, https:\/\/www.hyflexpack.com\/wp-content\/uploads\/2025\/01\/OEM-PVC-PET-Shrink-Film-Roll2-660x660.webp 660w\" sizes=\"(max-width: 750px) 100vw, 750px\" \/><\/figure>\n<\/div>\n<\/div>","protected":false},"excerpt":{"rendered":"<p>Wir sind ein professioneller OEM-Lieferant von PVC-Schrumpffolienrollen und Schrumpfetikettenverpackungen und bieten eine breite Palette an umweltfreundlichen Schrumpffolienrollen an, die in Getr\u00e4nkeflaschen, Lebensmitteln, Kosmetika, Waren des t\u00e4glichen Bedarfs und anderen Branchen weit verbreitet sind. Wir unterst\u00fctzen kundenspezifische Dicke, Breite, Farbe und Druckmuster, geeignet f\u00fcr alle Arten von Hochgeschwindigkeitsverpackungsanlagen. Gro\u00dfhandel in loser Sch\u00fcttung, stabile Versorgung, begr\u00fc\u00dfen globale Kunden zu kooperieren und zu verhandeln!<\/p>\n<h3>Vorteile von PVC-Schrumpffolienrollen f\u00fcr Gro\u00dfh\u00e4ndler<\/h3>\n<ul>\n<li><strong>Kundenspezifisches Design<\/strong>: Wir bieten personalisierte Designl\u00f6sungen f\u00fcr verschiedene Spezifikationen, Gr\u00f6\u00dfen und Druckanforderungen mit bis zu 10 Farben je nach Kundenwunsch und unterst\u00fctzen OEM- und ODM-Anpassungen.<\/li>\n<li><strong>Qualit\u00e4tssicherung<\/strong>: Strenge Kontrolle des Produktionsprozesses, Verwendung von hochwertigen Rohstoffen und fortschrittlichen Produktionsanlagen, um eine stabile und zuverl\u00e4ssige Produktqualit\u00e4t zu gew\u00e4hrleisten.<\/li>\n<li><strong>Professionelle technische Unterst\u00fctzung<\/strong>: Mit einem erfahrenen technischen Team bieten wir professionellen technischen Support und Kundendienst, um sicherzustellen, dass die Bed\u00fcrfnisse der Kunden umgehend erf\u00fcllt und gel\u00f6st werden.<\/li>\n<li><strong>Kostenlose Probe<\/strong>: Wir bieten Ihnen einen kostenlosen Musterservice an, damit Sie die Produkte bewerten k\u00f6nnen.<\/li>\n<\/ul>\n<p>Huiyang Packaging hat es sich zur Aufgabe gemacht, hochwertige, kundenspezifische PVC-Schrumpffolienrollen anzubieten, die das Produktimage verbessern und die Wettbewerbsf\u00e4higkeit unserer Kunden steigern.<\/p>","protected":false},"featured_media":6001,"comment_status":"open","ping_status":"closed","template":"","meta":[],"product_brand":[],"product_cat":[53,84],"product_tag":[],"class_list":{"0":"post-6007","1":"product","2":"type-product","3":"status-publish","4":"has-post-thumbnail","6":"product_cat-packaging-film-supplier","7":"product_cat-shrink-sleeve-film","9":"first","10":"instock","11":"shipping-taxable","12":"product-type-simple"},"_links":{"self":[{"href":"https:\/\/www.hyflexpack.com\/de\/wp-json\/wp\/v2\/product\/6007","targetHints":{"allow":["GET"]}}],"collection":[{"href":"https:\/\/www.hyflexpack.com\/de\/wp-json\/wp\/v2\/product"}],"about":[{"href":"https:\/\/www.hyflexpack.com\/de\/wp-json\/wp\/v2\/types\/product"}],"replies":[{"embeddable":true,"href":"https:\/\/www.hyflexpack.com\/de\/wp-json\/wp\/v2\/comments?post=6007"}],"wp:featuredmedia":[{"embeddable":true,"href":"https:\/\/www.hyflexpack.com\/de\/wp-json\/wp\/v2\/media\/6001"}],"wp:attachment":[{"href":"https:\/\/www.hyflexpack.com\/de\/wp-json\/wp\/v2\/media?parent=6007"}],"wp:term":[{"taxonomy":"product_brand","embeddable":true,"href":"https:\/\/www.hyflexpack.com\/de\/wp-json\/wp\/v2\/product_brand?post=6007"},{"taxonomy":"product_cat","embeddable":true,"href":"https:\/\/www.hyflexpack.com\/de\/wp-json\/wp\/v2\/product_cat?post=6007"},{"taxonomy":"product_tag","embeddable":true,"href":"https:\/\/www.hyflexpack.com\/de\/wp-json\/wp\/v2\/product_tag?post=6007"}],"curies":[{"name":"wp","href":"https:\/\/api.w.org\/{rel}","templated":true}]}}