{"id":5911,"date":"2024-12-23T17:39:37","date_gmt":"2024-12-23T17:39:37","guid":{"rendered":"https:\/\/www.hyflexpack.com\/?post_type=product&#038;p=5911"},"modified":"2025-11-04T09:08:36","modified_gmt":"2025-11-04T09:08:36","slug":"custom-vacuum-packaging-bags-factory","status":"publish","type":"product","link":"https:\/\/www.hyflexpack.com\/de\/product\/custom-vacuum-packaging-bags-factory\/","title":{"rendered":"Benutzerdefinierte Kunststoff-Vakuum-Verpackung Beutel Flexible Pouch Fabrik"},"content":{"rendered":"<div class=\"wp-block-columns is-layout-flex wp-container-core-columns-is-layout-9d6595d7 wp-block-columns-is-layout-flex\">\n<div class=\"wp-block-column is-layout-flow wp-block-column-is-layout-flow\">\n<h3 class=\"wp-block-heading\">Merkmale von kundenspezifischen Vakuumverpackungsbeuteln aus Kunststoff<\/h3>\n\n\n\n<ul class=\"wp-block-list\">\n<li><strong>Vakuumverpackungsbeutel<\/strong>: Hochwertige Verpackungen f\u00fcr alle Arten von Waren, die Luft, Feuchtigkeit und Verunreinigungen ausschlie\u00dfen. Sie sind perfekt geeignet, um die Frische zu verl\u00e4ngern und die Waren in ausgezeichnetem Zustand zu halten.<\/li>\n<\/ul>\n\n\n\n<p><\/p>\n\n\n\n<ul class=\"wp-block-list\">\n<li><strong>Vakuumversiegelte Verpackungsbeutel<\/strong>: Diese Beutel wurden f\u00fcr maximale Vakuumanwendungen entwickelt und sorgen daf\u00fcr, dass verderbliche Waren l\u00e4nger frisch bleiben. Sie reduzieren auch den Abfall, verl\u00e4ngern die Haltbarkeit und minimieren den Lagerplatz.<\/li>\n<\/ul>\n\n\n\n<p><\/p>\n\n\n\n<ul class=\"wp-block-list\">\n<li><strong>Kunststoffbeutel f\u00fcr Vakuumverpackungen<\/strong>: Strapazierf\u00e4hige Kunststoff-Vakuumbeutel halten Produkte \u00fcber einen langen Zeitraum sicher und frisch. Diese Art der Verpackung ist ideal f\u00fcr verschiedene Branchen.<\/li>\n<\/ul>\n\n\n\n<p><\/p>\n\n\n\n<ul class=\"wp-block-list\">\n<li><strong>Vakuumverpackungsbeutel-L\u00f6sungen<\/strong>: Unsere Vakuumverpackungsbeutel sind in kundenspezifischen Gr\u00f6\u00dfen und Ausf\u00fchrungen erh\u00e4ltlich, die den spezifischen Verpackungsanforderungen entsprechen, um Zuverl\u00e4ssigkeit und Effizienz zu gew\u00e4hrleisten.<\/li>\n<\/ul>\n\n\n\n<p><\/p>\n\n\n\n<ul class=\"wp-block-list\">\n<li><strong>Kompatibel mit Beuteln von Vakuumverpackungsmaschinen<\/strong>: Unsere Beutel sind so konzipiert, dass sie perfekt mit einer Vakuumverpackungsmaschine zusammenarbeiten, um einen einfachen und kosteng\u00fcnstigen automatisierten Versiegelungsprozess zu erm\u00f6glichen.<\/li>\n<\/ul>\n\n\n\n<p><\/p>\n\n\n\n<ul class=\"wp-block-list\">\n<li><strong>Anpassbare Funktionen<\/strong>: Wir bieten flexible Beutel mit vollst\u00e4ndigen Anpassungsm\u00f6glichkeiten, einschlie\u00dflich Gr\u00f6\u00dfe, Farbe und Druck, um Ihren Marken- und Produktanforderungen gerecht zu werden.<\/li>\n<\/ul>\n\n\n\n<p><\/p>\n\n\n\n<ul class=\"wp-block-list\">\n<li><strong>Langlebig und platzsparend<\/strong>: Unsere Vakuumverpackungsbeutel sind leicht und dennoch stabil, bieten eine lange Haltbarkeit und sparen wertvollen Lagerplatz.<\/li>\n<\/ul>\n<\/div>\n\n\n\n<div class=\"wp-block-column is-layout-flow wp-block-column-is-layout-flow\">\n<figure class=\"wp-block-image size-full\"><img fetchpriority=\"high\" decoding=\"async\" width=\"750\" height=\"750\" src=\"https:\/\/www.hyflexpack.com\/wp-content\/uploads\/2024\/12\/Custom-Plastic-Vacuum-Packaging-Bag1.webp\" alt=\"Kundenspezifische Vakuumverpackungsbeutel aus Kunststoff\" class=\"wp-image-5861\" srcset=\"https:\/\/www.hyflexpack.com\/wp-content\/uploads\/2024\/12\/Custom-Plastic-Vacuum-Packaging-Bag1.webp 750w, https:\/\/www.hyflexpack.com\/wp-content\/uploads\/2024\/12\/Custom-Plastic-Vacuum-Packaging-Bag1-300x300.webp 300w, https:\/\/www.hyflexpack.com\/wp-content\/uploads\/2024\/12\/Custom-Plastic-Vacuum-Packaging-Bag1-150x150.webp 150w, https:\/\/www.hyflexpack.com\/wp-content\/uploads\/2024\/12\/Custom-Plastic-Vacuum-Packaging-Bag1-12x12.webp 12w, https:\/\/www.hyflexpack.com\/wp-content\/uploads\/2024\/12\/Custom-Plastic-Vacuum-Packaging-Bag1-285x285.webp 285w, https:\/\/www.hyflexpack.com\/wp-content\/uploads\/2024\/12\/Custom-Plastic-Vacuum-Packaging-Bag1-270x270.webp 270w, https:\/\/www.hyflexpack.com\/wp-content\/uploads\/2024\/12\/Custom-Plastic-Vacuum-Packaging-Bag1-540x540.webp 540w, https:\/\/www.hyflexpack.com\/wp-content\/uploads\/2024\/12\/Custom-Plastic-Vacuum-Packaging-Bag1-660x660.webp 660w\" sizes=\"(max-width: 750px) 100vw, 750px\" \/><\/figure>\n<\/div>\n<\/div>\n\n\n\n<h2 class=\"wp-block-heading\">Anwendungsszenarien f\u00fcr Vakuumverpackungsbeutel<\/h2>\n\n\n\n<p><\/p>\n\n\n\n<div class=\"wp-block-columns is-layout-flex wp-container-core-columns-is-layout-9d6595d7 wp-block-columns-is-layout-flex\">\n<div class=\"wp-block-column is-layout-flow wp-block-column-is-layout-flow\">\n<p><strong>Lebensmittelindustrie<\/strong> <\/p>\n\n\n\n<p>Vakuumverpackungsbeutel werden h\u00e4ufig f\u00fcr die Verpackung verschiedener Lebensmittel verwendet, z. B. f\u00fcr gefrorene und trockene Produkte, einschlie\u00dflich Snacks, Fleisch, Obst und Gem\u00fcse. Die Beutel sind in der Lage, Luft und Feuchtigkeit zu versiegeln, so dass Frische und Geschmack \u00fcber lange Zeit erhalten bleiben.<\/p>\n\n\n\n<p><strong>Verpackung von elektronischen Produkten<\/strong><\/p>\n\n\n\n<p>Geeignet f\u00fcr die Verpackung aller Arten von elektronischen Ger\u00e4ten und Peripherieger\u00e4ten, wie z. B. Handys, Computerzubeh\u00f6r und elektronische Teile. F\u00fcr die Vakuumkapselung gegen Feuchtigkeit und Staub, diese Sch\u00e4den sind auf die Umgebung zur\u00fcckzuf\u00fchren und k\u00f6nnen geheilt werden, um die Qualit\u00e4t des Produkts zu gew\u00e4hrleisten.<\/p>\n\n\n\n<p><strong>Verpackungen f\u00fcr Pharmazeutika und Gesundheitsprodukte<\/strong><\/p>\n\n\n\n<p>Wird f\u00fcr die Verpackung von Arzneimitteln, Vitaminen und Gesundheitsartikeln verwendet, um die M\u00f6glichkeit des Eindringens von Luft, Feuchtigkeit und anderen m\u00f6glichen Schadstoffen zu begrenzen und die Stabilit\u00e4t und G\u00fcltigkeit zu gew\u00e4hrleisten.<\/p>\n\n\n\n<p><strong>Startseite Produkte Verpackung<\/strong><\/p>\n\n\n\n<p>Verpackte Kleidung, Bettw\u00e4sche, Spielzeug und andere Gegenst\u00e4nde, bei denen es sich nicht um Lebensmittel handelt, k\u00f6nnen viel Platz einnehmen und vor Staub und Feuchtigkeit gesch\u00fctzt werden.<\/p>\n<\/div>\n<\/div>\n\n\n\n<h2 class=\"wp-block-heading\">Vakuumverpackungen Versandberatung<\/h2>\n\n\n\n<p><\/p>\n\n\n\n<p>Unber\u00fchrte Vakuumverpackungen: Beim Transport ist darauf zu achten, dass die Vakuumverpackungsbeutel nicht von scharfen Gegenst\u00e4nden durchstochen oder zerdr\u00fcckt werden. Die Empfehlung verwendet weiche Verpackungsmaterialien zur Verst\u00e4rkung.<\/p>\n\n\n\n<p>Vermeiden Sie hohe Temperaturen und Feuchtigkeit. Die Vakuumverpackung mit Materialien verhindert weitgehend, dass die Beutel besch\u00e4digt werden oder ein Produkt verdirbt. Vermeiden Sie daher Momente, in denen das Transportgut hohen Temperaturen und hoher Luftfeuchtigkeit ausgesetzt war.<\/p>\n\n\n\n<p>Lagerungsbedingungen: W\u00e4hrend des Transports sollten die Beutel so trocken und k\u00fchl wie m\u00f6glich gelagert werden, damit sie nicht dem Sonnenlicht und einem feuchten Klima ausgesetzt sind.<\/p>\n\n\n\n<p>Transport: F\u00fcr gro\u00dfe Partien oder Produkte, die leicht besch\u00e4digt werden k\u00f6nnen, muss in der Regel eine spezielle Frachtverpackung vorgesehen werden, die gew\u00e4hrleistet, dass sie w\u00e4hrend des Transports nicht zerdr\u00fcckt werden.<\/p>","protected":false},"excerpt":{"rendered":"<p>Erfahren Sie mehr \u00fcber unsere kundenspezifischen Kunststoff-Vakuumverpackungsbeutel, f\u00fcr die in der Regel hochwertige Kunststoffmaterialien wie PET, Nylon, PE oder mehrschichtige Verbundstrukturen aus diesen Materialien verwendet werden, um sicherzustellen, dass der Beutel eine gute mechanische Festigkeit, Barriereeigenschaften und Hei\u00dfsiegeleigenschaften aufweist. Durch die Verringerung der Auswirkungen von Oxidation und Feuchtigkeit wird die Haltbarkeit des Inhalts erheblich verl\u00e4ngert. Vakuumverpackungen k\u00f6nnen das Verpackungsvolumen erheblich reduzieren und die Kosten f\u00fcr Lagerhaltung und Logistik optimieren. Wenden Sie sich noch heute an uns, um ein Angebot zu erhalten. Wir bieten umweltfreundliche und hochwertige Verpackungsl\u00f6sungen aus einer Hand.<\/p>\n<h2>Vorteile von <a href=\"https:\/\/en.wikipedia.org\/wiki\/Vacuum_packing\"><strong>Vakuum-Verpackung<\/strong><\/a> Anbieter<\/h2>\n<ul>\n<li>Kundenspezifisches Design: Wir bieten kundenspezifische Dienstleistungen f\u00fcr Vakuumverpackungsbeutel an, einschlie\u00dflich der Anpassung von Material, Gr\u00f6\u00dfe und Druckmuster an die Bed\u00fcrfnisse des Kunden. <a href=\"https:\/\/www.hyflexpack.com\/de\/kundenspezifische-flexible-verpackungen\/\"><strong>Unterst\u00fctzung OEM\/ODM<\/strong><\/a>.<\/li>\n<li>Herstellung: Mit fortschrittlicher Ausr\u00fcstung und Technologie k\u00f6nnen wir Auftr\u00e4ge effizient und mit hoher Qualit\u00e4t produzieren und p\u00fcnktlich liefern.<\/li>\n<li>Qualit\u00e4tskontrolle: Die Produktion erfolgt unter strenger Einhaltung der Qualit\u00e4tsnormen und der Anforderungen an die Lebensmittelsicherheit, um sicherzustellen, dass die Produkte den Normen entsprechen.<\/li>\n<li>Kundenbetreuung: Schneller und durchdachter Kundendienst 24 Stunden am Tag.<\/li>\n<li>Kostenlose Probe: Bieten Sie einen kostenlosen Musterservice an, damit Sie das Produkt bewerten k\u00f6nnen.\u00a0<\/li>\n<\/ul>","protected":false},"featured_media":5861,"comment_status":"open","ping_status":"closed","template":"","meta":[],"product_brand":[],"product_cat":[51,108],"product_tag":[],"class_list":{"0":"post-5911","1":"product","2":"type-product","3":"status-publish","4":"has-post-thumbnail","6":"product_cat-custom-food-packaging-bags","7":"product_cat-vacuum-pouches-wholesale","9":"first","10":"instock","11":"shipping-taxable","12":"product-type-simple"},"_links":{"self":[{"href":"https:\/\/www.hyflexpack.com\/de\/wp-json\/wp\/v2\/product\/5911","targetHints":{"allow":["GET"]}}],"collection":[{"href":"https:\/\/www.hyflexpack.com\/de\/wp-json\/wp\/v2\/product"}],"about":[{"href":"https:\/\/www.hyflexpack.com\/de\/wp-json\/wp\/v2\/types\/product"}],"replies":[{"embeddable":true,"href":"https:\/\/www.hyflexpack.com\/de\/wp-json\/wp\/v2\/comments?post=5911"}],"wp:featuredmedia":[{"embeddable":true,"href":"https:\/\/www.hyflexpack.com\/de\/wp-json\/wp\/v2\/media\/5861"}],"wp:attachment":[{"href":"https:\/\/www.hyflexpack.com\/de\/wp-json\/wp\/v2\/media?parent=5911"}],"wp:term":[{"taxonomy":"product_brand","embeddable":true,"href":"https:\/\/www.hyflexpack.com\/de\/wp-json\/wp\/v2\/product_brand?post=5911"},{"taxonomy":"product_cat","embeddable":true,"href":"https:\/\/www.hyflexpack.com\/de\/wp-json\/wp\/v2\/product_cat?post=5911"},{"taxonomy":"product_tag","embeddable":true,"href":"https:\/\/www.hyflexpack.com\/de\/wp-json\/wp\/v2\/product_tag?post=5911"}],"curies":[{"name":"wp","href":"https:\/\/api.w.org\/{rel}","templated":true}]}}