{"id":5891,"date":"2024-12-22T16:07:40","date_gmt":"2024-12-22T16:07:40","guid":{"rendered":"https:\/\/www.hyflexpack.com\/?post_type=product&#038;p=5891"},"modified":"2025-10-23T08:21:16","modified_gmt":"2025-10-23T08:21:16","slug":"custom-popcorn-packaging-bag-supplier","status":"publish","type":"product","link":"https:\/\/www.hyflexpack.com\/de\/product\/custom-popcorn-packaging-bag-supplier\/","title":{"rendered":"Benutzerdefinierte Popcorn-Verpackung Tasche Transparente Mylar-Taschen Lieferant"},"content":{"rendered":"<div class=\"wp-block-columns is-layout-flex wp-container-core-columns-is-layout-9d6595d7 wp-block-columns-is-layout-flex\">\n<div class=\"wp-block-column is-layout-flow wp-block-column-is-layout-flow\">\n<h3 class=\"wp-block-heading\">Features of Custom Popcorn Packaging Bag<\/h3>\n\n\n\n<ul class=\"wp-block-list\">\n<li><strong>Custom popcorn packaging design with your logo, brand color, and graphics to increase the appearance in stores and give consumers confidence in your brand.<\/strong><\/li>\n\n\n\n<li><strong>Premium Mylar Material<\/strong>: This keeps the freshness and crunchiness of the popcorn inside by effectively blocking moisture, air, and light. The material is durable, tear-resistant, and heat-sealable to keep your custom popcorn packaging intact during storage and transport.<\/li>\n\n\n\n<li><strong>Resealable to Keep It Fresh<\/strong>: Features a resealable zipper or heat-sealable closure that keeps popcorn fresh when opened for customer convenience.<\/li>\n\n\n\n<li><strong>Premium Visual Appeal<\/strong>: The smooth, glossy surface of the clear Mylar bag gives your popcorn a textured look, enticing customers to purchase your product. The clear window design lets your product be visible while maintaining package integrity.<\/li>\n\n\n\n<li><strong>Variety of Eco-Friendly Options<\/strong>: From single-serve packaging to bulk popcorn packaging, the packaging is available in almost all sizes. Eco-friendly material options for businesses seeking greener popcorn packaging solutions.<\/li>\n\n\n\n<li><strong>Light and space-saving<\/strong>: the flexible lightweight design saves on storage space; therefore, your custom popcorn packaging is easier to transport.<\/li>\n<\/ul>\n<\/div>\n\n\n\n<div class=\"wp-block-column is-layout-flow wp-block-column-is-layout-flow\">\n<figure class=\"wp-block-image size-full\"><img fetchpriority=\"high\" decoding=\"async\" width=\"750\" height=\"750\" src=\"https:\/\/www.hyflexpack.com\/wp-content\/uploads\/2024\/12\/Custom-Popcorn-Packaging-Bag1.webp\" alt=\"Individuelle Popcorn-Verpackungst\u00fcte\" class=\"wp-image-5881\" srcset=\"https:\/\/www.hyflexpack.com\/wp-content\/uploads\/2024\/12\/Custom-Popcorn-Packaging-Bag1.webp 750w, https:\/\/www.hyflexpack.com\/wp-content\/uploads\/2024\/12\/Custom-Popcorn-Packaging-Bag1-300x300.webp 300w, https:\/\/www.hyflexpack.com\/wp-content\/uploads\/2024\/12\/Custom-Popcorn-Packaging-Bag1-150x150.webp 150w, https:\/\/www.hyflexpack.com\/wp-content\/uploads\/2024\/12\/Custom-Popcorn-Packaging-Bag1-12x12.webp 12w, https:\/\/www.hyflexpack.com\/wp-content\/uploads\/2024\/12\/Custom-Popcorn-Packaging-Bag1-285x285.webp 285w, https:\/\/www.hyflexpack.com\/wp-content\/uploads\/2024\/12\/Custom-Popcorn-Packaging-Bag1-270x270.webp 270w, https:\/\/www.hyflexpack.com\/wp-content\/uploads\/2024\/12\/Custom-Popcorn-Packaging-Bag1-540x540.webp 540w, https:\/\/www.hyflexpack.com\/wp-content\/uploads\/2024\/12\/Custom-Popcorn-Packaging-Bag1-660x660.webp 660w\" sizes=\"(max-width: 750px) 100vw, 750px\" \/><\/figure>\n<\/div>\n<\/div>\n\n\n\n<p><\/p>","protected":false},"excerpt":{"rendered":"<p>Learn about our custom popcorn packaging bag, which is made of highly transparent film, which can clearly show the internal products and increase the desire to buy. Contact us today for a quote. We are committed to providing one-stop environmentally friendly and high-quality packaging solutions.<\/p>\n<h3>Advantages of Popcorn Packaging Bag Supplier<\/h3>\n<p>\u25cfCustomized design: We provide customized packaging bag services, including material, size, and printing pattern customization to meet customer needs, and <a href=\"https:\/\/www.hyflexpack.com\/de\/kundenspezifische-flexible-verpackungen\/\"><strong>Unterst\u00fctzung von OEM und ODM<\/strong><\/a>.<\/p>\n<p>\u25cfHerstellung: Mit fortschrittlicher Ausr\u00fcstung und Technologie k\u00f6nnen wir die Auftragsproduktion effizient und mit hoher Qualit\u00e4t durchf\u00fchren und p\u00fcnktlich liefern.<\/p>\n<p>\u25cfQualit\u00e4tskontrolle: Die Produktion erfolgt unter strenger Einhaltung der Qualit\u00e4tsstandards und der Anforderungen an die Lebensmittelsicherheit, um sicherzustellen, dass die Produkte den Standards entsprechen.<\/p>\n<p>\u25cfKundendienst: Bieten Sie 24 Stunden am Tag schnelle Antwort und aufmerksamen Kundendienst.<\/p>\n<p>\u25cfFree sample: Provide free sample service for you to evaluate the product\u00a0<\/p>","protected":false},"featured_media":5881,"comment_status":"open","ping_status":"closed","template":"","meta":[],"product_brand":[],"product_cat":[57],"product_tag":[],"class_list":{"0":"post-5891","1":"product","2":"type-product","3":"status-publish","4":"has-post-thumbnail","6":"product_cat-snack-packaging-bags-wholesale","8":"first","9":"instock","10":"shipping-taxable","11":"product-type-simple"},"_links":{"self":[{"href":"https:\/\/www.hyflexpack.com\/de\/wp-json\/wp\/v2\/product\/5891","targetHints":{"allow":["GET"]}}],"collection":[{"href":"https:\/\/www.hyflexpack.com\/de\/wp-json\/wp\/v2\/product"}],"about":[{"href":"https:\/\/www.hyflexpack.com\/de\/wp-json\/wp\/v2\/types\/product"}],"replies":[{"embeddable":true,"href":"https:\/\/www.hyflexpack.com\/de\/wp-json\/wp\/v2\/comments?post=5891"}],"wp:featuredmedia":[{"embeddable":true,"href":"https:\/\/www.hyflexpack.com\/de\/wp-json\/wp\/v2\/media\/5881"}],"wp:attachment":[{"href":"https:\/\/www.hyflexpack.com\/de\/wp-json\/wp\/v2\/media?parent=5891"}],"wp:term":[{"taxonomy":"product_brand","embeddable":true,"href":"https:\/\/www.hyflexpack.com\/de\/wp-json\/wp\/v2\/product_brand?post=5891"},{"taxonomy":"product_cat","embeddable":true,"href":"https:\/\/www.hyflexpack.com\/de\/wp-json\/wp\/v2\/product_cat?post=5891"},{"taxonomy":"product_tag","embeddable":true,"href":"https:\/\/www.hyflexpack.com\/de\/wp-json\/wp\/v2\/product_tag?post=5891"}],"curies":[{"name":"wp","href":"https:\/\/api.w.org\/{rel}","templated":true}]}}