{"id":5852,"date":"2024-12-24T06:15:55","date_gmt":"2024-12-24T06:15:55","guid":{"rendered":"https:\/\/www.hyflexpack.com\/?post_type=product&#038;p=5852"},"modified":"2025-10-23T08:18:19","modified_gmt":"2025-10-23T08:18:19","slug":"custom-oatmeal-packaging-bag","status":"publish","type":"product","link":"https:\/\/www.hyflexpack.com\/de\/product\/custom-oatmeal-packaging-bag\/","title":{"rendered":"Individuell bedruckte Haferflocken-Verpackungstasche, Verbundwerkstoff-Verpackung f\u00fcr Lebensmittel"},"content":{"rendered":"<div class=\"wp-block-columns is-layout-flex wp-container-core-columns-is-layout-9d6595d7 wp-block-columns-is-layout-flex\">\n<div class=\"wp-block-column is-layout-flow wp-block-column-is-layout-flow\">\n<h2 class=\"wp-block-heading\">Merkmale der individuellen Haferflockenverpackung<\/h2>\n\n\n\n<ul class=\"wp-block-list\">\n<li><strong>Individuell bedruckte Haferflocken-Verpackungst\u00fcten<\/strong>: Diese Taschen sind vollst\u00e4ndig anpassbar mit hochqualitativen Aufdrucken Ihrer Marke und Produktinformation. Sie sind perfekt, um die Aufmerksamkeit der Kunden schon im Ladenregal auf sich zu ziehen.<\/li>\n\n\n\n<li><strong>Stand Up Pouch Design<\/strong>: Das Format des Standbeutels bietet mehr Stabilit\u00e4t und die M\u00f6glichkeit, ihn aufrecht zu stellen, aufzubewahren, auszustellen und auf ihn zuzugreifen.<\/li>\n\n\n\n<li><strong>Premium-Verbundverpackungen f\u00fcr Lebensmittel<\/strong>: Das Verpackungsmaterial aus Fadenverbundstoff bietet einen hervorragenden Schutz vor Feuchtigkeit, Luft und Licht und h\u00e4lt Ihre Haferflocken \u00fcber einen l\u00e4ngeren Zeitraum frisch.<\/li>\n\n\n\n<li><strong>Umweltvertr\u00e4gliche Optionen<\/strong>: Sie werden in nachhaltigen, recycelbaren oder biologisch abbaubaren Materialien angeboten, um eine umweltfreundliche Verpackung zu unterst\u00fctzen.<\/li>\n\n\n\n<li><strong>Wiederverschlie\u00dfbarer Verschluss<\/strong>: Wiederverschlie\u00dfbare Rei\u00dfverschl\u00fcsse oder Deckelverschl\u00fcsse halten die Haferflocken nach dem \u00d6ffnen frisch und bieten dem Verbraucher mehr Komfort.<\/li>\n\n\n\n<li><strong>Langlebig &amp; auslaufsicher<\/strong>: Widersteht rauer Behandlung w\u00e4hrend des Transports, h\u00e4lt dicht und verhindert Leckagen.<\/li>\n\n\n\n<li><strong>Hei\u00dfsiegelf\u00e4hig<\/strong>: Diese Standbeutel eignen sich perfekt zum Hei\u00dfsiegeln, wodurch das Produkt im Inneren gut gesch\u00fctzt und f\u00e4lschungssicher ist.<\/li>\n\n\n\n<li><strong>Lebensmittelsichere Tinte<\/strong>: Gedruckt mit ungiftigen, lebensmittelechten Farben, die f\u00fcr den direkten Kontakt mit Haferflocken und anderen Lebensmitteln geeignet sind.<\/li>\n\n\n\n<li><strong>Gr\u00f6\u00dfe und Form<\/strong>: Es sind verschiedene Gr\u00f6\u00dfen erh\u00e4ltlich, um eine breite Palette von Verpackungsanforderungen f\u00fcr Haferflockenprodukte abzudecken.<\/li>\n<\/ul>\n<\/div>\n\n\n\n<div class=\"wp-block-column is-layout-flow wp-block-column-is-layout-flow\">\n<figure class=\"wp-block-image size-full\"><img fetchpriority=\"high\" decoding=\"async\" width=\"750\" height=\"750\" src=\"https:\/\/www.hyflexpack.com\/wp-content\/uploads\/2024\/12\/Custom-Oatmeal-Packaging-Bag\uff081\uff09.webp\" alt=\"Individuelle Haferflocken-Verpackungst\u00fcte\" class=\"wp-image-5830\" srcset=\"https:\/\/www.hyflexpack.com\/wp-content\/uploads\/2024\/12\/Custom-Oatmeal-Packaging-Bag\uff081\uff09.webp 750w, https:\/\/www.hyflexpack.com\/wp-content\/uploads\/2024\/12\/Custom-Oatmeal-Packaging-Bag\uff081\uff09-300x300.webp 300w, https:\/\/www.hyflexpack.com\/wp-content\/uploads\/2024\/12\/Custom-Oatmeal-Packaging-Bag\uff081\uff09-150x150.webp 150w, https:\/\/www.hyflexpack.com\/wp-content\/uploads\/2024\/12\/Custom-Oatmeal-Packaging-Bag\uff081\uff09-12x12.webp 12w, https:\/\/www.hyflexpack.com\/wp-content\/uploads\/2024\/12\/Custom-Oatmeal-Packaging-Bag\uff081\uff09-285x285.webp 285w, https:\/\/www.hyflexpack.com\/wp-content\/uploads\/2024\/12\/Custom-Oatmeal-Packaging-Bag\uff081\uff09-270x270.webp 270w, https:\/\/www.hyflexpack.com\/wp-content\/uploads\/2024\/12\/Custom-Oatmeal-Packaging-Bag\uff081\uff09-540x540.webp 540w, https:\/\/www.hyflexpack.com\/wp-content\/uploads\/2024\/12\/Custom-Oatmeal-Packaging-Bag\uff081\uff09-660x660.webp 660w\" sizes=\"(max-width: 750px) 100vw, 750px\" \/><\/figure>\n<\/div>\n<\/div>\n\n\n\n<p><\/p>","protected":false},"excerpt":{"rendered":"<p>Unsere ma\u00dfgefertigten Haferflocken-Verpackungsbeutel werden aus mehrschichtigen Verbundmaterialien wie PET, AL, NY und PE hergestellt und bieten eine hervorragende Feuchtigkeits-, Sauerstoff- und Lichtbarriere, damit der Hafer frisch bleibt. Das Design des Standbeutels sorgt f\u00fcr Stabilit\u00e4t in den Regalen und eine bessere Pr\u00e4sentation. Wenden Sie sich noch heute an uns, um ein Angebot f\u00fcr hochwertige, umweltfreundliche Verpackungsl\u00f6sungen zu erhalten.<\/p>\n<h2>Vorteile einer individuellen Haferflockenverpackung<\/h2>\n<ul>\n<li><strong>Kundenspezifisches Design<\/strong>: Wir bieten kundenspezifische Anpassung, einschlie\u00dflich Material, Gr\u00f6\u00dfe und Druckmuster, um die Bed\u00fcrfnisse der Kunden zu erf\u00fcllen, und <a href=\"https:\/\/www.hyflexpack.com\/de\/kundenspezifische-flexible-verpackungen\/\"><strong>Unterst\u00fctzung von OEM und ODM<\/strong><\/a>.<\/li>\n<li><strong>Herstellung<\/strong>: Mit fortschrittlicher Ausr\u00fcstung und Technologie k\u00f6nnen wir die Auftragsfertigung mit hoher Effizienz und hoher Qualit\u00e4t durchf\u00fchren und p\u00fcnktlich liefern.<\/li>\n<li><strong>Qualit\u00e4tskontrolle<\/strong>: Strenge Einhaltung der Qualit\u00e4tsstandards und der Anforderungen an die Lebensmittelsicherheit bei der Produktion, um sicherzustellen, dass die Produkte den Standards entsprechen.<\/li>\n<li><strong>Kundenbetreuung<\/strong>24 Stunden, um eine rasche Reaktion und eine aufmerksame Kundenbetreuung zu gew\u00e4hrleisten.<\/li>\n<li><strong>Kostenlose Probe<\/strong>\uff1a Wir bieten Ihnen einen kostenlosen Musterservice, damit Sie die Produkte bewerten k\u00f6nnen.<\/li>\n<\/ul>","protected":false},"featured_media":5830,"comment_status":"open","ping_status":"closed","template":"","meta":[],"product_brand":[],"product_cat":[97],"product_tag":[],"class_list":{"0":"post-5852","1":"product","2":"type-product","3":"status-publish","4":"has-post-thumbnail","6":"product_cat-cereal-packaging-bags","8":"first","9":"instock","10":"shipping-taxable","11":"product-type-simple"},"_links":{"self":[{"href":"https:\/\/www.hyflexpack.com\/de\/wp-json\/wp\/v2\/product\/5852","targetHints":{"allow":["GET"]}}],"collection":[{"href":"https:\/\/www.hyflexpack.com\/de\/wp-json\/wp\/v2\/product"}],"about":[{"href":"https:\/\/www.hyflexpack.com\/de\/wp-json\/wp\/v2\/types\/product"}],"replies":[{"embeddable":true,"href":"https:\/\/www.hyflexpack.com\/de\/wp-json\/wp\/v2\/comments?post=5852"}],"wp:featuredmedia":[{"embeddable":true,"href":"https:\/\/www.hyflexpack.com\/de\/wp-json\/wp\/v2\/media\/5830"}],"wp:attachment":[{"href":"https:\/\/www.hyflexpack.com\/de\/wp-json\/wp\/v2\/media?parent=5852"}],"wp:term":[{"taxonomy":"product_brand","embeddable":true,"href":"https:\/\/www.hyflexpack.com\/de\/wp-json\/wp\/v2\/product_brand?post=5852"},{"taxonomy":"product_cat","embeddable":true,"href":"https:\/\/www.hyflexpack.com\/de\/wp-json\/wp\/v2\/product_cat?post=5852"},{"taxonomy":"product_tag","embeddable":true,"href":"https:\/\/www.hyflexpack.com\/de\/wp-json\/wp\/v2\/product_tag?post=5852"}],"curies":[{"name":"wp","href":"https:\/\/api.w.org\/{rel}","templated":true}]}}