{"id":5851,"date":"2024-12-25T06:22:33","date_gmt":"2024-12-25T06:22:33","guid":{"rendered":"https:\/\/www.hyflexpack.com\/?post_type=product&#038;p=5851"},"modified":"2025-10-23T08:17:59","modified_gmt":"2025-10-23T08:17:59","slug":"printed-tortilla-packaging-bag-factory","status":"publish","type":"product","link":"https:\/\/www.hyflexpack.com\/de\/product\/printed-tortilla-packaging-bag-factory\/","title":{"rendered":"Bedruckte Tortilla-Verpackungen Standbodenbeutel mit Klarsichtfenster Hersteller"},"content":{"rendered":"<div class=\"wp-block-columns is-layout-flex wp-container-core-columns-is-layout-9d6595d7 wp-block-columns-is-layout-flex\">\n<div class=\"wp-block-column is-layout-flow wp-block-column-is-layout-flow\">\n<h2 class=\"wp-block-heading\">Eigenschaften von bedruckten Tortillaverpackungen Hersteller<\/h2>\n\n\n\n<p><\/p>\n\n\n\n<p><strong>Transparentes Fensterdesign<\/strong>: Unsere Tortilla-Verpackungen haben ein durchsichtiges Fenster, durch das die Kunden die frischen Tortillas im Inneren sehen k\u00f6nnen, was die Attraktivit\u00e4t der Regale erh\u00f6ht.<\/p>\n\n\n\n<p><strong>Hochwertige Materialien<\/strong>: Aus lebensmittelechtem, mehrschichtigem Verbundmaterial hergestellt, bieten diese kundenspezifischen Standbeutel eine hervorragende Feuchtigkeitsbest\u00e4ndigkeit und gew\u00e4hrleisten Frische und Geschmackserhalt.<\/p>\n\n\n\n<p><strong>Stehendes Design<\/strong>: Die robuste Struktur sorgt daf\u00fcr, dass der Beutel aufrecht im Regal steht, wodurch die Effizienz der Pr\u00e4sentation maximiert und Lagerplatz gespart wird.<\/p>\n\n\n\n<p><strong>Hochwertiger Druck<\/strong>: Individuell anpassbare Druckoptionen pr\u00e4sentieren ein lebendiges Branding, Logos und Produktinformationen und erh\u00f6hen den Wiedererkennungswert und die Marktwirkung.<\/p>\n\n\n\n<p><strong>Hervorragende Siegelf\u00e4higkeit<\/strong>: Hei\u00dfsiegelf\u00e4hige Verschl\u00fcsse bieten einen luftdichten Verschluss, verl\u00e4ngern die Haltbarkeit und sch\u00fctzen die Tortillas vor Verunreinigungen.<\/p>\n\n\n\n<p><strong>Anpassbare Gr\u00f6\u00dfen<\/strong>: Diese ma\u00dfgeschneiderten Standbeutel sind in verschiedenen Gr\u00f6\u00dfen erh\u00e4ltlich und eignen sich perfekt f\u00fcr Einzelportionen oder lose Tortilla-Verpackungen.<\/p>\n<\/div>\n\n\n\n<div class=\"wp-block-column is-layout-flow wp-block-column-is-layout-flow\">\n<figure class=\"wp-block-image size-full\"><img fetchpriority=\"high\" decoding=\"async\" width=\"750\" height=\"750\" src=\"https:\/\/www.hyflexpack.com\/wp-content\/uploads\/2024\/12\/Printed-Tortilla-Packaging-Bag-Manufacturer-\uff081\uff09.webp\" alt=\"Bedruckte Tortilla-Verpackungstasche Hersteller\" class=\"wp-image-5844\" srcset=\"https:\/\/www.hyflexpack.com\/wp-content\/uploads\/2024\/12\/Printed-Tortilla-Packaging-Bag-Manufacturer-\uff081\uff09.webp 750w, https:\/\/www.hyflexpack.com\/wp-content\/uploads\/2024\/12\/Printed-Tortilla-Packaging-Bag-Manufacturer-\uff081\uff09-300x300.webp 300w, https:\/\/www.hyflexpack.com\/wp-content\/uploads\/2024\/12\/Printed-Tortilla-Packaging-Bag-Manufacturer-\uff081\uff09-150x150.webp 150w, https:\/\/www.hyflexpack.com\/wp-content\/uploads\/2024\/12\/Printed-Tortilla-Packaging-Bag-Manufacturer-\uff081\uff09-12x12.webp 12w, https:\/\/www.hyflexpack.com\/wp-content\/uploads\/2024\/12\/Printed-Tortilla-Packaging-Bag-Manufacturer-\uff081\uff09-285x285.webp 285w, https:\/\/www.hyflexpack.com\/wp-content\/uploads\/2024\/12\/Printed-Tortilla-Packaging-Bag-Manufacturer-\uff081\uff09-270x270.webp 270w, https:\/\/www.hyflexpack.com\/wp-content\/uploads\/2024\/12\/Printed-Tortilla-Packaging-Bag-Manufacturer-\uff081\uff09-540x540.webp 540w, https:\/\/www.hyflexpack.com\/wp-content\/uploads\/2024\/12\/Printed-Tortilla-Packaging-Bag-Manufacturer-\uff081\uff09-660x660.webp 660w\" sizes=\"(max-width: 750px) 100vw, 750px\" \/><\/figure>\n<\/div>\n<\/div>\n\n\n\n<p><\/p>","protected":false},"excerpt":{"rendered":"<p>Entdecken Sie unsere Tortilla-Verpackungen in ma\u00dfgeschneiderten Standbeuteln mit Klarsichtfenstern, lebendigem Druck und umweltfreundlichen Materialien. Kontaktieren Sie uns noch heute f\u00fcr ein kostenloses Muster!<\/p>\n<h3>Vorteile des Lieferanten von Tortilla-Verpackungen<\/h3>\n<ul>\n<li><strong>Kundenspezifisches Design<\/strong>: Wir bieten kundenspezifische Material-, Gr\u00f6\u00dfen- und Druckmusteranpassungen an, um die Bed\u00fcrfnisse der Kunden zu erf\u00fcllen, und\u00a0<a href=\"https:\/\/www.hyflexpack.com\/de\/kundenspezifische-flexible-verpackungen\/\"><strong>Unterst\u00fctzung von OEM und ODM<\/strong><\/a>.<\/li>\n<li><strong>Herstellung<\/strong>: Dank fortschrittlicher Ausr\u00fcstung und Technologie sind wir in der Lage, die Produktion von Auftr\u00e4gen mit hoher Effizienz und Qualit\u00e4t durchzuf\u00fchren und p\u00fcnktlich zu liefern.<\/li>\n<li><strong>Qualit\u00e4tskontrolle<\/strong>: Strenge Einhaltung der Qualit\u00e4tsstandards und der Anforderungen an die Lebensmittelsicherheit, um sicherzustellen, dass die Produkte den Standards entsprechen.<\/li>\n<li><strong>Team Technische Unterst\u00fctzung<\/strong>: Unser Team verf\u00fcgt \u00fcber reiche Branchenerfahrung und Fachkenntnisse und kann unseren Kunden technische Unterst\u00fctzung und einen 24-Stunden-Beratungsservice bieten.<\/li>\n<li><strong>Kostenlose Probe<\/strong>: Wir bieten Ihnen einen kostenlosen Musterservice, damit Sie die Produkte bewerten k\u00f6nnen.<\/li>\n<\/ul>","protected":false},"featured_media":5844,"comment_status":"open","ping_status":"closed","template":"","meta":[],"product_brand":[],"product_cat":[57],"product_tag":[],"class_list":{"0":"post-5851","1":"product","2":"type-product","3":"status-publish","4":"has-post-thumbnail","6":"product_cat-snack-packaging-bags-wholesale","8":"first","9":"instock","10":"shipping-taxable","11":"product-type-simple"},"_links":{"self":[{"href":"https:\/\/www.hyflexpack.com\/de\/wp-json\/wp\/v2\/product\/5851","targetHints":{"allow":["GET"]}}],"collection":[{"href":"https:\/\/www.hyflexpack.com\/de\/wp-json\/wp\/v2\/product"}],"about":[{"href":"https:\/\/www.hyflexpack.com\/de\/wp-json\/wp\/v2\/types\/product"}],"replies":[{"embeddable":true,"href":"https:\/\/www.hyflexpack.com\/de\/wp-json\/wp\/v2\/comments?post=5851"}],"wp:featuredmedia":[{"embeddable":true,"href":"https:\/\/www.hyflexpack.com\/de\/wp-json\/wp\/v2\/media\/5844"}],"wp:attachment":[{"href":"https:\/\/www.hyflexpack.com\/de\/wp-json\/wp\/v2\/media?parent=5851"}],"wp:term":[{"taxonomy":"product_brand","embeddable":true,"href":"https:\/\/www.hyflexpack.com\/de\/wp-json\/wp\/v2\/product_brand?post=5851"},{"taxonomy":"product_cat","embeddable":true,"href":"https:\/\/www.hyflexpack.com\/de\/wp-json\/wp\/v2\/product_cat?post=5851"},{"taxonomy":"product_tag","embeddable":true,"href":"https:\/\/www.hyflexpack.com\/de\/wp-json\/wp\/v2\/product_tag?post=5851"}],"curies":[{"name":"wp","href":"https:\/\/api.w.org\/{rel}","templated":true}]}}