{"id":5847,"date":"2024-12-21T09:40:39","date_gmt":"2024-12-21T09:40:39","guid":{"rendered":"https:\/\/www.hyflexpack.com\/?post_type=product&#038;p=5847"},"modified":"2025-10-23T08:44:51","modified_gmt":"2025-10-23T08:44:51","slug":"custom-granola-packaging-bag","status":"publish","type":"product","link":"https:\/\/www.hyflexpack.com\/de\/product\/custom-granola-packaging-bag\/","title":{"rendered":"Benutzerdefinierte Granola Verpackung Tasche mit kreativen Fenster Stand Up Pouch Lieferant"},"content":{"rendered":"<div class=\"wp-block-columns is-layout-flex wp-container-core-columns-is-layout-9d6595d7 wp-block-columns-is-layout-flex\">\n<div class=\"wp-block-column is-layout-flow wp-block-column-is-layout-flow\">\n<h3 class=\"wp-block-heading\">Merkmale der kundenspezifischen M\u00fcsliverpackungst\u00fcte<\/h3>\n\n\n\n<p><strong>Kreatives Verpackungsdesign f\u00fcr M\u00fcsli<\/strong>:<\/p>\n\n\n\n<ul class=\"wp-block-list\">\n<li>Transparente Fenster erm\u00f6glichen es den Kunden, das M\u00fcsli zu sehen, was die visuelle Attraktivit\u00e4t erh\u00f6ht und das Vertrauen in das Produkt st\u00e4rkt.<\/li>\n\n\n\n<li>Anpassbare Stile und Grafiken zur Anpassung an Ihre Markenidentit\u00e4t.<\/li>\n<\/ul>\n\n\n\n<p><strong>Langlebiges und sicheres Material<\/strong>:<\/p>\n\n\n\n<ul class=\"wp-block-list\">\n<li>Hergestellt aus hochwertigen, lebensmittelechten Materialien mit hervorragenden Barriereeigenschaften, die das M\u00fcsli vor Feuchtigkeit, Luft und Ger\u00fcchen sch\u00fctzen.<\/li>\n\n\n\n<li>Bietet ein professionelles, ausgefeiltes Aussehen, das Premiumprodukte erg\u00e4nzt. <strong>M\u00fcsli-Verpackung<\/strong>.<\/li>\n<\/ul>\n\n\n\n<p><strong>Struktur der Stehbeutel<\/strong>:<\/p>\n\n\n\n<ul class=\"wp-block-list\">\n<li>Eine verst\u00e4rkte Bodenfalte sorgt f\u00fcr Stabilit\u00e4t und erm\u00f6glicht eine bessere Pr\u00e4sentation im Regal und eine praktische Aufbewahrung.<\/li>\n\n\n\n<li>Perfekt f\u00fcr <strong>individuelle M\u00fcsli-Verpackung<\/strong> im Einzelhandel und im elektronischen Gesch\u00e4ftsverkehr.<\/li>\n<\/ul>\n\n\n\n<p><strong>Wiederverschlie\u00dfbar Praktisch<\/strong>:<\/p>\n\n\n\n<ul class=\"wp-block-list\">\n<li>Ausgestattet mit Zip-Lock-Verschl\u00fcssen, die das M\u00fcsli l\u00e4nger frisch halten und den Verbrauchern eine einfache Handhabung erm\u00f6glichen.<\/li>\n<\/ul>\n\n\n\n<p><strong>Umweltvertr\u00e4gliche Optionen<\/strong>:<\/p>\n\n\n\n<ul class=\"wp-block-list\">\n<li>W\u00e4hlen Sie recycelbare oder biologisch abbaubare Materialien, um eine nachhaltige <strong>M\u00fcsli-Verpackung<\/strong> L\u00f6sungen.<\/li>\n<\/ul>\n\n\n\n<p><strong>Vielseitige Anwendungen<\/strong>:<\/p>\n\n\n\n<ul class=\"wp-block-list\">\n<li>Ideal f\u00fcr M\u00fcsli, Studentenfutter, N\u00fcsse und andere Trockenfutterprodukte.<\/li>\n<\/ul>\n<\/div>\n\n\n\n<div class=\"wp-block-column is-layout-flow wp-block-column-is-layout-flow\">\n<figure class=\"wp-block-image size-full\"><img fetchpriority=\"high\" decoding=\"async\" width=\"750\" height=\"750\" src=\"https:\/\/www.hyflexpack.com\/wp-content\/uploads\/2024\/12\/Custom-Plastic-Powder-Bag\uff081\uff09.webp\" alt=\"Benutzerdefinierte Granola Verpackung Tasche Gro\u00dfh\u00e4ndler\" class=\"wp-image-5835\" srcset=\"https:\/\/www.hyflexpack.com\/wp-content\/uploads\/2024\/12\/Custom-Plastic-Powder-Bag\uff081\uff09.webp 750w, https:\/\/www.hyflexpack.com\/wp-content\/uploads\/2024\/12\/Custom-Plastic-Powder-Bag\uff081\uff09-300x300.webp 300w, https:\/\/www.hyflexpack.com\/wp-content\/uploads\/2024\/12\/Custom-Plastic-Powder-Bag\uff081\uff09-150x150.webp 150w, https:\/\/www.hyflexpack.com\/wp-content\/uploads\/2024\/12\/Custom-Plastic-Powder-Bag\uff081\uff09-12x12.webp 12w, https:\/\/www.hyflexpack.com\/wp-content\/uploads\/2024\/12\/Custom-Plastic-Powder-Bag\uff081\uff09-285x285.webp 285w, https:\/\/www.hyflexpack.com\/wp-content\/uploads\/2024\/12\/Custom-Plastic-Powder-Bag\uff081\uff09-270x270.webp 270w, https:\/\/www.hyflexpack.com\/wp-content\/uploads\/2024\/12\/Custom-Plastic-Powder-Bag\uff081\uff09-540x540.webp 540w, https:\/\/www.hyflexpack.com\/wp-content\/uploads\/2024\/12\/Custom-Plastic-Powder-Bag\uff081\uff09-660x660.webp 660w\" sizes=\"(max-width: 750px) 100vw, 750px\" \/><\/figure>\n<\/div>\n<\/div>\n\n\n\n<p><\/p>","protected":false},"excerpt":{"rendered":"<p>Unsere individuell gestalteten M\u00fcsliverpackungen vereinen Funktionalit\u00e4t und \u00c4sthetik, um die Frische zu bewahren und das Produkt zu pr\u00e4sentieren. Diese Standbeutel mit kreativen Fenstern sind perfekt f\u00fcr M\u00fcsli und andere Trockenprodukte und bieten hervorragende Qualit\u00e4t und vielseitige Anpassungsm\u00f6glichkeiten.<\/p>\n<h3>Vorteile von Granola Packaging Supplier<\/h3>\n<ul>\n<li><strong>Kundenspezifisches Design<\/strong>: Pers\u00f6nliche Designl\u00f6sungen anbieten, <a href=\"https:\/\/www.hyflexpack.com\/de\/kundenspezifische-flexible-verpackungen\/\"><strong>Unterst\u00fctzung OEM\/ODM<\/strong><\/a>, mit verschiedenen Spezifikationen, Gr\u00f6\u00dfen, Druckmustern usw.<\/li>\n<li><strong>Qualit\u00e4tssicherung<\/strong>: Wir kontrollieren den Produktionsprozess und verf\u00fcgen \u00fcber hochwertige Materialien und fortschrittliche Ausr\u00fcstung, um die Produktqualit\u00e4t zu gew\u00e4hrleisten.<\/li>\n<li><strong>P\u00fcnktliche Lieferung<\/strong>: Optimierung des Produktionsprozesses und Verbesserung der Produktionseffizienz, um eine p\u00fcnktliche Lieferung zu gew\u00e4hrleisten und den dringenden Bedarf der Kunden zu decken.<\/li>\n<li><strong>Professionelle technische Unterst\u00fctzung<\/strong>: Das erfahrene technische Team bietet professionelle technische Unterst\u00fctzung und einen 24-Stunden-Kundendienst.<\/li>\n<li><strong>Kostenlose Probe<\/strong>: Wir bieten Ihnen einen kostenlosen Musterservice, damit Sie die Produkte bewerten k\u00f6nnen.<\/li>\n<\/ul>\n<p>&nbsp;<\/p>","protected":false},"featured_media":5835,"comment_status":"open","ping_status":"closed","template":"","meta":[],"product_brand":[],"product_cat":[97],"product_tag":[],"class_list":{"0":"post-5847","1":"product","2":"type-product","3":"status-publish","4":"has-post-thumbnail","6":"product_cat-cereal-packaging-bags","8":"first","9":"instock","10":"shipping-taxable","11":"product-type-simple"},"_links":{"self":[{"href":"https:\/\/www.hyflexpack.com\/de\/wp-json\/wp\/v2\/product\/5847","targetHints":{"allow":["GET"]}}],"collection":[{"href":"https:\/\/www.hyflexpack.com\/de\/wp-json\/wp\/v2\/product"}],"about":[{"href":"https:\/\/www.hyflexpack.com\/de\/wp-json\/wp\/v2\/types\/product"}],"replies":[{"embeddable":true,"href":"https:\/\/www.hyflexpack.com\/de\/wp-json\/wp\/v2\/comments?post=5847"}],"wp:featuredmedia":[{"embeddable":true,"href":"https:\/\/www.hyflexpack.com\/de\/wp-json\/wp\/v2\/media\/5835"}],"wp:attachment":[{"href":"https:\/\/www.hyflexpack.com\/de\/wp-json\/wp\/v2\/media?parent=5847"}],"wp:term":[{"taxonomy":"product_brand","embeddable":true,"href":"https:\/\/www.hyflexpack.com\/de\/wp-json\/wp\/v2\/product_brand?post=5847"},{"taxonomy":"product_cat","embeddable":true,"href":"https:\/\/www.hyflexpack.com\/de\/wp-json\/wp\/v2\/product_cat?post=5847"},{"taxonomy":"product_tag","embeddable":true,"href":"https:\/\/www.hyflexpack.com\/de\/wp-json\/wp\/v2\/product_tag?post=5847"}],"curies":[{"name":"wp","href":"https:\/\/api.w.org\/{rel}","templated":true}]}}