{"id":5802,"date":"2024-12-06T06:10:31","date_gmt":"2024-12-06T06:10:31","guid":{"rendered":"https:\/\/www.hyflexpack.com\/?post_type=product&#038;p=5802"},"modified":"2025-10-23T08:23:23","modified_gmt":"2025-10-23T08:23:23","slug":"custom-tea-bags-with-logo","status":"publish","type":"product","link":"https:\/\/www.hyflexpack.com\/de\/product\/custom-tea-bags-with-logo\/","title":{"rendered":"Individuelle Teebeutel mit Logo Quad Seal Pouch laminierte Kunststoffverpackungen"},"content":{"rendered":"<div class=\"wp-block-columns is-layout-flex wp-container-core-columns-is-layout-9d6595d7 wp-block-columns-is-layout-flex\">\n<div class=\"wp-block-column is-layout-flow wp-block-column-is-layout-flow\">\n<h3 class=\"wp-block-heading\">Merkmale von qualitativ hochwertigen Teebeuteln<\/h3>\n\n\n\n<ul class=\"wp-block-list\">\n<li><strong>Benutzerdefinierte Designs<\/strong>: Unsere individuellen Teebeutel mit Logo bieten einzigartige M\u00f6glichkeiten der Markenbildung. Sie k\u00f6nnen Ihr Logo und Ihr Design hinzuf\u00fcgen, um ein einzigartiges Produkt zu schaffen, das auf dem Markt hervorsticht.<\/li>\n\n\n\n<li><strong>Hochwertige laminierte Kunststoffverpackungen<\/strong>: Die vier seitlich versiegelten Beutel sind aus strapazierf\u00e4higem, laminiertem Kunststoff hergestellt, der die Frische des Tees effektiv bewahrt und gleichzeitig ein professionelles und \u00e4sthetisches Aussehen bietet.<\/li>\n\n\n\n<li><strong>Dichtheit und Sicherheit bei der Versiegelung<\/strong>: Die vierseitige Versiegelung macht den Boden des Beutels viel st\u00e4rker, verhindert das Auslaufen und hilft, den Geschmack und das Aroma des Tees l\u00e4nger zu bewahren.<\/li>\n\n\n\n<li><strong>Schutz der Umwelt<\/strong>: Wir bieten Ihnen umweltfreundliches, ma\u00dfgeschneidertes Verpackungsmaterial f\u00fcr Tee, um die nachhaltige Entwicklung der Teeindustrie zu unterst\u00fctzen.<\/li>\n\n\n\n<li><strong>Variation der Gr\u00f6\u00dfe<\/strong>: Von einzelnen kleinen Verpackungen bis hin zu Gro\u00dfverpackungen k\u00f6nnen Sie alles nach Ihrem Bedarf in ma\u00dfgeschneiderten Gr\u00f6\u00dfen erhalten.<\/li>\n\n\n\n<li>T<strong>ailor-made Tee-Verpackungsl\u00f6sungen<\/strong>: Als f\u00fchrender Anbieter von Teebeuteln konzentrieren wir uns darauf, ma\u00dfgeschneiderte Verpackungsl\u00f6sungen anzubieten, die Ihre Markenanforderungen erf\u00fcllen und Ihre Teeprodukte hervorheben.<\/li>\n\n\n\n<li><strong>Szenarien<\/strong>: Geeignet f\u00fcr Unternehmen, die auf der Suche nach qualitativ hochwertigen und individuell gestalteten Teebeuteln mit Logodesign sind, um Ihre Marke auf dem Markt bekannt zu machen. Als Teebeutel-Lieferant versichern wir Ihnen, dass Ihre Marke in einer perfekten Verpackung pr\u00e4sentiert wird und der Tee frisch bleibt.<\/li>\n<\/ul>\n<\/div>\n\n\n\n<div class=\"wp-block-column is-layout-flow wp-block-column-is-layout-flow\">\n<figure class=\"wp-block-image size-full\"><img fetchpriority=\"high\" decoding=\"async\" width=\"750\" height=\"750\" src=\"https:\/\/www.hyflexpack.com\/wp-content\/uploads\/2024\/11\/Custom-Plastic-Tea-Bag1.webp\" alt=\"Individueller Plastik-Teebeutel\" class=\"wp-image-5790\" srcset=\"https:\/\/www.hyflexpack.com\/wp-content\/uploads\/2024\/11\/Custom-Plastic-Tea-Bag1.webp 750w, https:\/\/www.hyflexpack.com\/wp-content\/uploads\/2024\/11\/Custom-Plastic-Tea-Bag1-300x300.webp 300w, https:\/\/www.hyflexpack.com\/wp-content\/uploads\/2024\/11\/Custom-Plastic-Tea-Bag1-150x150.webp 150w, https:\/\/www.hyflexpack.com\/wp-content\/uploads\/2024\/11\/Custom-Plastic-Tea-Bag1-12x12.webp 12w, https:\/\/www.hyflexpack.com\/wp-content\/uploads\/2024\/11\/Custom-Plastic-Tea-Bag1-285x285.webp 285w, https:\/\/www.hyflexpack.com\/wp-content\/uploads\/2024\/11\/Custom-Plastic-Tea-Bag1-270x270.webp 270w, https:\/\/www.hyflexpack.com\/wp-content\/uploads\/2024\/11\/Custom-Plastic-Tea-Bag1-540x540.webp 540w, https:\/\/www.hyflexpack.com\/wp-content\/uploads\/2024\/11\/Custom-Plastic-Tea-Bag1-660x660.webp 660w\" sizes=\"(max-width: 750px) 100vw, 750px\" \/><\/figure>\n<\/div>\n<\/div>\n\n\n\n<p><\/p>","protected":false},"excerpt":{"rendered":"<p>Unsere individuellen Teebeutel mit Logo werden in haltbaren Vierfachverschlussbeuteln aus hochwertigem laminiertem Kunststoff geliefert, die Frische und Geschmackserhalt gew\u00e4hrleisten. Als zuverl\u00e4ssiger Anbieter von Teebeuteln bieten wir vollst\u00e4ndig anpassbare Verpackungsl\u00f6sungen, die Ihr einzigartiges Logo und Design aufweisen. Unsere individuellen Teeverpackungen sind in verschiedenen Gr\u00f6\u00dfen erh\u00e4ltlich und eignen sich perfekt f\u00fcr die Pr\u00e4sentation Ihrer Marke.<\/p>\n<h3>Vorteile von Custom Tea Bags Supplier<\/h3>\n<ul>\n<li>Kundenspezifisches Design: Wir bieten einen kundenspezifischen Tee-Verpackungsservice, einschlie\u00dflich der Anpassung von Material, Gr\u00f6\u00dfe und Druckmuster an die Bed\u00fcrfnisse des Kunden. <strong>Unterst\u00fctzung von OEM und ODM<\/strong>.<\/li>\n<li>Herstellung: Mit fortschrittlicher Ausr\u00fcstung und Technologie k\u00f6nnen wir die Auftragsfertigung mit hoher Effizienz und hoher Qualit\u00e4t durchf\u00fchren und p\u00fcnktlich liefern.<\/li>\n<li>Qualit\u00e4tsinspektion: Strenge Einhaltung der Qualit\u00e4tsstandards und der Anforderungen an die Lebensmittelsicherheit bei der Produktion, um sicherzustellen, dass die Produkte den Standards entsprechen.<\/li>\n<li>Kundendienst: 24 Stunden, um eine rasche Reaktion und einen aufmerksamen Kundendienst zu gew\u00e4hrleisten.<\/li>\n<li>Kostenlose Probe\uff1a Bieten Sie einen kostenlosen Musterservice an, damit Sie die Vierfachsiegelbeutel bewerten k\u00f6nnen.<\/li>\n<\/ul>\n<p><a href=\"https:\/\/www.hyflexpack.com\/de\/\"><strong>Huiyang Verpackung<\/strong><\/a> hat es sich zur Aufgabe gemacht, seinen Kunden qualitativ hochwertige, individuell gestaltete Teebeutel mit Logo zu liefern, um ihnen zu helfen, ihr Produktimage zu verbessern und ihre Wettbewerbsf\u00e4higkeit auf dem Markt zu steigern.<\/p>","protected":false},"featured_media":5790,"comment_status":"open","ping_status":"closed","template":"","meta":[],"product_brand":[],"product_cat":[58],"product_tag":[],"class_list":{"0":"post-5802","1":"product","2":"type-product","3":"status-publish","4":"has-post-thumbnail","6":"product_cat-tea-bag-packaging","8":"first","9":"instock","10":"shipping-taxable","11":"product-type-simple"},"_links":{"self":[{"href":"https:\/\/www.hyflexpack.com\/de\/wp-json\/wp\/v2\/product\/5802","targetHints":{"allow":["GET"]}}],"collection":[{"href":"https:\/\/www.hyflexpack.com\/de\/wp-json\/wp\/v2\/product"}],"about":[{"href":"https:\/\/www.hyflexpack.com\/de\/wp-json\/wp\/v2\/types\/product"}],"replies":[{"embeddable":true,"href":"https:\/\/www.hyflexpack.com\/de\/wp-json\/wp\/v2\/comments?post=5802"}],"wp:featuredmedia":[{"embeddable":true,"href":"https:\/\/www.hyflexpack.com\/de\/wp-json\/wp\/v2\/media\/5790"}],"wp:attachment":[{"href":"https:\/\/www.hyflexpack.com\/de\/wp-json\/wp\/v2\/media?parent=5802"}],"wp:term":[{"taxonomy":"product_brand","embeddable":true,"href":"https:\/\/www.hyflexpack.com\/de\/wp-json\/wp\/v2\/product_brand?post=5802"},{"taxonomy":"product_cat","embeddable":true,"href":"https:\/\/www.hyflexpack.com\/de\/wp-json\/wp\/v2\/product_cat?post=5802"},{"taxonomy":"product_tag","embeddable":true,"href":"https:\/\/www.hyflexpack.com\/de\/wp-json\/wp\/v2\/product_tag?post=5802"}],"curies":[{"name":"wp","href":"https:\/\/api.w.org\/{rel}","templated":true}]}}