{"id":5799,"date":"2024-12-05T18:39:34","date_gmt":"2024-12-05T18:39:34","guid":{"rendered":"https:\/\/www.hyflexpack.com\/?post_type=product&#038;p=5799"},"modified":"2025-09-09T10:56:17","modified_gmt":"2025-09-09T10:56:17","slug":"custom-cosmetic-packaging-3-side-seal","status":"publish","type":"product","link":"https:\/\/www.hyflexpack.com\/de\/product\/custom-cosmetic-packaging-3-side-seal\/","title":{"rendered":"Benutzerdefinierte kosmetische Verpackung 3 Seite Seal Pouch, Sch\u00f6nheit Gesichtsmaske Paket Tasche"},"content":{"rendered":"<div class=\"wp-block-columns is-layout-flex wp-container-core-columns-is-layout-9d6595d7 wp-block-columns-is-layout-flex\">\n<div class=\"wp-block-column is-layout-flow wp-block-column-is-layout-flow\">\n<h3 class=\"wp-block-heading\">Merkmale von kundenspezifischen Kosmetikverpackungen<\/h3>\n\n\n\n<ul class=\"wp-block-list\">\n<li><strong>Hochwertiges Material<\/strong>Der Beutel wird aus hochwertigem, flexiblem Verpackungsmaterial hergestellt, das das Produkt wirksam vor Verunreinigungen von au\u00dfen sch\u00fctzt und die Frische und Wirksamkeit der Sch\u00f6nheitsmaske gew\u00e4hrleistet. <\/li>\n\n\n\n<li><strong>Dreiseitig dichtendes Design<\/strong>: Die einzigartige dreiseitige Siegelstruktur bietet eine gute Siegelwirkung, um das Auslaufen oder die Feuchtigkeit des Maskenprodukts zu verhindern und die Sicherheit und Vollst\u00e4ndigkeit der kundenspezifischen Kosmetikverpackung zu gew\u00e4hrleisten.<\/li>\n\n\n\n<li><strong>Umweltfreundlich und recycelbar<\/strong>: Die Verwendung von recycelbaren und umweltfreundlichen Materialien, die den weltweiten Umweltstandards entsprechen, tr\u00e4gt dazu bei, die Forderung des modernen Verbrauchers nach einer nachhaltigen Entwicklung und einer Verringerung der Umweltbelastung zu erf\u00fcllen.<\/li>\n\n\n\n<li><strong>Hochwertiger Druckeffekt<\/strong>: Die fortschrittliche Drucktechnologie sorgt f\u00fcr klare, lebendige und dauerhafte Muster, die das Markenimage und die Produktqualit\u00e4t hervorheben und die Aufmerksamkeit der Kunden auf sich ziehen.<\/li>\n\n\n\n<li><strong>Leicht und bequem<\/strong>Das leichte Design macht den 3-Seiten-Siegelbeutel bequemer f\u00fcr den pers\u00f6nlichen Gebrauch und mehrere Vertriebskan\u00e4le, insbesondere f\u00fcr den Einzelhandel und den Online-Verkauf.<\/li>\n\n\n\n<li><strong>Personalisierung<\/strong>: Wir bieten eine breite Palette von Anpassungsdienstleistungen, einschlie\u00dflich Gr\u00f6\u00dfe, Farbe, Muster und Material, um die individuellen Bed\u00fcrfnisse der Markeninhaber zu erf\u00fcllen und die Wettbewerbsf\u00e4higkeit auf dem Markt zu verbessern.<\/li>\n\n\n\n<li><strong>Feuchtigkeitsgesch\u00fctzt und antioxidativ<\/strong>Spezielle Aluminiumfolienschicht oder kombinierter Film, mit \u00fcberlegenen Leistungen der Feuchtigkeitsbest\u00e4ndigkeit und antioxidative Wirkung, um die Abdeckwirkung der besten f\u00fcr eine lange Zeit zu halten.<\/li>\n\n\n\n<li><strong>Umfang der Anwendung<\/strong>Sie werden f\u00fcr verschiedene Sch\u00f6nheitsmasken, Hautpflegeprodukte und Verpackungen f\u00fcr die Gesichtspflege verwendet und erf\u00fcllen die Anforderungen der Verbraucher an hochwertige kundenspezifische Kosmetikverpackungen.<\/li>\n<\/ul>\n<\/div>\n\n\n\n<div class=\"wp-block-column is-layout-flow wp-block-column-is-layout-flow\">\n<h2 class=\"wp-block-heading\"><\/h2>\n\n\n\n<figure class=\"wp-block-image size-full\"><img fetchpriority=\"high\" decoding=\"async\" width=\"750\" height=\"750\" src=\"https:\/\/www.hyflexpack.com\/wp-content\/uploads\/2024\/11\/Custom-Flexible-Packaging-Bags1.webp\" alt=\"Kundenspezifische Kosmetikverpackungen - 3-Seiten-Siegel-Beutel\" class=\"wp-image-5786\" srcset=\"https:\/\/www.hyflexpack.com\/wp-content\/uploads\/2024\/11\/Custom-Flexible-Packaging-Bags1.webp 750w, https:\/\/www.hyflexpack.com\/wp-content\/uploads\/2024\/11\/Custom-Flexible-Packaging-Bags1-300x300.webp 300w, https:\/\/www.hyflexpack.com\/wp-content\/uploads\/2024\/11\/Custom-Flexible-Packaging-Bags1-150x150.webp 150w, https:\/\/www.hyflexpack.com\/wp-content\/uploads\/2024\/11\/Custom-Flexible-Packaging-Bags1-12x12.webp 12w, https:\/\/www.hyflexpack.com\/wp-content\/uploads\/2024\/11\/Custom-Flexible-Packaging-Bags1-285x285.webp 285w, https:\/\/www.hyflexpack.com\/wp-content\/uploads\/2024\/11\/Custom-Flexible-Packaging-Bags1-270x270.webp 270w, https:\/\/www.hyflexpack.com\/wp-content\/uploads\/2024\/11\/Custom-Flexible-Packaging-Bags1-540x540.webp 540w, https:\/\/www.hyflexpack.com\/wp-content\/uploads\/2024\/11\/Custom-Flexible-Packaging-Bags1-660x660.webp 660w\" sizes=\"(max-width: 750px) 100vw, 750px\" \/><\/figure>\n<\/div>\n<\/div>\n\n\n\n<p><\/p>","protected":false},"excerpt":{"rendered":"<p>Suchen Sie nach einer ma\u00dfgeschneiderten Verpackungsl\u00f6sung f\u00fcr Kosmetika? Unser 3-Seiten-Siegelbeutel ist perfekt f\u00fcr die Verpackung von Sch\u00f6nheitsmasken geeignet. Er bietet Feuchtigkeits- und Oxidationsschutz und unterst\u00fctzt die individuelle Anpassung von Kosmetikverpackungen, um das Markenimage zu verbessern und mehr Kunden anzuziehen. Kontaktieren Sie uns noch heute, um mehr zu erfahren!<\/p>\n<h3>Vorteile des Lieferanten von Kosmetikverpackungen<\/h3>\n<ul>\n<li>\n<p><strong>Kosmetische Verpackungen nach Ma\u00df<\/strong><span style=\"font-size: 16px;\">: Wir bieten kundenspezifische Material-, Gr\u00f6\u00dfen- und Druckmusteranpassungen an, um die Bed\u00fcrfnisse der Kunden zu erf\u00fcllen, und <\/span><a style=\"font-size: 16px;\" href=\"https:\/\/www.hyflexpack.com\/de\/kundenspezifische-flexible-verpackungen\/\"><strong>Unterst\u00fctzung von OEM und ODM<\/strong><\/a><span style=\"font-size: 16px;\">.<\/span><\/p>\n<\/li>\n<li><strong>Herstellung<\/strong>: Dank fortschrittlicher Ausr\u00fcstung und Technologie sind wir in der Lage, die Produktion von Auftr\u00e4gen mit hoher Effizienz und Qualit\u00e4t durchzuf\u00fchren und p\u00fcnktlich zu liefern.<\/li>\n<li><strong>Qualit\u00e4tskontrolle<\/strong>: Strenge Einhaltung der Qualit\u00e4tsstandards und der Anforderungen an die Lebensmittelsicherheit, um sicherzustellen, dass die Produkte den Standards entsprechen.<\/li>\n<li><strong>Team Technische Unterst\u00fctzung<\/strong>: Unser Team verf\u00fcgt \u00fcber reiche Branchenerfahrung und Fachkenntnisse und kann unseren Kunden technische Unterst\u00fctzung und einen 24-Stunden-Beratungsservice bieten.<\/li>\n<li><strong>Kostenlose Probe<\/strong>: Wir bieten Ihnen einen kostenlosen Musterservice, damit Sie den 3-Seiten-Siegelbeutel testen k\u00f6nnen.<\/li>\n<\/ul>","protected":false},"featured_media":5788,"comment_status":"open","ping_status":"closed","template":"","meta":[],"product_brand":[],"product_cat":[52],"product_tag":[],"class_list":{"0":"post-5799","1":"product","2":"type-product","3":"status-publish","4":"has-post-thumbnail","6":"product_cat-custom-daily-chemical-packaging","8":"first","9":"instock","10":"shipping-taxable","11":"product-type-simple"},"_links":{"self":[{"href":"https:\/\/www.hyflexpack.com\/de\/wp-json\/wp\/v2\/product\/5799","targetHints":{"allow":["GET"]}}],"collection":[{"href":"https:\/\/www.hyflexpack.com\/de\/wp-json\/wp\/v2\/product"}],"about":[{"href":"https:\/\/www.hyflexpack.com\/de\/wp-json\/wp\/v2\/types\/product"}],"replies":[{"embeddable":true,"href":"https:\/\/www.hyflexpack.com\/de\/wp-json\/wp\/v2\/comments?post=5799"}],"wp:featuredmedia":[{"embeddable":true,"href":"https:\/\/www.hyflexpack.com\/de\/wp-json\/wp\/v2\/media\/5788"}],"wp:attachment":[{"href":"https:\/\/www.hyflexpack.com\/de\/wp-json\/wp\/v2\/media?parent=5799"}],"wp:term":[{"taxonomy":"product_brand","embeddable":true,"href":"https:\/\/www.hyflexpack.com\/de\/wp-json\/wp\/v2\/product_brand?post=5799"},{"taxonomy":"product_cat","embeddable":true,"href":"https:\/\/www.hyflexpack.com\/de\/wp-json\/wp\/v2\/product_cat?post=5799"},{"taxonomy":"product_tag","embeddable":true,"href":"https:\/\/www.hyflexpack.com\/de\/wp-json\/wp\/v2\/product_tag?post=5799"}],"curies":[{"name":"wp","href":"https:\/\/api.w.org\/{rel}","templated":true}]}}