{"id":5717,"date":"2024-11-23T09:04:58","date_gmt":"2024-11-23T09:04:58","guid":{"rendered":"https:\/\/www.hyflexpack.com\/?post_type=product&#038;p=5717"},"modified":"2024-12-04T02:09:59","modified_gmt":"2024-12-04T02:09:59","slug":"wholesale-milk-powder-sachets-film-roll","status":"publish","type":"product","link":"https:\/\/www.hyflexpack.com\/de\/product\/wholesale-milk-powder-sachets-film-roll\/","title":{"rendered":"Individuell bedruckte Milchpulverbeutel, Folienrollenverpackung PE Lebensmittelqualit\u00e4t Laminieren"},"content":{"rendered":"<div class=\"wp-block-columns is-layout-flex wp-container-core-columns-is-layout-9d6595d7 wp-block-columns-is-layout-flex\">\n<div class=\"wp-block-column is-layout-flow wp-block-column-is-layout-flow\">\n<h3 class=\"wp-block-heading\">Merkmale der hochwertigen Milchpulver-Sachets Rollfolie<\/h3>\n\n\n\n<p><strong>Benutzerdefiniertes Logo:<\/strong> Ma\u00dfgeschneiderte Milchpulverbeutel mit hochwertigem, individuellem Druck zur Hervorhebung Ihrer Marke.<\/p>\n\n\n\n<p><\/p>\n\n\n\n<p><strong>Lebensmitteltaugliche Sicherheit:<\/strong> Manufactured with film roll packaging to ensure food-grade safety and product freshness.<\/p>\n\n\n\n<p><\/p>\n\n\n\n<p><strong>\u00dcberlegener Schutz:<\/strong> Bietet eine hervorragende Barriere gegen Feuchtigkeit, Luft und Licht und h\u00e4lt Milchpulverbeutel frisch und sicher.<\/p>\n\n\n\n<p><\/p>\n\n\n\n<p><strong>Effiziente Verpackung:<\/strong> Plastic printed laminated packaging film roll format designed for seamless use with automated packaging machines.<\/p>\n\n\n\n<p><\/p>\n\n\n\n<p><strong>Langlebig und flexibel:<\/strong> Eine starke Laminierfolie sorgt daf\u00fcr, dass die Beutel rei\u00dffest sind und bei Transport und Lagerung unversehrt bleiben.<\/p>\n\n\n\n<p><\/p>\n\n\n\n<p><strong>Umweltbewusste Optionen:<\/strong> Erh\u00e4ltlich in umweltfreundlichen Materialien zur Unterst\u00fctzung nachhaltiger Praktiken.<\/p>\n<\/div>\n\n\n\n<div class=\"wp-block-column is-layout-flow wp-block-column-is-layout-flow\">\n<figure class=\"wp-block-image size-full\"><img fetchpriority=\"high\" decoding=\"async\" width=\"750\" height=\"750\" src=\"https:\/\/www.hyflexpack.com\/wp-content\/uploads\/2024\/11\/Custom-Milk-Packaging-Film-2.webp\" alt=\"Individuell bedruckte Milchpulversachets Rollfilm Gro\u00dfhandel\" class=\"wp-image-5701\" srcset=\"https:\/\/www.hyflexpack.com\/wp-content\/uploads\/2024\/11\/Custom-Milk-Packaging-Film-2.webp 750w, https:\/\/www.hyflexpack.com\/wp-content\/uploads\/2024\/11\/Custom-Milk-Packaging-Film-2-300x300.webp 300w, https:\/\/www.hyflexpack.com\/wp-content\/uploads\/2024\/11\/Custom-Milk-Packaging-Film-2-150x150.webp 150w, https:\/\/www.hyflexpack.com\/wp-content\/uploads\/2024\/11\/Custom-Milk-Packaging-Film-2-12x12.webp 12w, https:\/\/www.hyflexpack.com\/wp-content\/uploads\/2024\/11\/Custom-Milk-Packaging-Film-2-285x285.webp 285w, https:\/\/www.hyflexpack.com\/wp-content\/uploads\/2024\/11\/Custom-Milk-Packaging-Film-2-270x270.webp 270w, https:\/\/www.hyflexpack.com\/wp-content\/uploads\/2024\/11\/Custom-Milk-Packaging-Film-2-540x540.webp 540w, https:\/\/www.hyflexpack.com\/wp-content\/uploads\/2024\/11\/Custom-Milk-Packaging-Film-2-660x660.webp 660w\" sizes=\"(max-width: 750px) 100vw, 750px\" \/><\/figure>\n<\/div>\n<\/div>\n\n\n\n<h3 class=\"wp-block-heading\">Best Plastic Printed Laminated Packaging Film Roll Wholesaler<\/h3>\n\n\n\n<div class=\"wp-block-columns is-layout-flex wp-container-core-columns-is-layout-9d6595d7 wp-block-columns-is-layout-flex\">\n<div class=\"wp-block-column is-layout-flow wp-block-column-is-layout-flow\" style=\"flex-basis:66.66%\">\n<figure class=\"wp-block-embed is-type-video is-provider-youtube wp-block-embed-youtube wp-embed-aspect-16-9 wp-has-aspect-ratio\"><div class=\"wp-block-embed__wrapper\">\n<iframe title=\"Packaging Film For Milk\" width=\"940\" height=\"529\" src=\"https:\/\/www.youtube.com\/embed\/yncP8To0N5A?feature=oembed\" frameborder=\"0\" allow=\"accelerometer; autoplay; clipboard-write; encrypted-media; gyroscope; picture-in-picture; web-share\" referrerpolicy=\"strict-origin-when-cross-origin\" allowfullscreen><\/iframe>\n<\/div><figcaption class=\"wp-element-caption\">Laminated packaging film for milk<\/figcaption><\/figure>\n<\/div>\n\n\n\n<div class=\"wp-block-column is-layout-flow wp-block-column-is-layout-flow\" style=\"flex-basis:33.33%\"><\/div>\n<\/div>\n\n\n\n<p><\/p>","protected":false},"excerpt":{"rendered":"<p>Premium laminating film roll packaging for custom printed milk powder sachets, providing excellent freshness protection and eco-friendly, efficient packaging solutions. Inquire us for more wholesale pricing and get free pricing!<\/p>\n<h3>Advantages of Milk Powder Sachets Supplier<\/h3>\n<ul>\n<li>Kundenspezifisches Design: Wir bieten ma\u00dfgeschneiderte Dienstleistungen, einschlie\u00dflich der Anpassung von Material, Gr\u00f6\u00dfe und Druckmuster an die Bed\u00fcrfnisse des Kunden, und\u00a0<a href=\"https:\/\/www.hyflexpack.com\/de\/kundenspezifische-flexible-verpackungen\/\"><strong>Unterst\u00fctzung von OEM und ODM<\/strong><\/a>.<\/li>\n<li>Herstellung: Mit fortschrittlicher Ausr\u00fcstung und Technologie k\u00f6nnen wir Auftr\u00e4ge effizient und mit hoher Qualit\u00e4t produzieren und p\u00fcnktlich liefern.<\/li>\n<li>Qualit\u00e4tskontrolle: Die Produktion erfolgt unter strenger Einhaltung der Qualit\u00e4tsnormen und der Anforderungen an die Lebensmittelsicherheit, um sicherzustellen, dass die Produkte den Normen entsprechen.<\/li>\n<li>Zertifizierung<strong>\uff1a<\/strong>\u00a0<strong>FDA\/BRC\/ISO 9001\/RoHS<\/strong><\/li>\n<li>Kundenservice:\u00a0<strong>24 Stunden<\/strong>\u00a0um eine schnelle Reaktion und einen durchdachten Kundendienst zu bieten.<\/li>\n<li>Kostenlose Probe: Bieten Sie einen kostenlosen Musterservice an, damit Sie das Produkt bewerten k\u00f6nnen.<\/li>\n<\/ul>","protected":false},"featured_media":5700,"comment_status":"open","ping_status":"closed","template":"","meta":[],"product_brand":[],"product_cat":[53],"product_tag":[],"class_list":{"0":"post-5717","1":"product","2":"type-product","3":"status-publish","4":"has-post-thumbnail","6":"product_cat-packaging-film-supplier","8":"first","9":"instock","10":"shipping-taxable","11":"product-type-simple"},"_links":{"self":[{"href":"https:\/\/www.hyflexpack.com\/de\/wp-json\/wp\/v2\/product\/5717","targetHints":{"allow":["GET"]}}],"collection":[{"href":"https:\/\/www.hyflexpack.com\/de\/wp-json\/wp\/v2\/product"}],"about":[{"href":"https:\/\/www.hyflexpack.com\/de\/wp-json\/wp\/v2\/types\/product"}],"replies":[{"embeddable":true,"href":"https:\/\/www.hyflexpack.com\/de\/wp-json\/wp\/v2\/comments?post=5717"}],"wp:featuredmedia":[{"embeddable":true,"href":"https:\/\/www.hyflexpack.com\/de\/wp-json\/wp\/v2\/media\/5700"}],"wp:attachment":[{"href":"https:\/\/www.hyflexpack.com\/de\/wp-json\/wp\/v2\/media?parent=5717"}],"wp:term":[{"taxonomy":"product_brand","embeddable":true,"href":"https:\/\/www.hyflexpack.com\/de\/wp-json\/wp\/v2\/product_brand?post=5717"},{"taxonomy":"product_cat","embeddable":true,"href":"https:\/\/www.hyflexpack.com\/de\/wp-json\/wp\/v2\/product_cat?post=5717"},{"taxonomy":"product_tag","embeddable":true,"href":"https:\/\/www.hyflexpack.com\/de\/wp-json\/wp\/v2\/product_tag?post=5717"}],"curies":[{"name":"wp","href":"https:\/\/api.w.org\/{rel}","templated":true}]}}