{"id":5566,"date":"2024-10-26T07:30:44","date_gmt":"2024-10-26T07:30:44","guid":{"rendered":"https:\/\/www.hyflexpack.com\/?post_type=product&#038;p=5566"},"modified":"2024-10-26T07:30:46","modified_gmt":"2024-10-26T07:30:46","slug":"custom-flexible-packaging-for-cookies","status":"publish","type":"product","link":"https:\/\/www.hyflexpack.com\/de\/product\/custom-flexible-packaging-for-cookies\/","title":{"rendered":"Kundenspezifische flexible Verpackung f\u00fcr Kekse, Kekse Verpackungsfolie Fabrik"},"content":{"rendered":"<div class=\"wp-block-columns is-layout-flex wp-container-core-columns-is-layout-9d6595d7 wp-block-columns-is-layout-flex\">\n<div class=\"wp-block-column is-layout-flow wp-block-column-is-layout-flow\">\n<h3 class=\"wp-block-heading\">Merkmale von kundenspezifischen flexiblen Verpackungen f\u00fcr Kekse<\/h3>\n\n\n\n<ul class=\"wp-block-list\">\n<li><strong>Hochwertige Materialien<\/strong>: Es werden nur lebensmittelechte, hochwertige Materialien verwendet, die die Frische erhalten und Ihre Kekse und Pl\u00e4tzchen f\u00fcr den Verbraucher genie\u00dfbar machen.<br><\/li>\n\n\n\n<li><strong>Vielf\u00e4ltige Verpackungsanwendungen<\/strong>: Unsere ma\u00dfgeschneiderten flexiblen Verpackungen f\u00fcr Kekse bis hin zu Snacking-Sorten bieten die gleiche Flexibilit\u00e4t in Ihrer Produktlinie.<br><\/li>\n\n\n\n<li><strong>Frische-Schutz der Spitzenklasse<\/strong>: Bei unseren ma\u00dfgeschneiderten Keksverpackungen wird durch den Einsatz einer fortschrittlichen mehrschichtigen Laminierungstechnologie eine hervorragende Best\u00e4ndigkeit gegen Feuchtigkeit und Sauerstoff erreicht, was zu einer verl\u00e4ngerten Produkthaltbarkeit f\u00fchrt.<br><\/li>\n\n\n\n<li><strong>Umweltfreundliche Optionen<\/strong>: Wir halten uns an alle Grunds\u00e4tze der Nachhaltigkeit und bem\u00fchen uns bewusst darum, unseren \u00f6kologischen Fu\u00dfabdruck zu minimieren, indem wir biologisch abbaubare und recycelbare Verpackungsl\u00f6sungen anbieten, die den modernen Verbraucherw\u00fcnschen entsprechen.<br><\/li>\n\n\n\n<li><strong>Benutzerfreundlichkeit<\/strong>: Dar\u00fcber hinaus bieten unsere leicht zu \u00f6ffnenden und wiederverschlie\u00dfbaren Verpackungen den Verbrauchern zus\u00e4tzlichen Komfort und gew\u00e4hrleisten, dass die Produkte nach dem \u00d6ffnen frisch bleiben.<br><\/li>\n\n\n\n<li><strong>Hochwertiger Druck<\/strong>: Unsere erstklassige Drucktechnik sorgt f\u00fcr auff\u00e4llige und lebendige Designs, die Ihre Verpackung f\u00fcr Kekse aus den Verkaufsregalen herausstechen lassen.<br><\/li>\n\n\n\n<li><strong>Langlebig und zuverl\u00e4ssig<\/strong>: Unsere Verpackungen werden aus robusten Materialien hergestellt, die die notwendigen Schl\u00e4ge w\u00e4hrend der Handhabung und des Transports aushalten, damit Ihr Produkt sein Ziel in gutem Zustand erreicht.<\/li>\n<\/ul>\n<\/div>\n\n\n\n<div class=\"wp-block-column is-layout-flow wp-block-column-is-layout-flow\">\n<figure class=\"wp-block-image size-full\"><img fetchpriority=\"high\" decoding=\"async\" width=\"750\" height=\"750\" src=\"https:\/\/www.hyflexpack.com\/wp-content\/uploads\/2024\/10\/Custom-Cookies-Biscuits-Packaging-Film\uff081\uff09.webp\" alt=\"Kundenspezifische Kekse Kekse Verpackungsfolie\" class=\"wp-image-5534\" srcset=\"https:\/\/www.hyflexpack.com\/wp-content\/uploads\/2024\/10\/Custom-Cookies-Biscuits-Packaging-Film\uff081\uff09.webp 750w, https:\/\/www.hyflexpack.com\/wp-content\/uploads\/2024\/10\/Custom-Cookies-Biscuits-Packaging-Film\uff081\uff09-300x300.webp 300w, https:\/\/www.hyflexpack.com\/wp-content\/uploads\/2024\/10\/Custom-Cookies-Biscuits-Packaging-Film\uff081\uff09-150x150.webp 150w, https:\/\/www.hyflexpack.com\/wp-content\/uploads\/2024\/10\/Custom-Cookies-Biscuits-Packaging-Film\uff081\uff09-12x12.webp 12w, https:\/\/www.hyflexpack.com\/wp-content\/uploads\/2024\/10\/Custom-Cookies-Biscuits-Packaging-Film\uff081\uff09-285x285.webp 285w, https:\/\/www.hyflexpack.com\/wp-content\/uploads\/2024\/10\/Custom-Cookies-Biscuits-Packaging-Film\uff081\uff09-270x270.webp 270w, https:\/\/www.hyflexpack.com\/wp-content\/uploads\/2024\/10\/Custom-Cookies-Biscuits-Packaging-Film\uff081\uff09-540x540.webp 540w, https:\/\/www.hyflexpack.com\/wp-content\/uploads\/2024\/10\/Custom-Cookies-Biscuits-Packaging-Film\uff081\uff09-660x660.webp 660w\" sizes=\"(max-width: 750px) 100vw, 750px\" \/><\/figure>\n<\/div>\n<\/div>\n\n\n\n<p><\/p>","protected":false},"excerpt":{"rendered":"<p>Flexible Verpackungen f\u00fcr Kekse sorgen f\u00fcr Frische und ein besseres Markenbewusstsein zu weitaus geringeren Kosten als Kartonverpackungen. Wenden Sie sich an uns, wenn Sie individuelle L\u00f6sungen zur Verbesserung Ihrer Keksverpackungen ben\u00f6tigen. Unsere umweltfreundlichen Optionen sind perfekt f\u00fcr die Verbraucher von heute.<\/p>\n<h3>Vorteile von Cookies Packaging Film Supplier\u00a0<\/h3>\n<p>\u25cfKundenindividuelles Design: Wir bieten kundenspezifische flexible Verpackungen f\u00fcr Kekse, einschlie\u00dflich Material, Gr\u00f6\u00dfe und Druckmuster Anpassung an die Kundenbed\u00fcrfnisse, und unterst\u00fctzen OEM und ODM.<br \/>\u25cfHerstellung: Mit fortschrittlicher Ausr\u00fcstung und Technologie k\u00f6nnen wir die Auftragsproduktion effizient und mit hoher Qualit\u00e4t durchf\u00fchren und p\u00fcnktlich liefern.<br \/>\u25cfQualit\u00e4tskontrolle: Die Produktion erfolgt unter strenger Einhaltung der Qualit\u00e4tsstandards und der Anforderungen an die Lebensmittelsicherheit, um sicherzustellen, dass die Produkte den Standards entsprechen.<br \/>\u25cfKundendienst: Bieten Sie 24 Stunden am Tag schnelle Antwort und aufmerksamen Kundendienst.<br \/>\u25cfGratisprobe: Bieten Sie einen kostenlosen Musterservice an, damit Sie das Produkt bewerten k\u00f6nnen.<\/p>\n<p><a href=\"https:\/\/www.hyflexpack.com\/de\/\"><strong>Huiyang Verpackung<\/strong><\/a> hat es sich zur Aufgabe gemacht, seine Kunden mit hochwertigen, ma\u00dfgeschneiderten Verpackungsfolien f\u00fcr Kekse zu versorgen, um ihnen zu helfen, ihr Produktimage zu verbessern und ihre Wettbewerbsf\u00e4higkeit auf dem Markt zu steigern.<\/p>","protected":false},"featured_media":5534,"comment_status":"open","ping_status":"closed","template":"","meta":[],"product_brand":[],"product_cat":[53],"product_tag":[],"class_list":{"0":"post-5566","1":"product","2":"type-product","3":"status-publish","4":"has-post-thumbnail","6":"product_cat-packaging-film-supplier","8":"first","9":"instock","10":"shipping-taxable","11":"product-type-simple"},"_links":{"self":[{"href":"https:\/\/www.hyflexpack.com\/de\/wp-json\/wp\/v2\/product\/5566","targetHints":{"allow":["GET"]}}],"collection":[{"href":"https:\/\/www.hyflexpack.com\/de\/wp-json\/wp\/v2\/product"}],"about":[{"href":"https:\/\/www.hyflexpack.com\/de\/wp-json\/wp\/v2\/types\/product"}],"replies":[{"embeddable":true,"href":"https:\/\/www.hyflexpack.com\/de\/wp-json\/wp\/v2\/comments?post=5566"}],"wp:featuredmedia":[{"embeddable":true,"href":"https:\/\/www.hyflexpack.com\/de\/wp-json\/wp\/v2\/media\/5534"}],"wp:attachment":[{"href":"https:\/\/www.hyflexpack.com\/de\/wp-json\/wp\/v2\/media?parent=5566"}],"wp:term":[{"taxonomy":"product_brand","embeddable":true,"href":"https:\/\/www.hyflexpack.com\/de\/wp-json\/wp\/v2\/product_brand?post=5566"},{"taxonomy":"product_cat","embeddable":true,"href":"https:\/\/www.hyflexpack.com\/de\/wp-json\/wp\/v2\/product_cat?post=5566"},{"taxonomy":"product_tag","embeddable":true,"href":"https:\/\/www.hyflexpack.com\/de\/wp-json\/wp\/v2\/product_tag?post=5566"}],"curies":[{"name":"wp","href":"https:\/\/api.w.org\/{rel}","templated":true}]}}