{"id":5520,"date":"2024-10-26T06:31:39","date_gmt":"2024-10-26T06:31:39","guid":{"rendered":"https:\/\/www.hyflexpack.com\/?post_type=product&#038;p=5520"},"modified":"2024-12-13T07:27:59","modified_gmt":"2024-12-13T07:27:59","slug":"custom-cookie-packaging-ideas-for-bags","status":"publish","type":"product","link":"https:\/\/www.hyflexpack.com\/de\/product\/custom-cookie-packaging-ideas-for-bags\/","title":{"rendered":"Kreative Ideen f\u00fcr Keksverpackungen Benutzerdefinierte Standbodenbeutel Lebensmittelverpackungen Hersteller"},"content":{"rendered":"<div class=\"wp-block-columns is-layout-flex wp-container-core-columns-is-layout-9d6595d7 wp-block-columns-is-layout-flex\">\n<div class=\"wp-block-column is-layout-flow wp-block-column-is-layout-flow\">\n<h3 class=\"wp-block-heading\">Merkmale der kreativen Keksverpackungsideen f\u00fcr T\u00fcten<\/h3>\n\n\n\n<ul class=\"wp-block-list\">\n<li><strong>Qualit\u00e4t der Materialien<\/strong>: Die Rohstoffe, die f\u00fcr die Verpackung dieser Kekse verwendet werden, sind lebensmittelecht und sicher, so dass die Kekse sicher gelagert werden k\u00f6nnen und ihre Frische und ihr Geschmack erhalten bleiben.<\/li>\n\n\n\n<li><strong>Anpassbare Tasche f\u00fcr die Verpackung von Keksen<\/strong>: Es erm\u00f6glicht ein individuelles Branding, mit dem Ihre Cookies durch Logos, Farbschemata und kreative Formen hervorgehoben werden k\u00f6nnen.<\/li>\n\n\n\n<li><strong>Stehende Entw\u00fcrfe<\/strong>: Durch die M\u00f6glichkeit, die Auslage im Regal zu verbessern, sehen diese Kekst\u00fctenideen hochwertig aus und wirken auf den Verbraucher ansprechend.<\/li>\n\n\n\n<li><strong>Feuchtigkeitsresistenz und Frische<\/strong>: Bei dieser Keksverpackung kommt eine mehrschichtige Barrieretechnologie zum Einsatz, die die Kekse vor Feuchtigkeit und Luft sch\u00fctzt, was zu einer l\u00e4ngeren Lebensdauer der Kekse beitr\u00e4gt und sie frisch h\u00e4lt.<\/li>\n\n\n\n<li><strong>Umweltfreundliche Wahl<\/strong>: Biologisch abbaubare und wiederverwertbare Materialien werden bereitgestellt, um die Umweltbelastung durch nachhaltige Verpackungen zu verringern.<\/li>\n\n\n\n<li><strong>East Open Easy Seal-Deckel: <\/strong>Sie enth\u00e4lt einen leicht zu \u00f6ffnenden und wiederverschlie\u00dfbaren Rei\u00dfverschluss, mit dem sich die Kekse ganz einfach und schnell \u00f6ffnen lassen. Auch nach dem \u00d6ffnen k\u00f6nnen die Kekse sicher aufbewahrt werden, um ihre Frische zu bewahren.<\/li>\n<\/ul>\n<\/div>\n\n\n\n<div class=\"wp-block-column is-layout-flow wp-block-column-is-layout-flow\">\n<figure class=\"wp-block-image size-full\"><img fetchpriority=\"high\" decoding=\"async\" width=\"750\" height=\"750\" src=\"https:\/\/www.hyflexpack.com\/wp-content\/uploads\/2024\/10\/Manufacturer-Cookie-Packaging-Bags\uff081\uff09.webp\" alt=\"Hersteller Keks-Verpackungst\u00fcten\" class=\"wp-image-5507\" srcset=\"https:\/\/www.hyflexpack.com\/wp-content\/uploads\/2024\/10\/Manufacturer-Cookie-Packaging-Bags\uff081\uff09.webp 750w, https:\/\/www.hyflexpack.com\/wp-content\/uploads\/2024\/10\/Manufacturer-Cookie-Packaging-Bags\uff081\uff09-300x300.webp 300w, https:\/\/www.hyflexpack.com\/wp-content\/uploads\/2024\/10\/Manufacturer-Cookie-Packaging-Bags\uff081\uff09-150x150.webp 150w, https:\/\/www.hyflexpack.com\/wp-content\/uploads\/2024\/10\/Manufacturer-Cookie-Packaging-Bags\uff081\uff09-12x12.webp 12w, https:\/\/www.hyflexpack.com\/wp-content\/uploads\/2024\/10\/Manufacturer-Cookie-Packaging-Bags\uff081\uff09-285x285.webp 285w, https:\/\/www.hyflexpack.com\/wp-content\/uploads\/2024\/10\/Manufacturer-Cookie-Packaging-Bags\uff081\uff09-270x270.webp 270w, https:\/\/www.hyflexpack.com\/wp-content\/uploads\/2024\/10\/Manufacturer-Cookie-Packaging-Bags\uff081\uff09-540x540.webp 540w, https:\/\/www.hyflexpack.com\/wp-content\/uploads\/2024\/10\/Manufacturer-Cookie-Packaging-Bags\uff081\uff09-660x660.webp 660w\" sizes=\"(max-width: 750px) 100vw, 750px\" \/><\/figure>\n<\/div>\n<\/div>\n\n\n\n<p><\/p>","protected":false},"excerpt":{"rendered":"<p>Erfahren Sie, wie unsere kreativen Keksverpackungsideen f\u00fcr Beutel aus umweltfreundlichen, lebensmittelechten Verpackungsverbundfolien hergestellt werden. Die Verwendung von Verbundmaterialien bietet eine gute Feuchtigkeits- und Oxidationsschutzfunktion, und die hohen Barriereeigenschaften gew\u00e4hrleisten die Trockenheit und Sicherheit der Produkte und stellen sicher, dass die Produkte nicht durch Feuchtigkeit beeintr\u00e4chtigt werden. Das Design mit verbreiterten Boden- und Seitenn\u00e4hten macht den gesamten Beutel umfassender. Wenden Sie sich noch heute an uns, um ein Angebot zu erhalten. Wir bieten Ihnen umweltfreundliche und hochwertige Verpackungsl\u00f6sungen aus einer Hand.<\/p>\n<h3>Vorteile von Keksverpackungsideen f\u00fcr T\u00fctenhersteller<\/h3>\n<ul>\n<li>Kundenspezifisches Design: Wir bieten einen kundenspezifischen Verpackungssack-Service, einschlie\u00dflich der Anpassung von Material, Gr\u00f6\u00dfe und Druckmuster an die Bed\u00fcrfnisse des Kunden, und unterst\u00fctzen OEM und ODM.<\/li>\n<li>Herstellung: Mit fortschrittlicher Ausr\u00fcstung und Technologie k\u00f6nnen wir die Auftragsfertigung mit hoher Effizienz und hoher Qualit\u00e4t durchf\u00fchren und p\u00fcnktlich liefern.<\/li>\n<li>Qualit\u00e4tsinspektion: Strenge Einhaltung der Qualit\u00e4tsstandards und der Anforderungen an die Lebensmittelsicherheit bei der Produktion, um sicherzustellen, dass die Produkte den Standards entsprechen.<\/li>\n<li>Kundendienst: 24 Stunden, um eine rasche Reaktion und einen aufmerksamen Kundendienst zu gew\u00e4hrleisten.<\/li>\n<li>Kostenlose Probe\uff1a Wir bieten Ihnen einen kostenlosen Musterservice, damit Sie die Produkte testen k\u00f6nnen.<\/li>\n<\/ul>\n<p><a href=\"https:\/\/www.hyflexpack.com\/de\/\"><strong>Huiyang Verpackung<\/strong><\/a> hat es sich zur Aufgabe gemacht, seinen Kunden qualitativ hochwertige, ma\u00dfgeschneiderte Keksverpackungen zu liefern, um ihnen zu helfen, ihr Produktimage zu verbessern und ihre Wettbewerbsf\u00e4higkeit auf dem Markt zu steigern.<\/p>","protected":false},"featured_media":5507,"comment_status":"open","ping_status":"closed","template":"","meta":[],"product_brand":[],"product_cat":[51,57],"product_tag":[],"class_list":{"0":"post-5520","1":"product","2":"type-product","3":"status-publish","4":"has-post-thumbnail","6":"product_cat-custom-food-packaging-bags","7":"product_cat-snack-packaging-bags-wholesale","9":"first","10":"instock","11":"shipping-taxable","12":"product-type-simple"},"_links":{"self":[{"href":"https:\/\/www.hyflexpack.com\/de\/wp-json\/wp\/v2\/product\/5520","targetHints":{"allow":["GET"]}}],"collection":[{"href":"https:\/\/www.hyflexpack.com\/de\/wp-json\/wp\/v2\/product"}],"about":[{"href":"https:\/\/www.hyflexpack.com\/de\/wp-json\/wp\/v2\/types\/product"}],"replies":[{"embeddable":true,"href":"https:\/\/www.hyflexpack.com\/de\/wp-json\/wp\/v2\/comments?post=5520"}],"wp:featuredmedia":[{"embeddable":true,"href":"https:\/\/www.hyflexpack.com\/de\/wp-json\/wp\/v2\/media\/5507"}],"wp:attachment":[{"href":"https:\/\/www.hyflexpack.com\/de\/wp-json\/wp\/v2\/media?parent=5520"}],"wp:term":[{"taxonomy":"product_brand","embeddable":true,"href":"https:\/\/www.hyflexpack.com\/de\/wp-json\/wp\/v2\/product_brand?post=5520"},{"taxonomy":"product_cat","embeddable":true,"href":"https:\/\/www.hyflexpack.com\/de\/wp-json\/wp\/v2\/product_cat?post=5520"},{"taxonomy":"product_tag","embeddable":true,"href":"https:\/\/www.hyflexpack.com\/de\/wp-json\/wp\/v2\/product_tag?post=5520"}],"curies":[{"name":"wp","href":"https:\/\/api.w.org\/{rel}","templated":true}]}}