{"id":5496,"date":"2024-11-11T01:53:34","date_gmt":"2024-11-11T01:53:34","guid":{"rendered":"https:\/\/www.hyflexpack.com\/?post_type=product&#038;p=5496"},"modified":"2025-10-23T08:31:25","modified_gmt":"2025-10-23T08:31:25","slug":"custom-potato-chips-bags","status":"publish","type":"product","link":"https:\/\/www.hyflexpack.com\/de\/product\/custom-potato-chips-bags\/","title":{"rendered":"Fabrikspezifische Kartoffelchips-Beutel, haltbare Standbodenbeutel f\u00fcr Snack-Verpackungen"},"content":{"rendered":"<div class=\"wp-block-columns is-layout-flex wp-container-core-columns-is-layout-9d6595d7 wp-block-columns-is-layout-flex\">\n<div class=\"wp-block-column is-layout-flow wp-block-column-is-layout-flow\">\n<h3 class=\"wp-block-heading\">Vorteile des Anbieters von qualitativ hochwertigen benutzerdefinierten Kartoffelchipsbeuteln<\/h3>\n\n\n\n<ul class=\"wp-block-list\">\n<li><strong>Kundenspezifisches Design<\/strong>: Wir bieten einen ma\u00dfgeschneiderten Verpackungsservice, einschlie\u00dflich der Anpassung von Material, Gr\u00f6\u00dfe und Druckmustern an die Bed\u00fcrfnisse des Kunden, sowie Unterst\u00fctzung <strong><a href=\"https:\/\/www.hyflexpack.com\/de\/kundenspezifische-flexible-verpackungen\/\">OEM und ODM<\/a><\/strong>.<\/li>\n<\/ul>\n\n\n\n<p><\/p>\n\n\n\n<ul class=\"wp-block-list\">\n<li><strong>Herstellung<\/strong>: Mit fortschrittlicher Ausr\u00fcstung und Technologie k\u00f6nnen wir die Auftragsfertigung mit hoher Effizienz und hoher Qualit\u00e4t durchf\u00fchren und p\u00fcnktlich liefern.<\/li>\n<\/ul>\n\n\n\n<p><\/p>\n\n\n\n<ul class=\"wp-block-list\">\n<li><strong><mark class=\"has-inline-color has-vivid-cyan-blue-color\"><a href=\"https:\/\/www.hyflexpack.com\/de\/quality-control\/\">Qualit\u00e4tskontrolle<\/a><\/mark><\/strong>: Strenge Einhaltung der Qualit\u00e4tsstandards und der Anforderungen an die Lebensmittelsicherheit bei der Produktion, um sicherzustellen, dass die Produkte den Standards entsprechen.<\/li>\n<\/ul>\n\n\n\n<p><\/p>\n\n\n\n<ul class=\"wp-block-list\">\n<li><strong>Kundenbetreuung<\/strong>24 Stunden, um eine rasche Reaktion und eine aufmerksame Kundenbetreuung zu gew\u00e4hrleisten.<\/li>\n<\/ul>\n\n\n\n<ul class=\"wp-block-list\">\n<li><strong>Zertifizierungen:<\/strong>\u00a0\u00a0BRC, ISO, QS, FDA<\/li>\n<\/ul>\n\n\n\n<ul class=\"wp-block-list\">\n<li><strong>Kostenlose Probe<\/strong>\uff1a Wir bieten Ihnen einen kostenlosen Musterservice, damit Sie die Produkte bewerten k\u00f6nnen.<\/li>\n<\/ul>\n<\/div>\n\n\n\n<div class=\"wp-block-column is-layout-flow wp-block-column-is-layout-flow\">\n<figure class=\"wp-block-image size-full\"><img fetchpriority=\"high\" decoding=\"async\" width=\"750\" height=\"750\" src=\"https:\/\/www.hyflexpack.com\/wp-content\/uploads\/2024\/10\/Flexible-packaging-companies-\uff081\uff09.webp\" alt=\"Benutzerdefinierte Kartoffelchips Taschen Gro\u00dfhandel\" class=\"wp-image-5502\" srcset=\"https:\/\/www.hyflexpack.com\/wp-content\/uploads\/2024\/10\/Flexible-packaging-companies-\uff081\uff09.webp 750w, https:\/\/www.hyflexpack.com\/wp-content\/uploads\/2024\/10\/Flexible-packaging-companies-\uff081\uff09-300x300.webp 300w, https:\/\/www.hyflexpack.com\/wp-content\/uploads\/2024\/10\/Flexible-packaging-companies-\uff081\uff09-150x150.webp 150w, https:\/\/www.hyflexpack.com\/wp-content\/uploads\/2024\/10\/Flexible-packaging-companies-\uff081\uff09-12x12.webp 12w, https:\/\/www.hyflexpack.com\/wp-content\/uploads\/2024\/10\/Flexible-packaging-companies-\uff081\uff09-285x285.webp 285w, https:\/\/www.hyflexpack.com\/wp-content\/uploads\/2024\/10\/Flexible-packaging-companies-\uff081\uff09-270x270.webp 270w, https:\/\/www.hyflexpack.com\/wp-content\/uploads\/2024\/10\/Flexible-packaging-companies-\uff081\uff09-540x540.webp 540w, https:\/\/www.hyflexpack.com\/wp-content\/uploads\/2024\/10\/Flexible-packaging-companies-\uff081\uff09-660x660.webp 660w\" sizes=\"(max-width: 750px) 100vw, 750px\" \/><\/figure>\n<\/div>\n<\/div>\n\n\n\n<p><\/p>","protected":false},"excerpt":{"rendered":"<p>Unsere individuellen Kartoffelchips-T\u00fcten fallen auf! Unsere hochwertigen Standbodenbeutel f\u00fcr Chips sind so konzipiert, dass Ihre Snacks frisch und ansprechend bleiben. Perfekt f\u00fcr Marken, die auffallen wollen - nehmen Sie Kontakt auf, um Ihre Verpackung aufzuwerten!<\/p>\n<h3><strong>Merkmale von Kartoffelchips-Beuteln<\/strong><\/h3>\n<p><strong>Lebensmittelgeeignetes Material<\/strong>: gew\u00e4hrleistet Lebensmittelsicherheit und -hygiene, erm\u00f6glicht den direkten Kontakt mit Lebensmitteln und bewahrt den urspr\u00fcnglichen Geschmack und die Frische von Krabbenchips und Kartoffelchips.<\/p>\n<p><strong>Stand-up-Beutel-Design<\/strong>Es ist einfach, Kartoffelchip-T\u00fcten in den Regalen auszulegen; dies erh\u00f6ht die Wahrscheinlichkeit, dass das Produkt in einem Supermarkt oder im Einzelhandel wahrgenommen wird, und steigert somit die Markenbekanntheit.<\/p>\n<p><strong>Starke Abdichtung und hohe Barriere<\/strong>: Verhindert wirksam Feuchtigkeit und Oxidation, um die Haltbarkeit von Krabbenchips zu verl\u00e4ngern und die Knusprigkeit des Produkts \u00fcber einen langen Zeitraum zu erhalten.<\/p>\n<p><strong>Pers\u00f6nlicher Druck und verschiedene Optionen<\/strong>: Es kann hochwertige Markenlogos und einzigartige Muster unterst\u00fctzen. Die M\u00f6glichkeit, verschiedene Gr\u00f6\u00dfen je nach Bedarf zu w\u00e4hlen, erm\u00f6glicht es der Marke, exklusive Verpackungen zu schaffen.<\/p>\n<p><strong>\u00d6kologische Auswahl von Materialien<\/strong>: Das Angebot von biologisch abbaubaren und wiederverwertbaren Materialien f\u00fcr ma\u00dfgeschneiderte Kartoffelchip-T\u00fcten entspricht der Forderung nach Umweltschutz und verleiht der Marke ein gr\u00fcnes Image.<\/p>\n<p><strong>Hei\u00dfsiegelnde und leicht zu rei\u00dfende Konstruktion<\/strong>Das Verpackungsdesign ist f\u00fcr die Verbraucher leicht zu \u00f6ffnen, was das Wiederverschlie\u00dfen, die Aufbewahrung und den Transport erleichtert und die Benutzererfahrung verbessert.<\/p>","protected":false},"featured_media":5502,"comment_status":"open","ping_status":"closed","template":"","meta":[],"product_brand":[],"product_cat":[57],"product_tag":[],"class_list":{"0":"post-5496","1":"product","2":"type-product","3":"status-publish","4":"has-post-thumbnail","6":"product_cat-snack-packaging-bags-wholesale","8":"first","9":"instock","10":"shipping-taxable","11":"product-type-simple"},"_links":{"self":[{"href":"https:\/\/www.hyflexpack.com\/de\/wp-json\/wp\/v2\/product\/5496","targetHints":{"allow":["GET"]}}],"collection":[{"href":"https:\/\/www.hyflexpack.com\/de\/wp-json\/wp\/v2\/product"}],"about":[{"href":"https:\/\/www.hyflexpack.com\/de\/wp-json\/wp\/v2\/types\/product"}],"replies":[{"embeddable":true,"href":"https:\/\/www.hyflexpack.com\/de\/wp-json\/wp\/v2\/comments?post=5496"}],"wp:featuredmedia":[{"embeddable":true,"href":"https:\/\/www.hyflexpack.com\/de\/wp-json\/wp\/v2\/media\/5502"}],"wp:attachment":[{"href":"https:\/\/www.hyflexpack.com\/de\/wp-json\/wp\/v2\/media?parent=5496"}],"wp:term":[{"taxonomy":"product_brand","embeddable":true,"href":"https:\/\/www.hyflexpack.com\/de\/wp-json\/wp\/v2\/product_brand?post=5496"},{"taxonomy":"product_cat","embeddable":true,"href":"https:\/\/www.hyflexpack.com\/de\/wp-json\/wp\/v2\/product_cat?post=5496"},{"taxonomy":"product_tag","embeddable":true,"href":"https:\/\/www.hyflexpack.com\/de\/wp-json\/wp\/v2\/product_tag?post=5496"}],"curies":[{"name":"wp","href":"https:\/\/api.w.org\/{rel}","templated":true}]}}