{"id":5459,"date":"2024-10-15T02:45:54","date_gmt":"2024-10-15T02:45:54","guid":{"rendered":"https:\/\/www.hyflexpack.com\/?post_type=product&#038;p=5459"},"modified":"2025-10-21T06:41:06","modified_gmt":"2025-10-21T06:41:06","slug":"stand-up-spout-bag-wholesale","status":"publish","type":"product","link":"https:\/\/www.hyflexpack.com\/de\/product\/stand-up-spout-bag-wholesale\/","title":{"rendered":"Gro\u00dfhandel Stand Up Spout Tasche Getr\u00e4nk Aluminium Verpackung OEM benutzerdefinierte gedruckt Hersteller"},"content":{"rendered":"<div class=\"wp-block-columns is-layout-flex wp-container-core-columns-is-layout-9d6595d7 wp-block-columns-is-layout-flex\">\n<div class=\"wp-block-column is-layout-flow wp-block-column-is-layout-flow\">\n<h3 class=\"wp-block-heading\">Eigenschaften von High Quality Stand Up Spout Bag<\/h3>\n\n\n\n<ul class=\"wp-block-list\">\n<li><strong>Langlebiges Material<\/strong>: Die ma\u00dfgeschneiderten Standbodenbeutel werden aus hochwertigem Aluminium und Verpackungsfolien hergestellt, die den Getr\u00e4nken hervorragenden Schutz und Frische bieten.<br><\/li>\n\n\n\n<li><strong>Band<\/strong>: Ma\u00dfgefertigte Getr\u00e4nkebeutel sind in einem gro\u00dfen Volumenbereich erh\u00e4ltlich, um den Anforderungen verschiedener Produkte f\u00fcr die Verwendung mit unterschiedlichen Verpackungsl\u00f6sungen gerecht zu werden.<br><\/li>\n\n\n\n<li><strong>Ausgie\u00dfer<\/strong>: Viele Standbeutel sind mit einer praktischen Ausgusst\u00fclle und einem Mehrfachverschluss ausgestattet.<br><\/li>\n\n\n\n<li><strong>Auslaufsichere Konstruktion<\/strong>: Lebensmittelgeeignetes Material sorgt f\u00fcr eine dichte Versiegelung f\u00fcr sicheren Transport und Lagerung.<br><\/li>\n\n\n\n<li><strong>\u00d6kologisch vertr\u00e4gliche Alternativen<\/strong>: Die verwendeten Materialien sind recycelbar, um eine nachhaltige Entwicklung zu unterst\u00fctzen.<br><\/li>\n\n\n\n<li><strong>Gro\u00dfhandel Anpassen<\/strong>: Die Standbodenbeutel sind f\u00fcr den Gro\u00dfeinkauf geeignet und bieten einen flexiblen OEM-Bedruckungsservice, um den Anforderungen der Kunden an das Branding gerecht zu werden.<\/li>\n<\/ul>\n<\/div>\n\n\n\n<div class=\"wp-block-column is-layout-flow wp-block-column-is-layout-flow\">\n<figure class=\"wp-block-image size-full\"><img fetchpriority=\"high\" decoding=\"async\" width=\"750\" height=\"750\" src=\"https:\/\/www.hyflexpack.com\/wp-content\/uploads\/2024\/10\/Bespoke-Beverage-Packaging1.webp\" alt=\"Ma\u00dfgeschneiderte Getr\u00e4nkeverpackungen\" class=\"wp-image-5451\" srcset=\"https:\/\/www.hyflexpack.com\/wp-content\/uploads\/2024\/10\/Bespoke-Beverage-Packaging1.webp 750w, https:\/\/www.hyflexpack.com\/wp-content\/uploads\/2024\/10\/Bespoke-Beverage-Packaging1-300x300.webp 300w, https:\/\/www.hyflexpack.com\/wp-content\/uploads\/2024\/10\/Bespoke-Beverage-Packaging1-150x150.webp 150w, https:\/\/www.hyflexpack.com\/wp-content\/uploads\/2024\/10\/Bespoke-Beverage-Packaging1-12x12.webp 12w, https:\/\/www.hyflexpack.com\/wp-content\/uploads\/2024\/10\/Bespoke-Beverage-Packaging1-285x285.webp 285w, https:\/\/www.hyflexpack.com\/wp-content\/uploads\/2024\/10\/Bespoke-Beverage-Packaging1-270x270.webp 270w, https:\/\/www.hyflexpack.com\/wp-content\/uploads\/2024\/10\/Bespoke-Beverage-Packaging1-540x540.webp 540w, https:\/\/www.hyflexpack.com\/wp-content\/uploads\/2024\/10\/Bespoke-Beverage-Packaging1-660x660.webp 660w\" sizes=\"(max-width: 750px) 100vw, 750px\" \/><\/figure>\n<\/div>\n<\/div>\n\n\n\n<p><\/p>","protected":false},"excerpt":{"rendered":"<p>Individuelle Getr\u00e4nkeverpackungen mit Standbodenbeuteln, die auslaufsichere, wiederverschlie\u00dfbare L\u00f6sungen f\u00fcr Getr\u00e4nke bieten. Ideal f\u00fcr Gro\u00dfhandelsbestellungen mit anpassbarem Fassungsverm\u00f6gen und Design, perfekt, um die Sichtbarkeit Ihrer Marke zu erh\u00f6hen. Kontaktieren Sie uns f\u00fcr weitere Produktinformationen zu Standbeuteln mit Ausgie\u00dfer.<\/p>\n<h3>Vorteile von Stand Up Spout Bag Supplier<\/h3>\n<ul>\n<li>Kundenspezifisches Design: Wir bieten kundenspezifische Dienstleistungen, einschlie\u00dflich der Anpassung von Material, Gr\u00f6\u00dfe und Druckmustern an die Bed\u00fcrfnisse des Kunden, und unterst\u00fctzen OEM und ODM.<\/li>\n<li>Herstellung: Mit fortschrittlicher Ausr\u00fcstung und Technologie k\u00f6nnen wir die Produktion von Auftr\u00e4gen effizient und mit garantierter Qualit\u00e4t abschlie\u00dfen und p\u00fcnktlich liefern.<\/li>\n<li>Qualit\u00e4tskontrolle: Die Produktion erfolgt nach strengen Qualit\u00e4tsnormen und Anforderungen an die Lebensmittelsicherheit, so dass sichergestellt werden kann, dass die Produkte die Normen vollst\u00e4ndig erf\u00fcllen.<\/li>\n<li>Kundendienst: 24 Stunden schnelle Reaktion, aufmerksame Unterst\u00fctzung durch den Kundendienst.<\/li>\n<li>Zertifizierung<strong>\uff1a<\/strong>\u00a0FDA\/BRC\/ISO 9001\/RoHS<\/li>\n<li>Kostenloses Muster: Wir bieten Ihnen ein kostenloses Muster zur Beurteilung an.<\/li>\n<\/ul>\n<p>Ausgehend von der aktuellen Situation, <a href=\"https:\/\/www.hyflexpack.com\/de\/\"><strong>Huiyang-Verpackung<\/strong><\/a> verspricht, dass die Kunden in Zukunft qualitativ bessere Getr\u00e4nkeverpackungen mit Standbodenbeuteln erhalten und bei der Verbesserung des Images ihrer Produkte unterst\u00fctzt werden, um im Wettbewerb auf dem Markt die Nase vorn zu haben.<\/p>","protected":false},"featured_media":5451,"comment_status":"open","ping_status":"closed","template":"","meta":[],"product_brand":[],"product_cat":[103],"product_tag":[],"class_list":{"0":"post-5459","1":"product","2":"type-product","3":"status-publish","4":"has-post-thumbnail","6":"product_cat-beverage-packaging-bags-supplier","8":"first","9":"instock","10":"shipping-taxable","11":"product-type-simple"},"_links":{"self":[{"href":"https:\/\/www.hyflexpack.com\/de\/wp-json\/wp\/v2\/product\/5459","targetHints":{"allow":["GET"]}}],"collection":[{"href":"https:\/\/www.hyflexpack.com\/de\/wp-json\/wp\/v2\/product"}],"about":[{"href":"https:\/\/www.hyflexpack.com\/de\/wp-json\/wp\/v2\/types\/product"}],"replies":[{"embeddable":true,"href":"https:\/\/www.hyflexpack.com\/de\/wp-json\/wp\/v2\/comments?post=5459"}],"wp:featuredmedia":[{"embeddable":true,"href":"https:\/\/www.hyflexpack.com\/de\/wp-json\/wp\/v2\/media\/5451"}],"wp:attachment":[{"href":"https:\/\/www.hyflexpack.com\/de\/wp-json\/wp\/v2\/media?parent=5459"}],"wp:term":[{"taxonomy":"product_brand","embeddable":true,"href":"https:\/\/www.hyflexpack.com\/de\/wp-json\/wp\/v2\/product_brand?post=5459"},{"taxonomy":"product_cat","embeddable":true,"href":"https:\/\/www.hyflexpack.com\/de\/wp-json\/wp\/v2\/product_cat?post=5459"},{"taxonomy":"product_tag","embeddable":true,"href":"https:\/\/www.hyflexpack.com\/de\/wp-json\/wp\/v2\/product_tag?post=5459"}],"curies":[{"name":"wp","href":"https:\/\/api.w.org\/{rel}","templated":true}]}}