{"id":5457,"date":"2024-10-15T01:55:41","date_gmt":"2024-10-15T01:55:41","guid":{"rendered":"https:\/\/www.hyflexpack.com\/?post_type=product&#038;p=5457"},"modified":"2024-12-13T06:49:16","modified_gmt":"2024-12-13T06:49:16","slug":"custom-chips-packaging-roll-film","status":"publish","type":"product","link":"https:\/\/www.hyflexpack.com\/de\/product\/custom-chips-packaging-roll-film\/","title":{"rendered":"Benutzerdefinierte Chips-Verpackungsrollfolie, Popcorn-Snack-T\u00fcten, Verpackungslaminierfolie"},"content":{"rendered":"<div class=\"wp-block-columns is-layout-flex wp-container-core-columns-is-layout-9d6595d7 wp-block-columns-is-layout-flex\">\n<div class=\"wp-block-column is-layout-flow wp-block-column-is-layout-flow\">\n<h3 class=\"wp-block-heading\">Merkmale der hochwertigen Chips-Verpackungsrollfolie<\/h3>\n\n\n\n<ul class=\"wp-block-list\">\n<li><strong>Hochwertiges Material<\/strong>: Popcorn-Snackbeutel werden aus hochwertigen Verpackungsfolien hergestellt, die lebensmittelecht, ungiftig und geruchsneutral sind. Stark und langlebig, ist es f\u00fcr eine Vielzahl von Lebensmittelverpackungen geeignet.<\/li>\n\n\n\n<li><strong>Effizientes Verpacken<\/strong>: Sie wurde f\u00fcr automatische Verpackungsanlagen entwickelt, um die Produktionseffizienz zu verbessern. Das glatte Design der Chips-Verpackungsrollenfolie sorgt daf\u00fcr, dass es beim Hochgeschwindigkeitsverpacken nicht zu Papierstaus kommt.<\/li>\n\n\n\n<li><strong>Ausgezeichnete Schutzleistung<\/strong>: Verhindert wirksam Feuchtigkeit und Staub und verl\u00e4ngert so die Haltbarkeit von Kartoffelchips. Gute Rei\u00dffestigkeit sch\u00fctzt die Integrit\u00e4t der Chips w\u00e4hrend Transport und Lagerung.<\/li>\n\n\n\n<li><strong>Umweltfreundliche Option<\/strong>: Es unterst\u00fctzt biologisch abbaubare und recycelbare Materialien, um den Anforderungen des Umweltschutzes gerecht zu werden. Es werden auch Optionen f\u00fcr die Folienst\u00e4rke angeboten, um den Materialabfall zu reduzieren und den CO2-Fu\u00dfabdruck zu verringern.<\/li>\n\n\n\n<li><strong>Bequem in der Anwendung<\/strong>: Die Chips-Verpackungsfolie l\u00e4sst sich leicht hei\u00dfsiegeln, wodurch sie dicht genug ist, um Kartoffelchips vor Feuchtigkeit zu sch\u00fctzen. Die Folienrollen sind leicht zu lagern und zu handhaben, was Platz im Lager spart.<\/li>\n<\/ul>\n<\/div>\n\n\n\n<div class=\"wp-block-column is-layout-flow wp-block-column-is-layout-flow\">\n<figure class=\"wp-block-image size-full\"><img decoding=\"async\" src=\"https:\/\/www.hyflexpack.com\/wp-content\/uploads\/2024\/10\/wholesale-chips-packaging-roll3.webp\" alt=\"Gro\u00dfhandel Chips Verpackung Rolle\" class=\"wp-image-5445\"\/><\/figure>\n<\/div>\n<\/div>\n\n\n\n<p><\/p>","protected":false},"excerpt":{"rendered":"<p>Premium-Chips-Verpackungsfolie f\u00fcr den Gro\u00dfhandel, ideal f\u00fcr flexible Snack-Verpackungen mit haltbarer Laminierfolie, perfekt f\u00fcr die Erhaltung der Frische und die Verbesserung der Attraktivit\u00e4t im Regal. F\u00fchlen Sie sich frei, uns f\u00fcr kostenlose Design und Proben zu kontaktieren!<\/p>\n<h3>Vorteile von Chipsverpackungsfolienlieferanten<\/h3>\n<ul>\n<li>Kundenspezifisches Design: Wir bieten kundenspezifische Dienstleistungen, einschlie\u00dflich der Anpassung von Material, Gr\u00f6\u00dfe und Druckmustern an die Bed\u00fcrfnisse des Kunden, und unterst\u00fctzen OEM und ODM.<\/li>\n<li>Herstellung: Mit fortschrittlicher Ausr\u00fcstung und Technologie k\u00f6nnen wir Auftr\u00e4ge effizient und mit hoher Qualit\u00e4t produzieren und p\u00fcnktlich liefern.<\/li>\n<li>Qualit\u00e4tskontrolle: Die Produktion erfolgt unter strenger Einhaltung der Qualit\u00e4tsnormen und der Anforderungen an die Lebensmittelsicherheit, um sicherzustellen, dass die Produkte den Normen entsprechen.<\/li>\n<li>Zertifizierung<strong>\uff1a<\/strong>\u00a0FDA\/BRC\/ISO 9001\/RoHS<\/li>\n<li>Kundendienst: 24 Stunden schnelle Reaktion und aufmerksame Unterst\u00fctzung durch den Kundendienst.<\/li>\n<li>Kostenlose Probe: Bieten Sie einen kostenlosen Musterservice an, damit Sie das Produkt bewerten k\u00f6nnen.<\/li>\n<\/ul>\n<p><strong>Huiyang Verpackung<\/strong> hat es sich zur Aufgabe gemacht, seinen Kunden lebensmittelechte Popcorn-Snackbeutel zu liefern, um ihnen zu helfen, ihr Produktimage zu verbessern und ihre Wettbewerbsf\u00e4higkeit auf dem Markt zu steigern.<\/p>","protected":false},"featured_media":5445,"comment_status":"open","ping_status":"closed","template":"","meta":[],"product_brand":[],"product_cat":[53,57],"product_tag":[],"class_list":{"0":"post-5457","1":"product","2":"type-product","3":"status-publish","4":"has-post-thumbnail","6":"product_cat-packaging-film-supplier","7":"product_cat-snack-packaging-bags-wholesale","9":"first","10":"instock","11":"shipping-taxable","12":"product-type-simple"},"_links":{"self":[{"href":"https:\/\/www.hyflexpack.com\/de\/wp-json\/wp\/v2\/product\/5457","targetHints":{"allow":["GET"]}}],"collection":[{"href":"https:\/\/www.hyflexpack.com\/de\/wp-json\/wp\/v2\/product"}],"about":[{"href":"https:\/\/www.hyflexpack.com\/de\/wp-json\/wp\/v2\/types\/product"}],"replies":[{"embeddable":true,"href":"https:\/\/www.hyflexpack.com\/de\/wp-json\/wp\/v2\/comments?post=5457"}],"wp:featuredmedia":[{"embeddable":true,"href":"https:\/\/www.hyflexpack.com\/de\/wp-json\/wp\/v2\/media\/5445"}],"wp:attachment":[{"href":"https:\/\/www.hyflexpack.com\/de\/wp-json\/wp\/v2\/media?parent=5457"}],"wp:term":[{"taxonomy":"product_brand","embeddable":true,"href":"https:\/\/www.hyflexpack.com\/de\/wp-json\/wp\/v2\/product_brand?post=5457"},{"taxonomy":"product_cat","embeddable":true,"href":"https:\/\/www.hyflexpack.com\/de\/wp-json\/wp\/v2\/product_cat?post=5457"},{"taxonomy":"product_tag","embeddable":true,"href":"https:\/\/www.hyflexpack.com\/de\/wp-json\/wp\/v2\/product_tag?post=5457"}],"curies":[{"name":"wp","href":"https:\/\/api.w.org\/{rel}","templated":true}]}}