{"id":5408,"date":"2024-09-28T07:11:11","date_gmt":"2024-09-28T07:11:11","guid":{"rendered":"https:\/\/www.hyflexpack.com\/?post_type=product&#038;p=5408"},"modified":"2024-09-28T07:11:13","modified_gmt":"2024-09-28T07:11:13","slug":"custom-laundry-detergent-packaging","status":"publish","type":"product","link":"https:\/\/www.hyflexpack.com\/de\/product\/custom-laundry-detergent-packaging\/","title":{"rendered":"Individuelle Waschmittelverpackung Stand Up Pouch Hochbarriere bedrucktes Logo mit Rei\u00dfverschluss"},"content":{"rendered":"<div class=\"wp-block-columns is-layout-flex wp-container-core-columns-is-layout-9d6595d7 wp-block-columns-is-layout-flex\">\n<div class=\"wp-block-column is-layout-flow wp-block-column-is-layout-flow\">\n<h3 class=\"wp-block-heading\">Merkmale von Premium-Waschmittelverpackungen<\/h3>\n\n\n\n<ul class=\"wp-block-list\">\n<li><strong>Hohe Barriereleistung<\/strong>: Standbodenbeutel werden aus mehreren Schichten hochwertiger Barrierefolien hergestellt. Diese Folien werden miteinander laminiert, um das Produkt im Inneren des Waschmittel-Verpackungsbeutels vor Auslaufen, Besch\u00e4digung oder Witterungseinfl\u00fcssen zu sch\u00fctzen.<\/li>\n<\/ul>\n\n\n\n<p><\/p>\n\n\n\n<ul class=\"wp-block-list\">\n<li><span style=\"box-sizing: border-box; margin: 0px; padding: 0px;\"><strong>Stehendes Design<\/strong>: Die Vorderseite des Standbeutels bietet viel Platz f\u00fcr Logos, Etiketten,<\/span> oder individuelle Drucke. Es kann auch mit Farben und Soft-Touch-Eigenschaften der Oberfl\u00e4che versehen werden, um ein wirklich gehobenes Gef\u00fchl zu vermitteln.<\/li>\n<\/ul>\n\n\n\n<p><\/p>\n\n\n\n<ul class=\"wp-block-list\">\n<li><strong>Bequemer Rei\u00dfverschluss<\/strong>: Die Waschmittelbeutel sind mit einem wiederverschlie\u00dfbaren Rei\u00dfverschluss ausgestattet, um die Verwendung zu erleichtern und den Inhalt frisch zu halten.<\/li>\n<\/ul>\n\n\n\n<p><\/p>\n\n\n\n<ul class=\"wp-block-list\">\n<li><strong>Umweltvertr\u00e4gliche Optionen<\/strong>: Plastikt\u00fcten sind nachhaltiger als herk\u00f6mmliche Plastikdosen, und Huiyang Packaging bietet nachhaltige Materialien an: BOPE-Folie (bi-orientiertes Polyethylen) und kompostierbare Materialien. erf\u00fcllt Umweltstandards und spricht umweltbewusste Verbraucher an.<\/li>\n<\/ul>\n\n\n\n<p><\/p>\n\n\n\n<ul class=\"wp-block-list\">\n<li><strong>Mehrere Kapazit\u00e4tsoptionen<\/strong>: Waschmittelverpackungen gibt es in einer Vielzahl von Gr\u00f6\u00dfen und Fassungsverm\u00f6gen, um den unterschiedlichen Haushalts- und Marktanforderungen gerecht zu werden.<\/li>\n<\/ul>\n<\/div>\n\n\n\n<div class=\"wp-block-column is-layout-flow wp-block-column-is-layout-flow\">\n<figure class=\"wp-block-image size-full\"><img fetchpriority=\"high\" decoding=\"async\" width=\"750\" height=\"750\" src=\"https:\/\/www.hyflexpack.com\/wp-content\/uploads\/2024\/09\/custom-washing-powder-packaging\uff081\uff09.webp\" alt=\"Kundenspezifische Waschmittelverpackungen\" class=\"wp-image-5409\" srcset=\"https:\/\/www.hyflexpack.com\/wp-content\/uploads\/2024\/09\/custom-washing-powder-packaging\uff081\uff09.webp 750w, https:\/\/www.hyflexpack.com\/wp-content\/uploads\/2024\/09\/custom-washing-powder-packaging\uff081\uff09-300x300.webp 300w, https:\/\/www.hyflexpack.com\/wp-content\/uploads\/2024\/09\/custom-washing-powder-packaging\uff081\uff09-150x150.webp 150w, https:\/\/www.hyflexpack.com\/wp-content\/uploads\/2024\/09\/custom-washing-powder-packaging\uff081\uff09-12x12.webp 12w, https:\/\/www.hyflexpack.com\/wp-content\/uploads\/2024\/09\/custom-washing-powder-packaging\uff081\uff09-285x285.webp 285w, https:\/\/www.hyflexpack.com\/wp-content\/uploads\/2024\/09\/custom-washing-powder-packaging\uff081\uff09-270x270.webp 270w, https:\/\/www.hyflexpack.com\/wp-content\/uploads\/2024\/09\/custom-washing-powder-packaging\uff081\uff09-540x540.webp 540w, https:\/\/www.hyflexpack.com\/wp-content\/uploads\/2024\/09\/custom-washing-powder-packaging\uff081\uff09-660x660.webp 660w\" sizes=\"(max-width: 750px) 100vw, 750px\" \/><\/figure>\n<\/div>\n<\/div>\n\n\n\n<p><\/p>","protected":false},"excerpt":{"rendered":"<p>Standbeutel f\u00fcr Waschmittelverpackungen sind bei vielen beliebt, weil sie einfach zu handhaben sind, nicht auslaufen und kosteng\u00fcnstig sind. Unsere Beuteloptionen, einschlie\u00dflich D\u00fcsenbeuteln, Flachbeuteln und Rollen, bieten Ihnen eine gro\u00dfe Auswahl an Waschmittelverpackungen von <a href=\"https:\/\/www.hyflexpack.com\/de\/\"><strong>Huiyang Verpackung<\/strong><\/a> aber m\u00f6chten Sie mehr wissen? Unser Kundenservice steht Ihnen f\u00fcr alle Fragen zur Verf\u00fcgung.<\/p>\n<h3>Vorteile des Lieferanten von Waschmittelverpackungen<\/h3>\n<ul>\n<li><strong>Kundenspezifisches Design<\/strong>: Wir bieten personalisierte Designl\u00f6sungen, unterst\u00fctzen OEM\/ODM und k\u00f6nnen verschiedene Spezifikationen, Gr\u00f6\u00dfen, Druckmuster usw. anpassen.<\/li>\n<li><strong>Qualit\u00e4tssicherung<\/strong>: Wir kontrollieren den Produktionsprozess und verf\u00fcgen \u00fcber hochwertige Materialien und fortschrittliche Ausr\u00fcstung, um die Produktqualit\u00e4t zu gew\u00e4hrleisten.<\/li>\n<li><strong>P\u00fcnktliche Lieferung<\/strong>: Optimierung des Produktionsprozesses und Verbesserung der Produktionseffizienz, um eine p\u00fcnktliche Lieferung zu gew\u00e4hrleisten und den dringenden Bedarf der Kunden zu decken.<\/li>\n<li><strong>Professionelle technische Unterst\u00fctzung<\/strong>: Das erfahrene technische Team bietet professionelle technische Unterst\u00fctzung und einen 24-Stunden-Kundendienst.<\/li>\n<li><strong>Kostenlose Probe<\/strong>: Wir bieten Ihnen einen kostenlosen Musterservice, damit Sie die Produkte bewerten k\u00f6nnen.<\/li>\n<\/ul>","protected":false},"featured_media":5409,"comment_status":"open","ping_status":"closed","template":"","meta":[],"product_brand":[],"product_cat":[52],"product_tag":[],"class_list":{"0":"post-5408","1":"product","2":"type-product","3":"status-publish","4":"has-post-thumbnail","6":"product_cat-custom-daily-chemical-packaging","8":"first","9":"instock","10":"shipping-taxable","11":"product-type-simple"},"_links":{"self":[{"href":"https:\/\/www.hyflexpack.com\/de\/wp-json\/wp\/v2\/product\/5408","targetHints":{"allow":["GET"]}}],"collection":[{"href":"https:\/\/www.hyflexpack.com\/de\/wp-json\/wp\/v2\/product"}],"about":[{"href":"https:\/\/www.hyflexpack.com\/de\/wp-json\/wp\/v2\/types\/product"}],"replies":[{"embeddable":true,"href":"https:\/\/www.hyflexpack.com\/de\/wp-json\/wp\/v2\/comments?post=5408"}],"wp:featuredmedia":[{"embeddable":true,"href":"https:\/\/www.hyflexpack.com\/de\/wp-json\/wp\/v2\/media\/5409"}],"wp:attachment":[{"href":"https:\/\/www.hyflexpack.com\/de\/wp-json\/wp\/v2\/media?parent=5408"}],"wp:term":[{"taxonomy":"product_brand","embeddable":true,"href":"https:\/\/www.hyflexpack.com\/de\/wp-json\/wp\/v2\/product_brand?post=5408"},{"taxonomy":"product_cat","embeddable":true,"href":"https:\/\/www.hyflexpack.com\/de\/wp-json\/wp\/v2\/product_cat?post=5408"},{"taxonomy":"product_tag","embeddable":true,"href":"https:\/\/www.hyflexpack.com\/de\/wp-json\/wp\/v2\/product_tag?post=5408"}],"curies":[{"name":"wp","href":"https:\/\/api.w.org\/{rel}","templated":true}]}}