{"id":5395,"date":"2024-09-28T06:24:18","date_gmt":"2024-09-28T06:24:18","guid":{"rendered":"https:\/\/www.hyflexpack.com\/?post_type=product&#038;p=5395"},"modified":"2025-11-04T08:20:31","modified_gmt":"2025-11-04T08:20:31","slug":"custom-candy-bags-packaging","status":"publish","type":"product","link":"https:\/\/www.hyflexpack.com\/de\/product\/custom-candy-bags-packaging\/","title":{"rendered":"Individuell bedruckte Bonbont\u00fcten Verpackung Stand Up Food Pouch Fabrik"},"content":{"rendered":"<div class=\"wp-block-columns is-layout-flex wp-container-core-columns-is-layout-9d6595d7 wp-block-columns-is-layout-flex\">\n<div class=\"wp-block-column is-layout-flow wp-block-column-is-layout-flow\">\n<h3 class=\"wp-block-heading\">Merkmale von individuell bedruckten Premium-S\u00fc\u00dfigkeitst\u00fcten<\/h3>\n\n\n\n<ul class=\"wp-block-list\">\n<li><strong>Selbstst\u00e4ndige Konstruktion<\/strong>: Die wiederverschlie\u00dfbaren Bonbont\u00fcten sind mit einem einzigartigen, selbststehenden Boden ausgestattet, der eine ordnungsgem\u00e4\u00dfe Platzierung und Pr\u00e4sentation erm\u00f6glicht und somit Platz bei der Lagerung spart.<\/li>\n<\/ul>\n\n\n\n<p><\/p>\n\n\n\n<ul class=\"wp-block-list\">\n<li><strong>Material mit hoher Barriere: <\/strong>Dadurch bleiben die Bonbons in individuell bedruckten Bonbont\u00fcten l\u00e4nger frisch als in herk\u00f6mmlichen Bonbonverpackungen, was die Haltbarkeit verl\u00e4ngert! H\u00e4lt die Bonbons frisch und geschmackvoll.<\/li>\n<\/ul>\n\n\n\n<p><\/p>\n\n\n\n<ul class=\"wp-block-list\">\n<li><strong>Mehrere Spezifikationen<\/strong>: Bietet eine Vielzahl von Gr\u00f6\u00dfen- und Kapazit\u00e4tsoptionen, um unterschiedlichen Produktanforderungen gerecht zu werden.<\/li>\n<\/ul>\n\n\n\n<p><\/p>\n\n\n\n<ul class=\"wp-block-list\">\n<li><strong>Leicht zu schlie\u00dfen<\/strong>Mit den mitgelieferten Rei\u00dfverschl\u00fcssen k\u00f6nnen die Kunden die Bonbons flexibel aufbewahren, wobei die Unversehrtheit der Verpackung gew\u00e4hrleistet und sie vor Feuchtigkeit und Staub gesch\u00fctzt wird.<\/li>\n<\/ul>\n\n\n\n<p><\/p>\n\n\n\n<ul class=\"wp-block-list\">\n<li><strong>Umweltvertr\u00e4gliche Optionen<\/strong>: Recycelbare oder biologisch abbaubare Materialien sind verf\u00fcgbar, um Umweltstandards zu erf\u00fcllen und umweltbewusste Verbraucher anzusprechen.<\/li>\n<\/ul>\n\n\n\n<p><\/p>\n\n\n\n<ul class=\"wp-block-list\">\n<li><strong>Kosteneinsparungen: <\/strong>Individuell bedruckte Bonbont\u00fcten Verpackungen in flexiblen Beuteln k\u00f6nnen die Kosten im Vergleich zu teureren Optionen wie Kartonagen senken.<\/li>\n<\/ul>\n<\/div>\n\n\n\n<div class=\"wp-block-column is-layout-flow wp-block-column-is-layout-flow\">\n<figure class=\"wp-block-image size-full\"><img fetchpriority=\"high\" decoding=\"async\" width=\"750\" height=\"750\" src=\"https:\/\/www.hyflexpack.com\/wp-content\/uploads\/2024\/09\/Custom-Candy-Wrapper-Packaging\uff082\uff09.webp\" alt=\"Individuell bedruckte Bonbont\u00fcten\" class=\"wp-image-5397\" srcset=\"https:\/\/www.hyflexpack.com\/wp-content\/uploads\/2024\/09\/Custom-Candy-Wrapper-Packaging\uff082\uff09.webp 750w, https:\/\/www.hyflexpack.com\/wp-content\/uploads\/2024\/09\/Custom-Candy-Wrapper-Packaging\uff082\uff09-300x300.webp 300w, https:\/\/www.hyflexpack.com\/wp-content\/uploads\/2024\/09\/Custom-Candy-Wrapper-Packaging\uff082\uff09-150x150.webp 150w, https:\/\/www.hyflexpack.com\/wp-content\/uploads\/2024\/09\/Custom-Candy-Wrapper-Packaging\uff082\uff09-12x12.webp 12w, https:\/\/www.hyflexpack.com\/wp-content\/uploads\/2024\/09\/Custom-Candy-Wrapper-Packaging\uff082\uff09-285x285.webp 285w, https:\/\/www.hyflexpack.com\/wp-content\/uploads\/2024\/09\/Custom-Candy-Wrapper-Packaging\uff082\uff09-270x270.webp 270w, https:\/\/www.hyflexpack.com\/wp-content\/uploads\/2024\/09\/Custom-Candy-Wrapper-Packaging\uff082\uff09-540x540.webp 540w, https:\/\/www.hyflexpack.com\/wp-content\/uploads\/2024\/09\/Custom-Candy-Wrapper-Packaging\uff082\uff09-660x660.webp 660w\" sizes=\"(max-width: 750px) 100vw, 750px\" \/><\/figure>\n<\/div>\n<\/div>\n\n\n\n<p><\/p>","protected":false},"excerpt":{"rendered":"<p>Interessieren Sie sich f\u00fcr ma\u00dfgeschneiderte Bonbont\u00fcten f\u00fcr den Gro\u00dfhandel? Huiyang Packaging bietet flexible Verpackungen f\u00fcr S\u00fc\u00dfigkeiten in einer Vielzahl verschiedener Formate und Ausf\u00fchrungen an, die mit den Motiven Ihres Unternehmens versehen werden k\u00f6nnen.<\/p>\n<h3>Vorteile von Candy Bags Supplier<\/h3>\n<ul>\n<li><strong style=\"box-sizing: border-box;\">Kundenspezifisches Design<\/strong>: Wir bieten personalisierte Designl\u00f6sungen, unterst\u00fctzen OEM\/ODM und k\u00f6nnen verschiedene Spezifikationen, Gr\u00f6\u00dfen, Druckmuster usw. anpassen.<\/li>\n<li><strong style=\"box-sizing: border-box;\">Qualit\u00e4tssicherung<\/strong>: Wir kontrollieren den Produktionsprozess und verf\u00fcgen \u00fcber hochwertige Materialien und fortschrittliche Ausr\u00fcstung, um die Produktqualit\u00e4t zu gew\u00e4hrleisten.<\/li>\n<li><strong style=\"box-sizing: border-box;\">P\u00fcnktliche Lieferung<\/strong>: Optimierung des Produktionsprozesses und Verbesserung der Produktionseffizienz, um eine p\u00fcnktliche Lieferung zu gew\u00e4hrleisten und den dringenden Bedarf der Kunden zu decken.<\/li>\n<li><strong style=\"box-sizing: border-box;\">Professionelle technische Unterst\u00fctzung<\/strong>: Das erfahrene technische Team bietet professionelle technische Unterst\u00fctzung und einen 24-Stunden-Kundendienst.<\/li>\n<li><strong style=\"box-sizing: border-box;\">Kostenlose Probe<\/strong>: Wir bieten Ihnen einen kostenlosen Musterservice, damit Sie die Produkte bewerten k\u00f6nnen.<\/li>\n<\/ul>\n<p><a href=\"https:\/\/www.hyflexpack.com\/de\/\"><strong>Huiyang Verpackung<\/strong><\/a> bietet die lustigen Bonbont\u00fcten f\u00fcr Hochgeschwindigkeitsverpackungslinien. Sie sind feuchtigkeits- und abriebfest und bieten eine hohe Sauerstoff- und Lichtbarriere, um Produkte \u00fcber lange Zeitr\u00e4ume zu verpacken. Erh\u00f6hen Sie die Markenbekanntheit Ihrer individuellen Bonbont\u00fcten mit wirtschaftlichen Beuteln, die mit dem Logo Ihres Unternehmens bedruckt sind.<\/p>\n<p>&nbsp;<\/p>","protected":false},"featured_media":5396,"comment_status":"open","ping_status":"closed","template":"","meta":[],"product_brand":[],"product_cat":[51,107,57],"product_tag":[],"class_list":{"0":"post-5395","1":"product","2":"type-product","3":"status-publish","4":"has-post-thumbnail","6":"product_cat-custom-food-packaging-bags","7":"product_cat-candy-packaging-bags-wholesale","8":"product_cat-snack-packaging-bags-wholesale","10":"first","11":"instock","12":"shipping-taxable","13":"product-type-simple"},"_links":{"self":[{"href":"https:\/\/www.hyflexpack.com\/de\/wp-json\/wp\/v2\/product\/5395","targetHints":{"allow":["GET"]}}],"collection":[{"href":"https:\/\/www.hyflexpack.com\/de\/wp-json\/wp\/v2\/product"}],"about":[{"href":"https:\/\/www.hyflexpack.com\/de\/wp-json\/wp\/v2\/types\/product"}],"replies":[{"embeddable":true,"href":"https:\/\/www.hyflexpack.com\/de\/wp-json\/wp\/v2\/comments?post=5395"}],"wp:featuredmedia":[{"embeddable":true,"href":"https:\/\/www.hyflexpack.com\/de\/wp-json\/wp\/v2\/media\/5396"}],"wp:attachment":[{"href":"https:\/\/www.hyflexpack.com\/de\/wp-json\/wp\/v2\/media?parent=5395"}],"wp:term":[{"taxonomy":"product_brand","embeddable":true,"href":"https:\/\/www.hyflexpack.com\/de\/wp-json\/wp\/v2\/product_brand?post=5395"},{"taxonomy":"product_cat","embeddable":true,"href":"https:\/\/www.hyflexpack.com\/de\/wp-json\/wp\/v2\/product_cat?post=5395"},{"taxonomy":"product_tag","embeddable":true,"href":"https:\/\/www.hyflexpack.com\/de\/wp-json\/wp\/v2\/product_tag?post=5395"}],"curies":[{"name":"wp","href":"https:\/\/api.w.org\/{rel}","templated":true}]}}