{"id":5362,"date":"2024-09-22T18:30:39","date_gmt":"2024-09-22T18:30:39","guid":{"rendered":"https:\/\/www.hyflexpack.com\/?post_type=product&#038;p=5362"},"modified":"2025-11-04T09:09:10","modified_gmt":"2025-11-04T09:09:10","slug":"custom-dried-fruit-packaging-bags","status":"publish","type":"product","link":"https:\/\/www.hyflexpack.com\/de\/product\/custom-dried-fruit-packaging-bags\/","title":{"rendered":"Benutzerdefinierte getrocknete Fr\u00fcchte Verpackung Taschen Stand Up Food Pouch Flexible Verpackung mit Rei\u00dfverschluss"},"content":{"rendered":"<div class=\"wp-block-columns is-layout-flex wp-container-core-columns-is-layout-9d6595d7 wp-block-columns-is-layout-flex\">\n<div class=\"wp-block-column is-layout-flow wp-block-column-is-layout-flow\">\n<h3 class=\"wp-block-heading\">Merkmale der Verpackungsbeutel f\u00fcr Trockenfr\u00fcchte hoher Qualit\u00e4t<\/h3>\n\n\n\n<ul class=\"wp-block-list\">\n<li>Langlebiges Barrierematerial: Die Verwendung von hochwertigem, essbarem Material sorgt daf\u00fcr, dass die Trockenfrucht-Verpackungst\u00fcten sicher, gesund und haltbar sind und die Frische der Trockenfr\u00fcchte effektiv sch\u00fctzen.<\/li>\n<\/ul>\n\n\n\n<p><\/p>\n\n\n\n<ul class=\"wp-block-list\">\n<li>Stehendes Design: Eine einzigartige selbststehende Struktur macht die Tasche fest stehen, die leicht zu zeigen und zu zeigen ist.<\/li>\n<\/ul>\n\n\n\n<p><\/p>\n\n\n\n<ul class=\"wp-block-list\">\n<li>Rei\u00dfverschluss: Die Trockenfrucht-Verpackungst\u00fcten sind mit einem Rei\u00dfverschluss ausgestattet, der die Trockenfr\u00fcchte versiegelt und gleichzeitig das \u00d6ffnen und Schlie\u00dfen der T\u00fcten erleichtert.<\/li>\n<\/ul>\n\n\n\n<p><\/p>\n\n\n\n<ul class=\"wp-block-list\">\n<li>Anpassbarer Druck: Wenn wir unser Druckmuster sehen, wissen wir, dass wir personalisiertes Druckdesign unterst\u00fctzen, d.h. Sie k\u00f6nnen das Muster und die Informationen entsprechend der Nachfrage anpassen.<\/li>\n<\/ul>\n\n\n\n<p><\/p>\n\n\n\n<ul class=\"wp-block-list\">\n<li>Umweltvertr\u00e4gliche Materialien: Wir verwenden umweltfreundliche Materialien, um der Nachfrage nach nachhaltigen Verpackungen nachzukommen und umweltbewusste Verbraucher anzusprechen.<\/li>\n<\/ul>\n<\/div>\n\n\n\n<div class=\"wp-block-column is-layout-flow wp-block-column-is-layout-flow\">\n<figure class=\"wp-block-image size-full\"><img fetchpriority=\"high\" decoding=\"async\" width=\"750\" height=\"750\" src=\"https:\/\/www.hyflexpack.com\/wp-content\/uploads\/2024\/09\/Supplier-Dry-Fruits-Packaging-Bags1.webp\" alt=\"Lieferant Trockenfr\u00fcchte Verpackungstaschen\" class=\"wp-image-5341\" srcset=\"https:\/\/www.hyflexpack.com\/wp-content\/uploads\/2024\/09\/Supplier-Dry-Fruits-Packaging-Bags1.webp 750w, https:\/\/www.hyflexpack.com\/wp-content\/uploads\/2024\/09\/Supplier-Dry-Fruits-Packaging-Bags1-300x300.webp 300w, https:\/\/www.hyflexpack.com\/wp-content\/uploads\/2024\/09\/Supplier-Dry-Fruits-Packaging-Bags1-150x150.webp 150w, https:\/\/www.hyflexpack.com\/wp-content\/uploads\/2024\/09\/Supplier-Dry-Fruits-Packaging-Bags1-12x12.webp 12w, https:\/\/www.hyflexpack.com\/wp-content\/uploads\/2024\/09\/Supplier-Dry-Fruits-Packaging-Bags1-285x285.webp 285w, https:\/\/www.hyflexpack.com\/wp-content\/uploads\/2024\/09\/Supplier-Dry-Fruits-Packaging-Bags1-270x270.webp 270w, https:\/\/www.hyflexpack.com\/wp-content\/uploads\/2024\/09\/Supplier-Dry-Fruits-Packaging-Bags1-540x540.webp 540w, https:\/\/www.hyflexpack.com\/wp-content\/uploads\/2024\/09\/Supplier-Dry-Fruits-Packaging-Bags1-660x660.webp 660w\" sizes=\"(max-width: 750px) 100vw, 750px\" \/><\/figure>\n<\/div>\n<\/div>\n\n\n\n<p><\/p>","protected":false},"excerpt":{"rendered":"<p>Sie suchen nach hochwertigen Verpackungsl\u00f6sungen f\u00fcr Trockenfr\u00fcchte? Entscheiden Sie sich f\u00fcr die ma\u00dfgeschneiderten Trockenfrucht-Verpackungst\u00fcten von Huiyang Packaging, die sich durch ein selbststehendes Design und einen praktischen Rei\u00dfverschluss auszeichnen, um Frische und einfache Lagerung zu gew\u00e4hrleisten. Sie werden aus umweltfreundlichen Materialien hergestellt und k\u00f6nnen individuell bedruckt werden. Sie setzen Ihr Markenimage perfekt in Szene und eignen sich f\u00fcr eine Vielzahl von Lebensmittelverpackungen.<\/p>\n<h3>Vorteile von Trockenfrucht-Verpackungst\u00fcten Lieferanten<\/h3>\n<ul>\n<li><strong>Kundenspezifisches Design<\/strong>: Wir bieten einen ma\u00dfgeschneiderten Service f\u00fcr Trockenfruchtverpackungen, einschlie\u00dflich der Anpassung von Material, Gr\u00f6\u00dfe und Druckmuster an die Bed\u00fcrfnisse der Kunden, und unterst\u00fctzen OEM und ODM.<\/li>\n<li><strong>Herstellung<\/strong>: Dank fortschrittlicher Ausr\u00fcstung und Technologie sind wir in der Lage, die Produktion von Auftr\u00e4gen mit hoher Effizienz und Qualit\u00e4t durchzuf\u00fchren und p\u00fcnktlich zu liefern.<\/li>\n<li><strong>Qualit\u00e4tskontrolle<\/strong>: Strenge Einhaltung der Qualit\u00e4tsstandards und der Anforderungen an die Lebensmittelsicherheit, um sicherzustellen, dass die Produkte den Standards entsprechen.<\/li>\n<li><strong>Team Technische Unterst\u00fctzung<\/strong>: Unser Team verf\u00fcgt \u00fcber reiche Branchenerfahrung und Fachkenntnisse und kann unseren Kunden technische Unterst\u00fctzung und einen 24-Stunden-Beratungsservice bieten.<\/li>\n<li><strong>Kostenlose Probe<\/strong>: Wir bieten Ihnen einen kostenlosen Musterservice, damit Sie die Produkte bewerten k\u00f6nnen.<\/li>\n<\/ul>","protected":false},"featured_media":5341,"comment_status":"open","ping_status":"closed","template":"","meta":[],"product_brand":[],"product_cat":[51,87],"product_tag":[],"class_list":{"0":"post-5362","1":"product","2":"type-product","3":"status-publish","4":"has-post-thumbnail","6":"product_cat-custom-food-packaging-bags","7":"product_cat-dried-fruit-packaging-bags-wholesale","9":"first","10":"instock","11":"shipping-taxable","12":"product-type-simple"},"_links":{"self":[{"href":"https:\/\/www.hyflexpack.com\/de\/wp-json\/wp\/v2\/product\/5362","targetHints":{"allow":["GET"]}}],"collection":[{"href":"https:\/\/www.hyflexpack.com\/de\/wp-json\/wp\/v2\/product"}],"about":[{"href":"https:\/\/www.hyflexpack.com\/de\/wp-json\/wp\/v2\/types\/product"}],"replies":[{"embeddable":true,"href":"https:\/\/www.hyflexpack.com\/de\/wp-json\/wp\/v2\/comments?post=5362"}],"wp:featuredmedia":[{"embeddable":true,"href":"https:\/\/www.hyflexpack.com\/de\/wp-json\/wp\/v2\/media\/5341"}],"wp:attachment":[{"href":"https:\/\/www.hyflexpack.com\/de\/wp-json\/wp\/v2\/media?parent=5362"}],"wp:term":[{"taxonomy":"product_brand","embeddable":true,"href":"https:\/\/www.hyflexpack.com\/de\/wp-json\/wp\/v2\/product_brand?post=5362"},{"taxonomy":"product_cat","embeddable":true,"href":"https:\/\/www.hyflexpack.com\/de\/wp-json\/wp\/v2\/product_cat?post=5362"},{"taxonomy":"product_tag","embeddable":true,"href":"https:\/\/www.hyflexpack.com\/de\/wp-json\/wp\/v2\/product_tag?post=5362"}],"curies":[{"name":"wp","href":"https:\/\/api.w.org\/{rel}","templated":true}]}}