{"id":5353,"date":"2024-09-22T06:14:06","date_gmt":"2024-09-22T06:14:06","guid":{"rendered":"https:\/\/www.hyflexpack.com\/?post_type=product&#038;p=5353"},"modified":"2024-09-22T18:06:20","modified_gmt":"2024-09-22T18:06:20","slug":"custom-plantain-chips-packaging-bags","status":"publish","type":"product","link":"https:\/\/www.hyflexpack.com\/de\/product\/custom-plantain-chips-packaging-bags\/","title":{"rendered":"Benutzerdefinierter Druck Wegerich Chips Verpackung Beutel kompostierbar Stand Up Pouch"},"content":{"rendered":"<div class=\"wp-block-columns is-layout-flex wp-container-core-columns-is-layout-9d6595d7 wp-block-columns-is-layout-flex\">\n<div class=\"wp-block-column is-layout-flow wp-block-column-is-layout-flow\">\n<h3 class=\"wp-block-heading\">Eigenschaften von hochwertigen Plantain Chips Verpackungsbeuteln<\/h3>\n\n\n\n<ul class=\"wp-block-list\">\n<li>Umweltvertr\u00e4gliche Materialien: Verwenden Sie umweltfreundliche Materialien, die den Anforderungen des Umweltschutzes entsprechen, z. B. biologisch abbaubare oder recycelbare Materialien, um die Auswirkungen auf die Umwelt zu verringern. <\/li>\n<\/ul>\n\n\n\n<p><\/p>\n\n\n\n<ul class=\"wp-block-list\">\n<li>Lebensmittelgeeignete Materialien mit hoher Barriere: F\u00fcr die Verpackung von Kochbananenchips werden lebensmittelechte Materialien verwendet, um sicherzustellen, dass die Lebensmittel in einer sauberen und hygienischen Umgebung gelagert werden. <\/li>\n<\/ul>\n\n\n\n<p><\/p>\n\n\n\n<ul class=\"wp-block-list\">\n<li>Verschluss mit Rei\u00dfverschluss: Eingebauter Rei\u00dfverschluss, praktisch f\u00fcr mehrere \u00d6ffnungen. <\/li>\n<\/ul>\n\n\n\n<p><\/p>\n\n\n\n<ul class=\"wp-block-list\">\n<li>Stehendes Taschendesign: Stehende Struktur, inklusiver, kann nach dem Verpacken von Produkten fest auf Regalen oder Vitrinen stehen, spart Ausstellungsfl\u00e4che und verbessert die Wirkung der Produktpr\u00e4sentation.<\/li>\n<\/ul>\n<\/div>\n\n\n\n<div class=\"wp-block-column is-layout-flow wp-block-column-is-layout-flow\">\n<figure class=\"wp-block-image size-full\"><img fetchpriority=\"high\" decoding=\"async\" width=\"750\" height=\"750\" src=\"https:\/\/www.hyflexpack.com\/wp-content\/uploads\/2024\/09\/plantain-chips-packaging-bags1.webp\" alt=\"Kundenspezifische Wegerichchips-Verpackungst\u00fcten\" class=\"wp-image-5334\" srcset=\"https:\/\/www.hyflexpack.com\/wp-content\/uploads\/2024\/09\/plantain-chips-packaging-bags1.webp 750w, https:\/\/www.hyflexpack.com\/wp-content\/uploads\/2024\/09\/plantain-chips-packaging-bags1-300x300.webp 300w, https:\/\/www.hyflexpack.com\/wp-content\/uploads\/2024\/09\/plantain-chips-packaging-bags1-150x150.webp 150w, https:\/\/www.hyflexpack.com\/wp-content\/uploads\/2024\/09\/plantain-chips-packaging-bags1-12x12.webp 12w, https:\/\/www.hyflexpack.com\/wp-content\/uploads\/2024\/09\/plantain-chips-packaging-bags1-285x285.webp 285w, https:\/\/www.hyflexpack.com\/wp-content\/uploads\/2024\/09\/plantain-chips-packaging-bags1-270x270.webp 270w, https:\/\/www.hyflexpack.com\/wp-content\/uploads\/2024\/09\/plantain-chips-packaging-bags1-540x540.webp 540w, https:\/\/www.hyflexpack.com\/wp-content\/uploads\/2024\/09\/plantain-chips-packaging-bags1-660x660.webp 660w\" sizes=\"(max-width: 750px) 100vw, 750px\" \/><\/figure>\n<\/div>\n<\/div>\n\n\n\n<p><\/p>","protected":false},"excerpt":{"rendered":"<p>Kompostierbare Verpackung f\u00fcr Kochbananenchips mit hochwertigem Druck. Bietet mehr Produktschutz und pr\u00e4sentiert gleichzeitig das lebendige, individuelle Design der Marke. Perfekt f\u00fcr nachhaltige Verpackungsl\u00f6sungen f\u00fcr Snacks.<\/p>\n<p>\u25cf<strong>Individuelles Design<\/strong>: Wir bieten ma\u00dfgeschneiderte Dienstleistungen f\u00fcr Kochbananenchips-Verpackungst\u00fcten, einschlie\u00dflich Material, Gr\u00f6\u00dfe und Druckmuster, um die Kundenanforderungen zu erf\u00fcllen, und unterst\u00fctzen OEM und ODM.<\/p>\n<p>\u25cf<strong>Herstellung<\/strong>: Dank fortschrittlicher Ausr\u00fcstung und Technologie k\u00f6nnen wir Auftr\u00e4ge effizient und mit hoher Qualit\u00e4t produzieren und p\u00fcnktlich liefern.<\/p>\n<p>\u25cf<strong>Qualit\u00e4tskontrolle<\/strong>: Die Produktion erfolgt unter strikter Einhaltung der Qualit\u00e4tsstandards und der Anforderungen an die Lebensmittelsicherheit, um sicherzustellen, dass die Produkte den Standards entsprechen.<\/p>\n<p>\u25cf<strong>Kundenbetreuung<\/strong>24 Stunden, um eine schnelle Antwort und einen aufmerksamen Kundendienst zu bieten.<\/p>\n<p>\u25cf<strong>Kostenlose Probe<\/strong>: Wir bieten Ihnen einen kostenlosen Musterservice, damit Sie das Produkt bewerten k\u00f6nnen. Huiyang Packaging ist bestrebt, seinen Kunden hochwertige Kochbananenchips-Verpackungst\u00fcten zu liefern, um ihnen zu helfen, ihr Produktimage zu verbessern und ihre Wettbewerbsf\u00e4higkeit auf dem Markt zu steigern. \u00a0<\/p>","protected":false},"featured_media":5334,"comment_status":"open","ping_status":"closed","template":"","meta":[],"product_brand":[],"product_cat":[51],"product_tag":[],"class_list":{"0":"post-5353","1":"product","2":"type-product","3":"status-publish","4":"has-post-thumbnail","6":"product_cat-custom-food-packaging-bags","8":"first","9":"instock","10":"shipping-taxable","11":"product-type-simple"},"_links":{"self":[{"href":"https:\/\/www.hyflexpack.com\/de\/wp-json\/wp\/v2\/product\/5353","targetHints":{"allow":["GET"]}}],"collection":[{"href":"https:\/\/www.hyflexpack.com\/de\/wp-json\/wp\/v2\/product"}],"about":[{"href":"https:\/\/www.hyflexpack.com\/de\/wp-json\/wp\/v2\/types\/product"}],"replies":[{"embeddable":true,"href":"https:\/\/www.hyflexpack.com\/de\/wp-json\/wp\/v2\/comments?post=5353"}],"wp:featuredmedia":[{"embeddable":true,"href":"https:\/\/www.hyflexpack.com\/de\/wp-json\/wp\/v2\/media\/5334"}],"wp:attachment":[{"href":"https:\/\/www.hyflexpack.com\/de\/wp-json\/wp\/v2\/media?parent=5353"}],"wp:term":[{"taxonomy":"product_brand","embeddable":true,"href":"https:\/\/www.hyflexpack.com\/de\/wp-json\/wp\/v2\/product_brand?post=5353"},{"taxonomy":"product_cat","embeddable":true,"href":"https:\/\/www.hyflexpack.com\/de\/wp-json\/wp\/v2\/product_cat?post=5353"},{"taxonomy":"product_tag","embeddable":true,"href":"https:\/\/www.hyflexpack.com\/de\/wp-json\/wp\/v2\/product_tag?post=5353"}],"curies":[{"name":"wp","href":"https:\/\/api.w.org\/{rel}","templated":true}]}}