{"id":5300,"date":"2024-09-14T16:54:39","date_gmt":"2024-09-14T16:54:39","guid":{"rendered":"https:\/\/www.hyflexpack.com\/?post_type=product&#038;p=5300"},"modified":"2025-05-13T03:18:10","modified_gmt":"2025-05-13T03:18:10","slug":"best-coffee-bags-wholesale","status":"publish","type":"product","link":"https:\/\/www.hyflexpack.com\/de\/product\/best-coffee-bags-wholesale\/","title":{"rendered":"Beste Kaffees\u00e4cke Gro\u00dfhandel bedruckt Zipper Kaffee Verpackung Stehend Lebensmittelverpackungen S\u00e4cke"},"content":{"rendered":"<div class=\"wp-block-columns is-layout-flex wp-container-core-columns-is-layout-9d6595d7 wp-block-columns-is-layout-flex\">\n<div class=\"wp-block-column is-layout-flow wp-block-column-is-layout-flow\">\n<h3 class=\"wp-block-heading\">Eigenschaften von hochwertigen Kaffeebeuteln Gro\u00dfhandel<\/h3>\n\n\n\n<ul class=\"wp-block-list\">\n<li><strong>Stehendes Design<\/strong>: Die besten Kaffees\u00e4cke sind mit Standbodenbeuteln ausgestattet, lassen sich leicht im Regal aufstellen und verbessern die Sichtbarkeit der Marke.<\/li>\n<\/ul>\n\n\n\n<p><\/p>\n\n\n\n<ul class=\"wp-block-list\">\n<li><strong>Lebensmittelgerechtes Material<\/strong>: Es wird ein lebensmittelechtes Material verwendet, das den internationalen Normen entspricht, um die Qualit\u00e4t und Sicherheit des Kaffees zu gew\u00e4hrleisten.<\/li>\n<\/ul>\n\n\n\n<p><\/p>\n\n\n\n<ul class=\"wp-block-list\">\n<li><strong>Rei\u00dfverschluss-Design<\/strong>: Die Gro\u00dfhandels-Kaffeebeutel sind mit einem praktischen Rei\u00dfverschluss ausgestattet, um die Frische des Kaffees zu gew\u00e4hrleisten, und lassen sich f\u00fcr eine langfristige Lagerung mehrfach \u00f6ffnen und schlie\u00dfen.<\/li>\n<\/ul>\n\n\n\n<p><\/p>\n\n\n\n<ul class=\"wp-block-list\">\n<li><strong>Feuchtigkeitsgesch\u00fctzt und frisch<\/strong>: Die Beutel haben eine ausgezeichnete feuchtigkeitsdichte Leistung, die das Eindringen von Luft verhindert und das Aroma und den Geschmack des Kaffees bewahrt.<\/li>\n<\/ul>\n\n\n\n<p><\/p>\n\n\n\n<ul class=\"wp-block-list\">\n<li><strong>Kundenspezifischer Druck<\/strong>: Kundenspezifische Kaffeetaschen im Gro\u00dfhandel bieten hochwertige, individuelle Druckdienstleistungen, um das einzigartige Design Ihrer Marke zu pr\u00e4sentieren und die Attraktivit\u00e4t Ihres Produkts zu steigern.<\/li>\n<\/ul>\n<\/div>\n\n\n\n<div class=\"wp-block-column is-layout-flow wp-block-column-is-layout-flow\">\n<figure class=\"wp-block-image size-full\"><img fetchpriority=\"high\" decoding=\"async\" width=\"750\" height=\"750\" src=\"https:\/\/www.hyflexpack.com\/wp-content\/uploads\/2024\/09\/Coffee-Bags-Wholesale-Stand-Up-Pouches-1.webp\" alt=\"Kaffees\u00e4cke Gro\u00dfhandel Stand Up Pouches (1)\" class=\"wp-image-6837\" srcset=\"https:\/\/www.hyflexpack.com\/wp-content\/uploads\/2024\/09\/Coffee-Bags-Wholesale-Stand-Up-Pouches-1.webp 750w, https:\/\/www.hyflexpack.com\/wp-content\/uploads\/2024\/09\/Coffee-Bags-Wholesale-Stand-Up-Pouches-1-300x300.webp 300w, https:\/\/www.hyflexpack.com\/wp-content\/uploads\/2024\/09\/Coffee-Bags-Wholesale-Stand-Up-Pouches-1-150x150.webp 150w, https:\/\/www.hyflexpack.com\/wp-content\/uploads\/2024\/09\/Coffee-Bags-Wholesale-Stand-Up-Pouches-1-12x12.webp 12w, https:\/\/www.hyflexpack.com\/wp-content\/uploads\/2024\/09\/Coffee-Bags-Wholesale-Stand-Up-Pouches-1-285x285.webp 285w, https:\/\/www.hyflexpack.com\/wp-content\/uploads\/2024\/09\/Coffee-Bags-Wholesale-Stand-Up-Pouches-1-270x270.webp 270w, https:\/\/www.hyflexpack.com\/wp-content\/uploads\/2024\/09\/Coffee-Bags-Wholesale-Stand-Up-Pouches-1-540x540.webp 540w, https:\/\/www.hyflexpack.com\/wp-content\/uploads\/2024\/09\/Coffee-Bags-Wholesale-Stand-Up-Pouches-1-660x660.webp 660w\" sizes=\"(max-width: 750px) 100vw, 750px\" \/><\/figure>\n<\/div>\n<\/div>\n\n\n\n<div class=\"wp-block-columns is-layout-flex wp-container-core-columns-is-layout-9d6595d7 wp-block-columns-is-layout-flex\">\n<div class=\"wp-block-column is-layout-flow wp-block-column-is-layout-flow\">\n<figure class=\"wp-block-image size-full\"><img decoding=\"async\" width=\"750\" height=\"750\" src=\"https:\/\/www.hyflexpack.com\/wp-content\/uploads\/2025\/05\/104946.webp\" alt=\"Kaffees\u00e4cke Gro\u00dfhandel-3\" class=\"wp-image-6834\" srcset=\"https:\/\/www.hyflexpack.com\/wp-content\/uploads\/2025\/05\/104946.webp 750w, https:\/\/www.hyflexpack.com\/wp-content\/uploads\/2025\/05\/104946-300x300.webp 300w, https:\/\/www.hyflexpack.com\/wp-content\/uploads\/2025\/05\/104946-150x150.webp 150w, https:\/\/www.hyflexpack.com\/wp-content\/uploads\/2025\/05\/104946-12x12.webp 12w, https:\/\/www.hyflexpack.com\/wp-content\/uploads\/2025\/05\/104946-285x285.webp 285w, https:\/\/www.hyflexpack.com\/wp-content\/uploads\/2025\/05\/104946-270x270.webp 270w, https:\/\/www.hyflexpack.com\/wp-content\/uploads\/2025\/05\/104946-540x540.webp 540w, https:\/\/www.hyflexpack.com\/wp-content\/uploads\/2025\/05\/104946-660x660.webp 660w\" sizes=\"(max-width: 750px) 100vw, 750px\" \/><figcaption class=\"wp-element-caption\">Individueller Standbodenbeutel f\u00fcr Kaffeepulver\/Bohnen <\/figcaption><\/figure>\n<\/div>\n\n\n\n<div class=\"wp-block-column is-layout-flow wp-block-column-is-layout-flow\">\n<figure class=\"wp-block-image size-full\"><img decoding=\"async\" width=\"750\" height=\"750\" src=\"https:\/\/www.hyflexpack.com\/wp-content\/uploads\/2024\/09\/Coffee-Bags-Wholesale-Stand-Up-Pouches-4.webp\" alt=\"Kaffeebeutel Gro\u00dfhandel Stand Up Pouches (4)\" class=\"wp-image-6840\" srcset=\"https:\/\/www.hyflexpack.com\/wp-content\/uploads\/2024\/09\/Coffee-Bags-Wholesale-Stand-Up-Pouches-4.webp 750w, https:\/\/www.hyflexpack.com\/wp-content\/uploads\/2024\/09\/Coffee-Bags-Wholesale-Stand-Up-Pouches-4-300x300.webp 300w, https:\/\/www.hyflexpack.com\/wp-content\/uploads\/2024\/09\/Coffee-Bags-Wholesale-Stand-Up-Pouches-4-150x150.webp 150w, https:\/\/www.hyflexpack.com\/wp-content\/uploads\/2024\/09\/Coffee-Bags-Wholesale-Stand-Up-Pouches-4-12x12.webp 12w, https:\/\/www.hyflexpack.com\/wp-content\/uploads\/2024\/09\/Coffee-Bags-Wholesale-Stand-Up-Pouches-4-285x285.webp 285w, https:\/\/www.hyflexpack.com\/wp-content\/uploads\/2024\/09\/Coffee-Bags-Wholesale-Stand-Up-Pouches-4-270x270.webp 270w, https:\/\/www.hyflexpack.com\/wp-content\/uploads\/2024\/09\/Coffee-Bags-Wholesale-Stand-Up-Pouches-4-540x540.webp 540w, https:\/\/www.hyflexpack.com\/wp-content\/uploads\/2024\/09\/Coffee-Bags-Wholesale-Stand-Up-Pouches-4-660x660.webp 660w\" sizes=\"(max-width: 750px) 100vw, 750px\" \/><figcaption class=\"wp-element-caption\">Individuell gestaltete wiederverschlie\u00dfbare Kaffeet\u00fcten<\/figcaption><\/figure>\n<\/div>\n<\/div>","protected":false},"excerpt":{"rendered":"<p>Sind Sie auf der Suche nach den besten Kaffeebeuteln im Gro\u00dfhandel? Unsere bedruckten Kaffeeverpackungsbeutel mit Rei\u00dfverschluss sind nicht nur umweltfreundlich und langlebig, sondern auch wiederverschlie\u00dfbar und bewahren die Frische des Kaffees f\u00fcr eine langfristige Lagerung und den Verkauf.<\/p>\n<h3>Vorteile des Gro\u00dfh\u00e4ndlers f\u00fcr Kaffees\u00e4cke<\/h3>\n<ul>\n<li><strong>Kundenspezifisches Design<\/strong>: Wir bieten personalisierte Designl\u00f6sungen, unterst\u00fctzen OEM\/ODM und k\u00f6nnen verschiedene Spezifikationen, Gr\u00f6\u00dfen, Druckmuster usw. anpassen.<\/li>\n<li><strong>Qualit\u00e4tssicherung<\/strong>: Wir kontrollieren den Produktionsprozess und verf\u00fcgen \u00fcber hochwertige Materialien und fortschrittliche Ausr\u00fcstung, um die Produktqualit\u00e4t zu gew\u00e4hrleisten.<\/li>\n<li><strong>P\u00fcnktliche Lieferung<\/strong>: Optimierung des Produktionsprozesses und Verbesserung der Produktionseffizienz, um eine p\u00fcnktliche Lieferung zu gew\u00e4hrleisten und den dringenden Bedarf der Kunden zu decken.<\/li>\n<li><strong>Professionelle technische Unterst\u00fctzung<\/strong>: Das erfahrene technische Team bietet professionelle technische Unterst\u00fctzung und einen 24-Stunden-Kundendienst.<\/li>\n<li><strong>Kostenlose Probe<\/strong>: Wir bieten Ihnen einen kostenlosen Musterservice an, damit Sie die Produkte bewerten k\u00f6nnen.<\/li>\n<\/ul>\n<p><a href=\"https:\/\/www.hyflexpack.com\/de\/\"><strong>Huiyang Verpackung<\/strong><\/a> hat es sich zur Aufgabe gemacht, seinen Kunden qualitativ hochwertige und ma\u00dfgeschneiderte Kaffees\u00e4cke zu liefern, um ihnen zu helfen, ihr Produktimage zu verbessern und ihre Wettbewerbsf\u00e4higkeit auf dem Markt zu steigern.<\/p>","protected":false},"featured_media":6839,"comment_status":"open","ping_status":"closed","template":"","meta":[],"product_brand":[],"product_cat":[55,51],"product_tag":[],"class_list":{"0":"post-5300","1":"product","2":"type-product","3":"status-publish","4":"has-post-thumbnail","6":"product_cat-custom-coffee-packaging","7":"product_cat-custom-food-packaging-bags","9":"first","10":"instock","11":"shipping-taxable","12":"product-type-simple"},"_links":{"self":[{"href":"https:\/\/www.hyflexpack.com\/de\/wp-json\/wp\/v2\/product\/5300","targetHints":{"allow":["GET"]}}],"collection":[{"href":"https:\/\/www.hyflexpack.com\/de\/wp-json\/wp\/v2\/product"}],"about":[{"href":"https:\/\/www.hyflexpack.com\/de\/wp-json\/wp\/v2\/types\/product"}],"replies":[{"embeddable":true,"href":"https:\/\/www.hyflexpack.com\/de\/wp-json\/wp\/v2\/comments?post=5300"}],"wp:featuredmedia":[{"embeddable":true,"href":"https:\/\/www.hyflexpack.com\/de\/wp-json\/wp\/v2\/media\/6839"}],"wp:attachment":[{"href":"https:\/\/www.hyflexpack.com\/de\/wp-json\/wp\/v2\/media?parent=5300"}],"wp:term":[{"taxonomy":"product_brand","embeddable":true,"href":"https:\/\/www.hyflexpack.com\/de\/wp-json\/wp\/v2\/product_brand?post=5300"},{"taxonomy":"product_cat","embeddable":true,"href":"https:\/\/www.hyflexpack.com\/de\/wp-json\/wp\/v2\/product_cat?post=5300"},{"taxonomy":"product_tag","embeddable":true,"href":"https:\/\/www.hyflexpack.com\/de\/wp-json\/wp\/v2\/product_tag?post=5300"}],"curies":[{"name":"wp","href":"https:\/\/api.w.org\/{rel}","templated":true}]}}