{"id":5258,"date":"2024-09-08T15:10:06","date_gmt":"2024-09-08T15:10:06","guid":{"rendered":"https:\/\/www.hyflexpack.com\/?post_type=product&#038;p=5258"},"modified":"2024-09-08T15:10:08","modified_gmt":"2024-09-08T15:10:08","slug":"customizable-cookie-packaging-bags","status":"publish","type":"product","link":"https:\/\/www.hyflexpack.com\/de\/product\/customizable-cookie-packaging-bags\/","title":{"rendered":"Anpassbare Keks-Verpackungstaschen geformt Stand Up Pouches Gro\u00dfhandel"},"content":{"rendered":"<div class=\"wp-block-columns is-layout-flex wp-container-core-columns-is-layout-9d6595d7 wp-block-columns-is-layout-flex\">\n<div class=\"wp-block-column is-layout-flow wp-block-column-is-layout-flow\">\n<h3 class=\"wp-block-heading\">Features of High Quality Customizable cookie packaging bags<\/h3>\n\n\n\n<ul class=\"wp-block-list\">\n<li><strong>Umweltvertr\u00e4gliche Materialien<\/strong>: Verwenden Sie umweltfreundliche Materialien, die den Anforderungen des Umweltschutzes entsprechen, wie biologisch abbaubare oder recycelbare Materialien, um die Auswirkungen auf die Umwelt zu verringern. <\/li>\n<\/ul>\n\n\n\n<p><\/p>\n\n\n\n<ul class=\"wp-block-list\">\n<li><strong>Food-grade High-barrier Materials<\/strong>: Customized cookie packaging bags use food-grade high-barrier materials, such as PET, PE, BOPP, CPP, etc., to ensure that the candies are stored in a dry environment, moisture-proof, anti-oxidation, and extend the shelf life.<\/li>\n<\/ul>\n\n\n\n<p><\/p>\n\n\n\n<ul class=\"wp-block-list\">\n<li><strong>H\u00e4ngeloch-Design<\/strong>: There are hanging holes designed inside the cookie packaging bag, which is convenient for hanging and displaying in the store, increasing the popularity and attractiveness of the product. <\/li>\n<\/ul>\n\n\n\n<p><\/p>\n\n\n\n<ul class=\"wp-block-list\">\n<li><strong>Eye-Catching Design<\/strong>: Designed to attract attention, shaped pouches offer creative flexibility for innovative product packaging. <\/li>\n<\/ul>\n\n\n\n<p><\/p>\n\n\n\n<ul class=\"wp-block-list\">\n<li><strong>Stand-Up Pouch Shape<\/strong>: Designed with a stable base for easy display on store shelves and convenient storage.<\/li>\n<\/ul>\n<\/div>\n\n\n\n<div class=\"wp-block-column is-layout-flow wp-block-column-is-layout-flow\">\n<figure class=\"wp-block-image size-full\"><img fetchpriority=\"high\" decoding=\"async\" width=\"750\" height=\"750\" src=\"https:\/\/www.hyflexpack.com\/wp-content\/uploads\/2024\/09\/Customizable-cookie-packaging-bags\uff081\uff09.webp\" alt=\"Individuell gestaltbare Keksverpackungsbeutel\" class=\"wp-image-5259\" srcset=\"https:\/\/www.hyflexpack.com\/wp-content\/uploads\/2024\/09\/Customizable-cookie-packaging-bags\uff081\uff09.webp 750w, https:\/\/www.hyflexpack.com\/wp-content\/uploads\/2024\/09\/Customizable-cookie-packaging-bags\uff081\uff09-300x300.webp 300w, https:\/\/www.hyflexpack.com\/wp-content\/uploads\/2024\/09\/Customizable-cookie-packaging-bags\uff081\uff09-150x150.webp 150w, https:\/\/www.hyflexpack.com\/wp-content\/uploads\/2024\/09\/Customizable-cookie-packaging-bags\uff081\uff09-12x12.webp 12w, https:\/\/www.hyflexpack.com\/wp-content\/uploads\/2024\/09\/Customizable-cookie-packaging-bags\uff081\uff09-285x285.webp 285w, https:\/\/www.hyflexpack.com\/wp-content\/uploads\/2024\/09\/Customizable-cookie-packaging-bags\uff081\uff09-270x270.webp 270w, https:\/\/www.hyflexpack.com\/wp-content\/uploads\/2024\/09\/Customizable-cookie-packaging-bags\uff081\uff09-540x540.webp 540w, https:\/\/www.hyflexpack.com\/wp-content\/uploads\/2024\/09\/Customizable-cookie-packaging-bags\uff081\uff09-660x660.webp 660w\" sizes=\"(max-width: 750px) 100vw, 750px\" \/><\/figure>\n<\/div>\n<\/div>","protected":false},"excerpt":{"rendered":"<p>Learn about our customizable cookie packaging bags with composite materials featuring high barrier, moisture resistance, strong light blocking, and strong oxidation resistance. The design of the shaped bag is more eye-catching, and the design of the stand-up pouch can better display the product. Contact us now for a quote. We are committed to providing one-stop environmentally friendly and quality packaging solutions.<\/p>\n<h3>Advantages of Cookie Packaging Bags Manufacturer<\/h3>\n<ul>\n<li><strong>Kundenspezifisches Design<\/strong>: We provide Customizable cookie packaging bag service, including material, size, and printing pattern customization to meet customer needs, and support OEM and ODM.<\/li>\n<li><strong>Herstellung<\/strong>: Mit fortschrittlicher Ausr\u00fcstung und Technologie k\u00f6nnen wir die Auftragsfertigung mit hoher Effizienz und hoher Qualit\u00e4t durchf\u00fchren und p\u00fcnktlich liefern.<\/li>\n<li><strong>Qualit\u00e4tskontrolle<\/strong>: Strenge Einhaltung der Qualit\u00e4tsstandards und der Anforderungen an die Lebensmittelsicherheit bei der Produktion, um sicherzustellen, dass die Produkte den Standards entsprechen.<\/li>\n<li><strong>Kundenbetreuung<\/strong>24 Stunden, um eine rasche Reaktion und eine aufmerksame Kundenbetreuung zu gew\u00e4hrleisten.<\/li>\n<li><strong>Kostenlose Probe<\/strong>\uff1a Wir bieten Ihnen einen kostenlosen Musterservice, damit Sie die Produkte bewerten k\u00f6nnen.<\/li>\n<\/ul>\n<p>Huiyang Packaging is committed to providing customers with high-quality, custom cookie packaging bags to help customers improve their product image and enhance market competitiveness.<\/p>","protected":false},"featured_media":5259,"comment_status":"open","ping_status":"closed","template":"","meta":[],"product_brand":[],"product_cat":[51],"product_tag":[],"class_list":{"0":"post-5258","1":"product","2":"type-product","3":"status-publish","4":"has-post-thumbnail","6":"product_cat-custom-food-packaging-bags","8":"first","9":"instock","10":"shipping-taxable","11":"product-type-simple"},"_links":{"self":[{"href":"https:\/\/www.hyflexpack.com\/de\/wp-json\/wp\/v2\/product\/5258","targetHints":{"allow":["GET"]}}],"collection":[{"href":"https:\/\/www.hyflexpack.com\/de\/wp-json\/wp\/v2\/product"}],"about":[{"href":"https:\/\/www.hyflexpack.com\/de\/wp-json\/wp\/v2\/types\/product"}],"replies":[{"embeddable":true,"href":"https:\/\/www.hyflexpack.com\/de\/wp-json\/wp\/v2\/comments?post=5258"}],"wp:featuredmedia":[{"embeddable":true,"href":"https:\/\/www.hyflexpack.com\/de\/wp-json\/wp\/v2\/media\/5259"}],"wp:attachment":[{"href":"https:\/\/www.hyflexpack.com\/de\/wp-json\/wp\/v2\/media?parent=5258"}],"wp:term":[{"taxonomy":"product_brand","embeddable":true,"href":"https:\/\/www.hyflexpack.com\/de\/wp-json\/wp\/v2\/product_brand?post=5258"},{"taxonomy":"product_cat","embeddable":true,"href":"https:\/\/www.hyflexpack.com\/de\/wp-json\/wp\/v2\/product_cat?post=5258"},{"taxonomy":"product_tag","embeddable":true,"href":"https:\/\/www.hyflexpack.com\/de\/wp-json\/wp\/v2\/product_tag?post=5258"}],"curies":[{"name":"wp","href":"https:\/\/api.w.org\/{rel}","templated":true}]}}