{"id":5244,"date":"2024-08-30T17:46:04","date_gmt":"2024-08-30T17:46:04","guid":{"rendered":"https:\/\/www.hyflexpack.com\/?post_type=product&#038;p=5244"},"modified":"2025-11-04T08:21:02","modified_gmt":"2025-11-04T08:21:02","slug":"custom-gummy-candy-packaging","status":"publish","type":"product","link":"https:\/\/www.hyflexpack.com\/de\/product\/custom-gummy-candy-packaging\/","title":{"rendered":"Benutzerdefinierte Gummibonbons Verpackung Weihnachten Snack Taschen geformt Beutel Hersteller"},"content":{"rendered":"<div class=\"wp-block-columns is-layout-flex wp-container-core-columns-is-layout-9d6595d7 wp-block-columns-is-layout-flex\">\n<div class=\"wp-block-column is-layout-flow wp-block-column-is-layout-flow\">\n<h3 class=\"wp-block-heading\">Merkmale der hochwertigen Gummibonbon-Verpackungst\u00fcte<\/h3>\n\n\n\n<p><\/p>\n\n\n\n<ul class=\"wp-block-list\">\n<li><strong>Kundenspezifische Formgebung<\/strong>: Die Beutel werden je nach Bedarf in besonderen Formen vorbereitet, die ideal f\u00fcr die Verbesserung der festlichen Attraktivit\u00e4t auf Weihnachten Snack Bags mit Snacks und weiche S\u00fc\u00dfigkeiten gef\u00fcllt wirkt.<\/li>\n<\/ul>\n\n\n\n<p><\/p>\n\n\n\n<ul class=\"wp-block-list\">\n<li><strong>Guckloch-Fenster<\/strong>: Ein einzelnes transparentes Fenster erm\u00f6glicht es den Kunden, die farbenfrohen S\u00fc\u00dfigkeiten im Inneren zu sehen, so dass sie besser sichtbar und pr\u00e4sentabel f\u00fcr Weihnachts-Snack-Taschen sind.<\/li>\n<\/ul>\n\n\n\n<p><\/p>\n\n\n\n<ul class=\"wp-block-list\">\n<li><strong>Hochwertiger Druck<\/strong>: Der mehrfarbige, hochaufl\u00f6sende Druck der individuellen Gummibonbon-Verpackungst\u00fcten kann Festtagsmotive, Logos und Markenidentit\u00e4ten zeigen, damit Ihre Weihnachts-Snack-T\u00fcten ins Auge fallen.<\/li>\n<\/ul>\n\n\n\n<p><\/p>\n\n\n\n<ul class=\"wp-block-list\">\n<li><strong>Langlebige Materialien<\/strong>: Unsere Gummibonbon-Verpackungst\u00fcten werden aus robusten, lebensmittelechten Materialien hergestellt, um die Gummibonbons \u00fcber einen l\u00e4ngeren Zeitraum vor Feuchtigkeit und Verunreinigung zu sch\u00fctzen.<\/li>\n<\/ul>\n\n\n\n<p><\/p>\n\n\n\n<ul class=\"wp-block-list\">\n<li><strong>Wiederverschlie\u00dfbarer Verschluss<\/strong>: Optionale wiederverschlie\u00dfbare Rei\u00dfverschl\u00fcsse oder Verschl\u00fcsse helfen, die Frische zu erhalten und bieten den Kunden Komfort.<\/li>\n<\/ul>\n\n\n\n<p><\/p>\n\n\n\n<ul class=\"wp-block-list\">\n<li><strong>Anpassbare Gr\u00f6\u00dfen<\/strong>: Erh\u00e4ltlich in verschiedenen Gr\u00f6\u00dfen f\u00fcr unterschiedliche Mengen an Produkten, ideal f\u00fcr Gro\u00dfbestellungen oder spezielle Weihnachtsverpackungen.<\/li>\n<\/ul>\n<\/div>\n\n\n\n<div class=\"wp-block-column is-layout-flow wp-block-column-is-layout-flow\">\n<figure class=\"wp-block-image size-full\"><img fetchpriority=\"high\" decoding=\"async\" width=\"750\" height=\"750\" src=\"https:\/\/www.hyflexpack.com\/wp-content\/uploads\/2024\/08\/Custom-Gummy-Candy-Packaging1.webp\" alt=\"Individuelle Gummibonbon-Verpackung\" class=\"wp-image-5238\" srcset=\"https:\/\/www.hyflexpack.com\/wp-content\/uploads\/2024\/08\/Custom-Gummy-Candy-Packaging1.webp 750w, https:\/\/www.hyflexpack.com\/wp-content\/uploads\/2024\/08\/Custom-Gummy-Candy-Packaging1-300x300.webp 300w, https:\/\/www.hyflexpack.com\/wp-content\/uploads\/2024\/08\/Custom-Gummy-Candy-Packaging1-150x150.webp 150w, https:\/\/www.hyflexpack.com\/wp-content\/uploads\/2024\/08\/Custom-Gummy-Candy-Packaging1-12x12.webp 12w, https:\/\/www.hyflexpack.com\/wp-content\/uploads\/2024\/08\/Custom-Gummy-Candy-Packaging1-285x285.webp 285w, https:\/\/www.hyflexpack.com\/wp-content\/uploads\/2024\/08\/Custom-Gummy-Candy-Packaging1-270x270.webp 270w, https:\/\/www.hyflexpack.com\/wp-content\/uploads\/2024\/08\/Custom-Gummy-Candy-Packaging1-540x540.webp 540w, https:\/\/www.hyflexpack.com\/wp-content\/uploads\/2024\/08\/Custom-Gummy-Candy-Packaging1-660x660.webp 660w\" sizes=\"(max-width: 750px) 100vw, 750px\" \/><\/figure>\n<\/div>\n<\/div>\n\n\n\n<p>Snackbeutel f\u00fcr Weihnachten<\/p>\n\n\n\n<div class=\"wp-block-columns is-layout-flex wp-container-core-columns-is-layout-9d6595d7 wp-block-columns-is-layout-flex\">\n<div class=\"wp-block-column is-layout-flow wp-block-column-is-layout-flow\">\n<figure class=\"wp-block-image size-full\"><img decoding=\"async\" width=\"750\" height=\"750\" src=\"https:\/\/www.hyflexpack.com\/wp-content\/uploads\/2024\/08\/Custom-Gummy-Candy-Packaging2.webp\" alt=\"Individuelle Gummibonbon-Verpackung\" class=\"wp-image-5239\" srcset=\"https:\/\/www.hyflexpack.com\/wp-content\/uploads\/2024\/08\/Custom-Gummy-Candy-Packaging2.webp 750w, https:\/\/www.hyflexpack.com\/wp-content\/uploads\/2024\/08\/Custom-Gummy-Candy-Packaging2-300x300.webp 300w, https:\/\/www.hyflexpack.com\/wp-content\/uploads\/2024\/08\/Custom-Gummy-Candy-Packaging2-150x150.webp 150w, https:\/\/www.hyflexpack.com\/wp-content\/uploads\/2024\/08\/Custom-Gummy-Candy-Packaging2-12x12.webp 12w, https:\/\/www.hyflexpack.com\/wp-content\/uploads\/2024\/08\/Custom-Gummy-Candy-Packaging2-285x285.webp 285w, https:\/\/www.hyflexpack.com\/wp-content\/uploads\/2024\/08\/Custom-Gummy-Candy-Packaging2-270x270.webp 270w, https:\/\/www.hyflexpack.com\/wp-content\/uploads\/2024\/08\/Custom-Gummy-Candy-Packaging2-540x540.webp 540w, https:\/\/www.hyflexpack.com\/wp-content\/uploads\/2024\/08\/Custom-Gummy-Candy-Packaging2-660x660.webp 660w\" sizes=\"(max-width: 750px) 100vw, 750px\" \/><\/figure>\n<\/div>\n\n\n\n<div class=\"wp-block-column is-layout-flow wp-block-column-is-layout-flow\">\n<h2 class=\"wp-block-heading\">Anwendungsszenarien f\u00fcr Weihnachts-Snackbeutel f\u00fcr S\u00fc\u00dfigkeiten<\/h2>\n\n\n\n<p><\/p>\n\n\n\n<p>Unsere Snackbeutel f\u00fcr Weihnachten mit ihren leuchtenden Farben und ihrem Druckdesign ziehen die Aufmerksamkeit der Kunden auf sich und eignen sich f\u00fcr Werbeaktionen in Superm\u00e4rkten, Einzelhandelsgesch\u00e4ften und Fachgesch\u00e4ften.<\/p>\n\n\n\n<p><br>Das Verpacken von S\u00fc\u00dfigkeiten in diesen sch\u00f6nen Beuteln gew\u00e4hrleistet nicht nur die Sauberkeit und Hygiene der S\u00fc\u00dfigkeiten, sondern tr\u00e4gt auch zur festlichen Atmosph\u00e4re bei und wird zum Highlight auf dem Partytisch.<\/p>\n\n\n\n<p><br>Geeignet f\u00fcr die Verpackung von Weihnachtsgeschenken, Pralinen, Bonbons oder anderen kleinen Geschenken, die Ihren Geschenken einen einzigartigen Charme verleihen.<\/p>\n\n\n\n<p><br>Mit ihrem attraktiven Design und ihren praktischen Funktionen eignen sich diese weihnachtlichen Bonbonverpackungen perfekt f\u00fcr eine Vielzahl weihnachtlicher Bed\u00fcrfnisse, ideal f\u00fcr Ihr Weihnachtsmarketing und Ihre Geschenkverpackungen.<\/p>\n<\/div>\n<\/div>\n\n\n\n<h2 class=\"wp-block-heading\">Huiyang Packaging kreiert weihnachtliche Snack-Verpackungst\u00fcten<\/h2>\n\n\n\n<p><\/p>\n\n\n\n<p>Mit mehr als zwei Jahrzehnten Erfahrung in der Verpackungsindustrie hat sich Huiyang Packaging immer daf\u00fcr eingesetzt, qualitativ hochwertige, ma\u00dfgeschneiderte Verpackungsl\u00f6sungen f\u00fcr unsere Kunden anzubieten. Einschlie\u00dflich der vorgestellten Serie von Weihnachtss\u00fc\u00dfigkeiten-Verpackungst\u00fcten.<br>Als kreativer und innovativer Hersteller flexibler Verpackungen entwerfen und produzieren wir weihnachtliche S\u00fc\u00dfigkeitent\u00fcten mit innovativen Designs und umweltfreundlichen Materialien. Wir hoffen, dass wir jedem Kunden eine besondere Weihnachtsatmosph\u00e4re bieten und sein Einkaufs- und Geschenkerlebnis verbessern k\u00f6nnen.<\/p>","protected":false},"excerpt":{"rendered":"<p>Entdecken Sie unsere Gummibonbon-Verpackungst\u00fcten aus Verbundmaterialien, die feuchtigkeits- und oxidationsbest\u00e4ndig sind, mit geformten Griffen f\u00fcr einen auff\u00e4lligeren Effekt und mit eingebauten Fenstern, die es den Kunden erleichtern, das Produkt im Inneren der T\u00fcte zu sehen. Kontaktieren Sie uns noch heute f\u00fcr ein Angebot.<\/p>\n<h3>Vorteile der Gummibonbon-Verpackungst\u00fcten Hersteller<\/h3>\n<ul>\n<li><strong>Kundenspezifisches Design<\/strong>: Wir bieten kundenspezifische Material-, Gr\u00f6\u00dfen- und Druckmusteranpassungen an, um die Bed\u00fcrfnisse der Kunden zu erf\u00fcllen, und <a href=\"https:\/\/www.hyflexpack.com\/de\/kundenspezifische-flexible-verpackungen\/\"><strong>Unterst\u00fctzung von OEM und ODM<\/strong><\/a>.<\/li>\n<li><strong>Herstellung<\/strong>: Dank fortschrittlicher Ausr\u00fcstung und Technologie sind wir in der Lage, die Produktion von Auftr\u00e4gen mit hoher Effizienz und Qualit\u00e4t durchzuf\u00fchren und p\u00fcnktlich zu liefern.<\/li>\n<li><strong>Qualit\u00e4tskontrolle<\/strong>: Strenge Einhaltung der Qualit\u00e4tsstandards und der Anforderungen an die Lebensmittelsicherheit, um sicherzustellen, dass die Produkte den Standards entsprechen.<\/li>\n<li><strong>Team Technische Unterst\u00fctzung<\/strong>: Unser Team verf\u00fcgt \u00fcber reiche Branchenerfahrung und Fachkenntnisse und kann unseren Kunden technische Unterst\u00fctzung und einen 24-Stunden-Beratungsservice bieten.<\/li>\n<li><strong>Kostenlose Probe<\/strong>: Wir bieten Ihnen einen kostenlosen Musterservice, damit Sie die Produkte bewerten k\u00f6nnen.<\/li>\n<\/ul>","protected":false},"featured_media":5238,"comment_status":"open","ping_status":"closed","template":"","meta":[],"product_brand":[],"product_cat":[51,107],"product_tag":[],"class_list":{"0":"post-5244","1":"product","2":"type-product","3":"status-publish","4":"has-post-thumbnail","6":"product_cat-custom-food-packaging-bags","7":"product_cat-candy-packaging-bags-wholesale","9":"first","10":"instock","11":"shipping-taxable","12":"product-type-simple"},"_links":{"self":[{"href":"https:\/\/www.hyflexpack.com\/de\/wp-json\/wp\/v2\/product\/5244","targetHints":{"allow":["GET"]}}],"collection":[{"href":"https:\/\/www.hyflexpack.com\/de\/wp-json\/wp\/v2\/product"}],"about":[{"href":"https:\/\/www.hyflexpack.com\/de\/wp-json\/wp\/v2\/types\/product"}],"replies":[{"embeddable":true,"href":"https:\/\/www.hyflexpack.com\/de\/wp-json\/wp\/v2\/comments?post=5244"}],"wp:featuredmedia":[{"embeddable":true,"href":"https:\/\/www.hyflexpack.com\/de\/wp-json\/wp\/v2\/media\/5238"}],"wp:attachment":[{"href":"https:\/\/www.hyflexpack.com\/de\/wp-json\/wp\/v2\/media?parent=5244"}],"wp:term":[{"taxonomy":"product_brand","embeddable":true,"href":"https:\/\/www.hyflexpack.com\/de\/wp-json\/wp\/v2\/product_brand?post=5244"},{"taxonomy":"product_cat","embeddable":true,"href":"https:\/\/www.hyflexpack.com\/de\/wp-json\/wp\/v2\/product_cat?post=5244"},{"taxonomy":"product_tag","embeddable":true,"href":"https:\/\/www.hyflexpack.com\/de\/wp-json\/wp\/v2\/product_tag?post=5244"}],"curies":[{"name":"wp","href":"https:\/\/api.w.org\/{rel}","templated":true}]}}