{"id":5220,"date":"2024-08-30T16:40:28","date_gmt":"2024-08-30T16:40:28","guid":{"rendered":"https:\/\/www.hyflexpack.com\/?post_type=product&#038;p=5220"},"modified":"2025-03-14T06:43:43","modified_gmt":"2025-03-14T06:43:43","slug":"custom-tea-packaging-bags","status":"publish","type":"product","link":"https:\/\/www.hyflexpack.com\/de\/product\/custom-tea-packaging-bags\/","title":{"rendered":"Benutzerdefinierte Tee-Verpackungstaschen Gro\u00dfhandel Papier Stand Up Zipper Pouch mit Design"},"content":{"rendered":"<div class=\"wp-block-columns is-layout-flex wp-container-core-columns-is-layout-9d6595d7 wp-block-columns-is-layout-flex\">\n<div class=\"wp-block-column is-layout-flow wp-block-column-is-layout-flow\">\n<h3 class=\"wp-block-heading\">Merkmale einer hochwertigen kundenspezifischen Tee-Verpackung <\/h3>\n\n\n\n<ul class=\"wp-block-list\">\n<li>Umweltfreundliches Material: Diese individuellen Tee-Verpackungsbeutel sind aus haltbarem, umweltfreundlichem Material hergestellt, das daf\u00fcr sorgt, dass der Tee frisch bleibt und gleichzeitig die Nachhaltigkeit unterst\u00fctzt.<\/li>\n<\/ul>\n\n\n\n<p><\/p>\n\n\n\n<ul class=\"wp-block-list\">\n<li>Praktischer Rei\u00dfverschluss: Der eingebaute Rei\u00dfverschluss erm\u00f6glicht ein einfaches Wiederverschlie\u00dfen und bewahrt die Frische und den Geschmack des Tees f\u00fcr eine lange Zeit.<\/li>\n<\/ul>\n\n\n\n<p><\/p>\n\n\n\n<ul class=\"wp-block-list\">\n<li>Stand-Up Pouch Design: Das flache Bodendesign sorgt f\u00fcr Stabilit\u00e4t und erleichtert die Platzierung im Regal oder in der Speisekammer.<\/li>\n<\/ul>\n\n\n\n<p><\/p>\n\n\n\n<ul class=\"wp-block-list\">\n<li>Feuchtigkeits- und lichtbest\u00e4ndig: Das Material sollte feuchtigkeits- und lichtbest\u00e4ndig sein, um zu verhindern, dass der Tee durch Feuchtigkeit und Licht verdirbt, und um die Haltbarkeit zu verl\u00e4ngern.<\/li>\n<\/ul>\n\n\n\n<p><\/p>\n\n\n\n<ul class=\"wp-block-list\">\n<li>Langlebig: Kundenspezifische Tee-Verpackungsbeutel sollten eine gute Haltbarkeit aufweisen und nicht leicht rei\u00dfen oder besch\u00e4digt werden, um eine sichere Lagerung des Tees zu gew\u00e4hrleisten.<\/li>\n<\/ul>\n\n\n\n<p><\/p>\n\n\n\n<ul class=\"wp-block-list\">\n<li>Leicht zu verstauen und zu tragen: Leicht und einfach zu lagern und zu transportieren f\u00fcr den t\u00e4glichen Gebrauch der Verbraucher.<\/li>\n<\/ul>\n<\/div>\n\n\n\n<div class=\"wp-block-column is-layout-flow wp-block-column-is-layout-flow\">\n<figure class=\"wp-block-image size-full\"><img fetchpriority=\"high\" decoding=\"async\" width=\"750\" height=\"750\" src=\"https:\/\/www.hyflexpack.com\/wp-content\/uploads\/2024\/08\/custom-tea-packaging-bag\uff081\uff09-1.webp\" alt=\"\" class=\"wp-image-5225\" srcset=\"https:\/\/www.hyflexpack.com\/wp-content\/uploads\/2024\/08\/custom-tea-packaging-bag\uff081\uff09-1.webp 750w, https:\/\/www.hyflexpack.com\/wp-content\/uploads\/2024\/08\/custom-tea-packaging-bag\uff081\uff09-1-300x300.webp 300w, https:\/\/www.hyflexpack.com\/wp-content\/uploads\/2024\/08\/custom-tea-packaging-bag\uff081\uff09-1-150x150.webp 150w, https:\/\/www.hyflexpack.com\/wp-content\/uploads\/2024\/08\/custom-tea-packaging-bag\uff081\uff09-1-12x12.webp 12w, https:\/\/www.hyflexpack.com\/wp-content\/uploads\/2024\/08\/custom-tea-packaging-bag\uff081\uff09-1-285x285.webp 285w, https:\/\/www.hyflexpack.com\/wp-content\/uploads\/2024\/08\/custom-tea-packaging-bag\uff081\uff09-1-270x270.webp 270w, https:\/\/www.hyflexpack.com\/wp-content\/uploads\/2024\/08\/custom-tea-packaging-bag\uff081\uff09-1-540x540.webp 540w, https:\/\/www.hyflexpack.com\/wp-content\/uploads\/2024\/08\/custom-tea-packaging-bag\uff081\uff09-1-660x660.webp 660w\" sizes=\"(max-width: 750px) 100vw, 750px\" \/><\/figure>\n<\/div>\n<\/div>","protected":false},"excerpt":{"rendered":"<p>Entdecken Sie unsere ma\u00dfgeschneiderten Teebeutel, die aus umweltfreundlicher Verbundfolie in Lebensmittelqualit\u00e4t hergestellt werden. Kontaktieren Sie uns noch heute f\u00fcr ein kostenloses Angebot. Wir verpflichten uns, umweltfreundliche und hochwertige Verpackungsl\u00f6sungen aus einer Hand anzubieten.<\/p>\n<h3>Vorteile des Anbieters von kundenspezifischen Teeverpackungen<\/h3>\n<ul>\n<li><strong>Kundenspezifisches Design<\/strong>: Wir bieten einen kundenspezifischen Tee-Verpackungsservice, einschlie\u00dflich der Anpassung von Material, Gr\u00f6\u00dfe und Druckmuster an die Bed\u00fcrfnisse des Kunden, und unterst\u00fctzen OEM und ODM.<\/li>\n<li><strong>Herstellung<\/strong>: Mit fortschrittlicher Ausr\u00fcstung und Technologie k\u00f6nnen wir die Auftragsfertigung mit hoher Effizienz und hoher Qualit\u00e4t durchf\u00fchren und p\u00fcnktlich liefern.<\/li>\n<li><strong>Qualit\u00e4tskontrolle<\/strong>: Strenge Einhaltung der Qualit\u00e4tsstandards und der Anforderungen an die Lebensmittelsicherheit bei der Produktion, um sicherzustellen, dass die Produkte den Standards entsprechen.<\/li>\n<li><strong>Kundenbetreuung<\/strong>24 Stunden, um eine rasche Reaktion und eine aufmerksame Kundenbetreuung zu gew\u00e4hrleisten.<\/li>\n<li><strong>Kostenlose Probe<\/strong>\uff1a Bieten Sie kostenlosen Musterservice f\u00fcr Sie, um die Produkte zu bewerten. .<\/li>\n<\/ul>","protected":false},"featured_media":5221,"comment_status":"open","ping_status":"closed","template":"","meta":[],"product_brand":[],"product_cat":[58],"product_tag":[],"class_list":{"0":"post-5220","1":"product","2":"type-product","3":"status-publish","4":"has-post-thumbnail","6":"product_cat-tea-bag-packaging","8":"first","9":"instock","10":"shipping-taxable","11":"product-type-simple"},"_links":{"self":[{"href":"https:\/\/www.hyflexpack.com\/de\/wp-json\/wp\/v2\/product\/5220","targetHints":{"allow":["GET"]}}],"collection":[{"href":"https:\/\/www.hyflexpack.com\/de\/wp-json\/wp\/v2\/product"}],"about":[{"href":"https:\/\/www.hyflexpack.com\/de\/wp-json\/wp\/v2\/types\/product"}],"replies":[{"embeddable":true,"href":"https:\/\/www.hyflexpack.com\/de\/wp-json\/wp\/v2\/comments?post=5220"}],"wp:featuredmedia":[{"embeddable":true,"href":"https:\/\/www.hyflexpack.com\/de\/wp-json\/wp\/v2\/media\/5221"}],"wp:attachment":[{"href":"https:\/\/www.hyflexpack.com\/de\/wp-json\/wp\/v2\/media?parent=5220"}],"wp:term":[{"taxonomy":"product_brand","embeddable":true,"href":"https:\/\/www.hyflexpack.com\/de\/wp-json\/wp\/v2\/product_brand?post=5220"},{"taxonomy":"product_cat","embeddable":true,"href":"https:\/\/www.hyflexpack.com\/de\/wp-json\/wp\/v2\/product_cat?post=5220"},{"taxonomy":"product_tag","embeddable":true,"href":"https:\/\/www.hyflexpack.com\/de\/wp-json\/wp\/v2\/product_tag?post=5220"}],"curies":[{"name":"wp","href":"https:\/\/api.w.org\/{rel}","templated":true}]}}