{"id":5217,"date":"2024-08-30T16:15:55","date_gmt":"2024-08-30T16:15:55","guid":{"rendered":"https:\/\/www.hyflexpack.com\/?post_type=product&#038;p=5217"},"modified":"2025-03-14T06:43:58","modified_gmt":"2025-03-14T06:43:58","slug":"custom-coffee-bean-bags","status":"publish","type":"product","link":"https:\/\/www.hyflexpack.com\/de\/product\/custom-coffee-bean-bags\/","title":{"rendered":"Benutzerdefinierte Kaffeebohnens\u00e4cke, Flachbodenbeutel mit Ventil Wiederverschlie\u00dfbare Plastiks\u00e4cke"},"content":{"rendered":"<div class=\"wp-block-columns is-layout-flex wp-container-core-columns-is-layout-9d6595d7 wp-block-columns-is-layout-flex\">\n<div class=\"wp-block-column is-layout-flow wp-block-column-is-layout-flow\">\n<h3 class=\"wp-block-heading\">Strengths and highlights of High-Quality Coffee Bean Bags Wholesale<\/h3>\n\n\n\n<ul class=\"wp-block-list\">\n<li><strong>Umweltvertr\u00e4glich und nachhaltig<\/strong>: use materials that meet environmental standards, such as biodegradable or recyclable materials, to minimize the impact on the environment.<\/li>\n<\/ul>\n\n\n\n<p><\/p>\n\n\n\n<ul class=\"wp-block-list\">\n<li><strong>Food Grade High Barrier Material<\/strong>: The custom coffee bean bags use environmentally friendly high barrier and anti-static materials, such as PET, PE, aluminum foil, etc., to ensure that the products are dry and safe, moisture-proof, oxidation-proof, and prolong the shelf life.<\/li>\n<\/ul>\n\n\n\n<p><\/p>\n\n\n\n<ul class=\"wp-block-list\">\n<li><strong>Zipper Seal<\/strong>: Built-in zipper seal, easy to open the seal many times, keeps the powder dry and prevents pests and outside air from entering.<\/li>\n<\/ul>\n\n\n\n<p><\/p>\n\n\n\n<ul class=\"wp-block-list\">\n<li><strong>Side Seal Design<\/strong>: This side seal design can make the coffee bean bag packaging bag more inclusive.<\/li>\n<\/ul>\n<\/div>\n\n\n\n<div class=\"wp-block-column is-layout-flow wp-block-column-is-layout-flow\">\n<figure class=\"wp-block-image size-full\"><img fetchpriority=\"high\" decoding=\"async\" width=\"750\" height=\"750\" src=\"https:\/\/www.hyflexpack.com\/wp-content\/uploads\/2024\/08\/custom-coffee-bags\uff081\uff09-1.webp\" alt=\"\" class=\"wp-image-5219\" srcset=\"https:\/\/www.hyflexpack.com\/wp-content\/uploads\/2024\/08\/custom-coffee-bags\uff081\uff09-1.webp 750w, https:\/\/www.hyflexpack.com\/wp-content\/uploads\/2024\/08\/custom-coffee-bags\uff081\uff09-1-300x300.webp 300w, https:\/\/www.hyflexpack.com\/wp-content\/uploads\/2024\/08\/custom-coffee-bags\uff081\uff09-1-150x150.webp 150w, https:\/\/www.hyflexpack.com\/wp-content\/uploads\/2024\/08\/custom-coffee-bags\uff081\uff09-1-12x12.webp 12w, https:\/\/www.hyflexpack.com\/wp-content\/uploads\/2024\/08\/custom-coffee-bags\uff081\uff09-1-285x285.webp 285w, https:\/\/www.hyflexpack.com\/wp-content\/uploads\/2024\/08\/custom-coffee-bags\uff081\uff09-1-270x270.webp 270w, https:\/\/www.hyflexpack.com\/wp-content\/uploads\/2024\/08\/custom-coffee-bags\uff081\uff09-1-540x540.webp 540w, https:\/\/www.hyflexpack.com\/wp-content\/uploads\/2024\/08\/custom-coffee-bags\uff081\uff09-1-660x660.webp 660w\" sizes=\"(max-width: 750px) 100vw, 750px\" \/><\/figure>\n<\/div>\n<\/div>\n\n\n\n<p><\/p>","protected":false},"excerpt":{"rendered":"<p>Erfahren Sie, wie unsere individuellen Kaffeebohnenbeutel aus umweltfreundlicher, lebensmittelechter, laminierter Verpackungsfolie hergestellt werden. Kontaktieren Sie uns noch heute f\u00fcr ein Angebot. Wir verpflichten uns, umweltfreundliche und hochwertige Verpackungsl\u00f6sungen aus einer Hand zu liefern.<\/p>\n<h3>Vorteile von Coffee Bean Bags Supplier<\/h3>\n<ul>\n<li><a href=\"https:\/\/www.hyflexpack.com\/de\/kundenspezifische-flexible-verpackungen\/\"><strong>Kundenspezifisches Design<\/strong><\/a>: Wir bieten personalisierte Designl\u00f6sungen mit verschiedenen Spezifikationen, Gr\u00f6\u00dfen und Druckmustern entsprechend den Kundenanforderungen.<\/li>\n<li><strong>Qualit\u00e4tssicherung<\/strong>: Strenge Kontrolle des Produktionsprozesses, Auswahl hochwertiger Materialien und fortschrittlicher Ausr\u00fcstung, um eine stabile und zuverl\u00e4ssige Produktqualit\u00e4t zu gew\u00e4hrleisten.<\/li>\n<li><strong>Rechtzeitige Lieferung<\/strong>: Optimierung des Produktionsprozesses, Verbesserung der Produktionseffizienz, um eine p\u00fcnktliche Lieferung der Kundenauftr\u00e4ge zu gew\u00e4hrleisten und den dringenden Bedarf der Kunden zu decken.<\/li>\n<li><strong>Professionelle technische Unterst\u00fctzung<\/strong>: Ein erfahrenes technisches Team bietet professionellen technischen Support und Kundendienst, um eine rechtzeitige Reaktion und L\u00f6sung f\u00fcr die Nachfrage zu gew\u00e4hrleisten.<\/li>\n<li><strong>Kostenlose Probe<\/strong>: Wir bieten Ihnen einen kostenlosen Musterservice, damit Sie die Produkte bewerten k\u00f6nnen.<\/li>\n<\/ul>\n<p>Huiyang Packaging hat es sich zur Aufgabe gemacht, seinen Kunden qualitativ hochwertige, ma\u00dfgeschneiderte Kaffeebohnens\u00e4cke zu liefern, um ihr Produktimage zu verbessern und ihre Wettbewerbsf\u00e4higkeit zu steigern.<\/p>","protected":false},"featured_media":5211,"comment_status":"open","ping_status":"closed","template":"","meta":[],"product_brand":[],"product_cat":[55],"product_tag":[],"class_list":{"0":"post-5217","1":"product","2":"type-product","3":"status-publish","4":"has-post-thumbnail","6":"product_cat-custom-coffee-packaging","8":"first","9":"instock","10":"shipping-taxable","11":"product-type-simple"},"_links":{"self":[{"href":"https:\/\/www.hyflexpack.com\/de\/wp-json\/wp\/v2\/product\/5217","targetHints":{"allow":["GET"]}}],"collection":[{"href":"https:\/\/www.hyflexpack.com\/de\/wp-json\/wp\/v2\/product"}],"about":[{"href":"https:\/\/www.hyflexpack.com\/de\/wp-json\/wp\/v2\/types\/product"}],"replies":[{"embeddable":true,"href":"https:\/\/www.hyflexpack.com\/de\/wp-json\/wp\/v2\/comments?post=5217"}],"wp:featuredmedia":[{"embeddable":true,"href":"https:\/\/www.hyflexpack.com\/de\/wp-json\/wp\/v2\/media\/5211"}],"wp:attachment":[{"href":"https:\/\/www.hyflexpack.com\/de\/wp-json\/wp\/v2\/media?parent=5217"}],"wp:term":[{"taxonomy":"product_brand","embeddable":true,"href":"https:\/\/www.hyflexpack.com\/de\/wp-json\/wp\/v2\/product_brand?post=5217"},{"taxonomy":"product_cat","embeddable":true,"href":"https:\/\/www.hyflexpack.com\/de\/wp-json\/wp\/v2\/product_cat?post=5217"},{"taxonomy":"product_tag","embeddable":true,"href":"https:\/\/www.hyflexpack.com\/de\/wp-json\/wp\/v2\/product_tag?post=5217"}],"curies":[{"name":"wp","href":"https:\/\/api.w.org\/{rel}","templated":true}]}}