{"id":5155,"date":"2024-08-24T10:04:50","date_gmt":"2024-08-24T10:04:50","guid":{"rendered":"https:\/\/www.hyflexpack.com\/?post_type=product&#038;p=5155"},"modified":"2025-10-23T08:56:27","modified_gmt":"2025-10-23T08:56:27","slug":"supply-snack-packaging-bags","status":"publish","type":"product","link":"https:\/\/www.hyflexpack.com\/de\/product\/supply-snack-packaging-bags\/","title":{"rendered":"Lieferant f\u00fcr Snack-Verpackungst\u00fcten Plastikbeutel mit Logo (Stand Up Bags)"},"content":{"rendered":"<div class=\"wp-block-columns is-layout-flex wp-container-core-columns-is-layout-9d6595d7 wp-block-columns-is-layout-flex\">\n<div class=\"wp-block-column is-layout-flow wp-block-column-is-layout-flow\">\n<h3 class=\"wp-block-heading\">Merkmale von hochwertigen kundenspezifischen Snack-Verpackungen<\/h3>\n\n\n\n<ul class=\"wp-block-list\">\n<li>Umweltvertr\u00e4gliche Materialien: Verwenden Sie umweltfreundliche Materialien, die den Anforderungen des Umweltschutzes entsprechen, z. B. biologisch abbaubare oder recycelbare Materialien, um die Auswirkungen auf die Umwelt zu verringern. <\/li>\n\n\n\n<li>Lebensmittelgeeignete Materialien mit hoher Barriere: Kundenspezifische Snack-Verpackungstaschen verwenden lebensmittelechte Hochbarrierematerialien wie PET, PE, Aluminiumfolie usw., um die Frische und Sicherheit von Snacks zu gew\u00e4hrleisten, feuchtigkeitsbest\u00e4ndig und oxidationsbest\u00e4ndig zu sein und die Haltbarkeit zu verl\u00e4ngern. <\/li>\n\n\n\n<li>Aufh\u00e4ngeloch-Design: Es gibt Aufh\u00e4ngel\u00f6cher im Inneren der Tasche, die zum Aufh\u00e4ngen und Ausstellen im Gesch\u00e4ft geeignet sind und die Popularit\u00e4t und Attraktivit\u00e4t des Produkts erh\u00f6hen. <\/li>\n\n\n\n<li>Rei\u00dfverschluss: Der eingebaute Rei\u00dfverschluss erm\u00f6glicht das mehrmalige \u00d6ffnen des Verschlusses, h\u00e4lt die Snacks frisch und verhindert das Eindringen von Au\u00dfenluft.<\/li>\n\n\n\n<li>Stehendes Taschendesign: Die stehende Taschenstruktur erm\u00f6glicht es der Tasche, fest auf dem Regal oder der Vitrine zu stehen, spart Ausstellungsfl\u00e4che und verbessert den Effekt der Produktpr\u00e4sentation<\/li>\n<\/ul>\n<\/div>\n\n\n\n<div class=\"wp-block-column is-layout-flow wp-block-column-is-layout-flow\">\n<figure class=\"wp-block-image size-full\"><img fetchpriority=\"high\" decoding=\"async\" width=\"750\" height=\"750\" src=\"https:\/\/www.hyflexpack.com\/wp-content\/uploads\/2024\/08\/Snack-Packaging-Supplier\uff081\uff09-1.webp\" alt=\"\" class=\"wp-image-5160\" srcset=\"https:\/\/www.hyflexpack.com\/wp-content\/uploads\/2024\/08\/Snack-Packaging-Supplier\uff081\uff09-1.webp 750w, https:\/\/www.hyflexpack.com\/wp-content\/uploads\/2024\/08\/Snack-Packaging-Supplier\uff081\uff09-1-300x300.webp 300w, https:\/\/www.hyflexpack.com\/wp-content\/uploads\/2024\/08\/Snack-Packaging-Supplier\uff081\uff09-1-150x150.webp 150w, https:\/\/www.hyflexpack.com\/wp-content\/uploads\/2024\/08\/Snack-Packaging-Supplier\uff081\uff09-1-12x12.webp 12w, https:\/\/www.hyflexpack.com\/wp-content\/uploads\/2024\/08\/Snack-Packaging-Supplier\uff081\uff09-1-285x285.webp 285w, https:\/\/www.hyflexpack.com\/wp-content\/uploads\/2024\/08\/Snack-Packaging-Supplier\uff081\uff09-1-270x270.webp 270w, https:\/\/www.hyflexpack.com\/wp-content\/uploads\/2024\/08\/Snack-Packaging-Supplier\uff081\uff09-1-540x540.webp 540w, https:\/\/www.hyflexpack.com\/wp-content\/uploads\/2024\/08\/Snack-Packaging-Supplier\uff081\uff09-1-660x660.webp 660w\" sizes=\"(max-width: 750px) 100vw, 750px\" \/><\/figure>\n<\/div>\n<\/div>","protected":false},"excerpt":{"rendered":"<p>Entdecken Sie unsere umweltfreundlichen, lebensmittelechten Snack-Verpackungst\u00fcten mit Aluminium-Verbundmaterial f\u00fcr hervorragenden Schutz vor Feuchtigkeit, Sauerstoff und Licht. Ein sicherer Rei\u00dfverschluss h\u00e4lt die Lebensmittel frisch, w\u00e4hrend der verbreiterte Boden f\u00fcr Stabilit\u00e4t sorgt. Kontaktieren Sie uns f\u00fcr ein Angebot und entdecken Sie unsere Verpackungsl\u00f6sungen aus einer Hand.<\/p>\n<h3>Vorteile des Anbieters von Snack-Verpackungsbeuteln<\/h3>\n<ul>\n<li><strong>Kundenspezifisches Design<\/strong>: Wir bieten kundenspezifische Designdienstleistungen, einschlie\u00dflich der Anpassung von Material, Gr\u00f6\u00dfe und Druckmustern an die Bed\u00fcrfnisse der Kunden, und unterst\u00fctzen OEM und ODM.<\/li>\n<li><strong>Herstellung<\/strong>: Dank fortschrittlicher Ausr\u00fcstung und Technologie k\u00f6nnen wir Auftr\u00e4ge mit hoher Effizienz und hoher Qualit\u00e4t ausf\u00fchren und p\u00fcnktlich liefern.<\/li>\n<li><strong>Qualit\u00e4tskontrolle<\/strong>: Strenge Einhaltung der Qualit\u00e4tsstandards und der Anforderungen an die Lebensmittelsicherheit, um sicherzustellen, dass die Produkte den Standards entsprechen.<\/li>\n<li><strong>Team Technische Unterst\u00fctzung<\/strong>: Unser Team verf\u00fcgt \u00fcber reiche Branchenerfahrung und Fachkenntnisse und kann unseren Kunden technische Unterst\u00fctzung und einen 24-Stunden-Beratungsservice bieten.<\/li>\n<li><strong>Kostenlose Probe<\/strong>: Wir bieten Ihnen einen kostenlosen Musterservice, damit Sie die Produkte bewerten k\u00f6nnen.<\/li>\n<\/ul>","protected":false},"featured_media":5156,"comment_status":"open","ping_status":"closed","template":"","meta":[],"product_brand":[],"product_cat":[57],"product_tag":[],"class_list":{"0":"post-5155","1":"product","2":"type-product","3":"status-publish","4":"has-post-thumbnail","6":"product_cat-snack-packaging-bags-wholesale","8":"first","9":"instock","10":"shipping-taxable","11":"product-type-simple"},"_links":{"self":[{"href":"https:\/\/www.hyflexpack.com\/de\/wp-json\/wp\/v2\/product\/5155","targetHints":{"allow":["GET"]}}],"collection":[{"href":"https:\/\/www.hyflexpack.com\/de\/wp-json\/wp\/v2\/product"}],"about":[{"href":"https:\/\/www.hyflexpack.com\/de\/wp-json\/wp\/v2\/types\/product"}],"replies":[{"embeddable":true,"href":"https:\/\/www.hyflexpack.com\/de\/wp-json\/wp\/v2\/comments?post=5155"}],"wp:featuredmedia":[{"embeddable":true,"href":"https:\/\/www.hyflexpack.com\/de\/wp-json\/wp\/v2\/media\/5156"}],"wp:attachment":[{"href":"https:\/\/www.hyflexpack.com\/de\/wp-json\/wp\/v2\/media?parent=5155"}],"wp:term":[{"taxonomy":"product_brand","embeddable":true,"href":"https:\/\/www.hyflexpack.com\/de\/wp-json\/wp\/v2\/product_brand?post=5155"},{"taxonomy":"product_cat","embeddable":true,"href":"https:\/\/www.hyflexpack.com\/de\/wp-json\/wp\/v2\/product_cat?post=5155"},{"taxonomy":"product_tag","embeddable":true,"href":"https:\/\/www.hyflexpack.com\/de\/wp-json\/wp\/v2\/product_tag?post=5155"}],"curies":[{"name":"wp","href":"https:\/\/api.w.org\/{rel}","templated":true}]}}