{"id":5010,"date":"2024-08-03T17:44:33","date_gmt":"2024-08-03T17:44:33","guid":{"rendered":"https:\/\/www.hyflexpack.com\/?post_type=product&#038;p=5010"},"modified":"2024-08-03T17:44:34","modified_gmt":"2024-08-03T17:44:34","slug":"wholesale-film-roll-plastic-packing-film","status":"publish","type":"product","link":"https:\/\/www.hyflexpack.com\/de\/product\/wholesale-film-roll-plastic-packing-film\/","title":{"rendered":"Gro\u00dfhandel Film Rolle Kunststoff-Verpackungsfolie f\u00fcr Premium-Honig-Verpackung"},"content":{"rendered":"<div class=\"wp-block-columns is-layout-flex wp-container-core-columns-is-layout-9d6595d7 wp-block-columns-is-layout-flex\">\n<div class=\"wp-block-column is-layout-flow wp-block-column-is-layout-flow\">\n<h3 class=\"wp-block-heading\">Merkmale der hochwertigen Folienrollen-Plastikverpackungen<\/h3>\n\n\n\n<ul class=\"wp-block-list\">\n<li>Hochwertiges Material: Die Folienrollen-Plastikverpackung verwendet lebensmittelechtes, sicheres Plastikmaterial, um die Reinheit und Sicherheit des Honigs zu gew\u00e4hrleisten.<\/li>\n\n\n\n<li>\u00dcberlegener Druckeffekt: Honig-Verpackungsfolie unterst\u00fctzt hochaufl\u00f6senden Druck mit klaren Mustern und leuchtenden Farben, um die visuelle Attraktivit\u00e4t des Produkts zu erh\u00f6hen.<\/li>\n\n\n\n<li>Hochfester Schutz: Hervorragende Feuchtigkeits-, Staub- und Rei\u00dffestigkeit sorgen daf\u00fcr, dass der Honig bei Transport und Lagerung unversehrt bleibt.<\/li>\n\n\n\n<li>Umweltvertr\u00e4gliche Optionen: Bietet Optionen f\u00fcr recycelbare Materialien, um Umweltstandards zu erf\u00fcllen und die Umweltbelastung zu reduzieren.<\/li>\n\n\n\n<li>Automatisierungsf\u00e4hig: Honig-Verpackungsfolien eignen sich f\u00fcr den Einsatz in automatischen Verpackungsanlagen, was die Verpackungseffizienz erh\u00f6ht und die Arbeitskosten senkt.<\/li>\n\n\n\n<li>Hochwertige Versiegelung: Die einfache W\u00e4rmeversiegelung sorgt daf\u00fcr, dass die Packung dicht verschlossen ist und kein Honig ausl\u00e4uft oder verunreinigt wird.<\/li>\n\n\n\n<li>Einfache Anwendung: Das Design der Rollenfolie erleichtert das schnelle Umr\u00fcsten und die Verwendung w\u00e4hrend des Verpackungsprozesses, was Zeit spart und die Produktivit\u00e4t erh\u00f6ht.<\/li>\n<\/ul>\n<\/div>\n\n\n\n<div class=\"wp-block-column is-layout-flow wp-block-column-is-layout-flow\">\n<figure class=\"wp-block-image size-full\"><img fetchpriority=\"high\" decoding=\"async\" width=\"750\" height=\"750\" src=\"https:\/\/www.hyflexpack.com\/wp-content\/uploads\/2024\/08\/Wholesale-Film-Roll-for-honey-packaging-film-1.webp\" alt=\"Gro\u00dfhandel Filmrolle f\u00fcr Honig Verpackung Film \" class=\"wp-image-5021\" srcset=\"https:\/\/www.hyflexpack.com\/wp-content\/uploads\/2024\/08\/Wholesale-Film-Roll-for-honey-packaging-film-1.webp 750w, https:\/\/www.hyflexpack.com\/wp-content\/uploads\/2024\/08\/Wholesale-Film-Roll-for-honey-packaging-film-1-300x300.webp 300w, https:\/\/www.hyflexpack.com\/wp-content\/uploads\/2024\/08\/Wholesale-Film-Roll-for-honey-packaging-film-1-150x150.webp 150w, https:\/\/www.hyflexpack.com\/wp-content\/uploads\/2024\/08\/Wholesale-Film-Roll-for-honey-packaging-film-1-12x12.webp 12w, https:\/\/www.hyflexpack.com\/wp-content\/uploads\/2024\/08\/Wholesale-Film-Roll-for-honey-packaging-film-1-285x285.webp 285w, https:\/\/www.hyflexpack.com\/wp-content\/uploads\/2024\/08\/Wholesale-Film-Roll-for-honey-packaging-film-1-270x270.webp 270w, https:\/\/www.hyflexpack.com\/wp-content\/uploads\/2024\/08\/Wholesale-Film-Roll-for-honey-packaging-film-1-540x540.webp 540w, https:\/\/www.hyflexpack.com\/wp-content\/uploads\/2024\/08\/Wholesale-Film-Roll-for-honey-packaging-film-1-660x660.webp 660w\" sizes=\"(max-width: 750px) 100vw, 750px\" \/><\/figure>\n<\/div>\n<\/div>","protected":false},"excerpt":{"rendered":"<p>Finden Sie heraus, was unsere Folienrollenkunststoffverpackungen zu idealen Verpackungen f\u00fcr hochwertigen Honig macht, und sorgen Sie daf\u00fcr, dass sich Ihr Produkt auf dem Markt abhebt. Wenn Sie Fragen haben, wenden Sie sich bitte an uns, um Einzelheiten \u00fcber unsere flexiblen Verpackungsl\u00f6sungen zu erfahren.<\/p>\n<h3>Vorteile der Folienrolle Kunststoffverpackungslieferant<\/h3>\n<ul>\n<li><strong>Kundenspezifisches Design<\/strong>: Wir bieten personalisierte Designl\u00f6sungen, unterst\u00fctzen OEM\/ODM und k\u00f6nnen verschiedene Spezifikationen, Gr\u00f6\u00dfen, Druckmuster usw. anpassen.<\/li>\n<li><strong>Qualit\u00e4tssicherung<\/strong>: Wir kontrollieren den Produktionsprozess und verf\u00fcgen \u00fcber hochwertige Materialien und fortschrittliche Ausr\u00fcstung, um die Produktqualit\u00e4t zu gew\u00e4hrleisten.<\/li>\n<li><strong>P\u00fcnktliche Lieferung<\/strong>: Optimierung des Produktionsprozesses und Verbesserung der Produktionseffizienz, um eine p\u00fcnktliche Lieferung zu gew\u00e4hrleisten und den dringenden Bedarf der Kunden zu decken.<\/li>\n<li><strong>Professionelle technische Unterst\u00fctzung<\/strong>: Das erfahrene technische Team bietet professionelle technische Unterst\u00fctzung und einen 24-Stunden-Kundendienst.<\/li>\n<li><strong>Kostenlose Probe<\/strong>: Wir bieten Ihnen einen kostenlosen Musterservice, damit Sie die Produkte bewerten k\u00f6nnen.<\/li>\n<\/ul>\n<p>Huiyang Packaging ist bestrebt, seinen Kunden qualitativ hochwertige und ma\u00dfgeschneiderte Honigverpackungsfolien zu liefern, um ihnen zu helfen, ihr Produktimage zu verbessern und ihre Wettbewerbsf\u00e4higkeit auf dem Markt zu steigern.<\/p>\n<p>&nbsp;<\/p>","protected":false},"featured_media":5025,"comment_status":"open","ping_status":"closed","template":"","meta":[],"product_brand":[],"product_cat":[53],"product_tag":[],"class_list":{"0":"post-5010","1":"product","2":"type-product","3":"status-publish","4":"has-post-thumbnail","6":"product_cat-packaging-film-supplier","8":"first","9":"instock","10":"shipping-taxable","11":"product-type-simple"},"_links":{"self":[{"href":"https:\/\/www.hyflexpack.com\/de\/wp-json\/wp\/v2\/product\/5010","targetHints":{"allow":["GET"]}}],"collection":[{"href":"https:\/\/www.hyflexpack.com\/de\/wp-json\/wp\/v2\/product"}],"about":[{"href":"https:\/\/www.hyflexpack.com\/de\/wp-json\/wp\/v2\/types\/product"}],"replies":[{"embeddable":true,"href":"https:\/\/www.hyflexpack.com\/de\/wp-json\/wp\/v2\/comments?post=5010"}],"wp:featuredmedia":[{"embeddable":true,"href":"https:\/\/www.hyflexpack.com\/de\/wp-json\/wp\/v2\/media\/5025"}],"wp:attachment":[{"href":"https:\/\/www.hyflexpack.com\/de\/wp-json\/wp\/v2\/media?parent=5010"}],"wp:term":[{"taxonomy":"product_brand","embeddable":true,"href":"https:\/\/www.hyflexpack.com\/de\/wp-json\/wp\/v2\/product_brand?post=5010"},{"taxonomy":"product_cat","embeddable":true,"href":"https:\/\/www.hyflexpack.com\/de\/wp-json\/wp\/v2\/product_cat?post=5010"},{"taxonomy":"product_tag","embeddable":true,"href":"https:\/\/www.hyflexpack.com\/de\/wp-json\/wp\/v2\/product_tag?post=5010"}],"curies":[{"name":"wp","href":"https:\/\/api.w.org\/{rel}","templated":true}]}}